{"id":89113,"date":"2025-05-13T20:17:54","date_gmt":"2025-05-13T20:17:54","guid":{"rendered":"https:\/\/savariapatientcare.com\/product\/leon-bariatric-shower-chair\/"},"modified":"2026-01-05T12:24:32","modified_gmt":"2026-01-05T12:24:32","slug":"leon-chaise-de-douche-bariatrique","status":"publish","type":"product","link":"https:\/\/savariapatientcare.com\/fr\/produit\/leon-chaise-de-douche-bariatrique\/","title":{"rendered":"Leon"},"content":{"rendered":"","protected":false},"excerpt":{"rendered":"<p>Offrez des douches s\u00e9curitaires, stables et dignes aux r\u00e9sidents n\u00e9cessitant des soins bariatriques. La chaise de douche Leon offre une surface d\u2019assise g\u00e9n\u00e9reuse et un soutien robuste sp\u00e9cialement con\u00e7us pour les r\u00e9sidents de plus grande taille. Les coussins ergonomiques souples combin\u00e9s \u00e0 une construction en aluminium durable assurent confort, stabilit\u00e9 et fiabilit\u00e9 pour un usage bariatrique.<\/p>\n<ul>\n<li>Conception bariatrique avec si\u00e8ge et dossier extralarges<\/li>\n<li>Poids maximal du patient : 507 lb\/230 kg<\/li>\n<li>Cadre en aluminium de haute qualit\u00e9 assurant une stabilit\u00e9 et une s\u00e9curit\u00e9 sup\u00e9rieures<\/li>\n<\/ul>\n","protected":false},"featured_media":88729,"comment_status":"open","ping_status":"closed","template":"","meta":{"_acf_changed":false},"care-type":[365,364,367],"technology":[],"product_brand":[],"product_cat":[378,422],"product_tag":[],"class_list":{"0":"post-89113","1":"product","2":"type-product","3":"status-publish","4":"has-post-thumbnail","6":"care-type-soins-bariatriques","7":"care-type-soins-de-courte-duree","8":"care-type-soins-de-longue-duree","9":"product_cat-hygiene","10":"product_cat-douche","12":"first","13":"instock","14":"shipping-taxable","15":"product-type-simple"},"acf":[],"yoast_head":"<!-- This site is optimized with the Yoast SEO Premium plugin v25.6 (Yoast SEO v27.2) - https:\/\/yoast.com\/product\/yoast-seo-premium-wordpress\/ -->\n<title>Leon Bariatric Shower Chair | Savaria Patient Care<\/title>\n<meta name=\"description\" content=\"Wide bariatric shower chair supports up to 507 lbs. Electric 25\u00b0 tilt, programmable presets and adjustable supports deliver safe, comfortable hygiene care.\" \/>\n<meta name=\"robots\" content=\"index, follow, max-snippet:-1, max-image-preview:large, max-video-preview:-1\" \/>\n<link rel=\"canonical\" href=\"https:\/\/savariapatientcare.com\/fr\/produit\/leon-chaise-de-douche-bariatrique\/\" \/>\n<meta property=\"og:locale\" content=\"fr_CA\" \/>\n<meta property=\"og:type\" content=\"article\" \/>\n<meta property=\"og:title\" content=\"Leon\" \/>\n<meta property=\"og:description\" content=\"Wide bariatric shower chair supports up to 507 lbs. Electric 25\u00b0 tilt, programmable presets and adjustable supports deliver safe, comfortable hygiene care.\" \/>\n<meta property=\"og:url\" content=\"https:\/\/savariapatientcare.com\/fr\/produit\/leon-chaise-de-douche-bariatrique\/\" \/>\n<meta property=\"og:site_name\" content=\"Soins aux patients de Savaria\" \/>\n<meta property=\"article:modified_time\" content=\"2026-01-05T12:24:32+00:00\" \/>\n<meta property=\"og:image\" content=\"https:\/\/savariapatientcare.com\/wp-content\/uploads\/2025\/05\/Leon-Bariatric-Multifunctional-Shower-Chair.png\" \/>\n\t<meta property=\"og:image:width\" content=\"1\" \/>\n\t<meta property=\"og:image:height\" content=\"1\" \/>\n\t<meta property=\"og:image:type\" content=\"image\/png\" \/>\n<meta name=\"twitter:card\" content=\"summary_large_image\" \/>\n<meta name=\"twitter:label1\" content=\"Estimation du temps de lecture\" \/>\n\t<meta name=\"twitter:data1\" content=\"1 minute\" \/>\n<script type=\"application\/ld+json\" class=\"yoast-schema-graph\">{\"@context\":\"https:\/\/schema.org\",\"@graph\":[{\"@type\":\"WebPage\",\"@id\":\"https:\/\/savariapatientcare.com\/fr\/produit\/leon-chaise-de-douche-bariatrique\/\",\"url\":\"https:\/\/savariapatientcare.com\/fr\/produit\/leon-chaise-de-douche-bariatrique\/\",\"name\":\"Leon Bariatric Shower Chair | Savaria Patient Care\",\"isPartOf\":{\"@id\":\"https:\/\/savariapatientcare.com\/#website\"},\"primaryImageOfPage\":{\"@id\":\"https:\/\/savariapatientcare.com\/fr\/produit\/leon-chaise-de-douche-bariatrique\/#primaryimage\"},\"image\":{\"@id\":\"https:\/\/savariapatientcare.com\/fr\/produit\/leon-chaise-de-douche-bariatrique\/#primaryimage\"},\"thumbnailUrl\":\"https:\/\/savariapatientcare.com\/wp-content\/uploads\/2025\/05\/Leon-Bariatric-Multifunctional-Shower-Chair.png\",\"datePublished\":\"2025-05-13T20:17:54+00:00\",\"dateModified\":\"2026-01-05T12:24:32+00:00\",\"description\":\"Wide bariatric shower chair supports up to 507 lbs. Electric 25\u00b0 tilt, programmable presets and adjustable supports deliver safe, comfortable hygiene care.\",\"breadcrumb\":{\"@id\":\"https:\/\/savariapatientcare.com\/fr\/produit\/leon-chaise-de-douche-bariatrique\/#breadcrumb\"},\"inLanguage\":\"fr-CA\",\"potentialAction\":[{\"@type\":\"ReadAction\",\"target\":[\"https:\/\/savariapatientcare.com\/fr\/produit\/leon-chaise-de-douche-bariatrique\/\"]}]},{\"@type\":\"ImageObject\",\"inLanguage\":\"fr-CA\",\"@id\":\"https:\/\/savariapatientcare.com\/fr\/produit\/leon-chaise-de-douche-bariatrique\/#primaryimage\",\"url\":\"https:\/\/savariapatientcare.com\/wp-content\/uploads\/2025\/05\/Leon-Bariatric-Multifunctional-Shower-Chair.png\",\"contentUrl\":\"https:\/\/savariapatientcare.com\/wp-content\/uploads\/2025\/05\/Leon-Bariatric-Multifunctional-Shower-Chair.png\"},{\"@type\":\"BreadcrumbList\",\"@id\":\"https:\/\/savariapatientcare.com\/fr\/produit\/leon-chaise-de-douche-bariatrique\/#breadcrumb\",\"itemListElement\":[{\"@type\":\"ListItem\",\"position\":1,\"name\":\"Maison\",\"item\":\"https:\/\/savariapatientcare.com\/fr\/\"},{\"@type\":\"ListItem\",\"position\":2,\"name\":\"Products\",\"item\":\"https:\/\/savariapatientcare.com\/shop\/\"},{\"@type\":\"ListItem\",\"position\":3,\"name\":\"Leon\"}]},{\"@type\":\"WebSite\",\"@id\":\"https:\/\/savariapatientcare.com\/#website\",\"url\":\"https:\/\/savariapatientcare.com\/\",\"name\":\"Savaria Patient Care\",\"description\":\"\",\"publisher\":{\"@id\":\"https:\/\/savariapatientcare.com\/#organization\"},\"potentialAction\":[{\"@type\":\"SearchAction\",\"target\":{\"@type\":\"EntryPoint\",\"urlTemplate\":\"https:\/\/savariapatientcare.com\/?s={search_term_string}\"},\"query-input\":{\"@type\":\"PropertyValueSpecification\",\"valueRequired\":true,\"valueName\":\"search_term_string\"}}],\"inLanguage\":\"fr-CA\"},{\"@type\":\"Organization\",\"@id\":\"https:\/\/savariapatientcare.com\/#organization\",\"name\":\"Savaria\",\"url\":\"https:\/\/savariapatientcare.com\/\",\"logo\":{\"@type\":\"ImageObject\",\"inLanguage\":\"fr-CA\",\"@id\":\"https:\/\/savariapatientcare.com\/#\/schema\/logo\/image\/\",\"url\":\"https:\/\/savariapatientcare.com\/wp-content\/uploads\/2023\/10\/Savaria-Logo.svg\",\"contentUrl\":\"https:\/\/savariapatientcare.com\/wp-content\/uploads\/2023\/10\/Savaria-Logo.svg\",\"width\":1,\"height\":1,\"caption\":\"Savaria\"},\"image\":{\"@id\":\"https:\/\/savariapatientcare.com\/#\/schema\/logo\/image\/\"}}]}<\/script>\n<!-- \/ Yoast SEO Premium plugin. -->","yoast_head_json":{"title":"Leon Bariatric Shower Chair | Savaria Patient Care","description":"Wide bariatric shower chair supports up to 507 lbs. Electric 25\u00b0 tilt, programmable presets and adjustable supports deliver safe, comfortable hygiene care.","robots":{"index":"index","follow":"follow","max-snippet":"max-snippet:-1","max-image-preview":"max-image-preview:large","max-video-preview":"max-video-preview:-1"},"canonical":"https:\/\/savariapatientcare.com\/fr\/produit\/leon-chaise-de-douche-bariatrique\/","og_locale":"fr_CA","og_type":"article","og_title":"Leon","og_description":"Wide bariatric shower chair supports up to 507 lbs. Electric 25\u00b0 tilt, programmable presets and adjustable supports deliver safe, comfortable hygiene care.","og_url":"https:\/\/savariapatientcare.com\/fr\/produit\/leon-chaise-de-douche-bariatrique\/","og_site_name":"Soins aux patients de Savaria","article_modified_time":"2026-01-05T12:24:32+00:00","og_image":[{"url":"https:\/\/savariapatientcare.com\/wp-content\/uploads\/2025\/05\/Leon-Bariatric-Multifunctional-Shower-Chair.png","width":1,"height":1,"type":"image\/png"}],"twitter_card":"summary_large_image","twitter_misc":{"Estimation du temps de lecture":"1 minute"},"schema":{"@context":"https:\/\/schema.org","@graph":[{"@type":"WebPage","@id":"https:\/\/savariapatientcare.com\/fr\/produit\/leon-chaise-de-douche-bariatrique\/","url":"https:\/\/savariapatientcare.com\/fr\/produit\/leon-chaise-de-douche-bariatrique\/","name":"Leon Bariatric Shower Chair | Savaria Patient Care","isPartOf":{"@id":"https:\/\/savariapatientcare.com\/#website"},"primaryImageOfPage":{"@id":"https:\/\/savariapatientcare.com\/fr\/produit\/leon-chaise-de-douche-bariatrique\/#primaryimage"},"image":{"@id":"https:\/\/savariapatientcare.com\/fr\/produit\/leon-chaise-de-douche-bariatrique\/#primaryimage"},"thumbnailUrl":"https:\/\/savariapatientcare.com\/wp-content\/uploads\/2025\/05\/Leon-Bariatric-Multifunctional-Shower-Chair.png","datePublished":"2025-05-13T20:17:54+00:00","dateModified":"2026-01-05T12:24:32+00:00","description":"Wide bariatric shower chair supports up to 507 lbs. Electric 25\u00b0 tilt, programmable presets and adjustable supports deliver safe, comfortable hygiene care.","breadcrumb":{"@id":"https:\/\/savariapatientcare.com\/fr\/produit\/leon-chaise-de-douche-bariatrique\/#breadcrumb"},"inLanguage":"fr-CA","potentialAction":[{"@type":"ReadAction","target":["https:\/\/savariapatientcare.com\/fr\/produit\/leon-chaise-de-douche-bariatrique\/"]}]},{"@type":"ImageObject","inLanguage":"fr-CA","@id":"https:\/\/savariapatientcare.com\/fr\/produit\/leon-chaise-de-douche-bariatrique\/#primaryimage","url":"https:\/\/savariapatientcare.com\/wp-content\/uploads\/2025\/05\/Leon-Bariatric-Multifunctional-Shower-Chair.png","contentUrl":"https:\/\/savariapatientcare.com\/wp-content\/uploads\/2025\/05\/Leon-Bariatric-Multifunctional-Shower-Chair.png"},{"@type":"BreadcrumbList","@id":"https:\/\/savariapatientcare.com\/fr\/produit\/leon-chaise-de-douche-bariatrique\/#breadcrumb","itemListElement":[{"@type":"ListItem","position":1,"name":"Maison","item":"https:\/\/savariapatientcare.com\/fr\/"},{"@type":"ListItem","position":2,"name":"Products","item":"https:\/\/savariapatientcare.com\/shop\/"},{"@type":"ListItem","position":3,"name":"Leon"}]},{"@type":"WebSite","@id":"https:\/\/savariapatientcare.com\/#website","url":"https:\/\/savariapatientcare.com\/","name":"Savaria Patient Care","description":"","publisher":{"@id":"https:\/\/savariapatientcare.com\/#organization"},"potentialAction":[{"@type":"SearchAction","target":{"@type":"EntryPoint","urlTemplate":"https:\/\/savariapatientcare.com\/?s={search_term_string}"},"query-input":{"@type":"PropertyValueSpecification","valueRequired":true,"valueName":"search_term_string"}}],"inLanguage":"fr-CA"},{"@type":"Organization","@id":"https:\/\/savariapatientcare.com\/#organization","name":"Savaria","url":"https:\/\/savariapatientcare.com\/","logo":{"@type":"ImageObject","inLanguage":"fr-CA","@id":"https:\/\/savariapatientcare.com\/#\/schema\/logo\/image\/","url":"https:\/\/savariapatientcare.com\/wp-content\/uploads\/2023\/10\/Savaria-Logo.svg","contentUrl":"https:\/\/savariapatientcare.com\/wp-content\/uploads\/2023\/10\/Savaria-Logo.svg","width":1,"height":1,"caption":"Savaria"},"image":{"@id":"https:\/\/savariapatientcare.com\/#\/schema\/logo\/image\/"}}]}},"_links":{"self":[{"href":"https:\/\/savariapatientcare.com\/fr\/wp-json\/wp\/v2\/product\/89113","targetHints":{"allow":["GET"]}}],"collection":[{"href":"https:\/\/savariapatientcare.com\/fr\/wp-json\/wp\/v2\/product"}],"about":[{"href":"https:\/\/savariapatientcare.com\/fr\/wp-json\/wp\/v2\/types\/product"}],"replies":[{"embeddable":true,"href":"https:\/\/savariapatientcare.com\/fr\/wp-json\/wp\/v2\/comments?post=89113"}],"wp:featuredmedia":[{"embeddable":true,"href":"https:\/\/savariapatientcare.com\/fr\/wp-json\/wp\/v2\/media\/88729"}],"wp:attachment":[{"href":"https:\/\/savariapatientcare.com\/fr\/wp-json\/wp\/v2\/media?parent=89113"}],"wp:term":[{"taxonomy":"care-type","embeddable":true,"href":"https:\/\/savariapatientcare.com\/fr\/wp-json\/wp\/v2\/care-type?post=89113"},{"taxonomy":"technology","embeddable":true,"href":"https:\/\/savariapatientcare.com\/fr\/wp-json\/wp\/v2\/technology?post=89113"},{"taxonomy":"product_brand","embeddable":true,"href":"https:\/\/savariapatientcare.com\/fr\/wp-json\/wp\/v2\/product_brand?post=89113"},{"taxonomy":"product_cat","embeddable":true,"href":"https:\/\/savariapatientcare.com\/fr\/wp-json\/wp\/v2\/product_cat?post=89113"},{"taxonomy":"product_tag","embeddable":true,"href":"https:\/\/savariapatientcare.com\/fr\/wp-json\/wp\/v2\/product_tag?post=89113"}],"curies":[{"name":"wp","href":"https:\/\/api.w.org\/{rel}","templated":true}]}}