{"id":86268,"date":"2019-06-19T19:52:42","date_gmt":"2019-06-19T19:52:42","guid":{"rendered":"https:\/\/savariapatientcare.com\/product\/a-series-ceiling-lift\/"},"modified":"2025-11-27T21:56:01","modified_gmt":"2025-11-27T21:56:01","slug":"a-series-ceiling-lift","status":"publish","type":"product","link":"https:\/\/savariapatientcare.com\/fr\/produit\/a-series-ceiling-lift\/","title":{"rendered":"L\u00e8ve-personne plafonnier de s\u00e9rie A"},"content":{"rendered":"<ul>\n<li>Commande manuelle ergonomique et \u00e9tanche, dot\u00e9e d\u2019un \u00e9cran ACL r\u00e9tro\u00e9clair\u00e9 affichant les informations de contr\u00f4le et de diagnostic \u00e0 port\u00e9e de main<\/li>\n<li>Gagnez du temps et simplifiez les transferts gr\u00e2ce \u00e0 l\u2019inclinaison \u00e0 15\u00b0 : positionner le l\u00e8ve-personne au-dessus du patient devient un jeu d\u2019enfant<\/li>\n<li>Connecteurs Bull Horn ou Spring Latch disponibles en plusieurs tailles<\/li>\n<li>Changez de barres de portage rapidement et facilement gr\u00e2ce au Quick Release System (QRS) de Handicare.<\/li>\n<li>Maintenance et entretien simplifi\u00e9s, directement sur le rail<\/li>\n<li>Parmi les dispositifs de s\u00e9curit\u00e9 d\u2019urgence, on retrouve : un arr\u00eat automatique avec signal sonore de batterie faible, un bouton d\u2019arr\u00eat d\u2019urgence et une fonction de descente motoris\u00e9e<\/li>\n<li>Deux capacit\u00e9s de levage : 204 kg (450 lb)\/284 kg (625 lb)<\/li>\n<\/ul>\n","protected":false},"excerpt":{"rendered":"<p>Reposant sur la technologie \u00e9prouv\u00e9e de la s\u00e9rie C de Handicare, les nouveaux l\u00e8ve-personnes plafonniers A-450 et A-625 r\u00e9volutionnent la prise en charge des patients. Une protection accrue gr\u00e2ce aux mat\u00e9riaux antimicrobiens. Des transferts simplifi\u00e9s gr\u00e2ce \u00e0 leur conception inclinable. Un acc\u00e8s facile aux donn\u00e9es et diagnostics en temps r\u00e9el. Avec les l\u00e8ve-personnes plafonniers de la s\u00e9rie A de Handicare, b\u00e9n\u00e9ficiez d\u2019une longueur d\u2019avance en mati\u00e8re s\u00e9curit\u00e9 des patients.<\/p>\n","protected":false},"featured_media":86269,"comment_status":"closed","ping_status":"closed","template":"","meta":{"_acf_changed":false},"care-type":[373,364,367],"technology":[],"product_brand":[],"product_cat":[369,368],"product_tag":[],"class_list":{"0":"post-86268","1":"product","2":"type-product","3":"status-publish","4":"has-post-thumbnail","6":"care-type-soins-a-domicile","7":"care-type-soins-de-courte-duree","8":"care-type-soins-de-longue-duree","9":"product_cat-leve-personnes-plafonniers-fixes","10":"product_cat-systemes-autoportants","12":"first","13":"instock","14":"shipping-taxable","15":"product-type-simple"},"acf":[],"yoast_head":"<!-- This site is optimized with the Yoast SEO Premium plugin v25.6 (Yoast SEO v27.2) - https:\/\/yoast.com\/product\/yoast-seo-premium-wordpress\/ -->\n<title>L\u00e8ve-personne plafonnier de s\u00e9rie A | Soins aux patients de Savaria<\/title>\n<meta name=\"description\" content=\"Learn more about the L\u00e8ve-personne plafonnier de s\u00e9rie A from Soins aux patients de Savaria . Discover a great range of product type products and buy today\" \/>\n<meta name=\"robots\" content=\"index, follow, max-snippet:-1, max-image-preview:large, max-video-preview:-1\" \/>\n<link rel=\"canonical\" href=\"https:\/\/savariapatientcare.com\/fr\/produit\/a-series-ceiling-lift\/\" \/>\n<meta property=\"og:locale\" content=\"fr_CA\" \/>\n<meta property=\"og:type\" content=\"article\" \/>\n<meta property=\"og:title\" content=\"L\u00e8ve-personne plafonnier de s\u00e9rie A\" \/>\n<meta property=\"og:description\" content=\"Learn more about the L\u00e8ve-personne plafonnier de s\u00e9rie A from Soins aux patients de Savaria . Discover a great range of product type products and buy today\" \/>\n<meta property=\"og:url\" content=\"https:\/\/savariapatientcare.com\/fr\/produit\/a-series-ceiling-lift\/\" \/>\n<meta property=\"og:site_name\" content=\"Soins aux patients de Savaria\" \/>\n<meta property=\"article:modified_time\" content=\"2025-11-27T21:56:01+00:00\" \/>\n<meta property=\"og:image\" content=\"https:\/\/savariapatientcare.com\/wp-content\/uploads\/2019\/06\/a-series-ceiling-lift-600x600-1.jpg\" \/>\n\t<meta property=\"og:image:width\" content=\"600\" \/>\n\t<meta property=\"og:image:height\" content=\"600\" \/>\n\t<meta property=\"og:image:type\" content=\"image\/jpeg\" \/>\n<meta name=\"twitter:card\" content=\"summary_large_image\" \/>\n<meta name=\"twitter:label1\" content=\"Estimation du temps de lecture\" \/>\n\t<meta name=\"twitter:data1\" content=\"1 minute\" \/>\n<script type=\"application\/ld+json\" class=\"yoast-schema-graph\">{\"@context\":\"https:\/\/schema.org\",\"@graph\":[{\"@type\":\"WebPage\",\"@id\":\"https:\/\/savariapatientcare.com\/fr\/produit\/a-series-ceiling-lift\/\",\"url\":\"https:\/\/savariapatientcare.com\/fr\/produit\/a-series-ceiling-lift\/\",\"name\":\"L\u00e8ve-personne plafonnier de s\u00e9rie A | Soins aux patients de Savaria\",\"isPartOf\":{\"@id\":\"https:\/\/savariapatientcare.com\/#website\"},\"primaryImageOfPage\":{\"@id\":\"https:\/\/savariapatientcare.com\/fr\/produit\/a-series-ceiling-lift\/#primaryimage\"},\"image\":{\"@id\":\"https:\/\/savariapatientcare.com\/fr\/produit\/a-series-ceiling-lift\/#primaryimage\"},\"thumbnailUrl\":\"https:\/\/savariapatientcare.com\/wp-content\/uploads\/2019\/06\/a-series-ceiling-lift-600x600-1.jpg\",\"datePublished\":\"2019-06-19T19:52:42+00:00\",\"dateModified\":\"2025-11-27T21:56:01+00:00\",\"description\":\"Learn more about the L\u00e8ve-personne plafonnier de s\u00e9rie A from Soins aux patients de Savaria . Discover a great range of product type products and buy today\",\"breadcrumb\":{\"@id\":\"https:\/\/savariapatientcare.com\/fr\/produit\/a-series-ceiling-lift\/#breadcrumb\"},\"inLanguage\":\"fr-CA\",\"potentialAction\":[{\"@type\":\"ReadAction\",\"target\":[\"https:\/\/savariapatientcare.com\/fr\/produit\/a-series-ceiling-lift\/\"]}]},{\"@type\":\"ImageObject\",\"inLanguage\":\"fr-CA\",\"@id\":\"https:\/\/savariapatientcare.com\/fr\/produit\/a-series-ceiling-lift\/#primaryimage\",\"url\":\"https:\/\/savariapatientcare.com\/wp-content\/uploads\/2019\/06\/a-series-ceiling-lift-600x600-1.jpg\",\"contentUrl\":\"https:\/\/savariapatientcare.com\/wp-content\/uploads\/2019\/06\/a-series-ceiling-lift-600x600-1.jpg\",\"width\":600,\"height\":600},{\"@type\":\"BreadcrumbList\",\"@id\":\"https:\/\/savariapatientcare.com\/fr\/produit\/a-series-ceiling-lift\/#breadcrumb\",\"itemListElement\":[{\"@type\":\"ListItem\",\"position\":1,\"name\":\"Maison\",\"item\":\"https:\/\/savariapatientcare.com\/fr\/\"},{\"@type\":\"ListItem\",\"position\":2,\"name\":\"Products\",\"item\":\"https:\/\/savariapatientcare.com\/shop\/\"},{\"@type\":\"ListItem\",\"position\":3,\"name\":\"L\u00e8ve-personne plafonnier de s\u00e9rie A\"}]},{\"@type\":\"WebSite\",\"@id\":\"https:\/\/savariapatientcare.com\/#website\",\"url\":\"https:\/\/savariapatientcare.com\/\",\"name\":\"Savaria Patient Care\",\"description\":\"\",\"publisher\":{\"@id\":\"https:\/\/savariapatientcare.com\/#organization\"},\"potentialAction\":[{\"@type\":\"SearchAction\",\"target\":{\"@type\":\"EntryPoint\",\"urlTemplate\":\"https:\/\/savariapatientcare.com\/?s={search_term_string}\"},\"query-input\":{\"@type\":\"PropertyValueSpecification\",\"valueRequired\":true,\"valueName\":\"search_term_string\"}}],\"inLanguage\":\"fr-CA\"},{\"@type\":\"Organization\",\"@id\":\"https:\/\/savariapatientcare.com\/#organization\",\"name\":\"Savaria\",\"url\":\"https:\/\/savariapatientcare.com\/\",\"logo\":{\"@type\":\"ImageObject\",\"inLanguage\":\"fr-CA\",\"@id\":\"https:\/\/savariapatientcare.com\/#\/schema\/logo\/image\/\",\"url\":\"https:\/\/savariapatientcare.com\/wp-content\/uploads\/2023\/10\/Savaria-Logo.svg\",\"contentUrl\":\"https:\/\/savariapatientcare.com\/wp-content\/uploads\/2023\/10\/Savaria-Logo.svg\",\"width\":1,\"height\":1,\"caption\":\"Savaria\"},\"image\":{\"@id\":\"https:\/\/savariapatientcare.com\/#\/schema\/logo\/image\/\"}}]}<\/script>\n<!-- \/ Yoast SEO Premium plugin. -->","yoast_head_json":{"title":"L\u00e8ve-personne plafonnier de s\u00e9rie A | Soins aux patients de Savaria","description":"Learn more about the L\u00e8ve-personne plafonnier de s\u00e9rie A from Soins aux patients de Savaria . Discover a great range of product type products and buy today","robots":{"index":"index","follow":"follow","max-snippet":"max-snippet:-1","max-image-preview":"max-image-preview:large","max-video-preview":"max-video-preview:-1"},"canonical":"https:\/\/savariapatientcare.com\/fr\/produit\/a-series-ceiling-lift\/","og_locale":"fr_CA","og_type":"article","og_title":"L\u00e8ve-personne plafonnier de s\u00e9rie A","og_description":"Learn more about the L\u00e8ve-personne plafonnier de s\u00e9rie A from Soins aux patients de Savaria . Discover a great range of product type products and buy today","og_url":"https:\/\/savariapatientcare.com\/fr\/produit\/a-series-ceiling-lift\/","og_site_name":"Soins aux patients de Savaria","article_modified_time":"2025-11-27T21:56:01+00:00","og_image":[{"width":600,"height":600,"url":"https:\/\/savariapatientcare.com\/wp-content\/uploads\/2019\/06\/a-series-ceiling-lift-600x600-1.jpg","type":"image\/jpeg"}],"twitter_card":"summary_large_image","twitter_misc":{"Estimation du temps de lecture":"1 minute"},"schema":{"@context":"https:\/\/schema.org","@graph":[{"@type":"WebPage","@id":"https:\/\/savariapatientcare.com\/fr\/produit\/a-series-ceiling-lift\/","url":"https:\/\/savariapatientcare.com\/fr\/produit\/a-series-ceiling-lift\/","name":"L\u00e8ve-personne plafonnier de s\u00e9rie A | Soins aux patients de Savaria","isPartOf":{"@id":"https:\/\/savariapatientcare.com\/#website"},"primaryImageOfPage":{"@id":"https:\/\/savariapatientcare.com\/fr\/produit\/a-series-ceiling-lift\/#primaryimage"},"image":{"@id":"https:\/\/savariapatientcare.com\/fr\/produit\/a-series-ceiling-lift\/#primaryimage"},"thumbnailUrl":"https:\/\/savariapatientcare.com\/wp-content\/uploads\/2019\/06\/a-series-ceiling-lift-600x600-1.jpg","datePublished":"2019-06-19T19:52:42+00:00","dateModified":"2025-11-27T21:56:01+00:00","description":"Learn more about the L\u00e8ve-personne plafonnier de s\u00e9rie A from Soins aux patients de Savaria . Discover a great range of product type products and buy today","breadcrumb":{"@id":"https:\/\/savariapatientcare.com\/fr\/produit\/a-series-ceiling-lift\/#breadcrumb"},"inLanguage":"fr-CA","potentialAction":[{"@type":"ReadAction","target":["https:\/\/savariapatientcare.com\/fr\/produit\/a-series-ceiling-lift\/"]}]},{"@type":"ImageObject","inLanguage":"fr-CA","@id":"https:\/\/savariapatientcare.com\/fr\/produit\/a-series-ceiling-lift\/#primaryimage","url":"https:\/\/savariapatientcare.com\/wp-content\/uploads\/2019\/06\/a-series-ceiling-lift-600x600-1.jpg","contentUrl":"https:\/\/savariapatientcare.com\/wp-content\/uploads\/2019\/06\/a-series-ceiling-lift-600x600-1.jpg","width":600,"height":600},{"@type":"BreadcrumbList","@id":"https:\/\/savariapatientcare.com\/fr\/produit\/a-series-ceiling-lift\/#breadcrumb","itemListElement":[{"@type":"ListItem","position":1,"name":"Maison","item":"https:\/\/savariapatientcare.com\/fr\/"},{"@type":"ListItem","position":2,"name":"Products","item":"https:\/\/savariapatientcare.com\/shop\/"},{"@type":"ListItem","position":3,"name":"L\u00e8ve-personne plafonnier de s\u00e9rie A"}]},{"@type":"WebSite","@id":"https:\/\/savariapatientcare.com\/#website","url":"https:\/\/savariapatientcare.com\/","name":"Savaria Patient Care","description":"","publisher":{"@id":"https:\/\/savariapatientcare.com\/#organization"},"potentialAction":[{"@type":"SearchAction","target":{"@type":"EntryPoint","urlTemplate":"https:\/\/savariapatientcare.com\/?s={search_term_string}"},"query-input":{"@type":"PropertyValueSpecification","valueRequired":true,"valueName":"search_term_string"}}],"inLanguage":"fr-CA"},{"@type":"Organization","@id":"https:\/\/savariapatientcare.com\/#organization","name":"Savaria","url":"https:\/\/savariapatientcare.com\/","logo":{"@type":"ImageObject","inLanguage":"fr-CA","@id":"https:\/\/savariapatientcare.com\/#\/schema\/logo\/image\/","url":"https:\/\/savariapatientcare.com\/wp-content\/uploads\/2023\/10\/Savaria-Logo.svg","contentUrl":"https:\/\/savariapatientcare.com\/wp-content\/uploads\/2023\/10\/Savaria-Logo.svg","width":1,"height":1,"caption":"Savaria"},"image":{"@id":"https:\/\/savariapatientcare.com\/#\/schema\/logo\/image\/"}}]}},"_links":{"self":[{"href":"https:\/\/savariapatientcare.com\/fr\/wp-json\/wp\/v2\/product\/86268","targetHints":{"allow":["GET"]}}],"collection":[{"href":"https:\/\/savariapatientcare.com\/fr\/wp-json\/wp\/v2\/product"}],"about":[{"href":"https:\/\/savariapatientcare.com\/fr\/wp-json\/wp\/v2\/types\/product"}],"replies":[{"embeddable":true,"href":"https:\/\/savariapatientcare.com\/fr\/wp-json\/wp\/v2\/comments?post=86268"}],"wp:featuredmedia":[{"embeddable":true,"href":"https:\/\/savariapatientcare.com\/fr\/wp-json\/wp\/v2\/media\/86269"}],"wp:attachment":[{"href":"https:\/\/savariapatientcare.com\/fr\/wp-json\/wp\/v2\/media?parent=86268"}],"wp:term":[{"taxonomy":"care-type","embeddable":true,"href":"https:\/\/savariapatientcare.com\/fr\/wp-json\/wp\/v2\/care-type?post=86268"},{"taxonomy":"technology","embeddable":true,"href":"https:\/\/savariapatientcare.com\/fr\/wp-json\/wp\/v2\/technology?post=86268"},{"taxonomy":"product_brand","embeddable":true,"href":"https:\/\/savariapatientcare.com\/fr\/wp-json\/wp\/v2\/product_brand?post=86268"},{"taxonomy":"product_cat","embeddable":true,"href":"https:\/\/savariapatientcare.com\/fr\/wp-json\/wp\/v2\/product_cat?post=86268"},{"taxonomy":"product_tag","embeddable":true,"href":"https:\/\/savariapatientcare.com\/fr\/wp-json\/wp\/v2\/product_tag?post=86268"}],"curies":[{"name":"wp","href":"https:\/\/api.w.org\/{rel}","templated":true}]}}