{"id":86264,"date":"2019-06-28T17:41:35","date_gmt":"2019-06-28T17:41:35","guid":{"rendered":"https:\/\/savariapatientcare.com\/product\/independent-lifter\/"},"modified":"2025-11-27T21:54:48","modified_gmt":"2025-11-27T21:54:48","slug":"independent-lifter","status":"publish","type":"product","link":"https:\/\/savariapatientcare.com\/fr\/produit\/independent-lifter\/","title":{"rendered":"L\u00e8ve-personne ind\u00e9pendant"},"content":{"rendered":"<ul>\n<li>R\u00e9cepteur \u00e0 crochet QRS \u2013 se fixe rapidement et en toute s\u00e9curit\u00e9 aux l\u00e8ve-personnes plafonniers Handicare \u00e9quip\u00e9s d\u2019un crochet QRS<\/li>\n<li>Coussinets en polyur\u00e9thane \u2013 supports de torse doux, durables, antid\u00e9rapants et qui s\u2019adaptent rapidement \u00e0 la temp\u00e9rature corporelle du patient<\/li>\n<li>Supports de jambes r\u00e9glables \u2013 pour un confort maximal et un positionnement id\u00e9al lors de l\u2019installation du patient<\/li>\n<li>Supports de torse r\u00e9glables \u2013 le r\u00e9glage en trois points et les supports \u00e0 ressort permettent une prise s\u00fbre et confortable pour les patients de diff\u00e9rentes morphologies et tailles<\/li>\n<li>Supports de jambes \u2013 disponibles en trois tailles (petit, moyen et grand) pour assurer un ajustement et un soutien appropri\u00e9s aux patients de diff\u00e9rentes morphologies et tailles<\/li>\n<li>Con\u00e7u pour les patients pesant jusqu\u2019\u00e0 200 kg (440 lb).<\/li>\n<\/ul>\n<p>Le l\u00e8ve-personne ind\u00e9pendant a \u00e9t\u00e9 con\u00e7u pour offrir ind\u00e9pendance et libert\u00e9 dans diverses situations de transfert. En combinaison avec un l\u00e8ve-personne plafonnier Handicare, le l\u00e8ve-personne ind\u00e9pendant ne n\u00e9cessite pas l\u2019utilisation d\u2019un harnais et offre simplicit\u00e9 et accessibilit\u00e9 pour une application pratique dans les piscines, les toilettes, les douches, etc. Le l\u00e8ve-personne ind\u00e9pendant est parfait pour les soins \u00e0 domicile o\u00f9 la simplicit\u00e9, l\u2019ind\u00e9pendance et la s\u00e9curit\u00e9 sont essentielles.<\/p>\n","protected":false},"excerpt":{"rendered":"<p>Con\u00e7u pour les personnes b\u00e9n\u00e9ficiant d\u2019une fonction du haut du corps mod\u00e9r\u00e9e \u00e0 forte, le l\u00e8ve-personne ind\u00e9pendant permet au patient de contr\u00f4ler ses transferts sans avoir besoin de harnais. Le patient actionne les commandes et pilote ses propres transferts autour de la piscine, de la salle de bain, de la chambre \u00e0 coucher ou n\u2019importe o\u00f9! Le l\u00e8ve-personne ind\u00e9pendant r\u00e9duit les risques encourus par le soignant et est particuli\u00e8rement adapt\u00e9 aux soins \u00e0 domicile, offrant au patient une exp\u00e9rience de levage s\u00fbre, simple et lui permettant d\u2019\u00eatre autonome. \u00c0 utiliser conjointement avec les l\u00e8ve-personnes plafonniers Prism Medical de Handicare.<\/p>\n","protected":false},"featured_media":86265,"comment_status":"closed","ping_status":"closed","template":"","meta":{"_acf_changed":false},"care-type":[],"technology":[],"product_brand":[],"product_cat":[376,368],"product_tag":[],"class_list":{"0":"post-86264","1":"product","2":"type-product","3":"status-publish","4":"has-post-thumbnail","6":"product_cat-leve-personnes-plafonniers-portables","7":"product_cat-systemes-autoportants","9":"first","10":"instock","11":"shipping-taxable","12":"product-type-simple"},"acf":[],"yoast_head":"<!-- This site is optimized with the Yoast SEO Premium plugin v25.6 (Yoast SEO v27.2) - https:\/\/yoast.com\/product\/yoast-seo-premium-wordpress\/ -->\n<title>L\u00e8ve-personne ind\u00e9pendant | Soins aux patients de Savaria<\/title>\n<meta name=\"description\" content=\"Learn more about the L\u00e8ve-personne ind\u00e9pendant from Soins aux patients de Savaria . Discover a great range of product type products and buy today\" \/>\n<meta name=\"robots\" content=\"index, follow, max-snippet:-1, max-image-preview:large, max-video-preview:-1\" \/>\n<link rel=\"canonical\" href=\"https:\/\/savariapatientcare.com\/fr\/produit\/independent-lifter\/\" \/>\n<meta property=\"og:locale\" content=\"fr_CA\" \/>\n<meta property=\"og:type\" content=\"article\" \/>\n<meta property=\"og:title\" content=\"L\u00e8ve-personne ind\u00e9pendant\" \/>\n<meta property=\"og:description\" content=\"Learn more about the L\u00e8ve-personne ind\u00e9pendant from Soins aux patients de Savaria . Discover a great range of product type products and buy today\" \/>\n<meta property=\"og:url\" content=\"https:\/\/savariapatientcare.com\/fr\/produit\/independent-lifter\/\" \/>\n<meta property=\"og:site_name\" content=\"Soins aux patients de Savaria\" \/>\n<meta property=\"article:modified_time\" content=\"2025-11-27T21:54:48+00:00\" \/>\n<meta property=\"og:image\" content=\"https:\/\/savariapatientcare.com\/wp-content\/uploads\/2023\/09\/independent-lifter-handicare.jpg\" \/>\n\t<meta property=\"og:image:width\" content=\"800\" \/>\n\t<meta property=\"og:image:height\" content=\"800\" \/>\n\t<meta property=\"og:image:type\" content=\"image\/jpeg\" \/>\n<meta name=\"twitter:card\" content=\"summary_large_image\" \/>\n<meta name=\"twitter:label1\" content=\"Estimation du temps de lecture\" \/>\n\t<meta name=\"twitter:data1\" content=\"2 minutes\" \/>\n<script type=\"application\/ld+json\" class=\"yoast-schema-graph\">{\"@context\":\"https:\/\/schema.org\",\"@graph\":[{\"@type\":\"WebPage\",\"@id\":\"https:\/\/savariapatientcare.com\/fr\/produit\/independent-lifter\/\",\"url\":\"https:\/\/savariapatientcare.com\/fr\/produit\/independent-lifter\/\",\"name\":\"L\u00e8ve-personne ind\u00e9pendant | Soins aux patients de Savaria\",\"isPartOf\":{\"@id\":\"https:\/\/savariapatientcare.com\/#website\"},\"primaryImageOfPage\":{\"@id\":\"https:\/\/savariapatientcare.com\/fr\/produit\/independent-lifter\/#primaryimage\"},\"image\":{\"@id\":\"https:\/\/savariapatientcare.com\/fr\/produit\/independent-lifter\/#primaryimage\"},\"thumbnailUrl\":\"https:\/\/savariapatientcare.com\/wp-content\/uploads\/2023\/09\/independent-lifter-handicare.jpg\",\"datePublished\":\"2019-06-28T17:41:35+00:00\",\"dateModified\":\"2025-11-27T21:54:48+00:00\",\"description\":\"Learn more about the L\u00e8ve-personne ind\u00e9pendant from Soins aux patients de Savaria . Discover a great range of product type products and buy today\",\"breadcrumb\":{\"@id\":\"https:\/\/savariapatientcare.com\/fr\/produit\/independent-lifter\/#breadcrumb\"},\"inLanguage\":\"fr-CA\",\"potentialAction\":[{\"@type\":\"ReadAction\",\"target\":[\"https:\/\/savariapatientcare.com\/fr\/produit\/independent-lifter\/\"]}]},{\"@type\":\"ImageObject\",\"inLanguage\":\"fr-CA\",\"@id\":\"https:\/\/savariapatientcare.com\/fr\/produit\/independent-lifter\/#primaryimage\",\"url\":\"https:\/\/savariapatientcare.com\/wp-content\/uploads\/2023\/09\/independent-lifter-handicare.jpg\",\"contentUrl\":\"https:\/\/savariapatientcare.com\/wp-content\/uploads\/2023\/09\/independent-lifter-handicare.jpg\",\"width\":800,\"height\":800,\"caption\":\"Independent Lifter\"},{\"@type\":\"BreadcrumbList\",\"@id\":\"https:\/\/savariapatientcare.com\/fr\/produit\/independent-lifter\/#breadcrumb\",\"itemListElement\":[{\"@type\":\"ListItem\",\"position\":1,\"name\":\"Maison\",\"item\":\"https:\/\/savariapatientcare.com\/fr\/\"},{\"@type\":\"ListItem\",\"position\":2,\"name\":\"Products\",\"item\":\"https:\/\/savariapatientcare.com\/shop\/\"},{\"@type\":\"ListItem\",\"position\":3,\"name\":\"L\u00e8ve-personne ind\u00e9pendant\"}]},{\"@type\":\"WebSite\",\"@id\":\"https:\/\/savariapatientcare.com\/#website\",\"url\":\"https:\/\/savariapatientcare.com\/\",\"name\":\"Savaria Patient Care\",\"description\":\"\",\"publisher\":{\"@id\":\"https:\/\/savariapatientcare.com\/#organization\"},\"potentialAction\":[{\"@type\":\"SearchAction\",\"target\":{\"@type\":\"EntryPoint\",\"urlTemplate\":\"https:\/\/savariapatientcare.com\/?s={search_term_string}\"},\"query-input\":{\"@type\":\"PropertyValueSpecification\",\"valueRequired\":true,\"valueName\":\"search_term_string\"}}],\"inLanguage\":\"fr-CA\"},{\"@type\":\"Organization\",\"@id\":\"https:\/\/savariapatientcare.com\/#organization\",\"name\":\"Savaria\",\"url\":\"https:\/\/savariapatientcare.com\/\",\"logo\":{\"@type\":\"ImageObject\",\"inLanguage\":\"fr-CA\",\"@id\":\"https:\/\/savariapatientcare.com\/#\/schema\/logo\/image\/\",\"url\":\"https:\/\/savariapatientcare.com\/wp-content\/uploads\/2023\/10\/Savaria-Logo.svg\",\"contentUrl\":\"https:\/\/savariapatientcare.com\/wp-content\/uploads\/2023\/10\/Savaria-Logo.svg\",\"width\":1,\"height\":1,\"caption\":\"Savaria\"},\"image\":{\"@id\":\"https:\/\/savariapatientcare.com\/#\/schema\/logo\/image\/\"}}]}<\/script>\n<!-- \/ Yoast SEO Premium plugin. -->","yoast_head_json":{"title":"L\u00e8ve-personne ind\u00e9pendant | Soins aux patients de Savaria","description":"Learn more about the L\u00e8ve-personne ind\u00e9pendant from Soins aux patients de Savaria . Discover a great range of product type products and buy today","robots":{"index":"index","follow":"follow","max-snippet":"max-snippet:-1","max-image-preview":"max-image-preview:large","max-video-preview":"max-video-preview:-1"},"canonical":"https:\/\/savariapatientcare.com\/fr\/produit\/independent-lifter\/","og_locale":"fr_CA","og_type":"article","og_title":"L\u00e8ve-personne ind\u00e9pendant","og_description":"Learn more about the L\u00e8ve-personne ind\u00e9pendant from Soins aux patients de Savaria . Discover a great range of product type products and buy today","og_url":"https:\/\/savariapatientcare.com\/fr\/produit\/independent-lifter\/","og_site_name":"Soins aux patients de Savaria","article_modified_time":"2025-11-27T21:54:48+00:00","og_image":[{"width":800,"height":800,"url":"https:\/\/savariapatientcare.com\/wp-content\/uploads\/2023\/09\/independent-lifter-handicare.jpg","type":"image\/jpeg"}],"twitter_card":"summary_large_image","twitter_misc":{"Estimation du temps de lecture":"2 minutes"},"schema":{"@context":"https:\/\/schema.org","@graph":[{"@type":"WebPage","@id":"https:\/\/savariapatientcare.com\/fr\/produit\/independent-lifter\/","url":"https:\/\/savariapatientcare.com\/fr\/produit\/independent-lifter\/","name":"L\u00e8ve-personne ind\u00e9pendant | Soins aux patients de Savaria","isPartOf":{"@id":"https:\/\/savariapatientcare.com\/#website"},"primaryImageOfPage":{"@id":"https:\/\/savariapatientcare.com\/fr\/produit\/independent-lifter\/#primaryimage"},"image":{"@id":"https:\/\/savariapatientcare.com\/fr\/produit\/independent-lifter\/#primaryimage"},"thumbnailUrl":"https:\/\/savariapatientcare.com\/wp-content\/uploads\/2023\/09\/independent-lifter-handicare.jpg","datePublished":"2019-06-28T17:41:35+00:00","dateModified":"2025-11-27T21:54:48+00:00","description":"Learn more about the L\u00e8ve-personne ind\u00e9pendant from Soins aux patients de Savaria . Discover a great range of product type products and buy today","breadcrumb":{"@id":"https:\/\/savariapatientcare.com\/fr\/produit\/independent-lifter\/#breadcrumb"},"inLanguage":"fr-CA","potentialAction":[{"@type":"ReadAction","target":["https:\/\/savariapatientcare.com\/fr\/produit\/independent-lifter\/"]}]},{"@type":"ImageObject","inLanguage":"fr-CA","@id":"https:\/\/savariapatientcare.com\/fr\/produit\/independent-lifter\/#primaryimage","url":"https:\/\/savariapatientcare.com\/wp-content\/uploads\/2023\/09\/independent-lifter-handicare.jpg","contentUrl":"https:\/\/savariapatientcare.com\/wp-content\/uploads\/2023\/09\/independent-lifter-handicare.jpg","width":800,"height":800,"caption":"Independent Lifter"},{"@type":"BreadcrumbList","@id":"https:\/\/savariapatientcare.com\/fr\/produit\/independent-lifter\/#breadcrumb","itemListElement":[{"@type":"ListItem","position":1,"name":"Maison","item":"https:\/\/savariapatientcare.com\/fr\/"},{"@type":"ListItem","position":2,"name":"Products","item":"https:\/\/savariapatientcare.com\/shop\/"},{"@type":"ListItem","position":3,"name":"L\u00e8ve-personne ind\u00e9pendant"}]},{"@type":"WebSite","@id":"https:\/\/savariapatientcare.com\/#website","url":"https:\/\/savariapatientcare.com\/","name":"Savaria Patient Care","description":"","publisher":{"@id":"https:\/\/savariapatientcare.com\/#organization"},"potentialAction":[{"@type":"SearchAction","target":{"@type":"EntryPoint","urlTemplate":"https:\/\/savariapatientcare.com\/?s={search_term_string}"},"query-input":{"@type":"PropertyValueSpecification","valueRequired":true,"valueName":"search_term_string"}}],"inLanguage":"fr-CA"},{"@type":"Organization","@id":"https:\/\/savariapatientcare.com\/#organization","name":"Savaria","url":"https:\/\/savariapatientcare.com\/","logo":{"@type":"ImageObject","inLanguage":"fr-CA","@id":"https:\/\/savariapatientcare.com\/#\/schema\/logo\/image\/","url":"https:\/\/savariapatientcare.com\/wp-content\/uploads\/2023\/10\/Savaria-Logo.svg","contentUrl":"https:\/\/savariapatientcare.com\/wp-content\/uploads\/2023\/10\/Savaria-Logo.svg","width":1,"height":1,"caption":"Savaria"},"image":{"@id":"https:\/\/savariapatientcare.com\/#\/schema\/logo\/image\/"}}]}},"_links":{"self":[{"href":"https:\/\/savariapatientcare.com\/fr\/wp-json\/wp\/v2\/product\/86264","targetHints":{"allow":["GET"]}}],"collection":[{"href":"https:\/\/savariapatientcare.com\/fr\/wp-json\/wp\/v2\/product"}],"about":[{"href":"https:\/\/savariapatientcare.com\/fr\/wp-json\/wp\/v2\/types\/product"}],"replies":[{"embeddable":true,"href":"https:\/\/savariapatientcare.com\/fr\/wp-json\/wp\/v2\/comments?post=86264"}],"wp:featuredmedia":[{"embeddable":true,"href":"https:\/\/savariapatientcare.com\/fr\/wp-json\/wp\/v2\/media\/86265"}],"wp:attachment":[{"href":"https:\/\/savariapatientcare.com\/fr\/wp-json\/wp\/v2\/media?parent=86264"}],"wp:term":[{"taxonomy":"care-type","embeddable":true,"href":"https:\/\/savariapatientcare.com\/fr\/wp-json\/wp\/v2\/care-type?post=86264"},{"taxonomy":"technology","embeddable":true,"href":"https:\/\/savariapatientcare.com\/fr\/wp-json\/wp\/v2\/technology?post=86264"},{"taxonomy":"product_brand","embeddable":true,"href":"https:\/\/savariapatientcare.com\/fr\/wp-json\/wp\/v2\/product_brand?post=86264"},{"taxonomy":"product_cat","embeddable":true,"href":"https:\/\/savariapatientcare.com\/fr\/wp-json\/wp\/v2\/product_cat?post=86264"},{"taxonomy":"product_tag","embeddable":true,"href":"https:\/\/savariapatientcare.com\/fr\/wp-json\/wp\/v2\/product_tag?post=86264"}],"curies":[{"name":"wp","href":"https:\/\/api.w.org\/{rel}","templated":true}]}}