{"id":86258,"date":"2019-07-17T17:40:02","date_gmt":"2019-07-17T17:40:02","guid":{"rendered":"https:\/\/savariapatientcare.com\/product\/carlo-alu-classic-floor-lift\/"},"modified":"2025-11-27T21:53:11","modified_gmt":"2025-11-27T21:53:11","slug":"leve-personne-au-sol-carlo-alu-classic","status":"publish","type":"product","link":"https:\/\/savariapatientcare.com\/fr\/produit\/leve-personne-au-sol-carlo-alu-classic\/","title":{"rendered":"L\u00e8ve-personne au sol CARLO Alu Classic"},"content":{"rendered":"","protected":false},"excerpt":{"rendered":"<p>Caract\u00e9ris\u00e9 par une construction en aluminium tr\u00e8s l\u00e9g\u00e8re et stable, le l\u00e8ve-personne CARLO Classic contribue \u00e0 la s\u00e9curit\u00e9 du soignant et du r\u00e9sident lors des t\u00e2ches quotidiennes de levage, de transfert et de repositionnement.<\/p>\n<p>Il pr\u00e9sente une barre de portage \u00e0 6 points qui peut \u00eatre facilement abaiss\u00e9e au sol pour soulever les r\u00e9sidents en cas de chute. La faible hauteur de la barre de portage peut \u00e9galement faciliter les transferts vers la baignoire et le lit. \u00c9quip\u00e9 d\u2019un m\u00e9canisme anti-rotation (ARM), le CARLO Classic supprime toute rotation involontaire de la barre de portage pendant les transferts et r\u00e9duit les mouvements de pivotement inconfortables, offrant au r\u00e9sident une sensation de s\u00e9curit\u00e9 suppl\u00e9mentaire.<\/p>\n<ul>\n<li>Disponible avec des pieds bas pour s\u2019adapter aux lits bas, aux civi\u00e8res et aux meubles.<\/li>\n<li>Balance de pes\u00e9e du patient calibr\u00e9e en option jusqu\u2019\u00e0 250\u00a0kg (551\u00a0lb).<\/li>\n<li>Options de charge maximum utile de 185\u00a0kg (408\u00a0lb) et 230\u00a0kg (507\u00a0lb).<\/li>\n<\/ul>\n","protected":false},"featured_media":86260,"comment_status":"closed","ping_status":"closed","template":"","meta":{"_acf_changed":false},"care-type":[364,367],"technology":[],"product_brand":[],"product_cat":[392,391],"product_tag":[],"class_list":{"0":"post-86258","1":"product","2":"type-product","3":"status-publish","4":"has-post-thumbnail","6":"care-type-soins-de-courte-duree","7":"care-type-soins-de-longue-duree","8":"product_cat-full-body-fr","9":"product_cat-floor-lifts-fr","11":"first","12":"instock","13":"shipping-taxable","14":"product-type-simple"},"acf":[],"yoast_head":"<!-- This site is optimized with the Yoast SEO Premium plugin v25.6 (Yoast SEO v27.2) - https:\/\/yoast.com\/product\/yoast-seo-premium-wordpress\/ -->\n<title>L\u00e8ve-personne au sol CARLO Alu Classic | Soins aux patients de Savaria<\/title>\n<meta name=\"description\" content=\"Learn more about the L\u00e8ve-personne au sol CARLO Alu Classic from Soins aux patients de Savaria . Discover a great range of product type products and buy today\" \/>\n<meta name=\"robots\" content=\"index, follow, max-snippet:-1, max-image-preview:large, max-video-preview:-1\" \/>\n<link rel=\"canonical\" href=\"https:\/\/savariapatientcare.com\/fr\/produit\/leve-personne-au-sol-carlo-alu-classic\/\" \/>\n<meta property=\"og:locale\" content=\"fr_CA\" \/>\n<meta property=\"og:type\" content=\"article\" \/>\n<meta property=\"og:title\" content=\"L\u00e8ve-personne au sol CARLO Alu Classic\" \/>\n<meta property=\"og:description\" content=\"Learn more about the L\u00e8ve-personne au sol CARLO Alu Classic from Soins aux patients de Savaria . Discover a great range of product type products and buy today\" \/>\n<meta property=\"og:url\" content=\"https:\/\/savariapatientcare.com\/fr\/produit\/leve-personne-au-sol-carlo-alu-classic\/\" \/>\n<meta property=\"og:site_name\" content=\"Soins aux patients de Savaria\" \/>\n<meta property=\"article:modified_time\" content=\"2025-11-27T21:53:11+00:00\" \/>\n<meta property=\"og:image\" content=\"https:\/\/savariapatientcare.com\/wp-content\/uploads\/2019\/07\/CARLO-Alu-Classic-Floor-Lift-Resident-Room-scaled.jpg\" \/>\n\t<meta property=\"og:image:width\" content=\"2560\" \/>\n\t<meta property=\"og:image:height\" content=\"1920\" \/>\n\t<meta property=\"og:image:type\" content=\"image\/jpeg\" \/>\n<meta name=\"twitter:card\" content=\"summary_large_image\" \/>\n<meta name=\"twitter:label1\" content=\"Estimation du temps de lecture\" \/>\n\t<meta name=\"twitter:data1\" content=\"1 minute\" \/>\n<script type=\"application\/ld+json\" class=\"yoast-schema-graph\">{\"@context\":\"https:\/\/schema.org\",\"@graph\":[{\"@type\":\"WebPage\",\"@id\":\"https:\/\/savariapatientcare.com\/fr\/produit\/leve-personne-au-sol-carlo-alu-classic\/\",\"url\":\"https:\/\/savariapatientcare.com\/fr\/produit\/leve-personne-au-sol-carlo-alu-classic\/\",\"name\":\"L\u00e8ve-personne au sol CARLO Alu Classic | Soins aux patients de Savaria\",\"isPartOf\":{\"@id\":\"https:\/\/savariapatientcare.com\/#website\"},\"primaryImageOfPage\":{\"@id\":\"https:\/\/savariapatientcare.com\/fr\/produit\/leve-personne-au-sol-carlo-alu-classic\/#primaryimage\"},\"image\":{\"@id\":\"https:\/\/savariapatientcare.com\/fr\/produit\/leve-personne-au-sol-carlo-alu-classic\/#primaryimage\"},\"thumbnailUrl\":\"https:\/\/savariapatientcare.com\/wp-content\/uploads\/2019\/07\/CARLO-Alu-Classic-Floor-Lift-Resident-Room-scaled.jpg\",\"datePublished\":\"2019-07-17T17:40:02+00:00\",\"dateModified\":\"2025-11-27T21:53:11+00:00\",\"description\":\"Learn more about the L\u00e8ve-personne au sol CARLO Alu Classic from Soins aux patients de Savaria . Discover a great range of product type products and buy today\",\"breadcrumb\":{\"@id\":\"https:\/\/savariapatientcare.com\/fr\/produit\/leve-personne-au-sol-carlo-alu-classic\/#breadcrumb\"},\"inLanguage\":\"fr-CA\",\"potentialAction\":[{\"@type\":\"ReadAction\",\"target\":[\"https:\/\/savariapatientcare.com\/fr\/produit\/leve-personne-au-sol-carlo-alu-classic\/\"]}]},{\"@type\":\"ImageObject\",\"inLanguage\":\"fr-CA\",\"@id\":\"https:\/\/savariapatientcare.com\/fr\/produit\/leve-personne-au-sol-carlo-alu-classic\/#primaryimage\",\"url\":\"https:\/\/savariapatientcare.com\/wp-content\/uploads\/2019\/07\/CARLO-Alu-Classic-Floor-Lift-Resident-Room-scaled.jpg\",\"contentUrl\":\"https:\/\/savariapatientcare.com\/wp-content\/uploads\/2019\/07\/CARLO-Alu-Classic-Floor-Lift-Resident-Room-scaled.jpg\",\"width\":2560,\"height\":1920},{\"@type\":\"BreadcrumbList\",\"@id\":\"https:\/\/savariapatientcare.com\/fr\/produit\/leve-personne-au-sol-carlo-alu-classic\/#breadcrumb\",\"itemListElement\":[{\"@type\":\"ListItem\",\"position\":1,\"name\":\"Maison\",\"item\":\"https:\/\/savariapatientcare.com\/fr\/\"},{\"@type\":\"ListItem\",\"position\":2,\"name\":\"Products\",\"item\":\"https:\/\/savariapatientcare.com\/shop\/\"},{\"@type\":\"ListItem\",\"position\":3,\"name\":\"L\u00e8ve-personne au sol CARLO Alu Classic\"}]},{\"@type\":\"WebSite\",\"@id\":\"https:\/\/savariapatientcare.com\/#website\",\"url\":\"https:\/\/savariapatientcare.com\/\",\"name\":\"Savaria Patient Care\",\"description\":\"\",\"publisher\":{\"@id\":\"https:\/\/savariapatientcare.com\/#organization\"},\"potentialAction\":[{\"@type\":\"SearchAction\",\"target\":{\"@type\":\"EntryPoint\",\"urlTemplate\":\"https:\/\/savariapatientcare.com\/?s={search_term_string}\"},\"query-input\":{\"@type\":\"PropertyValueSpecification\",\"valueRequired\":true,\"valueName\":\"search_term_string\"}}],\"inLanguage\":\"fr-CA\"},{\"@type\":\"Organization\",\"@id\":\"https:\/\/savariapatientcare.com\/#organization\",\"name\":\"Savaria\",\"url\":\"https:\/\/savariapatientcare.com\/\",\"logo\":{\"@type\":\"ImageObject\",\"inLanguage\":\"fr-CA\",\"@id\":\"https:\/\/savariapatientcare.com\/#\/schema\/logo\/image\/\",\"url\":\"https:\/\/savariapatientcare.com\/wp-content\/uploads\/2023\/10\/Savaria-Logo.svg\",\"contentUrl\":\"https:\/\/savariapatientcare.com\/wp-content\/uploads\/2023\/10\/Savaria-Logo.svg\",\"width\":1,\"height\":1,\"caption\":\"Savaria\"},\"image\":{\"@id\":\"https:\/\/savariapatientcare.com\/#\/schema\/logo\/image\/\"}}]}<\/script>\n<!-- \/ Yoast SEO Premium plugin. -->","yoast_head_json":{"title":"L\u00e8ve-personne au sol CARLO Alu Classic | Soins aux patients de Savaria","description":"Learn more about the L\u00e8ve-personne au sol CARLO Alu Classic from Soins aux patients de Savaria . Discover a great range of product type products and buy today","robots":{"index":"index","follow":"follow","max-snippet":"max-snippet:-1","max-image-preview":"max-image-preview:large","max-video-preview":"max-video-preview:-1"},"canonical":"https:\/\/savariapatientcare.com\/fr\/produit\/leve-personne-au-sol-carlo-alu-classic\/","og_locale":"fr_CA","og_type":"article","og_title":"L\u00e8ve-personne au sol CARLO Alu Classic","og_description":"Learn more about the L\u00e8ve-personne au sol CARLO Alu Classic from Soins aux patients de Savaria . Discover a great range of product type products and buy today","og_url":"https:\/\/savariapatientcare.com\/fr\/produit\/leve-personne-au-sol-carlo-alu-classic\/","og_site_name":"Soins aux patients de Savaria","article_modified_time":"2025-11-27T21:53:11+00:00","og_image":[{"width":2560,"height":1920,"url":"https:\/\/savariapatientcare.com\/wp-content\/uploads\/2019\/07\/CARLO-Alu-Classic-Floor-Lift-Resident-Room-scaled.jpg","type":"image\/jpeg"}],"twitter_card":"summary_large_image","twitter_misc":{"Estimation du temps de lecture":"1 minute"},"schema":{"@context":"https:\/\/schema.org","@graph":[{"@type":"WebPage","@id":"https:\/\/savariapatientcare.com\/fr\/produit\/leve-personne-au-sol-carlo-alu-classic\/","url":"https:\/\/savariapatientcare.com\/fr\/produit\/leve-personne-au-sol-carlo-alu-classic\/","name":"L\u00e8ve-personne au sol CARLO Alu Classic | Soins aux patients de Savaria","isPartOf":{"@id":"https:\/\/savariapatientcare.com\/#website"},"primaryImageOfPage":{"@id":"https:\/\/savariapatientcare.com\/fr\/produit\/leve-personne-au-sol-carlo-alu-classic\/#primaryimage"},"image":{"@id":"https:\/\/savariapatientcare.com\/fr\/produit\/leve-personne-au-sol-carlo-alu-classic\/#primaryimage"},"thumbnailUrl":"https:\/\/savariapatientcare.com\/wp-content\/uploads\/2019\/07\/CARLO-Alu-Classic-Floor-Lift-Resident-Room-scaled.jpg","datePublished":"2019-07-17T17:40:02+00:00","dateModified":"2025-11-27T21:53:11+00:00","description":"Learn more about the L\u00e8ve-personne au sol CARLO Alu Classic from Soins aux patients de Savaria . Discover a great range of product type products and buy today","breadcrumb":{"@id":"https:\/\/savariapatientcare.com\/fr\/produit\/leve-personne-au-sol-carlo-alu-classic\/#breadcrumb"},"inLanguage":"fr-CA","potentialAction":[{"@type":"ReadAction","target":["https:\/\/savariapatientcare.com\/fr\/produit\/leve-personne-au-sol-carlo-alu-classic\/"]}]},{"@type":"ImageObject","inLanguage":"fr-CA","@id":"https:\/\/savariapatientcare.com\/fr\/produit\/leve-personne-au-sol-carlo-alu-classic\/#primaryimage","url":"https:\/\/savariapatientcare.com\/wp-content\/uploads\/2019\/07\/CARLO-Alu-Classic-Floor-Lift-Resident-Room-scaled.jpg","contentUrl":"https:\/\/savariapatientcare.com\/wp-content\/uploads\/2019\/07\/CARLO-Alu-Classic-Floor-Lift-Resident-Room-scaled.jpg","width":2560,"height":1920},{"@type":"BreadcrumbList","@id":"https:\/\/savariapatientcare.com\/fr\/produit\/leve-personne-au-sol-carlo-alu-classic\/#breadcrumb","itemListElement":[{"@type":"ListItem","position":1,"name":"Maison","item":"https:\/\/savariapatientcare.com\/fr\/"},{"@type":"ListItem","position":2,"name":"Products","item":"https:\/\/savariapatientcare.com\/shop\/"},{"@type":"ListItem","position":3,"name":"L\u00e8ve-personne au sol CARLO Alu Classic"}]},{"@type":"WebSite","@id":"https:\/\/savariapatientcare.com\/#website","url":"https:\/\/savariapatientcare.com\/","name":"Savaria Patient Care","description":"","publisher":{"@id":"https:\/\/savariapatientcare.com\/#organization"},"potentialAction":[{"@type":"SearchAction","target":{"@type":"EntryPoint","urlTemplate":"https:\/\/savariapatientcare.com\/?s={search_term_string}"},"query-input":{"@type":"PropertyValueSpecification","valueRequired":true,"valueName":"search_term_string"}}],"inLanguage":"fr-CA"},{"@type":"Organization","@id":"https:\/\/savariapatientcare.com\/#organization","name":"Savaria","url":"https:\/\/savariapatientcare.com\/","logo":{"@type":"ImageObject","inLanguage":"fr-CA","@id":"https:\/\/savariapatientcare.com\/#\/schema\/logo\/image\/","url":"https:\/\/savariapatientcare.com\/wp-content\/uploads\/2023\/10\/Savaria-Logo.svg","contentUrl":"https:\/\/savariapatientcare.com\/wp-content\/uploads\/2023\/10\/Savaria-Logo.svg","width":1,"height":1,"caption":"Savaria"},"image":{"@id":"https:\/\/savariapatientcare.com\/#\/schema\/logo\/image\/"}}]}},"_links":{"self":[{"href":"https:\/\/savariapatientcare.com\/fr\/wp-json\/wp\/v2\/product\/86258","targetHints":{"allow":["GET"]}}],"collection":[{"href":"https:\/\/savariapatientcare.com\/fr\/wp-json\/wp\/v2\/product"}],"about":[{"href":"https:\/\/savariapatientcare.com\/fr\/wp-json\/wp\/v2\/types\/product"}],"replies":[{"embeddable":true,"href":"https:\/\/savariapatientcare.com\/fr\/wp-json\/wp\/v2\/comments?post=86258"}],"wp:featuredmedia":[{"embeddable":true,"href":"https:\/\/savariapatientcare.com\/fr\/wp-json\/wp\/v2\/media\/86260"}],"wp:attachment":[{"href":"https:\/\/savariapatientcare.com\/fr\/wp-json\/wp\/v2\/media?parent=86258"}],"wp:term":[{"taxonomy":"care-type","embeddable":true,"href":"https:\/\/savariapatientcare.com\/fr\/wp-json\/wp\/v2\/care-type?post=86258"},{"taxonomy":"technology","embeddable":true,"href":"https:\/\/savariapatientcare.com\/fr\/wp-json\/wp\/v2\/technology?post=86258"},{"taxonomy":"product_brand","embeddable":true,"href":"https:\/\/savariapatientcare.com\/fr\/wp-json\/wp\/v2\/product_brand?post=86258"},{"taxonomy":"product_cat","embeddable":true,"href":"https:\/\/savariapatientcare.com\/fr\/wp-json\/wp\/v2\/product_cat?post=86258"},{"taxonomy":"product_tag","embeddable":true,"href":"https:\/\/savariapatientcare.com\/fr\/wp-json\/wp\/v2\/product_tag?post=86258"}],"curies":[{"name":"wp","href":"https:\/\/api.w.org\/{rel}","templated":true}]}}