{"id":86252,"date":"2019-07-17T17:58:31","date_gmt":"2019-07-17T17:58:31","guid":{"rendered":"https:\/\/savariapatientcare.com\/product\/nora-alu-sit-to-stand-lift\/"},"modified":"2025-11-27T21:51:46","modified_gmt":"2025-11-27T21:51:46","slug":"nora-alu-sit-to-stand-lift","status":"publish","type":"product","link":"https:\/\/savariapatientcare.com\/fr\/produit\/nora-alu-sit-to-stand-lift\/","title":{"rendered":"L\u00e8ve-personne verticalisateur NORA Alu"},"content":{"rendered":"","protected":false},"excerpt":{"rendered":"<p>NORA Alu est con\u00e7u pour assister les r\u00e9sidents capables de se tenir debout pendant de courtes p\u00e9riodes, mais n\u00e9cessitant un transfert s\u00fbr et confortable vers et depuis les installations sanitaires (bain ou toilettes). Pour les r\u00e9sidents de plus petite taille, NORA Alu offre des points d\u2019attache suppl\u00e9mentaires pour les \u00e9lingues, permettant ainsi une position debout ind\u00e9pendante de leur taille. Les genouill\u00e8res flexibles sont \u00e9galement ajustables en fonction de la taille. NORA Alu contribue \u00e9galement \u00e0 la stimulation de la circulation sanguine et \u00e0 la r\u00e9\u00e9ducation. Le syst\u00e8me de levage s\u00e9curis\u00e9 et cibl\u00e9 permet aux r\u00e9sidents de supporter progressivement leur poids total en position verticale, am\u00e9liorant ainsi le syst\u00e8me musculosquelettique.<\/p>\n","protected":false},"featured_media":86254,"comment_status":"closed","ping_status":"closed","template":"","meta":{"_acf_changed":false},"care-type":[366,367],"technology":[],"product_brand":[],"product_cat":[391,412],"product_tag":[],"class_list":{"0":"post-86252","1":"product","2":"type-product","3":"status-publish","4":"has-post-thumbnail","6":"care-type-mobilisation-precoce","7":"care-type-soins-de-longue-duree","8":"product_cat-floor-lifts-fr","9":"product_cat-sit-to-stand-floor-lifts-fr","11":"first","12":"instock","13":"shipping-taxable","14":"product-type-simple"},"acf":[],"yoast_head":"<!-- This site is optimized with the Yoast SEO Premium plugin v25.6 (Yoast SEO v27.2) - https:\/\/yoast.com\/product\/yoast-seo-premium-wordpress\/ -->\n<title>L\u00e8ve-personne verticalisateur NORA Alu | Soins aux patients de Savaria<\/title>\n<meta name=\"description\" content=\"Learn more about the L\u00e8ve-personne verticalisateur NORA Alu from Soins aux patients de Savaria . Discover a great range of product type products and buy today\" \/>\n<meta name=\"robots\" content=\"index, follow, max-snippet:-1, max-image-preview:large, max-video-preview:-1\" \/>\n<link rel=\"canonical\" href=\"https:\/\/savariapatientcare.com\/fr\/produit\/nora-alu-sit-to-stand-lift\/\" \/>\n<meta property=\"og:locale\" content=\"fr_CA\" \/>\n<meta property=\"og:type\" content=\"article\" \/>\n<meta property=\"og:title\" content=\"L\u00e8ve-personne verticalisateur NORA Alu\" \/>\n<meta property=\"og:description\" content=\"Learn more about the L\u00e8ve-personne verticalisateur NORA Alu from Soins aux patients de Savaria . Discover a great range of product type products and buy today\" \/>\n<meta property=\"og:url\" content=\"https:\/\/savariapatientcare.com\/fr\/produit\/nora-alu-sit-to-stand-lift\/\" \/>\n<meta property=\"og:site_name\" content=\"Soins aux patients de Savaria\" \/>\n<meta property=\"article:modified_time\" content=\"2025-11-27T21:51:46+00:00\" \/>\n<meta property=\"og:image\" content=\"https:\/\/savariapatientcare.com\/wp-content\/uploads\/2019\/07\/NORA-Alu-Sit-to-Stand-Lift-910x1024.png\" \/>\n\t<meta property=\"og:image:width\" content=\"910\" \/>\n\t<meta property=\"og:image:height\" content=\"1024\" \/>\n\t<meta property=\"og:image:type\" content=\"image\/png\" \/>\n<meta name=\"twitter:card\" content=\"summary_large_image\" \/>\n<meta name=\"twitter:label1\" content=\"Estimation du temps de lecture\" \/>\n\t<meta name=\"twitter:data1\" content=\"1 minute\" \/>\n<script type=\"application\/ld+json\" class=\"yoast-schema-graph\">{\"@context\":\"https:\/\/schema.org\",\"@graph\":[{\"@type\":\"WebPage\",\"@id\":\"https:\/\/savariapatientcare.com\/fr\/produit\/nora-alu-sit-to-stand-lift\/\",\"url\":\"https:\/\/savariapatientcare.com\/fr\/produit\/nora-alu-sit-to-stand-lift\/\",\"name\":\"L\u00e8ve-personne verticalisateur NORA Alu | Soins aux patients de Savaria\",\"isPartOf\":{\"@id\":\"https:\/\/savariapatientcare.com\/#website\"},\"primaryImageOfPage\":{\"@id\":\"https:\/\/savariapatientcare.com\/fr\/produit\/nora-alu-sit-to-stand-lift\/#primaryimage\"},\"image\":{\"@id\":\"https:\/\/savariapatientcare.com\/fr\/produit\/nora-alu-sit-to-stand-lift\/#primaryimage\"},\"thumbnailUrl\":\"https:\/\/savariapatientcare.com\/wp-content\/uploads\/2019\/07\/NORA-Alu-Sit-to-Stand-Lift.png\",\"datePublished\":\"2019-07-17T17:58:31+00:00\",\"dateModified\":\"2025-11-27T21:51:46+00:00\",\"description\":\"Learn more about the L\u00e8ve-personne verticalisateur NORA Alu from Soins aux patients de Savaria . Discover a great range of product type products and buy today\",\"breadcrumb\":{\"@id\":\"https:\/\/savariapatientcare.com\/fr\/produit\/nora-alu-sit-to-stand-lift\/#breadcrumb\"},\"inLanguage\":\"fr-CA\",\"potentialAction\":[{\"@type\":\"ReadAction\",\"target\":[\"https:\/\/savariapatientcare.com\/fr\/produit\/nora-alu-sit-to-stand-lift\/\"]}]},{\"@type\":\"ImageObject\",\"inLanguage\":\"fr-CA\",\"@id\":\"https:\/\/savariapatientcare.com\/fr\/produit\/nora-alu-sit-to-stand-lift\/#primaryimage\",\"url\":\"https:\/\/savariapatientcare.com\/wp-content\/uploads\/2019\/07\/NORA-Alu-Sit-to-Stand-Lift.png\",\"contentUrl\":\"https:\/\/savariapatientcare.com\/wp-content\/uploads\/2019\/07\/NORA-Alu-Sit-to-Stand-Lift.png\",\"width\":1600,\"height\":1800},{\"@type\":\"BreadcrumbList\",\"@id\":\"https:\/\/savariapatientcare.com\/fr\/produit\/nora-alu-sit-to-stand-lift\/#breadcrumb\",\"itemListElement\":[{\"@type\":\"ListItem\",\"position\":1,\"name\":\"Maison\",\"item\":\"https:\/\/savariapatientcare.com\/fr\/\"},{\"@type\":\"ListItem\",\"position\":2,\"name\":\"Products\",\"item\":\"https:\/\/savariapatientcare.com\/shop\/\"},{\"@type\":\"ListItem\",\"position\":3,\"name\":\"L\u00e8ve-personne verticalisateur NORA Alu\"}]},{\"@type\":\"WebSite\",\"@id\":\"https:\/\/savariapatientcare.com\/#website\",\"url\":\"https:\/\/savariapatientcare.com\/\",\"name\":\"Savaria Patient Care\",\"description\":\"\",\"publisher\":{\"@id\":\"https:\/\/savariapatientcare.com\/#organization\"},\"potentialAction\":[{\"@type\":\"SearchAction\",\"target\":{\"@type\":\"EntryPoint\",\"urlTemplate\":\"https:\/\/savariapatientcare.com\/?s={search_term_string}\"},\"query-input\":{\"@type\":\"PropertyValueSpecification\",\"valueRequired\":true,\"valueName\":\"search_term_string\"}}],\"inLanguage\":\"fr-CA\"},{\"@type\":\"Organization\",\"@id\":\"https:\/\/savariapatientcare.com\/#organization\",\"name\":\"Savaria\",\"url\":\"https:\/\/savariapatientcare.com\/\",\"logo\":{\"@type\":\"ImageObject\",\"inLanguage\":\"fr-CA\",\"@id\":\"https:\/\/savariapatientcare.com\/#\/schema\/logo\/image\/\",\"url\":\"https:\/\/savariapatientcare.com\/wp-content\/uploads\/2023\/10\/Savaria-Logo.svg\",\"contentUrl\":\"https:\/\/savariapatientcare.com\/wp-content\/uploads\/2023\/10\/Savaria-Logo.svg\",\"width\":1,\"height\":1,\"caption\":\"Savaria\"},\"image\":{\"@id\":\"https:\/\/savariapatientcare.com\/#\/schema\/logo\/image\/\"}}]}<\/script>\n<!-- \/ Yoast SEO Premium plugin. -->","yoast_head_json":{"title":"L\u00e8ve-personne verticalisateur NORA Alu | Soins aux patients de Savaria","description":"Learn more about the L\u00e8ve-personne verticalisateur NORA Alu from Soins aux patients de Savaria . Discover a great range of product type products and buy today","robots":{"index":"index","follow":"follow","max-snippet":"max-snippet:-1","max-image-preview":"max-image-preview:large","max-video-preview":"max-video-preview:-1"},"canonical":"https:\/\/savariapatientcare.com\/fr\/produit\/nora-alu-sit-to-stand-lift\/","og_locale":"fr_CA","og_type":"article","og_title":"L\u00e8ve-personne verticalisateur NORA Alu","og_description":"Learn more about the L\u00e8ve-personne verticalisateur NORA Alu from Soins aux patients de Savaria . Discover a great range of product type products and buy today","og_url":"https:\/\/savariapatientcare.com\/fr\/produit\/nora-alu-sit-to-stand-lift\/","og_site_name":"Soins aux patients de Savaria","article_modified_time":"2025-11-27T21:51:46+00:00","og_image":[{"width":910,"height":1024,"url":"https:\/\/savariapatientcare.com\/wp-content\/uploads\/2019\/07\/NORA-Alu-Sit-to-Stand-Lift-910x1024.png","type":"image\/png"}],"twitter_card":"summary_large_image","twitter_misc":{"Estimation du temps de lecture":"1 minute"},"schema":{"@context":"https:\/\/schema.org","@graph":[{"@type":"WebPage","@id":"https:\/\/savariapatientcare.com\/fr\/produit\/nora-alu-sit-to-stand-lift\/","url":"https:\/\/savariapatientcare.com\/fr\/produit\/nora-alu-sit-to-stand-lift\/","name":"L\u00e8ve-personne verticalisateur NORA Alu | Soins aux patients de Savaria","isPartOf":{"@id":"https:\/\/savariapatientcare.com\/#website"},"primaryImageOfPage":{"@id":"https:\/\/savariapatientcare.com\/fr\/produit\/nora-alu-sit-to-stand-lift\/#primaryimage"},"image":{"@id":"https:\/\/savariapatientcare.com\/fr\/produit\/nora-alu-sit-to-stand-lift\/#primaryimage"},"thumbnailUrl":"https:\/\/savariapatientcare.com\/wp-content\/uploads\/2019\/07\/NORA-Alu-Sit-to-Stand-Lift.png","datePublished":"2019-07-17T17:58:31+00:00","dateModified":"2025-11-27T21:51:46+00:00","description":"Learn more about the L\u00e8ve-personne verticalisateur NORA Alu from Soins aux patients de Savaria . Discover a great range of product type products and buy today","breadcrumb":{"@id":"https:\/\/savariapatientcare.com\/fr\/produit\/nora-alu-sit-to-stand-lift\/#breadcrumb"},"inLanguage":"fr-CA","potentialAction":[{"@type":"ReadAction","target":["https:\/\/savariapatientcare.com\/fr\/produit\/nora-alu-sit-to-stand-lift\/"]}]},{"@type":"ImageObject","inLanguage":"fr-CA","@id":"https:\/\/savariapatientcare.com\/fr\/produit\/nora-alu-sit-to-stand-lift\/#primaryimage","url":"https:\/\/savariapatientcare.com\/wp-content\/uploads\/2019\/07\/NORA-Alu-Sit-to-Stand-Lift.png","contentUrl":"https:\/\/savariapatientcare.com\/wp-content\/uploads\/2019\/07\/NORA-Alu-Sit-to-Stand-Lift.png","width":1600,"height":1800},{"@type":"BreadcrumbList","@id":"https:\/\/savariapatientcare.com\/fr\/produit\/nora-alu-sit-to-stand-lift\/#breadcrumb","itemListElement":[{"@type":"ListItem","position":1,"name":"Maison","item":"https:\/\/savariapatientcare.com\/fr\/"},{"@type":"ListItem","position":2,"name":"Products","item":"https:\/\/savariapatientcare.com\/shop\/"},{"@type":"ListItem","position":3,"name":"L\u00e8ve-personne verticalisateur NORA Alu"}]},{"@type":"WebSite","@id":"https:\/\/savariapatientcare.com\/#website","url":"https:\/\/savariapatientcare.com\/","name":"Savaria Patient Care","description":"","publisher":{"@id":"https:\/\/savariapatientcare.com\/#organization"},"potentialAction":[{"@type":"SearchAction","target":{"@type":"EntryPoint","urlTemplate":"https:\/\/savariapatientcare.com\/?s={search_term_string}"},"query-input":{"@type":"PropertyValueSpecification","valueRequired":true,"valueName":"search_term_string"}}],"inLanguage":"fr-CA"},{"@type":"Organization","@id":"https:\/\/savariapatientcare.com\/#organization","name":"Savaria","url":"https:\/\/savariapatientcare.com\/","logo":{"@type":"ImageObject","inLanguage":"fr-CA","@id":"https:\/\/savariapatientcare.com\/#\/schema\/logo\/image\/","url":"https:\/\/savariapatientcare.com\/wp-content\/uploads\/2023\/10\/Savaria-Logo.svg","contentUrl":"https:\/\/savariapatientcare.com\/wp-content\/uploads\/2023\/10\/Savaria-Logo.svg","width":1,"height":1,"caption":"Savaria"},"image":{"@id":"https:\/\/savariapatientcare.com\/#\/schema\/logo\/image\/"}}]}},"_links":{"self":[{"href":"https:\/\/savariapatientcare.com\/fr\/wp-json\/wp\/v2\/product\/86252","targetHints":{"allow":["GET"]}}],"collection":[{"href":"https:\/\/savariapatientcare.com\/fr\/wp-json\/wp\/v2\/product"}],"about":[{"href":"https:\/\/savariapatientcare.com\/fr\/wp-json\/wp\/v2\/types\/product"}],"replies":[{"embeddable":true,"href":"https:\/\/savariapatientcare.com\/fr\/wp-json\/wp\/v2\/comments?post=86252"}],"wp:featuredmedia":[{"embeddable":true,"href":"https:\/\/savariapatientcare.com\/fr\/wp-json\/wp\/v2\/media\/86254"}],"wp:attachment":[{"href":"https:\/\/savariapatientcare.com\/fr\/wp-json\/wp\/v2\/media?parent=86252"}],"wp:term":[{"taxonomy":"care-type","embeddable":true,"href":"https:\/\/savariapatientcare.com\/fr\/wp-json\/wp\/v2\/care-type?post=86252"},{"taxonomy":"technology","embeddable":true,"href":"https:\/\/savariapatientcare.com\/fr\/wp-json\/wp\/v2\/technology?post=86252"},{"taxonomy":"product_brand","embeddable":true,"href":"https:\/\/savariapatientcare.com\/fr\/wp-json\/wp\/v2\/product_brand?post=86252"},{"taxonomy":"product_cat","embeddable":true,"href":"https:\/\/savariapatientcare.com\/fr\/wp-json\/wp\/v2\/product_cat?post=86252"},{"taxonomy":"product_tag","embeddable":true,"href":"https:\/\/savariapatientcare.com\/fr\/wp-json\/wp\/v2\/product_tag?post=86252"}],"curies":[{"name":"wp","href":"https:\/\/api.w.org\/{rel}","templated":true}]}}