{"id":86233,"date":"2021-06-04T20:22:20","date_gmt":"2021-06-04T20:22:20","guid":{"rendered":"https:\/\/savariapatientcare.com\/product\/c-450-fixed-ceiling-lift\/"},"modified":"2025-11-27T21:43:01","modified_gmt":"2025-11-27T21:43:01","slug":"c-450-fixed-ceiling-lift","status":"publish","type":"product","link":"https:\/\/savariapatientcare.com\/fr\/produit\/c-450-fixed-ceiling-lift\/","title":{"rendered":"L\u00e8ve-personne plafonnier C-450"},"content":{"rendered":"<ul>\n<li>Le plus compact de sa cat\u00e9gorie<\/li>\n<li>Vitesse de levage \u00e9lev\u00e9e<\/li>\n<li>Entretien simple<\/li>\n<li>Batteries faciles \u00e0 recharger<\/li>\n<li>Affichage visuel du niveau de batterie\/charge<\/li>\n<li>Affichage num\u00e9rique complet indiquant le nombre de levages effectu\u00e9s, le niveau des batteries et l\u2019\u00e9tat de fonctionnement du l\u00e8ve-personne.<\/li>\n<li>Arr\u00eat automatique<\/li>\n<li>Un mouvement vertical de 7,5 pi (2,2 m) de la sangle de pied facilite les levages depuis le sol<\/li>\n<li>Syst\u00e8me de levage ou de descente manuel d\u2019urgence<\/li>\n<\/ul>\n","protected":false},"excerpt":{"rendered":"<p>Le C-450 est le plus petit l\u00e8ve-personne de sa cat\u00e9gorie, mais il n\u2019a rien \u00e0 envier aux plus grands gr\u00e2ce \u00e0 sa capacit\u00e9 de levage de 204 kg. Son fonctionnement silencieux et fluide permet \u00e0 un seul soignant d\u2019effectuer les transferts de patients, m\u00eame les plus d\u00e9licats. Avec ses commandes pneumatiques \u00e9tanches, ses commandes int\u00e9gr\u00e9es, son affichage num\u00e9rique et sa fonction de descente d\u2019urgence motoris\u00e9e, le C-450 est un concentr\u00e9 de puissance et de performance, assurant confort et s\u00e9curit\u00e9 dans les environnements cliniques les plus exigeants.<\/p>\n","protected":false},"featured_media":86235,"comment_status":"closed","ping_status":"closed","template":"","meta":{"_acf_changed":false},"care-type":[373,365,364,367],"technology":[],"product_brand":[],"product_cat":[369,368],"product_tag":[],"class_list":{"0":"post-86233","1":"product","2":"type-product","3":"status-publish","4":"has-post-thumbnail","6":"care-type-soins-a-domicile","7":"care-type-soins-bariatriques","8":"care-type-soins-de-courte-duree","9":"care-type-soins-de-longue-duree","10":"product_cat-leve-personnes-plafonniers-fixes","11":"product_cat-systemes-autoportants","13":"first","14":"instock","15":"shipping-taxable","16":"product-type-simple"},"acf":[],"yoast_head":"<!-- This site is optimized with the Yoast SEO Premium plugin v25.6 (Yoast SEO v27.2) - https:\/\/yoast.com\/product\/yoast-seo-premium-wordpress\/ -->\n<title>L\u00e8ve-personne plafonnier C-450 | Soins aux patients de Savaria<\/title>\n<meta name=\"description\" content=\"Learn more about the L\u00e8ve-personne plafonnier C-450 from Soins aux patients de Savaria . Discover a great range of product type products and buy today\" \/>\n<meta name=\"robots\" content=\"index, follow, max-snippet:-1, max-image-preview:large, max-video-preview:-1\" \/>\n<link rel=\"canonical\" href=\"https:\/\/savariapatientcare.com\/fr\/produit\/c-450-fixed-ceiling-lift\/\" \/>\n<meta property=\"og:locale\" content=\"fr_CA\" \/>\n<meta property=\"og:type\" content=\"article\" \/>\n<meta property=\"og:title\" content=\"L\u00e8ve-personne plafonnier C-450\" \/>\n<meta property=\"og:description\" content=\"Learn more about the L\u00e8ve-personne plafonnier C-450 from Soins aux patients de Savaria . Discover a great range of product type products and buy today\" \/>\n<meta property=\"og:url\" content=\"https:\/\/savariapatientcare.com\/fr\/produit\/c-450-fixed-ceiling-lift\/\" \/>\n<meta property=\"og:site_name\" content=\"Soins aux patients de Savaria\" \/>\n<meta property=\"article:modified_time\" content=\"2025-11-27T21:43:01+00:00\" \/>\n<meta property=\"og:image\" content=\"https:\/\/savariapatientcare.com\/wp-content\/uploads\/2021\/06\/C-Series-Home-Care-3-800.jpg.webp\" \/>\n\t<meta property=\"og:image:width\" content=\"800\" \/>\n\t<meta property=\"og:image:height\" content=\"800\" \/>\n\t<meta property=\"og:image:type\" content=\"image\/webp\" \/>\n<meta name=\"twitter:card\" content=\"summary_large_image\" \/>\n<meta name=\"twitter:label1\" content=\"Estimation du temps de lecture\" \/>\n\t<meta name=\"twitter:data1\" content=\"1 minute\" \/>\n<script type=\"application\/ld+json\" class=\"yoast-schema-graph\">{\"@context\":\"https:\/\/schema.org\",\"@graph\":[{\"@type\":\"WebPage\",\"@id\":\"https:\/\/savariapatientcare.com\/fr\/produit\/c-450-fixed-ceiling-lift\/\",\"url\":\"https:\/\/savariapatientcare.com\/fr\/produit\/c-450-fixed-ceiling-lift\/\",\"name\":\"L\u00e8ve-personne plafonnier C-450 | Soins aux patients de Savaria\",\"isPartOf\":{\"@id\":\"https:\/\/savariapatientcare.com\/#website\"},\"primaryImageOfPage\":{\"@id\":\"https:\/\/savariapatientcare.com\/fr\/produit\/c-450-fixed-ceiling-lift\/#primaryimage\"},\"image\":{\"@id\":\"https:\/\/savariapatientcare.com\/fr\/produit\/c-450-fixed-ceiling-lift\/#primaryimage\"},\"thumbnailUrl\":\"https:\/\/savariapatientcare.com\/wp-content\/uploads\/2021\/06\/C-Series-Home-Care-3-800.jpg.webp\",\"datePublished\":\"2021-06-04T20:22:20+00:00\",\"dateModified\":\"2025-11-27T21:43:01+00:00\",\"description\":\"Learn more about the L\u00e8ve-personne plafonnier C-450 from Soins aux patients de Savaria . Discover a great range of product type products and buy today\",\"breadcrumb\":{\"@id\":\"https:\/\/savariapatientcare.com\/fr\/produit\/c-450-fixed-ceiling-lift\/#breadcrumb\"},\"inLanguage\":\"fr-CA\",\"potentialAction\":[{\"@type\":\"ReadAction\",\"target\":[\"https:\/\/savariapatientcare.com\/fr\/produit\/c-450-fixed-ceiling-lift\/\"]}]},{\"@type\":\"ImageObject\",\"inLanguage\":\"fr-CA\",\"@id\":\"https:\/\/savariapatientcare.com\/fr\/produit\/c-450-fixed-ceiling-lift\/#primaryimage\",\"url\":\"https:\/\/savariapatientcare.com\/wp-content\/uploads\/2021\/06\/C-Series-Home-Care-3-800.jpg.webp\",\"contentUrl\":\"https:\/\/savariapatientcare.com\/wp-content\/uploads\/2021\/06\/C-Series-Home-Care-3-800.jpg.webp\",\"width\":800,\"height\":800},{\"@type\":\"BreadcrumbList\",\"@id\":\"https:\/\/savariapatientcare.com\/fr\/produit\/c-450-fixed-ceiling-lift\/#breadcrumb\",\"itemListElement\":[{\"@type\":\"ListItem\",\"position\":1,\"name\":\"Maison\",\"item\":\"https:\/\/savariapatientcare.com\/fr\/\"},{\"@type\":\"ListItem\",\"position\":2,\"name\":\"Products\",\"item\":\"https:\/\/savariapatientcare.com\/shop\/\"},{\"@type\":\"ListItem\",\"position\":3,\"name\":\"L\u00e8ve-personne plafonnier C-450\"}]},{\"@type\":\"WebSite\",\"@id\":\"https:\/\/savariapatientcare.com\/#website\",\"url\":\"https:\/\/savariapatientcare.com\/\",\"name\":\"Savaria Patient Care\",\"description\":\"\",\"publisher\":{\"@id\":\"https:\/\/savariapatientcare.com\/#organization\"},\"potentialAction\":[{\"@type\":\"SearchAction\",\"target\":{\"@type\":\"EntryPoint\",\"urlTemplate\":\"https:\/\/savariapatientcare.com\/?s={search_term_string}\"},\"query-input\":{\"@type\":\"PropertyValueSpecification\",\"valueRequired\":true,\"valueName\":\"search_term_string\"}}],\"inLanguage\":\"fr-CA\"},{\"@type\":\"Organization\",\"@id\":\"https:\/\/savariapatientcare.com\/#organization\",\"name\":\"Savaria\",\"url\":\"https:\/\/savariapatientcare.com\/\",\"logo\":{\"@type\":\"ImageObject\",\"inLanguage\":\"fr-CA\",\"@id\":\"https:\/\/savariapatientcare.com\/#\/schema\/logo\/image\/\",\"url\":\"https:\/\/savariapatientcare.com\/wp-content\/uploads\/2023\/10\/Savaria-Logo.svg\",\"contentUrl\":\"https:\/\/savariapatientcare.com\/wp-content\/uploads\/2023\/10\/Savaria-Logo.svg\",\"width\":1,\"height\":1,\"caption\":\"Savaria\"},\"image\":{\"@id\":\"https:\/\/savariapatientcare.com\/#\/schema\/logo\/image\/\"}}]}<\/script>\n<!-- \/ Yoast SEO Premium plugin. -->","yoast_head_json":{"title":"L\u00e8ve-personne plafonnier C-450 | Soins aux patients de Savaria","description":"Learn more about the L\u00e8ve-personne plafonnier C-450 from Soins aux patients de Savaria . Discover a great range of product type products and buy today","robots":{"index":"index","follow":"follow","max-snippet":"max-snippet:-1","max-image-preview":"max-image-preview:large","max-video-preview":"max-video-preview:-1"},"canonical":"https:\/\/savariapatientcare.com\/fr\/produit\/c-450-fixed-ceiling-lift\/","og_locale":"fr_CA","og_type":"article","og_title":"L\u00e8ve-personne plafonnier C-450","og_description":"Learn more about the L\u00e8ve-personne plafonnier C-450 from Soins aux patients de Savaria . Discover a great range of product type products and buy today","og_url":"https:\/\/savariapatientcare.com\/fr\/produit\/c-450-fixed-ceiling-lift\/","og_site_name":"Soins aux patients de Savaria","article_modified_time":"2025-11-27T21:43:01+00:00","og_image":[{"width":800,"height":800,"url":"https:\/\/savariapatientcare.com\/wp-content\/uploads\/2021\/06\/C-Series-Home-Care-3-800.jpg.webp","type":"image\/webp"}],"twitter_card":"summary_large_image","twitter_misc":{"Estimation du temps de lecture":"1 minute"},"schema":{"@context":"https:\/\/schema.org","@graph":[{"@type":"WebPage","@id":"https:\/\/savariapatientcare.com\/fr\/produit\/c-450-fixed-ceiling-lift\/","url":"https:\/\/savariapatientcare.com\/fr\/produit\/c-450-fixed-ceiling-lift\/","name":"L\u00e8ve-personne plafonnier C-450 | Soins aux patients de Savaria","isPartOf":{"@id":"https:\/\/savariapatientcare.com\/#website"},"primaryImageOfPage":{"@id":"https:\/\/savariapatientcare.com\/fr\/produit\/c-450-fixed-ceiling-lift\/#primaryimage"},"image":{"@id":"https:\/\/savariapatientcare.com\/fr\/produit\/c-450-fixed-ceiling-lift\/#primaryimage"},"thumbnailUrl":"https:\/\/savariapatientcare.com\/wp-content\/uploads\/2021\/06\/C-Series-Home-Care-3-800.jpg.webp","datePublished":"2021-06-04T20:22:20+00:00","dateModified":"2025-11-27T21:43:01+00:00","description":"Learn more about the L\u00e8ve-personne plafonnier C-450 from Soins aux patients de Savaria . Discover a great range of product type products and buy today","breadcrumb":{"@id":"https:\/\/savariapatientcare.com\/fr\/produit\/c-450-fixed-ceiling-lift\/#breadcrumb"},"inLanguage":"fr-CA","potentialAction":[{"@type":"ReadAction","target":["https:\/\/savariapatientcare.com\/fr\/produit\/c-450-fixed-ceiling-lift\/"]}]},{"@type":"ImageObject","inLanguage":"fr-CA","@id":"https:\/\/savariapatientcare.com\/fr\/produit\/c-450-fixed-ceiling-lift\/#primaryimage","url":"https:\/\/savariapatientcare.com\/wp-content\/uploads\/2021\/06\/C-Series-Home-Care-3-800.jpg.webp","contentUrl":"https:\/\/savariapatientcare.com\/wp-content\/uploads\/2021\/06\/C-Series-Home-Care-3-800.jpg.webp","width":800,"height":800},{"@type":"BreadcrumbList","@id":"https:\/\/savariapatientcare.com\/fr\/produit\/c-450-fixed-ceiling-lift\/#breadcrumb","itemListElement":[{"@type":"ListItem","position":1,"name":"Maison","item":"https:\/\/savariapatientcare.com\/fr\/"},{"@type":"ListItem","position":2,"name":"Products","item":"https:\/\/savariapatientcare.com\/shop\/"},{"@type":"ListItem","position":3,"name":"L\u00e8ve-personne plafonnier C-450"}]},{"@type":"WebSite","@id":"https:\/\/savariapatientcare.com\/#website","url":"https:\/\/savariapatientcare.com\/","name":"Savaria Patient Care","description":"","publisher":{"@id":"https:\/\/savariapatientcare.com\/#organization"},"potentialAction":[{"@type":"SearchAction","target":{"@type":"EntryPoint","urlTemplate":"https:\/\/savariapatientcare.com\/?s={search_term_string}"},"query-input":{"@type":"PropertyValueSpecification","valueRequired":true,"valueName":"search_term_string"}}],"inLanguage":"fr-CA"},{"@type":"Organization","@id":"https:\/\/savariapatientcare.com\/#organization","name":"Savaria","url":"https:\/\/savariapatientcare.com\/","logo":{"@type":"ImageObject","inLanguage":"fr-CA","@id":"https:\/\/savariapatientcare.com\/#\/schema\/logo\/image\/","url":"https:\/\/savariapatientcare.com\/wp-content\/uploads\/2023\/10\/Savaria-Logo.svg","contentUrl":"https:\/\/savariapatientcare.com\/wp-content\/uploads\/2023\/10\/Savaria-Logo.svg","width":1,"height":1,"caption":"Savaria"},"image":{"@id":"https:\/\/savariapatientcare.com\/#\/schema\/logo\/image\/"}}]}},"_links":{"self":[{"href":"https:\/\/savariapatientcare.com\/fr\/wp-json\/wp\/v2\/product\/86233","targetHints":{"allow":["GET"]}}],"collection":[{"href":"https:\/\/savariapatientcare.com\/fr\/wp-json\/wp\/v2\/product"}],"about":[{"href":"https:\/\/savariapatientcare.com\/fr\/wp-json\/wp\/v2\/types\/product"}],"replies":[{"embeddable":true,"href":"https:\/\/savariapatientcare.com\/fr\/wp-json\/wp\/v2\/comments?post=86233"}],"wp:featuredmedia":[{"embeddable":true,"href":"https:\/\/savariapatientcare.com\/fr\/wp-json\/wp\/v2\/media\/86235"}],"wp:attachment":[{"href":"https:\/\/savariapatientcare.com\/fr\/wp-json\/wp\/v2\/media?parent=86233"}],"wp:term":[{"taxonomy":"care-type","embeddable":true,"href":"https:\/\/savariapatientcare.com\/fr\/wp-json\/wp\/v2\/care-type?post=86233"},{"taxonomy":"technology","embeddable":true,"href":"https:\/\/savariapatientcare.com\/fr\/wp-json\/wp\/v2\/technology?post=86233"},{"taxonomy":"product_brand","embeddable":true,"href":"https:\/\/savariapatientcare.com\/fr\/wp-json\/wp\/v2\/product_brand?post=86233"},{"taxonomy":"product_cat","embeddable":true,"href":"https:\/\/savariapatientcare.com\/fr\/wp-json\/wp\/v2\/product_cat?post=86233"},{"taxonomy":"product_tag","embeddable":true,"href":"https:\/\/savariapatientcare.com\/fr\/wp-json\/wp\/v2\/product_tag?post=86233"}],"curies":[{"name":"wp","href":"https:\/\/api.w.org\/{rel}","templated":true}]}}