{"id":86230,"date":"2021-06-04T20:23:01","date_gmt":"2021-06-04T20:23:01","guid":{"rendered":"https:\/\/savariapatientcare.com\/product\/c-625-fixed-ceiling-lift\/"},"modified":"2025-11-27T21:42:22","modified_gmt":"2025-11-27T21:42:22","slug":"c-625-fixed-ceiling-lift","status":"publish","type":"product","link":"https:\/\/savariapatientcare.com\/fr\/produit\/c-625-fixed-ceiling-lift\/","title":{"rendered":"L\u00e8ve-personne plafonnier C-625"},"content":{"rendered":"<ul>\n<li>Fonctionnement silencieux<\/li>\n<li>Au moins 18 cm (7 po) de hauteur de levage suppl\u00e9mentaire<\/li>\n<li>Vitesse de levage \u00e9lev\u00e9e<\/li>\n<li>Entretien simple<\/li>\n<li>Batteries faciles \u00e0 recharger<\/li>\n<li>Signal sonore de batterie faible<\/li>\n<li>Affichage visuel du niveau de batterie\/charge<\/li>\n<li>Arr\u00eat automatique<\/li>\n<li>Un mouvement vertical de 7,5 pi (2,2 m) de la sangle de pied facilite les levages depuis le sol<\/li>\n<li>Arr\u00eat d\u2019urgence et descente d\u2019urgence motoris\u00e9e int\u00e9gr\u00e9s au l\u00e8ve-personne<\/li>\n<li>Syst\u00e8me de levage ou de descente manuel d\u2019urgence<\/li>\n<li>Option de retour \u00e0 la charge disponible<\/li>\n<li>Capacit\u00e9 maximale : 625 lb (284 kg)<\/li>\n<\/ul>\n","protected":false},"excerpt":{"rendered":"<p>Le C-625 fonctionne si silencieusement qu\u2019il procure une sensation de douceur comparable \u00e0 une remont\u00e9e m\u00e9canique. Puissant et compact, il se distingue par ses innovations, notamment un affichage num\u00e9rique, une programmabilit\u00e9 et une conception modulaire simplifiant l\u2019entretien. Con\u00e7u pour un fonctionnement aussi silencieux qu\u2019une pente enneig\u00e9e, le C-625 affiche une capacit\u00e9 de levage impressionnante de 283 kg et offre une vitesse de levage rapide, un arr\u00eat d\u2019urgence et une descente d\u2019urgence motoris\u00e9e. Con\u00e7u pour garantir la s\u00e9curit\u00e9 et faciliter son utilisation, le C-625 offre un transfert en douceur et sans effort, aussi s\u00e9curitaire pour le patient que pour le soignant. Il simplifie m\u00eame les transferts les plus complexes.<\/p>\n","protected":false},"featured_media":86232,"comment_status":"closed","ping_status":"closed","template":"","meta":{"_acf_changed":false},"care-type":[373,364,367],"technology":[],"product_brand":[],"product_cat":[369,368],"product_tag":[],"class_list":{"0":"post-86230","1":"product","2":"type-product","3":"status-publish","4":"has-post-thumbnail","6":"care-type-soins-a-domicile","7":"care-type-soins-de-courte-duree","8":"care-type-soins-de-longue-duree","9":"product_cat-leve-personnes-plafonniers-fixes","10":"product_cat-systemes-autoportants","12":"first","13":"instock","14":"shipping-taxable","15":"product-type-simple"},"acf":[],"yoast_head":"<!-- This site is optimized with the Yoast SEO Premium plugin v25.6 (Yoast SEO v27.2) - https:\/\/yoast.com\/product\/yoast-seo-premium-wordpress\/ -->\n<title>L\u00e8ve-personne plafonnier C-625 | Soins aux patients de Savaria<\/title>\n<meta name=\"description\" content=\"Learn more about the L\u00e8ve-personne plafonnier C-625 from Soins aux patients de Savaria . Discover a great range of product type products and buy today\" \/>\n<meta name=\"robots\" content=\"index, follow, max-snippet:-1, max-image-preview:large, max-video-preview:-1\" \/>\n<link rel=\"canonical\" href=\"https:\/\/savariapatientcare.com\/fr\/produit\/c-625-fixed-ceiling-lift\/\" \/>\n<meta property=\"og:locale\" content=\"fr_CA\" \/>\n<meta property=\"og:type\" content=\"article\" \/>\n<meta property=\"og:title\" content=\"L\u00e8ve-personne plafonnier C-625\" \/>\n<meta property=\"og:description\" content=\"Learn more about the L\u00e8ve-personne plafonnier C-625 from Soins aux patients de Savaria . Discover a great range of product type products and buy today\" \/>\n<meta property=\"og:url\" content=\"https:\/\/savariapatientcare.com\/fr\/produit\/c-625-fixed-ceiling-lift\/\" \/>\n<meta property=\"og:site_name\" content=\"Soins aux patients de Savaria\" \/>\n<meta property=\"article:modified_time\" content=\"2025-11-27T21:42:22+00:00\" \/>\n<meta property=\"og:image\" content=\"https:\/\/savariapatientcare.com\/wp-content\/uploads\/2021\/06\/C-Series-Home-Care-2-800.jpg-1.webp\" \/>\n\t<meta property=\"og:image:width\" content=\"800\" \/>\n\t<meta property=\"og:image:height\" content=\"800\" \/>\n\t<meta property=\"og:image:type\" content=\"image\/webp\" \/>\n<meta name=\"twitter:card\" content=\"summary_large_image\" \/>\n<meta name=\"twitter:label1\" content=\"Estimation du temps de lecture\" \/>\n\t<meta name=\"twitter:data1\" content=\"1 minute\" \/>\n<script type=\"application\/ld+json\" class=\"yoast-schema-graph\">{\"@context\":\"https:\/\/schema.org\",\"@graph\":[{\"@type\":\"WebPage\",\"@id\":\"https:\/\/savariapatientcare.com\/fr\/produit\/c-625-fixed-ceiling-lift\/\",\"url\":\"https:\/\/savariapatientcare.com\/fr\/produit\/c-625-fixed-ceiling-lift\/\",\"name\":\"L\u00e8ve-personne plafonnier C-625 | Soins aux patients de Savaria\",\"isPartOf\":{\"@id\":\"https:\/\/savariapatientcare.com\/#website\"},\"primaryImageOfPage\":{\"@id\":\"https:\/\/savariapatientcare.com\/fr\/produit\/c-625-fixed-ceiling-lift\/#primaryimage\"},\"image\":{\"@id\":\"https:\/\/savariapatientcare.com\/fr\/produit\/c-625-fixed-ceiling-lift\/#primaryimage\"},\"thumbnailUrl\":\"https:\/\/savariapatientcare.com\/wp-content\/uploads\/2021\/06\/C-Series-Home-Care-2-800.jpg-1.webp\",\"datePublished\":\"2021-06-04T20:23:01+00:00\",\"dateModified\":\"2025-11-27T21:42:22+00:00\",\"description\":\"Learn more about the L\u00e8ve-personne plafonnier C-625 from Soins aux patients de Savaria . Discover a great range of product type products and buy today\",\"breadcrumb\":{\"@id\":\"https:\/\/savariapatientcare.com\/fr\/produit\/c-625-fixed-ceiling-lift\/#breadcrumb\"},\"inLanguage\":\"fr-CA\",\"potentialAction\":[{\"@type\":\"ReadAction\",\"target\":[\"https:\/\/savariapatientcare.com\/fr\/produit\/c-625-fixed-ceiling-lift\/\"]}]},{\"@type\":\"ImageObject\",\"inLanguage\":\"fr-CA\",\"@id\":\"https:\/\/savariapatientcare.com\/fr\/produit\/c-625-fixed-ceiling-lift\/#primaryimage\",\"url\":\"https:\/\/savariapatientcare.com\/wp-content\/uploads\/2021\/06\/C-Series-Home-Care-2-800.jpg-1.webp\",\"contentUrl\":\"https:\/\/savariapatientcare.com\/wp-content\/uploads\/2021\/06\/C-Series-Home-Care-2-800.jpg-1.webp\",\"width\":800,\"height\":800},{\"@type\":\"BreadcrumbList\",\"@id\":\"https:\/\/savariapatientcare.com\/fr\/produit\/c-625-fixed-ceiling-lift\/#breadcrumb\",\"itemListElement\":[{\"@type\":\"ListItem\",\"position\":1,\"name\":\"Maison\",\"item\":\"https:\/\/savariapatientcare.com\/fr\/\"},{\"@type\":\"ListItem\",\"position\":2,\"name\":\"Products\",\"item\":\"https:\/\/savariapatientcare.com\/shop\/\"},{\"@type\":\"ListItem\",\"position\":3,\"name\":\"L\u00e8ve-personne plafonnier C-625\"}]},{\"@type\":\"WebSite\",\"@id\":\"https:\/\/savariapatientcare.com\/#website\",\"url\":\"https:\/\/savariapatientcare.com\/\",\"name\":\"Savaria Patient Care\",\"description\":\"\",\"publisher\":{\"@id\":\"https:\/\/savariapatientcare.com\/#organization\"},\"potentialAction\":[{\"@type\":\"SearchAction\",\"target\":{\"@type\":\"EntryPoint\",\"urlTemplate\":\"https:\/\/savariapatientcare.com\/?s={search_term_string}\"},\"query-input\":{\"@type\":\"PropertyValueSpecification\",\"valueRequired\":true,\"valueName\":\"search_term_string\"}}],\"inLanguage\":\"fr-CA\"},{\"@type\":\"Organization\",\"@id\":\"https:\/\/savariapatientcare.com\/#organization\",\"name\":\"Savaria\",\"url\":\"https:\/\/savariapatientcare.com\/\",\"logo\":{\"@type\":\"ImageObject\",\"inLanguage\":\"fr-CA\",\"@id\":\"https:\/\/savariapatientcare.com\/#\/schema\/logo\/image\/\",\"url\":\"https:\/\/savariapatientcare.com\/wp-content\/uploads\/2023\/10\/Savaria-Logo.svg\",\"contentUrl\":\"https:\/\/savariapatientcare.com\/wp-content\/uploads\/2023\/10\/Savaria-Logo.svg\",\"width\":1,\"height\":1,\"caption\":\"Savaria\"},\"image\":{\"@id\":\"https:\/\/savariapatientcare.com\/#\/schema\/logo\/image\/\"}}]}<\/script>\n<!-- \/ Yoast SEO Premium plugin. -->","yoast_head_json":{"title":"L\u00e8ve-personne plafonnier C-625 | Soins aux patients de Savaria","description":"Learn more about the L\u00e8ve-personne plafonnier C-625 from Soins aux patients de Savaria . Discover a great range of product type products and buy today","robots":{"index":"index","follow":"follow","max-snippet":"max-snippet:-1","max-image-preview":"max-image-preview:large","max-video-preview":"max-video-preview:-1"},"canonical":"https:\/\/savariapatientcare.com\/fr\/produit\/c-625-fixed-ceiling-lift\/","og_locale":"fr_CA","og_type":"article","og_title":"L\u00e8ve-personne plafonnier C-625","og_description":"Learn more about the L\u00e8ve-personne plafonnier C-625 from Soins aux patients de Savaria . Discover a great range of product type products and buy today","og_url":"https:\/\/savariapatientcare.com\/fr\/produit\/c-625-fixed-ceiling-lift\/","og_site_name":"Soins aux patients de Savaria","article_modified_time":"2025-11-27T21:42:22+00:00","og_image":[{"width":800,"height":800,"url":"https:\/\/savariapatientcare.com\/wp-content\/uploads\/2021\/06\/C-Series-Home-Care-2-800.jpg-1.webp","type":"image\/webp"}],"twitter_card":"summary_large_image","twitter_misc":{"Estimation du temps de lecture":"1 minute"},"schema":{"@context":"https:\/\/schema.org","@graph":[{"@type":"WebPage","@id":"https:\/\/savariapatientcare.com\/fr\/produit\/c-625-fixed-ceiling-lift\/","url":"https:\/\/savariapatientcare.com\/fr\/produit\/c-625-fixed-ceiling-lift\/","name":"L\u00e8ve-personne plafonnier C-625 | Soins aux patients de Savaria","isPartOf":{"@id":"https:\/\/savariapatientcare.com\/#website"},"primaryImageOfPage":{"@id":"https:\/\/savariapatientcare.com\/fr\/produit\/c-625-fixed-ceiling-lift\/#primaryimage"},"image":{"@id":"https:\/\/savariapatientcare.com\/fr\/produit\/c-625-fixed-ceiling-lift\/#primaryimage"},"thumbnailUrl":"https:\/\/savariapatientcare.com\/wp-content\/uploads\/2021\/06\/C-Series-Home-Care-2-800.jpg-1.webp","datePublished":"2021-06-04T20:23:01+00:00","dateModified":"2025-11-27T21:42:22+00:00","description":"Learn more about the L\u00e8ve-personne plafonnier C-625 from Soins aux patients de Savaria . Discover a great range of product type products and buy today","breadcrumb":{"@id":"https:\/\/savariapatientcare.com\/fr\/produit\/c-625-fixed-ceiling-lift\/#breadcrumb"},"inLanguage":"fr-CA","potentialAction":[{"@type":"ReadAction","target":["https:\/\/savariapatientcare.com\/fr\/produit\/c-625-fixed-ceiling-lift\/"]}]},{"@type":"ImageObject","inLanguage":"fr-CA","@id":"https:\/\/savariapatientcare.com\/fr\/produit\/c-625-fixed-ceiling-lift\/#primaryimage","url":"https:\/\/savariapatientcare.com\/wp-content\/uploads\/2021\/06\/C-Series-Home-Care-2-800.jpg-1.webp","contentUrl":"https:\/\/savariapatientcare.com\/wp-content\/uploads\/2021\/06\/C-Series-Home-Care-2-800.jpg-1.webp","width":800,"height":800},{"@type":"BreadcrumbList","@id":"https:\/\/savariapatientcare.com\/fr\/produit\/c-625-fixed-ceiling-lift\/#breadcrumb","itemListElement":[{"@type":"ListItem","position":1,"name":"Maison","item":"https:\/\/savariapatientcare.com\/fr\/"},{"@type":"ListItem","position":2,"name":"Products","item":"https:\/\/savariapatientcare.com\/shop\/"},{"@type":"ListItem","position":3,"name":"L\u00e8ve-personne plafonnier C-625"}]},{"@type":"WebSite","@id":"https:\/\/savariapatientcare.com\/#website","url":"https:\/\/savariapatientcare.com\/","name":"Savaria Patient Care","description":"","publisher":{"@id":"https:\/\/savariapatientcare.com\/#organization"},"potentialAction":[{"@type":"SearchAction","target":{"@type":"EntryPoint","urlTemplate":"https:\/\/savariapatientcare.com\/?s={search_term_string}"},"query-input":{"@type":"PropertyValueSpecification","valueRequired":true,"valueName":"search_term_string"}}],"inLanguage":"fr-CA"},{"@type":"Organization","@id":"https:\/\/savariapatientcare.com\/#organization","name":"Savaria","url":"https:\/\/savariapatientcare.com\/","logo":{"@type":"ImageObject","inLanguage":"fr-CA","@id":"https:\/\/savariapatientcare.com\/#\/schema\/logo\/image\/","url":"https:\/\/savariapatientcare.com\/wp-content\/uploads\/2023\/10\/Savaria-Logo.svg","contentUrl":"https:\/\/savariapatientcare.com\/wp-content\/uploads\/2023\/10\/Savaria-Logo.svg","width":1,"height":1,"caption":"Savaria"},"image":{"@id":"https:\/\/savariapatientcare.com\/#\/schema\/logo\/image\/"}}]}},"_links":{"self":[{"href":"https:\/\/savariapatientcare.com\/fr\/wp-json\/wp\/v2\/product\/86230","targetHints":{"allow":["GET"]}}],"collection":[{"href":"https:\/\/savariapatientcare.com\/fr\/wp-json\/wp\/v2\/product"}],"about":[{"href":"https:\/\/savariapatientcare.com\/fr\/wp-json\/wp\/v2\/types\/product"}],"replies":[{"embeddable":true,"href":"https:\/\/savariapatientcare.com\/fr\/wp-json\/wp\/v2\/comments?post=86230"}],"wp:featuredmedia":[{"embeddable":true,"href":"https:\/\/savariapatientcare.com\/fr\/wp-json\/wp\/v2\/media\/86232"}],"wp:attachment":[{"href":"https:\/\/savariapatientcare.com\/fr\/wp-json\/wp\/v2\/media?parent=86230"}],"wp:term":[{"taxonomy":"care-type","embeddable":true,"href":"https:\/\/savariapatientcare.com\/fr\/wp-json\/wp\/v2\/care-type?post=86230"},{"taxonomy":"technology","embeddable":true,"href":"https:\/\/savariapatientcare.com\/fr\/wp-json\/wp\/v2\/technology?post=86230"},{"taxonomy":"product_brand","embeddable":true,"href":"https:\/\/savariapatientcare.com\/fr\/wp-json\/wp\/v2\/product_brand?post=86230"},{"taxonomy":"product_cat","embeddable":true,"href":"https:\/\/savariapatientcare.com\/fr\/wp-json\/wp\/v2\/product_cat?post=86230"},{"taxonomy":"product_tag","embeddable":true,"href":"https:\/\/savariapatientcare.com\/fr\/wp-json\/wp\/v2\/product_tag?post=86230"}],"curies":[{"name":"wp","href":"https:\/\/api.w.org\/{rel}","templated":true}]}}