{"id":86227,"date":"2021-06-04T20:23:44","date_gmt":"2021-06-04T20:23:44","guid":{"rendered":"https:\/\/savariapatientcare.com\/product\/c-800-bariatric-ceiling-lift\/"},"modified":"2025-11-27T21:41:41","modified_gmt":"2025-11-27T21:41:41","slug":"c-800-bariatric-ceiling-lift","status":"publish","type":"product","link":"https:\/\/savariapatientcare.com\/fr\/produit\/c-800-bariatric-ceiling-lift\/","title":{"rendered":"L\u00e8ve-personne plafonnier bariatrique C-800"},"content":{"rendered":"<ul>\n<li>Le plus compact des l\u00e8ve-personnes bariatriques de sa cat\u00e9gorie, avec un poids d\u2019environ 10,9 kg (24 lb)<\/li>\n<li>Hauteur de levage suppl\u00e9mentaire de 13 cm (5 po)<\/li>\n<li>Commande manuelle pneumatique<\/li>\n<li>Vitesse de levage \u00e9lev\u00e9e permettant des transferts de patients plus rapides<\/li>\n<li>Sur les mod\u00e8les HTR, un capteur de poids se d\u00e9clenche \u00e0 5,5 amp\u00e8res pour garantir la s\u00e9curit\u00e9 du patient<\/li>\n<li>Signal sonore de batterie faible et affichage visuel du niveau de batterie\/charge<\/li>\n<li>Affichage num\u00e9rique indiquant le nombre de levages, les niveaux de batterie, l\u2019\u00e9tat de fonctionnement du l\u00e8ve-personne et les informations d\u2019entretien<\/li>\n<li>Arr\u00eat automatique en cas de non-utilisation pour pr\u00e9server l\u2019autonomie de la batterie<\/li>\n<li>D\u00e9marrage et arr\u00eat en douceur, la sangle se d\u00e9place verticalement sur 2,2 m (7,5 pi) pour faciliter le levage depuis le sol<\/li>\n<li>Compatible avec les rails, les accessoires, les plaques tournants, les barri\u00e8res et les p\u00e8se-personnes<\/li>\n<li>Capacit\u00e9 de charge : 800 lb (363 kg)<\/li>\n<\/ul>\n","protected":false},"excerpt":{"rendered":"<p>Fonctionnement fluide. En appuyant simplement sur un bouton, le C-800 soul\u00e8ve, positionne ou transf\u00e8re un patient avec la rapidit\u00e9, le confort, la s\u00e9curit\u00e9 et la fluidit\u00e9 d\u2019une berline de luxe. Technologiquement avanc\u00e9, le l\u00e8ve-personne de plafond C-800 remplace les l\u00e8ve-personnes au sol d\u00e9di\u00e9s \u00e0 des t\u00e2ches particuli\u00e8res. Il peut \u00eatre utilis\u00e9 par un seul soignant, aussi bien en \u00e9tablissement qu\u2019\u00e0 domicile, et comprend des fonctions de s\u00e9curit\u00e9 de pointe qui minimisent les risques de blessures associ\u00e9es \u00e0 la prise en charge des patients.<\/p>\n","protected":false},"featured_media":86229,"comment_status":"closed","ping_status":"closed","template":"","meta":{"_acf_changed":false},"care-type":[365,364,367],"technology":[],"product_brand":[],"product_cat":[369,368],"product_tag":[],"class_list":{"0":"post-86227","1":"product","2":"type-product","3":"status-publish","4":"has-post-thumbnail","6":"care-type-soins-bariatriques","7":"care-type-soins-de-courte-duree","8":"care-type-soins-de-longue-duree","9":"product_cat-leve-personnes-plafonniers-fixes","10":"product_cat-systemes-autoportants","12":"first","13":"instock","14":"shipping-taxable","15":"product-type-simple"},"acf":[],"yoast_head":"<!-- This site is optimized with the Yoast SEO Premium plugin v25.6 (Yoast SEO v27.2) - https:\/\/yoast.com\/product\/yoast-seo-premium-wordpress\/ -->\n<title>L\u00e8ve-personne plafonnier bariatrique C-800 | Soins aux patients de Savaria<\/title>\n<meta name=\"description\" content=\"Learn more about the L\u00e8ve-personne plafonnier bariatrique C-800 from Soins aux patients de Savaria . Discover a great range of product type products and buy today\" \/>\n<meta name=\"robots\" content=\"index, follow, max-snippet:-1, max-image-preview:large, max-video-preview:-1\" \/>\n<link rel=\"canonical\" href=\"https:\/\/savariapatientcare.com\/fr\/produit\/c-800-bariatric-ceiling-lift\/\" \/>\n<meta property=\"og:locale\" content=\"fr_CA\" \/>\n<meta property=\"og:type\" content=\"article\" \/>\n<meta property=\"og:title\" content=\"L\u00e8ve-personne plafonnier bariatrique C-800\" \/>\n<meta property=\"og:description\" content=\"Learn more about the L\u00e8ve-personne plafonnier bariatrique C-800 from Soins aux patients de Savaria . Discover a great range of product type products and buy today\" \/>\n<meta property=\"og:url\" content=\"https:\/\/savariapatientcare.com\/fr\/produit\/c-800-bariatric-ceiling-lift\/\" \/>\n<meta property=\"og:site_name\" content=\"Soins aux patients de Savaria\" \/>\n<meta property=\"article:modified_time\" content=\"2025-11-27T21:41:41+00:00\" \/>\n<meta property=\"og:image\" content=\"https:\/\/savariapatientcare.com\/wp-content\/uploads\/2021\/06\/C-800-Bariatric-Ceiling-Lift-4-800-600x600.jpg.webp\" \/>\n\t<meta property=\"og:image:width\" content=\"600\" \/>\n\t<meta property=\"og:image:height\" content=\"600\" \/>\n\t<meta property=\"og:image:type\" content=\"image\/webp\" \/>\n<meta name=\"twitter:card\" content=\"summary_large_image\" \/>\n<meta name=\"twitter:label1\" content=\"Estimation du temps de lecture\" \/>\n\t<meta name=\"twitter:data1\" content=\"1 minute\" \/>\n<script type=\"application\/ld+json\" class=\"yoast-schema-graph\">{\"@context\":\"https:\/\/schema.org\",\"@graph\":[{\"@type\":\"WebPage\",\"@id\":\"https:\/\/savariapatientcare.com\/fr\/produit\/c-800-bariatric-ceiling-lift\/\",\"url\":\"https:\/\/savariapatientcare.com\/fr\/produit\/c-800-bariatric-ceiling-lift\/\",\"name\":\"L\u00e8ve-personne plafonnier bariatrique C-800 | Soins aux patients de Savaria\",\"isPartOf\":{\"@id\":\"https:\/\/savariapatientcare.com\/#website\"},\"primaryImageOfPage\":{\"@id\":\"https:\/\/savariapatientcare.com\/fr\/produit\/c-800-bariatric-ceiling-lift\/#primaryimage\"},\"image\":{\"@id\":\"https:\/\/savariapatientcare.com\/fr\/produit\/c-800-bariatric-ceiling-lift\/#primaryimage\"},\"thumbnailUrl\":\"https:\/\/savariapatientcare.com\/wp-content\/uploads\/2021\/06\/C-800-Bariatric-Ceiling-Lift-4-800-600x600.jpg.webp\",\"datePublished\":\"2021-06-04T20:23:44+00:00\",\"dateModified\":\"2025-11-27T21:41:41+00:00\",\"description\":\"Learn more about the L\u00e8ve-personne plafonnier bariatrique C-800 from Soins aux patients de Savaria . Discover a great range of product type products and buy today\",\"breadcrumb\":{\"@id\":\"https:\/\/savariapatientcare.com\/fr\/produit\/c-800-bariatric-ceiling-lift\/#breadcrumb\"},\"inLanguage\":\"fr-CA\",\"potentialAction\":[{\"@type\":\"ReadAction\",\"target\":[\"https:\/\/savariapatientcare.com\/fr\/produit\/c-800-bariatric-ceiling-lift\/\"]}]},{\"@type\":\"ImageObject\",\"inLanguage\":\"fr-CA\",\"@id\":\"https:\/\/savariapatientcare.com\/fr\/produit\/c-800-bariatric-ceiling-lift\/#primaryimage\",\"url\":\"https:\/\/savariapatientcare.com\/wp-content\/uploads\/2021\/06\/C-800-Bariatric-Ceiling-Lift-4-800-600x600.jpg.webp\",\"contentUrl\":\"https:\/\/savariapatientcare.com\/wp-content\/uploads\/2021\/06\/C-800-Bariatric-Ceiling-Lift-4-800-600x600.jpg.webp\",\"width\":600,\"height\":600},{\"@type\":\"BreadcrumbList\",\"@id\":\"https:\/\/savariapatientcare.com\/fr\/produit\/c-800-bariatric-ceiling-lift\/#breadcrumb\",\"itemListElement\":[{\"@type\":\"ListItem\",\"position\":1,\"name\":\"Maison\",\"item\":\"https:\/\/savariapatientcare.com\/fr\/\"},{\"@type\":\"ListItem\",\"position\":2,\"name\":\"Products\",\"item\":\"https:\/\/savariapatientcare.com\/shop\/\"},{\"@type\":\"ListItem\",\"position\":3,\"name\":\"L\u00e8ve-personne plafonnier bariatrique C-800\"}]},{\"@type\":\"WebSite\",\"@id\":\"https:\/\/savariapatientcare.com\/#website\",\"url\":\"https:\/\/savariapatientcare.com\/\",\"name\":\"Savaria Patient Care\",\"description\":\"\",\"publisher\":{\"@id\":\"https:\/\/savariapatientcare.com\/#organization\"},\"potentialAction\":[{\"@type\":\"SearchAction\",\"target\":{\"@type\":\"EntryPoint\",\"urlTemplate\":\"https:\/\/savariapatientcare.com\/?s={search_term_string}\"},\"query-input\":{\"@type\":\"PropertyValueSpecification\",\"valueRequired\":true,\"valueName\":\"search_term_string\"}}],\"inLanguage\":\"fr-CA\"},{\"@type\":\"Organization\",\"@id\":\"https:\/\/savariapatientcare.com\/#organization\",\"name\":\"Savaria\",\"url\":\"https:\/\/savariapatientcare.com\/\",\"logo\":{\"@type\":\"ImageObject\",\"inLanguage\":\"fr-CA\",\"@id\":\"https:\/\/savariapatientcare.com\/#\/schema\/logo\/image\/\",\"url\":\"https:\/\/savariapatientcare.com\/wp-content\/uploads\/2023\/10\/Savaria-Logo.svg\",\"contentUrl\":\"https:\/\/savariapatientcare.com\/wp-content\/uploads\/2023\/10\/Savaria-Logo.svg\",\"width\":1,\"height\":1,\"caption\":\"Savaria\"},\"image\":{\"@id\":\"https:\/\/savariapatientcare.com\/#\/schema\/logo\/image\/\"}}]}<\/script>\n<!-- \/ Yoast SEO Premium plugin. -->","yoast_head_json":{"title":"L\u00e8ve-personne plafonnier bariatrique C-800 | Soins aux patients de Savaria","description":"Learn more about the L\u00e8ve-personne plafonnier bariatrique C-800 from Soins aux patients de Savaria . Discover a great range of product type products and buy today","robots":{"index":"index","follow":"follow","max-snippet":"max-snippet:-1","max-image-preview":"max-image-preview:large","max-video-preview":"max-video-preview:-1"},"canonical":"https:\/\/savariapatientcare.com\/fr\/produit\/c-800-bariatric-ceiling-lift\/","og_locale":"fr_CA","og_type":"article","og_title":"L\u00e8ve-personne plafonnier bariatrique C-800","og_description":"Learn more about the L\u00e8ve-personne plafonnier bariatrique C-800 from Soins aux patients de Savaria . Discover a great range of product type products and buy today","og_url":"https:\/\/savariapatientcare.com\/fr\/produit\/c-800-bariatric-ceiling-lift\/","og_site_name":"Soins aux patients de Savaria","article_modified_time":"2025-11-27T21:41:41+00:00","og_image":[{"width":600,"height":600,"url":"https:\/\/savariapatientcare.com\/wp-content\/uploads\/2021\/06\/C-800-Bariatric-Ceiling-Lift-4-800-600x600.jpg.webp","type":"image\/webp"}],"twitter_card":"summary_large_image","twitter_misc":{"Estimation du temps de lecture":"1 minute"},"schema":{"@context":"https:\/\/schema.org","@graph":[{"@type":"WebPage","@id":"https:\/\/savariapatientcare.com\/fr\/produit\/c-800-bariatric-ceiling-lift\/","url":"https:\/\/savariapatientcare.com\/fr\/produit\/c-800-bariatric-ceiling-lift\/","name":"L\u00e8ve-personne plafonnier bariatrique C-800 | Soins aux patients de Savaria","isPartOf":{"@id":"https:\/\/savariapatientcare.com\/#website"},"primaryImageOfPage":{"@id":"https:\/\/savariapatientcare.com\/fr\/produit\/c-800-bariatric-ceiling-lift\/#primaryimage"},"image":{"@id":"https:\/\/savariapatientcare.com\/fr\/produit\/c-800-bariatric-ceiling-lift\/#primaryimage"},"thumbnailUrl":"https:\/\/savariapatientcare.com\/wp-content\/uploads\/2021\/06\/C-800-Bariatric-Ceiling-Lift-4-800-600x600.jpg.webp","datePublished":"2021-06-04T20:23:44+00:00","dateModified":"2025-11-27T21:41:41+00:00","description":"Learn more about the L\u00e8ve-personne plafonnier bariatrique C-800 from Soins aux patients de Savaria . Discover a great range of product type products and buy today","breadcrumb":{"@id":"https:\/\/savariapatientcare.com\/fr\/produit\/c-800-bariatric-ceiling-lift\/#breadcrumb"},"inLanguage":"fr-CA","potentialAction":[{"@type":"ReadAction","target":["https:\/\/savariapatientcare.com\/fr\/produit\/c-800-bariatric-ceiling-lift\/"]}]},{"@type":"ImageObject","inLanguage":"fr-CA","@id":"https:\/\/savariapatientcare.com\/fr\/produit\/c-800-bariatric-ceiling-lift\/#primaryimage","url":"https:\/\/savariapatientcare.com\/wp-content\/uploads\/2021\/06\/C-800-Bariatric-Ceiling-Lift-4-800-600x600.jpg.webp","contentUrl":"https:\/\/savariapatientcare.com\/wp-content\/uploads\/2021\/06\/C-800-Bariatric-Ceiling-Lift-4-800-600x600.jpg.webp","width":600,"height":600},{"@type":"BreadcrumbList","@id":"https:\/\/savariapatientcare.com\/fr\/produit\/c-800-bariatric-ceiling-lift\/#breadcrumb","itemListElement":[{"@type":"ListItem","position":1,"name":"Maison","item":"https:\/\/savariapatientcare.com\/fr\/"},{"@type":"ListItem","position":2,"name":"Products","item":"https:\/\/savariapatientcare.com\/shop\/"},{"@type":"ListItem","position":3,"name":"L\u00e8ve-personne plafonnier bariatrique C-800"}]},{"@type":"WebSite","@id":"https:\/\/savariapatientcare.com\/#website","url":"https:\/\/savariapatientcare.com\/","name":"Savaria Patient Care","description":"","publisher":{"@id":"https:\/\/savariapatientcare.com\/#organization"},"potentialAction":[{"@type":"SearchAction","target":{"@type":"EntryPoint","urlTemplate":"https:\/\/savariapatientcare.com\/?s={search_term_string}"},"query-input":{"@type":"PropertyValueSpecification","valueRequired":true,"valueName":"search_term_string"}}],"inLanguage":"fr-CA"},{"@type":"Organization","@id":"https:\/\/savariapatientcare.com\/#organization","name":"Savaria","url":"https:\/\/savariapatientcare.com\/","logo":{"@type":"ImageObject","inLanguage":"fr-CA","@id":"https:\/\/savariapatientcare.com\/#\/schema\/logo\/image\/","url":"https:\/\/savariapatientcare.com\/wp-content\/uploads\/2023\/10\/Savaria-Logo.svg","contentUrl":"https:\/\/savariapatientcare.com\/wp-content\/uploads\/2023\/10\/Savaria-Logo.svg","width":1,"height":1,"caption":"Savaria"},"image":{"@id":"https:\/\/savariapatientcare.com\/#\/schema\/logo\/image\/"}}]}},"_links":{"self":[{"href":"https:\/\/savariapatientcare.com\/fr\/wp-json\/wp\/v2\/product\/86227","targetHints":{"allow":["GET"]}}],"collection":[{"href":"https:\/\/savariapatientcare.com\/fr\/wp-json\/wp\/v2\/product"}],"about":[{"href":"https:\/\/savariapatientcare.com\/fr\/wp-json\/wp\/v2\/types\/product"}],"replies":[{"embeddable":true,"href":"https:\/\/savariapatientcare.com\/fr\/wp-json\/wp\/v2\/comments?post=86227"}],"wp:featuredmedia":[{"embeddable":true,"href":"https:\/\/savariapatientcare.com\/fr\/wp-json\/wp\/v2\/media\/86229"}],"wp:attachment":[{"href":"https:\/\/savariapatientcare.com\/fr\/wp-json\/wp\/v2\/media?parent=86227"}],"wp:term":[{"taxonomy":"care-type","embeddable":true,"href":"https:\/\/savariapatientcare.com\/fr\/wp-json\/wp\/v2\/care-type?post=86227"},{"taxonomy":"technology","embeddable":true,"href":"https:\/\/savariapatientcare.com\/fr\/wp-json\/wp\/v2\/technology?post=86227"},{"taxonomy":"product_brand","embeddable":true,"href":"https:\/\/savariapatientcare.com\/fr\/wp-json\/wp\/v2\/product_brand?post=86227"},{"taxonomy":"product_cat","embeddable":true,"href":"https:\/\/savariapatientcare.com\/fr\/wp-json\/wp\/v2\/product_cat?post=86227"},{"taxonomy":"product_tag","embeddable":true,"href":"https:\/\/savariapatientcare.com\/fr\/wp-json\/wp\/v2\/product_tag?post=86227"}],"curies":[{"name":"wp","href":"https:\/\/api.w.org\/{rel}","templated":true}]}}