{"id":86224,"date":"2021-06-04T20:24:16","date_gmt":"2021-06-04T20:24:16","guid":{"rendered":"https:\/\/savariapatientcare.com\/product\/c-1000-bariatric-ceiling-lift\/"},"modified":"2025-11-27T21:40:48","modified_gmt":"2025-11-27T21:40:48","slug":"c-1000-bariatric-ceiling-lift","status":"publish","type":"product","link":"https:\/\/savariapatientcare.com\/fr\/produit\/c-1000-bariatric-ceiling-lift\/","title":{"rendered":"L\u00e8ve-personne plafonnier bariatrique C-1000"},"content":{"rendered":"<p>Le l\u00e8ve-personne plafonnier bariatrique C-1000 permet aux soignants de lever et de transf\u00e9rer des personnes de toutes tailles avec respect et dignit\u00e9 Avec une capacit\u00e9 de levage \u00e9tonnante de 1 000 lb, le C-1000 est le plus puissant de sa cat\u00e9gorie.<\/p>\n<p>Un syst\u00e8me tandem C-1000 est \u00e9galement disponible. Dot\u00e9 des m\u00eames caract\u00e9ristiques que le syst\u00e8me \u00e0 moteur unique, le C-1000 tandem int\u00e8gre un deuxi\u00e8me moteur et un syst\u00e8me \u00e0 double rail. Gr\u00e2ce \u00e0 deux moteurs ind\u00e9pendants, les soignants peuvent lever s\u00e9par\u00e9ment le torse et les jambes du patient, maintenant ainsi des angles pr\u00e9cis pour un positionnement optimal et un confort accru.<\/p>\n<ul>\n<li>Affichage num\u00e9rique avec diagnostics int\u00e9gr\u00e9s<\/li>\n<li>Limite de poids : 1000 lb (454 kg)<\/li>\n<li>Mod\u00e8le tandem \u00e0 double moteur pour un levage de pr\u00e9cision<\/li>\n<li>Charge constante<\/li>\n<li>Arr\u00eat d\u2019urgence\/descente d\u2019urgence<\/li>\n<li>P\u00e8se-personne de 1 000 lb<\/li>\n<li>Quatre mod\u00e8les de barres de portage pour un confort et une fonctionnalit\u00e9 maximum<\/li>\n<li>Syst\u00e8me Quick Release System permettant un changement facile des barres de portage<\/li>\n<li>\u00c9lingues personnalis\u00e9es sur demande<\/li>\n<\/ul>\n","protected":false},"excerpt":{"rendered":"<p>Le C-1000 offre une solution fiable pour les patients bariatriques et leurs besoins sp\u00e9cifiques. Avec une capacit\u00e9 de levage impressionnante de 1000 lb, il est la solution id\u00e9ale pour les patients d\u00e9passant la capacit\u00e9 des l\u00e8ve-personnes standard, assurant s\u00e9curit\u00e9 et dignit\u00e9 au patient et au soignant.<\/p>\n","protected":false},"featured_media":86226,"comment_status":"closed","ping_status":"closed","template":"","meta":{"_acf_changed":false},"care-type":[365,364],"technology":[],"product_brand":[],"product_cat":[369,368],"product_tag":[],"class_list":{"0":"post-86224","1":"product","2":"type-product","3":"status-publish","4":"has-post-thumbnail","6":"care-type-soins-bariatriques","7":"care-type-soins-de-courte-duree","8":"product_cat-leve-personnes-plafonniers-fixes","9":"product_cat-systemes-autoportants","11":"first","12":"instock","13":"shipping-taxable","14":"product-type-simple"},"acf":[],"yoast_head":"<!-- This site is optimized with the Yoast SEO Premium plugin v25.6 (Yoast SEO v27.2) - https:\/\/yoast.com\/product\/yoast-seo-premium-wordpress\/ -->\n<title>L\u00e8ve-personne plafonnier bariatrique C-1000 | Soins aux patients de Savaria<\/title>\n<meta name=\"description\" content=\"Learn more about the L\u00e8ve-personne plafonnier bariatrique C-1000 from Soins aux patients de Savaria . Discover a great range of product type products and buy today\" \/>\n<meta name=\"robots\" content=\"index, follow, max-snippet:-1, max-image-preview:large, max-video-preview:-1\" \/>\n<link rel=\"canonical\" href=\"https:\/\/savariapatientcare.com\/fr\/produit\/c-1000-bariatric-ceiling-lift\/\" \/>\n<meta property=\"og:locale\" content=\"fr_CA\" \/>\n<meta property=\"og:type\" content=\"article\" \/>\n<meta property=\"og:title\" content=\"L\u00e8ve-personne plafonnier bariatrique C-1000\" \/>\n<meta property=\"og:description\" content=\"Learn more about the L\u00e8ve-personne plafonnier bariatrique C-1000 from Soins aux patients de Savaria . Discover a great range of product type products and buy today\" \/>\n<meta property=\"og:url\" content=\"https:\/\/savariapatientcare.com\/fr\/produit\/c-1000-bariatric-ceiling-lift\/\" \/>\n<meta property=\"og:site_name\" content=\"Soins aux patients de Savaria\" \/>\n<meta property=\"article:modified_time\" content=\"2025-11-27T21:40:48+00:00\" \/>\n<meta property=\"og:image\" content=\"https:\/\/savariapatientcare.com\/wp-content\/uploads\/2021\/06\/C-1000_Website-800-1.jpg.webp\" \/>\n\t<meta property=\"og:image:width\" content=\"800\" \/>\n\t<meta property=\"og:image:height\" content=\"800\" \/>\n\t<meta property=\"og:image:type\" content=\"image\/webp\" \/>\n<meta name=\"twitter:card\" content=\"summary_large_image\" \/>\n<meta name=\"twitter:label1\" content=\"Estimation du temps de lecture\" \/>\n\t<meta name=\"twitter:data1\" content=\"1 minute\" \/>\n<script type=\"application\/ld+json\" class=\"yoast-schema-graph\">{\"@context\":\"https:\/\/schema.org\",\"@graph\":[{\"@type\":\"WebPage\",\"@id\":\"https:\/\/savariapatientcare.com\/fr\/produit\/c-1000-bariatric-ceiling-lift\/\",\"url\":\"https:\/\/savariapatientcare.com\/fr\/produit\/c-1000-bariatric-ceiling-lift\/\",\"name\":\"L\u00e8ve-personne plafonnier bariatrique C-1000 | Soins aux patients de Savaria\",\"isPartOf\":{\"@id\":\"https:\/\/savariapatientcare.com\/#website\"},\"primaryImageOfPage\":{\"@id\":\"https:\/\/savariapatientcare.com\/fr\/produit\/c-1000-bariatric-ceiling-lift\/#primaryimage\"},\"image\":{\"@id\":\"https:\/\/savariapatientcare.com\/fr\/produit\/c-1000-bariatric-ceiling-lift\/#primaryimage\"},\"thumbnailUrl\":\"https:\/\/savariapatientcare.com\/wp-content\/uploads\/2021\/06\/C-1000_Website-800-1.jpg.webp\",\"datePublished\":\"2021-06-04T20:24:16+00:00\",\"dateModified\":\"2025-11-27T21:40:48+00:00\",\"description\":\"Learn more about the L\u00e8ve-personne plafonnier bariatrique C-1000 from Soins aux patients de Savaria . Discover a great range of product type products and buy today\",\"breadcrumb\":{\"@id\":\"https:\/\/savariapatientcare.com\/fr\/produit\/c-1000-bariatric-ceiling-lift\/#breadcrumb\"},\"inLanguage\":\"fr-CA\",\"potentialAction\":[{\"@type\":\"ReadAction\",\"target\":[\"https:\/\/savariapatientcare.com\/fr\/produit\/c-1000-bariatric-ceiling-lift\/\"]}]},{\"@type\":\"ImageObject\",\"inLanguage\":\"fr-CA\",\"@id\":\"https:\/\/savariapatientcare.com\/fr\/produit\/c-1000-bariatric-ceiling-lift\/#primaryimage\",\"url\":\"https:\/\/savariapatientcare.com\/wp-content\/uploads\/2021\/06\/C-1000_Website-800-1.jpg.webp\",\"contentUrl\":\"https:\/\/savariapatientcare.com\/wp-content\/uploads\/2021\/06\/C-1000_Website-800-1.jpg.webp\",\"width\":800,\"height\":800},{\"@type\":\"BreadcrumbList\",\"@id\":\"https:\/\/savariapatientcare.com\/fr\/produit\/c-1000-bariatric-ceiling-lift\/#breadcrumb\",\"itemListElement\":[{\"@type\":\"ListItem\",\"position\":1,\"name\":\"Maison\",\"item\":\"https:\/\/savariapatientcare.com\/fr\/\"},{\"@type\":\"ListItem\",\"position\":2,\"name\":\"Products\",\"item\":\"https:\/\/savariapatientcare.com\/shop\/\"},{\"@type\":\"ListItem\",\"position\":3,\"name\":\"L\u00e8ve-personne plafonnier bariatrique C-1000\"}]},{\"@type\":\"WebSite\",\"@id\":\"https:\/\/savariapatientcare.com\/#website\",\"url\":\"https:\/\/savariapatientcare.com\/\",\"name\":\"Savaria Patient Care\",\"description\":\"\",\"publisher\":{\"@id\":\"https:\/\/savariapatientcare.com\/#organization\"},\"potentialAction\":[{\"@type\":\"SearchAction\",\"target\":{\"@type\":\"EntryPoint\",\"urlTemplate\":\"https:\/\/savariapatientcare.com\/?s={search_term_string}\"},\"query-input\":{\"@type\":\"PropertyValueSpecification\",\"valueRequired\":true,\"valueName\":\"search_term_string\"}}],\"inLanguage\":\"fr-CA\"},{\"@type\":\"Organization\",\"@id\":\"https:\/\/savariapatientcare.com\/#organization\",\"name\":\"Savaria\",\"url\":\"https:\/\/savariapatientcare.com\/\",\"logo\":{\"@type\":\"ImageObject\",\"inLanguage\":\"fr-CA\",\"@id\":\"https:\/\/savariapatientcare.com\/#\/schema\/logo\/image\/\",\"url\":\"https:\/\/savariapatientcare.com\/wp-content\/uploads\/2023\/10\/Savaria-Logo.svg\",\"contentUrl\":\"https:\/\/savariapatientcare.com\/wp-content\/uploads\/2023\/10\/Savaria-Logo.svg\",\"width\":1,\"height\":1,\"caption\":\"Savaria\"},\"image\":{\"@id\":\"https:\/\/savariapatientcare.com\/#\/schema\/logo\/image\/\"}}]}<\/script>\n<!-- \/ Yoast SEO Premium plugin. -->","yoast_head_json":{"title":"L\u00e8ve-personne plafonnier bariatrique C-1000 | Soins aux patients de Savaria","description":"Learn more about the L\u00e8ve-personne plafonnier bariatrique C-1000 from Soins aux patients de Savaria . Discover a great range of product type products and buy today","robots":{"index":"index","follow":"follow","max-snippet":"max-snippet:-1","max-image-preview":"max-image-preview:large","max-video-preview":"max-video-preview:-1"},"canonical":"https:\/\/savariapatientcare.com\/fr\/produit\/c-1000-bariatric-ceiling-lift\/","og_locale":"fr_CA","og_type":"article","og_title":"L\u00e8ve-personne plafonnier bariatrique C-1000","og_description":"Learn more about the L\u00e8ve-personne plafonnier bariatrique C-1000 from Soins aux patients de Savaria . Discover a great range of product type products and buy today","og_url":"https:\/\/savariapatientcare.com\/fr\/produit\/c-1000-bariatric-ceiling-lift\/","og_site_name":"Soins aux patients de Savaria","article_modified_time":"2025-11-27T21:40:48+00:00","og_image":[{"width":800,"height":800,"url":"https:\/\/savariapatientcare.com\/wp-content\/uploads\/2021\/06\/C-1000_Website-800-1.jpg.webp","type":"image\/webp"}],"twitter_card":"summary_large_image","twitter_misc":{"Estimation du temps de lecture":"1 minute"},"schema":{"@context":"https:\/\/schema.org","@graph":[{"@type":"WebPage","@id":"https:\/\/savariapatientcare.com\/fr\/produit\/c-1000-bariatric-ceiling-lift\/","url":"https:\/\/savariapatientcare.com\/fr\/produit\/c-1000-bariatric-ceiling-lift\/","name":"L\u00e8ve-personne plafonnier bariatrique C-1000 | Soins aux patients de Savaria","isPartOf":{"@id":"https:\/\/savariapatientcare.com\/#website"},"primaryImageOfPage":{"@id":"https:\/\/savariapatientcare.com\/fr\/produit\/c-1000-bariatric-ceiling-lift\/#primaryimage"},"image":{"@id":"https:\/\/savariapatientcare.com\/fr\/produit\/c-1000-bariatric-ceiling-lift\/#primaryimage"},"thumbnailUrl":"https:\/\/savariapatientcare.com\/wp-content\/uploads\/2021\/06\/C-1000_Website-800-1.jpg.webp","datePublished":"2021-06-04T20:24:16+00:00","dateModified":"2025-11-27T21:40:48+00:00","description":"Learn more about the L\u00e8ve-personne plafonnier bariatrique C-1000 from Soins aux patients de Savaria . Discover a great range of product type products and buy today","breadcrumb":{"@id":"https:\/\/savariapatientcare.com\/fr\/produit\/c-1000-bariatric-ceiling-lift\/#breadcrumb"},"inLanguage":"fr-CA","potentialAction":[{"@type":"ReadAction","target":["https:\/\/savariapatientcare.com\/fr\/produit\/c-1000-bariatric-ceiling-lift\/"]}]},{"@type":"ImageObject","inLanguage":"fr-CA","@id":"https:\/\/savariapatientcare.com\/fr\/produit\/c-1000-bariatric-ceiling-lift\/#primaryimage","url":"https:\/\/savariapatientcare.com\/wp-content\/uploads\/2021\/06\/C-1000_Website-800-1.jpg.webp","contentUrl":"https:\/\/savariapatientcare.com\/wp-content\/uploads\/2021\/06\/C-1000_Website-800-1.jpg.webp","width":800,"height":800},{"@type":"BreadcrumbList","@id":"https:\/\/savariapatientcare.com\/fr\/produit\/c-1000-bariatric-ceiling-lift\/#breadcrumb","itemListElement":[{"@type":"ListItem","position":1,"name":"Maison","item":"https:\/\/savariapatientcare.com\/fr\/"},{"@type":"ListItem","position":2,"name":"Products","item":"https:\/\/savariapatientcare.com\/shop\/"},{"@type":"ListItem","position":3,"name":"L\u00e8ve-personne plafonnier bariatrique C-1000"}]},{"@type":"WebSite","@id":"https:\/\/savariapatientcare.com\/#website","url":"https:\/\/savariapatientcare.com\/","name":"Savaria Patient Care","description":"","publisher":{"@id":"https:\/\/savariapatientcare.com\/#organization"},"potentialAction":[{"@type":"SearchAction","target":{"@type":"EntryPoint","urlTemplate":"https:\/\/savariapatientcare.com\/?s={search_term_string}"},"query-input":{"@type":"PropertyValueSpecification","valueRequired":true,"valueName":"search_term_string"}}],"inLanguage":"fr-CA"},{"@type":"Organization","@id":"https:\/\/savariapatientcare.com\/#organization","name":"Savaria","url":"https:\/\/savariapatientcare.com\/","logo":{"@type":"ImageObject","inLanguage":"fr-CA","@id":"https:\/\/savariapatientcare.com\/#\/schema\/logo\/image\/","url":"https:\/\/savariapatientcare.com\/wp-content\/uploads\/2023\/10\/Savaria-Logo.svg","contentUrl":"https:\/\/savariapatientcare.com\/wp-content\/uploads\/2023\/10\/Savaria-Logo.svg","width":1,"height":1,"caption":"Savaria"},"image":{"@id":"https:\/\/savariapatientcare.com\/#\/schema\/logo\/image\/"}}]}},"_links":{"self":[{"href":"https:\/\/savariapatientcare.com\/fr\/wp-json\/wp\/v2\/product\/86224","targetHints":{"allow":["GET"]}}],"collection":[{"href":"https:\/\/savariapatientcare.com\/fr\/wp-json\/wp\/v2\/product"}],"about":[{"href":"https:\/\/savariapatientcare.com\/fr\/wp-json\/wp\/v2\/types\/product"}],"replies":[{"embeddable":true,"href":"https:\/\/savariapatientcare.com\/fr\/wp-json\/wp\/v2\/comments?post=86224"}],"wp:featuredmedia":[{"embeddable":true,"href":"https:\/\/savariapatientcare.com\/fr\/wp-json\/wp\/v2\/media\/86226"}],"wp:attachment":[{"href":"https:\/\/savariapatientcare.com\/fr\/wp-json\/wp\/v2\/media?parent=86224"}],"wp:term":[{"taxonomy":"care-type","embeddable":true,"href":"https:\/\/savariapatientcare.com\/fr\/wp-json\/wp\/v2\/care-type?post=86224"},{"taxonomy":"technology","embeddable":true,"href":"https:\/\/savariapatientcare.com\/fr\/wp-json\/wp\/v2\/technology?post=86224"},{"taxonomy":"product_brand","embeddable":true,"href":"https:\/\/savariapatientcare.com\/fr\/wp-json\/wp\/v2\/product_brand?post=86224"},{"taxonomy":"product_cat","embeddable":true,"href":"https:\/\/savariapatientcare.com\/fr\/wp-json\/wp\/v2\/product_cat?post=86224"},{"taxonomy":"product_tag","embeddable":true,"href":"https:\/\/savariapatientcare.com\/fr\/wp-json\/wp\/v2\/product_tag?post=86224"}],"curies":[{"name":"wp","href":"https:\/\/api.w.org\/{rel}","templated":true}]}}