{"id":86222,"date":"2021-06-04T20:25:17","date_gmt":"2021-06-04T20:25:17","guid":{"rendered":"https:\/\/savariapatientcare.com\/product\/ceiling-track\/"},"modified":"2025-07-31T16:29:56","modified_gmt":"2025-07-31T16:29:56","slug":"ceiling-track","status":"publish","type":"product","link":"https:\/\/savariapatientcare.com\/fr\/produit\/ceiling-track\/","title":{"rendered":"Rail de plafond"},"content":{"rendered":"<p><strong>Rail avec Transstrip<\/strong><\/p>\n<ul>\n<li>Fabriqu\u00e9 en aluminium<\/li>\n<li>Peut \u00eatre utilis\u00e9 dans des applications de rail lin\u00e9aire ou comme rails de support pour un syst\u00e8me de portique XY<\/li>\n<li>Utilis\u00e9 pour les applications de portique XY motoris\u00e9 et Omni-Charge (charge constante)<\/li>\n<li>Comprend une fente sur la partie sup\u00e9rieure du rail pour l\u2019insertion du Transstrip<\/li>\n<li>Disponible en 124 pouces (315 cm) de longueur<\/li>\n<\/ul>\n<p><strong>SuperTrack avec Transstrip<\/strong><\/p>\n<ul>\n<li>Fabriqu\u00e9 en aluminium<\/li>\n<li>Un profil plus \u00e9pais permet des port\u00e9es plus longues entre les supports<\/li>\n<li>Utilis\u00e9 pour les applications de portique XY motoris\u00e9 et Omni-Charge (charge constante)<\/li>\n<li>Comprend une fente sur la partie sup\u00e9rieure du rail pour l\u2019insertion du Transstrip<\/li>\n<li>Disponible en 150 pouces (315 cm) de longueur<\/li>\n<\/ul>\n<p><strong>TrackPlus avec Transstrip<\/strong><\/p>\n<ul>\n<li>Fabriqu\u00e9 en aluminium<\/li>\n<li>Fr\u00e9quemment utilis\u00e9 pour les longues port\u00e9es non suspendues<\/li>\n<li>Utilis\u00e9 pour les applications de portique XY motoris\u00e9 et Omni-Charge (charge constante)<\/li>\n<li>Comprend une fente sur la partie sup\u00e9rieure du rail pour l\u2019insertion du Transstrip<\/li>\n<li>Disponible en 236 pouces (315 cm) de longueur<\/li>\n<\/ul>\n<p><strong>Rail courbe \u00e0 45 degr\u00e9s<\/strong><\/p>\n<ul>\n<li>Permet de changer la direction des syst\u00e8mes \u00e0 rail unique<\/li>\n<li>Peut \u00eatre utilis\u00e9 avec d\u2019autres rails droits ou courbes<\/li>\n<li>Disponible en mod\u00e8les int\u00e9rieur et ext\u00e9rieur pour maintenir la coh\u00e9rence du c\u00f4t\u00e9 fini du support de rail tout au long de l\u2019installation<\/li>\n<\/ul>\n<p><strong>Rail courbe \u00e0 90 degr\u00e9s<\/strong><\/p>\n<ul>\n<li>Permet de changer la direction des syst\u00e8mes \u00e0 rail unique<\/li>\n<li>Peut \u00eatre utilis\u00e9 avec d\u2019autres rails droits ou courbes<\/li>\n<li>Disponible en mod\u00e8les int\u00e9rieur et ext\u00e9rieur pour maintenir la coh\u00e9rence du c\u00f4t\u00e9 fini du support de rail tout au long de l\u2019installation<\/li>\n<\/ul>\n<p><strong>Quick Curve<\/strong><\/p>\n<ul>\n<li>Technologie en instance de brevet offrant une installation plus rentable<\/li>\n<li>Courbe \u00e0 90 degr\u00e9s avec un rayon de courbure de 8 pouces (20,3 cm)<\/li>\n<li>Se fixe uniquement sur des sections adjacentes d\u2019un rail droit<\/li>\n<\/ul>\n","protected":false},"excerpt":{"rendered":"<p>Combinez votre moteur de l\u00e8ve-personne plafonnier avec les syst\u00e8mes de rails au plafond les plus robustes qui soient. Nos syst\u00e8mes de l\u00e8ve-personnes plafonniers apportent un nouveau sentiment de confiance, m\u00eame pour les transferts de patients les plus difficiles. Con\u00e7us pour le soignant, nos syst\u00e8mes de levage plafonniers n\u00e9cessitent un minimum d\u2019effort pour fonctionner. Nous prenons en charge l\u2019installation et nous assurons que vous \u00eates \u00e0 l\u2019aise avec l\u2019\u00e9quipement.<\/p>\n","protected":false},"featured_media":86223,"comment_status":"closed","ping_status":"closed","template":"","meta":{"_acf_changed":false},"care-type":[373,365,364,367],"technology":[],"product_brand":[],"product_cat":[385,368],"product_tag":[],"class_list":{"0":"post-86222","1":"product","2":"type-product","3":"status-publish","4":"has-post-thumbnail","6":"care-type-soins-a-domicile","7":"care-type-soins-bariatriques","8":"care-type-soins-de-courte-duree","9":"care-type-soins-de-longue-duree","10":"product_cat-rails-de-levage","11":"product_cat-systemes-autoportants","13":"first","14":"instock","15":"shipping-taxable","16":"product-type-simple"},"acf":[],"yoast_head":"<!-- This site is optimized with the Yoast SEO Premium plugin v25.6 (Yoast SEO v27.2) - https:\/\/yoast.com\/product\/yoast-seo-premium-wordpress\/ -->\n<title>Rail de plafond | Soins aux patients de Savaria<\/title>\n<meta name=\"description\" content=\"Learn more about the Rail de plafond from Soins aux patients de Savaria . Discover a great range of product type products and buy today\" \/>\n<meta name=\"robots\" content=\"index, follow, max-snippet:-1, max-image-preview:large, max-video-preview:-1\" \/>\n<link rel=\"canonical\" href=\"https:\/\/savariapatientcare.com\/fr\/produit\/ceiling-track\/\" \/>\n<meta property=\"og:locale\" content=\"fr_CA\" \/>\n<meta property=\"og:type\" content=\"article\" \/>\n<meta property=\"og:title\" content=\"Rail de plafond\" \/>\n<meta property=\"og:description\" content=\"Learn more about the Rail de plafond from Soins aux patients de Savaria . Discover a great range of product type products and buy today\" \/>\n<meta property=\"og:url\" content=\"https:\/\/savariapatientcare.com\/fr\/produit\/ceiling-track\/\" \/>\n<meta property=\"og:site_name\" content=\"Soins aux patients de Savaria\" \/>\n<meta property=\"article:modified_time\" content=\"2025-07-31T16:29:56+00:00\" \/>\n<meta property=\"og:image\" content=\"https:\/\/savariapatientcare.com\/wp-content\/uploads\/2023\/09\/Track-Plus-Profile-Length-1.jpg\" \/>\n\t<meta property=\"og:image:width\" content=\"1046\" \/>\n\t<meta property=\"og:image:height\" content=\"1024\" \/>\n\t<meta property=\"og:image:type\" content=\"image\/jpeg\" \/>\n<meta name=\"twitter:card\" content=\"summary_large_image\" \/>\n<meta name=\"twitter:label1\" content=\"Estimation du temps de lecture\" \/>\n\t<meta name=\"twitter:data1\" content=\"2 minutes\" \/>\n<script type=\"application\/ld+json\" class=\"yoast-schema-graph\">{\"@context\":\"https:\/\/schema.org\",\"@graph\":[{\"@type\":\"WebPage\",\"@id\":\"https:\/\/savariapatientcare.com\/fr\/produit\/ceiling-track\/\",\"url\":\"https:\/\/savariapatientcare.com\/fr\/produit\/ceiling-track\/\",\"name\":\"Rail de plafond | Soins aux patients de Savaria\",\"isPartOf\":{\"@id\":\"https:\/\/savariapatientcare.com\/#website\"},\"primaryImageOfPage\":{\"@id\":\"https:\/\/savariapatientcare.com\/fr\/produit\/ceiling-track\/#primaryimage\"},\"image\":{\"@id\":\"https:\/\/savariapatientcare.com\/fr\/produit\/ceiling-track\/#primaryimage\"},\"thumbnailUrl\":\"https:\/\/savariapatientcare.com\/wp-content\/uploads\/2023\/09\/Track-Plus-Profile-Length-1.jpg\",\"datePublished\":\"2021-06-04T20:25:17+00:00\",\"dateModified\":\"2025-07-31T16:29:56+00:00\",\"description\":\"Learn more about the Rail de plafond from Soins aux patients de Savaria . Discover a great range of product type products and buy today\",\"breadcrumb\":{\"@id\":\"https:\/\/savariapatientcare.com\/fr\/produit\/ceiling-track\/#breadcrumb\"},\"inLanguage\":\"fr-CA\",\"potentialAction\":[{\"@type\":\"ReadAction\",\"target\":[\"https:\/\/savariapatientcare.com\/fr\/produit\/ceiling-track\/\"]}]},{\"@type\":\"ImageObject\",\"inLanguage\":\"fr-CA\",\"@id\":\"https:\/\/savariapatientcare.com\/fr\/produit\/ceiling-track\/#primaryimage\",\"url\":\"https:\/\/savariapatientcare.com\/wp-content\/uploads\/2023\/09\/Track-Plus-Profile-Length-1.jpg\",\"contentUrl\":\"https:\/\/savariapatientcare.com\/wp-content\/uploads\/2023\/09\/Track-Plus-Profile-Length-1.jpg\",\"width\":1046,\"height\":1024,\"caption\":\"Trackplus with Transstrip\"},{\"@type\":\"BreadcrumbList\",\"@id\":\"https:\/\/savariapatientcare.com\/fr\/produit\/ceiling-track\/#breadcrumb\",\"itemListElement\":[{\"@type\":\"ListItem\",\"position\":1,\"name\":\"Maison\",\"item\":\"https:\/\/savariapatientcare.com\/fr\/\"},{\"@type\":\"ListItem\",\"position\":2,\"name\":\"Products\",\"item\":\"https:\/\/savariapatientcare.com\/shop\/\"},{\"@type\":\"ListItem\",\"position\":3,\"name\":\"Rail de plafond\"}]},{\"@type\":\"WebSite\",\"@id\":\"https:\/\/savariapatientcare.com\/#website\",\"url\":\"https:\/\/savariapatientcare.com\/\",\"name\":\"Savaria Patient Care\",\"description\":\"\",\"publisher\":{\"@id\":\"https:\/\/savariapatientcare.com\/#organization\"},\"potentialAction\":[{\"@type\":\"SearchAction\",\"target\":{\"@type\":\"EntryPoint\",\"urlTemplate\":\"https:\/\/savariapatientcare.com\/?s={search_term_string}\"},\"query-input\":{\"@type\":\"PropertyValueSpecification\",\"valueRequired\":true,\"valueName\":\"search_term_string\"}}],\"inLanguage\":\"fr-CA\"},{\"@type\":\"Organization\",\"@id\":\"https:\/\/savariapatientcare.com\/#organization\",\"name\":\"Savaria\",\"url\":\"https:\/\/savariapatientcare.com\/\",\"logo\":{\"@type\":\"ImageObject\",\"inLanguage\":\"fr-CA\",\"@id\":\"https:\/\/savariapatientcare.com\/#\/schema\/logo\/image\/\",\"url\":\"https:\/\/savariapatientcare.com\/wp-content\/uploads\/2023\/10\/Savaria-Logo.svg\",\"contentUrl\":\"https:\/\/savariapatientcare.com\/wp-content\/uploads\/2023\/10\/Savaria-Logo.svg\",\"width\":1,\"height\":1,\"caption\":\"Savaria\"},\"image\":{\"@id\":\"https:\/\/savariapatientcare.com\/#\/schema\/logo\/image\/\"}}]}<\/script>\n<!-- \/ Yoast SEO Premium plugin. -->","yoast_head_json":{"title":"Rail de plafond | Soins aux patients de Savaria","description":"Learn more about the Rail de plafond from Soins aux patients de Savaria . Discover a great range of product type products and buy today","robots":{"index":"index","follow":"follow","max-snippet":"max-snippet:-1","max-image-preview":"max-image-preview:large","max-video-preview":"max-video-preview:-1"},"canonical":"https:\/\/savariapatientcare.com\/fr\/produit\/ceiling-track\/","og_locale":"fr_CA","og_type":"article","og_title":"Rail de plafond","og_description":"Learn more about the Rail de plafond from Soins aux patients de Savaria . Discover a great range of product type products and buy today","og_url":"https:\/\/savariapatientcare.com\/fr\/produit\/ceiling-track\/","og_site_name":"Soins aux patients de Savaria","article_modified_time":"2025-07-31T16:29:56+00:00","og_image":[{"width":1046,"height":1024,"url":"https:\/\/savariapatientcare.com\/wp-content\/uploads\/2023\/09\/Track-Plus-Profile-Length-1.jpg","type":"image\/jpeg"}],"twitter_card":"summary_large_image","twitter_misc":{"Estimation du temps de lecture":"2 minutes"},"schema":{"@context":"https:\/\/schema.org","@graph":[{"@type":"WebPage","@id":"https:\/\/savariapatientcare.com\/fr\/produit\/ceiling-track\/","url":"https:\/\/savariapatientcare.com\/fr\/produit\/ceiling-track\/","name":"Rail de plafond | Soins aux patients de Savaria","isPartOf":{"@id":"https:\/\/savariapatientcare.com\/#website"},"primaryImageOfPage":{"@id":"https:\/\/savariapatientcare.com\/fr\/produit\/ceiling-track\/#primaryimage"},"image":{"@id":"https:\/\/savariapatientcare.com\/fr\/produit\/ceiling-track\/#primaryimage"},"thumbnailUrl":"https:\/\/savariapatientcare.com\/wp-content\/uploads\/2023\/09\/Track-Plus-Profile-Length-1.jpg","datePublished":"2021-06-04T20:25:17+00:00","dateModified":"2025-07-31T16:29:56+00:00","description":"Learn more about the Rail de plafond from Soins aux patients de Savaria . Discover a great range of product type products and buy today","breadcrumb":{"@id":"https:\/\/savariapatientcare.com\/fr\/produit\/ceiling-track\/#breadcrumb"},"inLanguage":"fr-CA","potentialAction":[{"@type":"ReadAction","target":["https:\/\/savariapatientcare.com\/fr\/produit\/ceiling-track\/"]}]},{"@type":"ImageObject","inLanguage":"fr-CA","@id":"https:\/\/savariapatientcare.com\/fr\/produit\/ceiling-track\/#primaryimage","url":"https:\/\/savariapatientcare.com\/wp-content\/uploads\/2023\/09\/Track-Plus-Profile-Length-1.jpg","contentUrl":"https:\/\/savariapatientcare.com\/wp-content\/uploads\/2023\/09\/Track-Plus-Profile-Length-1.jpg","width":1046,"height":1024,"caption":"Trackplus with Transstrip"},{"@type":"BreadcrumbList","@id":"https:\/\/savariapatientcare.com\/fr\/produit\/ceiling-track\/#breadcrumb","itemListElement":[{"@type":"ListItem","position":1,"name":"Maison","item":"https:\/\/savariapatientcare.com\/fr\/"},{"@type":"ListItem","position":2,"name":"Products","item":"https:\/\/savariapatientcare.com\/shop\/"},{"@type":"ListItem","position":3,"name":"Rail de plafond"}]},{"@type":"WebSite","@id":"https:\/\/savariapatientcare.com\/#website","url":"https:\/\/savariapatientcare.com\/","name":"Savaria Patient Care","description":"","publisher":{"@id":"https:\/\/savariapatientcare.com\/#organization"},"potentialAction":[{"@type":"SearchAction","target":{"@type":"EntryPoint","urlTemplate":"https:\/\/savariapatientcare.com\/?s={search_term_string}"},"query-input":{"@type":"PropertyValueSpecification","valueRequired":true,"valueName":"search_term_string"}}],"inLanguage":"fr-CA"},{"@type":"Organization","@id":"https:\/\/savariapatientcare.com\/#organization","name":"Savaria","url":"https:\/\/savariapatientcare.com\/","logo":{"@type":"ImageObject","inLanguage":"fr-CA","@id":"https:\/\/savariapatientcare.com\/#\/schema\/logo\/image\/","url":"https:\/\/savariapatientcare.com\/wp-content\/uploads\/2023\/10\/Savaria-Logo.svg","contentUrl":"https:\/\/savariapatientcare.com\/wp-content\/uploads\/2023\/10\/Savaria-Logo.svg","width":1,"height":1,"caption":"Savaria"},"image":{"@id":"https:\/\/savariapatientcare.com\/#\/schema\/logo\/image\/"}}]}},"_links":{"self":[{"href":"https:\/\/savariapatientcare.com\/fr\/wp-json\/wp\/v2\/product\/86222","targetHints":{"allow":["GET"]}}],"collection":[{"href":"https:\/\/savariapatientcare.com\/fr\/wp-json\/wp\/v2\/product"}],"about":[{"href":"https:\/\/savariapatientcare.com\/fr\/wp-json\/wp\/v2\/types\/product"}],"replies":[{"embeddable":true,"href":"https:\/\/savariapatientcare.com\/fr\/wp-json\/wp\/v2\/comments?post=86222"}],"wp:featuredmedia":[{"embeddable":true,"href":"https:\/\/savariapatientcare.com\/fr\/wp-json\/wp\/v2\/media\/86223"}],"wp:attachment":[{"href":"https:\/\/savariapatientcare.com\/fr\/wp-json\/wp\/v2\/media?parent=86222"}],"wp:term":[{"taxonomy":"care-type","embeddable":true,"href":"https:\/\/savariapatientcare.com\/fr\/wp-json\/wp\/v2\/care-type?post=86222"},{"taxonomy":"technology","embeddable":true,"href":"https:\/\/savariapatientcare.com\/fr\/wp-json\/wp\/v2\/technology?post=86222"},{"taxonomy":"product_brand","embeddable":true,"href":"https:\/\/savariapatientcare.com\/fr\/wp-json\/wp\/v2\/product_brand?post=86222"},{"taxonomy":"product_cat","embeddable":true,"href":"https:\/\/savariapatientcare.com\/fr\/wp-json\/wp\/v2\/product_cat?post=86222"},{"taxonomy":"product_tag","embeddable":true,"href":"https:\/\/savariapatientcare.com\/fr\/wp-json\/wp\/v2\/product_tag?post=86222"}],"curies":[{"name":"wp","href":"https:\/\/api.w.org\/{rel}","templated":true}]}}