{"id":86217,"date":"2021-06-04T20:27:16","date_gmt":"2021-06-04T20:27:16","guid":{"rendered":"https:\/\/savariapatientcare.com\/product\/fst-300-free-standing-track\/"},"modified":"2025-11-27T21:38:49","modified_gmt":"2025-11-27T21:38:49","slug":"fst-300-free-standing-track","status":"publish","type":"product","link":"https:\/\/savariapatientcare.com\/fr\/produit\/fst-300-free-standing-track\/","title":{"rendered":"Rail autoportant FST-300"},"content":{"rendered":"<ul>\n<li>Compatible avec le l\u00e8ve-personne portable Handicare P-440<\/li>\n<li>Hauteur r\u00e9glable de 1,5 m \u00e0 2,3 m (5 pi \u00e0 7,5 pi)<\/li>\n<li>Aucun composant ne p\u00e8se plus de 7,7 kg (17 lb) \u2013 l\u2019unit\u00e9 enti\u00e8re p\u00e8se 20,9 kg (46 lb)<\/li>\n<li>Adapt\u00e9 \u00e0 des applications permanentes et temporaires<\/li>\n<li>La largeur de 2,4 m (8 pi) permet un espace de transfert pour des largeurs de lit jusqu\u2019\u00e0 1,5 m (5 pi) ainsi que dans les salles de bain<\/li>\n<li>Capacit\u00e9 de charge : 300 lb (136 kg)<\/li>\n<\/ul>\n","protected":false},"excerpt":{"rendered":"<p>Il s\u2019agit d\u2019un rail autoportant l\u00e9ger mais durable, con\u00e7u pour le soignant et le patient. Le FST-300 est livr\u00e9 pr\u00eat \u00e0 l\u2019emploi et peut \u00eatre assembl\u00e9 par une seule personne en quelques minutes, sans outils!<\/p>\n","protected":false},"featured_media":86218,"comment_status":"closed","ping_status":"closed","template":"","meta":{"_acf_changed":false},"care-type":[373,365,364,367],"technology":[],"product_brand":[],"product_cat":[415,368],"product_tag":[],"class_list":{"0":"post-86217","1":"product","2":"type-product","3":"status-publish","4":"has-post-thumbnail","6":"care-type-soins-a-domicile","7":"care-type-soins-bariatriques","8":"care-type-soins-de-courte-duree","9":"care-type-soins-de-longue-duree","10":"product_cat-systeme-autoportant","11":"product_cat-systemes-autoportants","13":"first","14":"instock","15":"shipping-taxable","16":"product-type-simple"},"acf":[],"yoast_head":"<!-- This site is optimized with the Yoast SEO Premium plugin v25.6 (Yoast SEO v27.2) - https:\/\/yoast.com\/product\/yoast-seo-premium-wordpress\/ -->\n<title>Rail autoportant FST-300 | Soins aux patients de Savaria<\/title>\n<meta name=\"description\" content=\"Heading on vacation? Want to switch rooms? The lightweight FST-300 Free Standing Track was designed for both caregiver and client.\" \/>\n<meta name=\"robots\" content=\"index, follow, max-snippet:-1, max-image-preview:large, max-video-preview:-1\" \/>\n<link rel=\"canonical\" href=\"https:\/\/savariapatientcare.com\/fr\/produit\/fst-300-free-standing-track\/\" \/>\n<meta property=\"og:locale\" content=\"fr_CA\" \/>\n<meta property=\"og:type\" content=\"article\" \/>\n<meta property=\"og:title\" content=\"Rail autoportant FST-300\" \/>\n<meta property=\"og:description\" content=\"Heading on vacation? Want to switch rooms? The lightweight FST-300 Free Standing Track was designed for both caregiver and client.\" \/>\n<meta property=\"og:url\" content=\"https:\/\/savariapatientcare.com\/fr\/produit\/fst-300-free-standing-track\/\" \/>\n<meta property=\"og:site_name\" content=\"Soins aux patients de Savaria\" \/>\n<meta property=\"article:modified_time\" content=\"2025-11-27T21:38:49+00:00\" \/>\n<meta property=\"og:image\" content=\"https:\/\/savariapatientcare.com\/wp-content\/uploads\/2023\/09\/FST-White-800.jpg\" \/>\n\t<meta property=\"og:image:width\" content=\"800\" \/>\n\t<meta property=\"og:image:height\" content=\"800\" \/>\n\t<meta property=\"og:image:type\" content=\"image\/jpeg\" \/>\n<meta name=\"twitter:card\" content=\"summary_large_image\" \/>\n<meta name=\"twitter:label1\" content=\"Estimation du temps de lecture\" \/>\n\t<meta name=\"twitter:data1\" content=\"1 minute\" \/>\n<script type=\"application\/ld+json\" class=\"yoast-schema-graph\">{\"@context\":\"https:\/\/schema.org\",\"@graph\":[{\"@type\":\"WebPage\",\"@id\":\"https:\/\/savariapatientcare.com\/fr\/produit\/fst-300-free-standing-track\/\",\"url\":\"https:\/\/savariapatientcare.com\/fr\/produit\/fst-300-free-standing-track\/\",\"name\":\"Rail autoportant FST-300 | Soins aux patients de Savaria\",\"isPartOf\":{\"@id\":\"https:\/\/savariapatientcare.com\/#website\"},\"primaryImageOfPage\":{\"@id\":\"https:\/\/savariapatientcare.com\/fr\/produit\/fst-300-free-standing-track\/#primaryimage\"},\"image\":{\"@id\":\"https:\/\/savariapatientcare.com\/fr\/produit\/fst-300-free-standing-track\/#primaryimage\"},\"thumbnailUrl\":\"https:\/\/savariapatientcare.com\/wp-content\/uploads\/2023\/09\/FST-White-800.jpg\",\"datePublished\":\"2021-06-04T20:27:16+00:00\",\"dateModified\":\"2025-11-27T21:38:49+00:00\",\"description\":\"Heading on vacation? Want to switch rooms? The lightweight FST-300 Free Standing Track was designed for both caregiver and client.\",\"breadcrumb\":{\"@id\":\"https:\/\/savariapatientcare.com\/fr\/produit\/fst-300-free-standing-track\/#breadcrumb\"},\"inLanguage\":\"fr-CA\",\"potentialAction\":[{\"@type\":\"ReadAction\",\"target\":[\"https:\/\/savariapatientcare.com\/fr\/produit\/fst-300-free-standing-track\/\"]}]},{\"@type\":\"ImageObject\",\"inLanguage\":\"fr-CA\",\"@id\":\"https:\/\/savariapatientcare.com\/fr\/produit\/fst-300-free-standing-track\/#primaryimage\",\"url\":\"https:\/\/savariapatientcare.com\/wp-content\/uploads\/2023\/09\/FST-White-800.jpg\",\"contentUrl\":\"https:\/\/savariapatientcare.com\/wp-content\/uploads\/2023\/09\/FST-White-800.jpg\",\"width\":800,\"height\":800,\"caption\":\"FST-300 Free Standing Track\"},{\"@type\":\"BreadcrumbList\",\"@id\":\"https:\/\/savariapatientcare.com\/fr\/produit\/fst-300-free-standing-track\/#breadcrumb\",\"itemListElement\":[{\"@type\":\"ListItem\",\"position\":1,\"name\":\"Maison\",\"item\":\"https:\/\/savariapatientcare.com\/fr\/\"},{\"@type\":\"ListItem\",\"position\":2,\"name\":\"Products\",\"item\":\"https:\/\/savariapatientcare.com\/shop\/\"},{\"@type\":\"ListItem\",\"position\":3,\"name\":\"Rail autoportant FST-300\"}]},{\"@type\":\"WebSite\",\"@id\":\"https:\/\/savariapatientcare.com\/#website\",\"url\":\"https:\/\/savariapatientcare.com\/\",\"name\":\"Savaria Patient Care\",\"description\":\"\",\"publisher\":{\"@id\":\"https:\/\/savariapatientcare.com\/#organization\"},\"potentialAction\":[{\"@type\":\"SearchAction\",\"target\":{\"@type\":\"EntryPoint\",\"urlTemplate\":\"https:\/\/savariapatientcare.com\/?s={search_term_string}\"},\"query-input\":{\"@type\":\"PropertyValueSpecification\",\"valueRequired\":true,\"valueName\":\"search_term_string\"}}],\"inLanguage\":\"fr-CA\"},{\"@type\":\"Organization\",\"@id\":\"https:\/\/savariapatientcare.com\/#organization\",\"name\":\"Savaria\",\"url\":\"https:\/\/savariapatientcare.com\/\",\"logo\":{\"@type\":\"ImageObject\",\"inLanguage\":\"fr-CA\",\"@id\":\"https:\/\/savariapatientcare.com\/#\/schema\/logo\/image\/\",\"url\":\"https:\/\/savariapatientcare.com\/wp-content\/uploads\/2023\/10\/Savaria-Logo.svg\",\"contentUrl\":\"https:\/\/savariapatientcare.com\/wp-content\/uploads\/2023\/10\/Savaria-Logo.svg\",\"width\":1,\"height\":1,\"caption\":\"Savaria\"},\"image\":{\"@id\":\"https:\/\/savariapatientcare.com\/#\/schema\/logo\/image\/\"}}]}<\/script>\n<!-- \/ Yoast SEO Premium plugin. -->","yoast_head_json":{"title":"Rail autoportant FST-300 | Soins aux patients de Savaria","description":"Heading on vacation? Want to switch rooms? The lightweight FST-300 Free Standing Track was designed for both caregiver and client.","robots":{"index":"index","follow":"follow","max-snippet":"max-snippet:-1","max-image-preview":"max-image-preview:large","max-video-preview":"max-video-preview:-1"},"canonical":"https:\/\/savariapatientcare.com\/fr\/produit\/fst-300-free-standing-track\/","og_locale":"fr_CA","og_type":"article","og_title":"Rail autoportant FST-300","og_description":"Heading on vacation? Want to switch rooms? The lightweight FST-300 Free Standing Track was designed for both caregiver and client.","og_url":"https:\/\/savariapatientcare.com\/fr\/produit\/fst-300-free-standing-track\/","og_site_name":"Soins aux patients de Savaria","article_modified_time":"2025-11-27T21:38:49+00:00","og_image":[{"width":800,"height":800,"url":"https:\/\/savariapatientcare.com\/wp-content\/uploads\/2023\/09\/FST-White-800.jpg","type":"image\/jpeg"}],"twitter_card":"summary_large_image","twitter_misc":{"Estimation du temps de lecture":"1 minute"},"schema":{"@context":"https:\/\/schema.org","@graph":[{"@type":"WebPage","@id":"https:\/\/savariapatientcare.com\/fr\/produit\/fst-300-free-standing-track\/","url":"https:\/\/savariapatientcare.com\/fr\/produit\/fst-300-free-standing-track\/","name":"Rail autoportant FST-300 | Soins aux patients de Savaria","isPartOf":{"@id":"https:\/\/savariapatientcare.com\/#website"},"primaryImageOfPage":{"@id":"https:\/\/savariapatientcare.com\/fr\/produit\/fst-300-free-standing-track\/#primaryimage"},"image":{"@id":"https:\/\/savariapatientcare.com\/fr\/produit\/fst-300-free-standing-track\/#primaryimage"},"thumbnailUrl":"https:\/\/savariapatientcare.com\/wp-content\/uploads\/2023\/09\/FST-White-800.jpg","datePublished":"2021-06-04T20:27:16+00:00","dateModified":"2025-11-27T21:38:49+00:00","description":"Heading on vacation? Want to switch rooms? The lightweight FST-300 Free Standing Track was designed for both caregiver and client.","breadcrumb":{"@id":"https:\/\/savariapatientcare.com\/fr\/produit\/fst-300-free-standing-track\/#breadcrumb"},"inLanguage":"fr-CA","potentialAction":[{"@type":"ReadAction","target":["https:\/\/savariapatientcare.com\/fr\/produit\/fst-300-free-standing-track\/"]}]},{"@type":"ImageObject","inLanguage":"fr-CA","@id":"https:\/\/savariapatientcare.com\/fr\/produit\/fst-300-free-standing-track\/#primaryimage","url":"https:\/\/savariapatientcare.com\/wp-content\/uploads\/2023\/09\/FST-White-800.jpg","contentUrl":"https:\/\/savariapatientcare.com\/wp-content\/uploads\/2023\/09\/FST-White-800.jpg","width":800,"height":800,"caption":"FST-300 Free Standing Track"},{"@type":"BreadcrumbList","@id":"https:\/\/savariapatientcare.com\/fr\/produit\/fst-300-free-standing-track\/#breadcrumb","itemListElement":[{"@type":"ListItem","position":1,"name":"Maison","item":"https:\/\/savariapatientcare.com\/fr\/"},{"@type":"ListItem","position":2,"name":"Products","item":"https:\/\/savariapatientcare.com\/shop\/"},{"@type":"ListItem","position":3,"name":"Rail autoportant FST-300"}]},{"@type":"WebSite","@id":"https:\/\/savariapatientcare.com\/#website","url":"https:\/\/savariapatientcare.com\/","name":"Savaria Patient Care","description":"","publisher":{"@id":"https:\/\/savariapatientcare.com\/#organization"},"potentialAction":[{"@type":"SearchAction","target":{"@type":"EntryPoint","urlTemplate":"https:\/\/savariapatientcare.com\/?s={search_term_string}"},"query-input":{"@type":"PropertyValueSpecification","valueRequired":true,"valueName":"search_term_string"}}],"inLanguage":"fr-CA"},{"@type":"Organization","@id":"https:\/\/savariapatientcare.com\/#organization","name":"Savaria","url":"https:\/\/savariapatientcare.com\/","logo":{"@type":"ImageObject","inLanguage":"fr-CA","@id":"https:\/\/savariapatientcare.com\/#\/schema\/logo\/image\/","url":"https:\/\/savariapatientcare.com\/wp-content\/uploads\/2023\/10\/Savaria-Logo.svg","contentUrl":"https:\/\/savariapatientcare.com\/wp-content\/uploads\/2023\/10\/Savaria-Logo.svg","width":1,"height":1,"caption":"Savaria"},"image":{"@id":"https:\/\/savariapatientcare.com\/#\/schema\/logo\/image\/"}}]}},"_links":{"self":[{"href":"https:\/\/savariapatientcare.com\/fr\/wp-json\/wp\/v2\/product\/86217","targetHints":{"allow":["GET"]}}],"collection":[{"href":"https:\/\/savariapatientcare.com\/fr\/wp-json\/wp\/v2\/product"}],"about":[{"href":"https:\/\/savariapatientcare.com\/fr\/wp-json\/wp\/v2\/types\/product"}],"replies":[{"embeddable":true,"href":"https:\/\/savariapatientcare.com\/fr\/wp-json\/wp\/v2\/comments?post=86217"}],"wp:featuredmedia":[{"embeddable":true,"href":"https:\/\/savariapatientcare.com\/fr\/wp-json\/wp\/v2\/media\/86218"}],"wp:attachment":[{"href":"https:\/\/savariapatientcare.com\/fr\/wp-json\/wp\/v2\/media?parent=86217"}],"wp:term":[{"taxonomy":"care-type","embeddable":true,"href":"https:\/\/savariapatientcare.com\/fr\/wp-json\/wp\/v2\/care-type?post=86217"},{"taxonomy":"technology","embeddable":true,"href":"https:\/\/savariapatientcare.com\/fr\/wp-json\/wp\/v2\/technology?post=86217"},{"taxonomy":"product_brand","embeddable":true,"href":"https:\/\/savariapatientcare.com\/fr\/wp-json\/wp\/v2\/product_brand?post=86217"},{"taxonomy":"product_cat","embeddable":true,"href":"https:\/\/savariapatientcare.com\/fr\/wp-json\/wp\/v2\/product_cat?post=86217"},{"taxonomy":"product_tag","embeddable":true,"href":"https:\/\/savariapatientcare.com\/fr\/wp-json\/wp\/v2\/product_tag?post=86217"}],"curies":[{"name":"wp","href":"https:\/\/api.w.org\/{rel}","templated":true}]}}