{"id":86214,"date":"2021-06-04T20:28:43","date_gmt":"2021-06-04T20:28:43","guid":{"rendered":"https:\/\/savariapatientcare.com\/product\/pressure-fit-ceiling-track\/"},"modified":"2025-11-27T21:37:24","modified_gmt":"2025-11-27T21:37:24","slug":"pressure-fit-ceiling-track","status":"publish","type":"product","link":"https:\/\/savariapatientcare.com\/fr\/produit\/pressure-fit-ceiling-track\/","title":{"rendered":"Rail de plafond \u00e0 fixation par pression"},"content":{"rendered":"<ul>\n<li>R\u00e9glage de la hauteur en une seule \u00e9tape gr\u00e2ce \u00e0 une conception en instance de brevet, permettant une installation facile<\/li>\n<li>Indicateur de niveau et de manom\u00e8tre int\u00e9gr\u00e9 pour une installation plus pr\u00e9cise<\/li>\n<li>Hauteur r\u00e9glable de 2,1 m \u00e0 2,7 m (7 pi \u00e0 9 pi)<\/li>\n<li>Un adaptateur pour baignoire facilite les transferts dans les baignoires standard<\/li>\n<li>Plusieurs points de fixation des rails permettent de contourner les obstacles ou les luminaires au plafond<\/li>\n<li>Profil vertical fin d\u2019environ 2,5 cm de largeur.<\/li>\n<li>Chaque composant p\u00e8se moins de 25 lb (11,3 kg)<\/li>\n<li>Capacit\u00e9 de charge : 440 lb (200 kg)<\/li>\n<\/ul>\n","protected":false},"excerpt":{"rendered":"<p>Il arrive que les syst\u00e8mes de rails de plafond fixes ne soient pas adapt\u00e9s. Cette solution portable ne n\u00e9cessite aucune fixation au plafond et s\u2019assemble en quelques minutes, ce qui en fait \u00e9galement une excellente solution portable. Le rail exerce une pression \u00e9quilibr\u00e9e entre le sol et le plafond pour stabiliser l\u2019unit\u00e9 sans endommager les plafonds.<\/p>\n","protected":false},"featured_media":86216,"comment_status":"closed","ping_status":"closed","template":"","meta":{"_acf_changed":false},"care-type":[373,364,367],"technology":[],"product_brand":[],"product_cat":[415,368],"product_tag":[],"class_list":{"0":"post-86214","1":"product","2":"type-product","3":"status-publish","4":"has-post-thumbnail","6":"care-type-soins-a-domicile","7":"care-type-soins-de-courte-duree","8":"care-type-soins-de-longue-duree","9":"product_cat-systeme-autoportant","10":"product_cat-systemes-autoportants","12":"first","13":"instock","14":"shipping-taxable","15":"product-type-simple"},"acf":[],"yoast_head":"<!-- This site is optimized with the Yoast SEO Premium plugin v25.6 (Yoast SEO v27.2) - https:\/\/yoast.com\/product\/yoast-seo-premium-wordpress\/ -->\n<title>Rail de plafond \u00e0 fixation par pression | Soins aux patients de Savaria<\/title>\n<meta name=\"description\" content=\"Learn more about the Rail de plafond \u00e0 fixation par pression from Soins aux patients de Savaria . Discover a great range of product type products and buy today\" \/>\n<meta name=\"robots\" content=\"index, follow, max-snippet:-1, max-image-preview:large, max-video-preview:-1\" \/>\n<link rel=\"canonical\" href=\"https:\/\/savariapatientcare.com\/fr\/produit\/pressure-fit-ceiling-track\/\" \/>\n<meta property=\"og:locale\" content=\"fr_CA\" \/>\n<meta property=\"og:type\" content=\"article\" \/>\n<meta property=\"og:title\" content=\"Rail de plafond \u00e0 fixation par pression\" \/>\n<meta property=\"og:description\" content=\"Learn more about the Rail de plafond \u00e0 fixation par pression from Soins aux patients de Savaria . Discover a great range of product type products and buy today\" \/>\n<meta property=\"og:url\" content=\"https:\/\/savariapatientcare.com\/fr\/produit\/pressure-fit-ceiling-track\/\" \/>\n<meta property=\"og:site_name\" content=\"Soins aux patients de Savaria\" \/>\n<meta property=\"article:modified_time\" content=\"2025-11-27T21:37:24+00:00\" \/>\n<meta property=\"og:image\" content=\"https:\/\/savariapatientcare.com\/wp-content\/uploads\/2021\/06\/pressure-fit-4-post-system-handicare-768x768.jpg-2.webp\" \/>\n\t<meta property=\"og:image:width\" content=\"768\" \/>\n\t<meta property=\"og:image:height\" content=\"768\" \/>\n\t<meta property=\"og:image:type\" content=\"image\/webp\" \/>\n<meta name=\"twitter:card\" content=\"summary_large_image\" \/>\n<meta name=\"twitter:label1\" content=\"Estimation du temps de lecture\" \/>\n\t<meta name=\"twitter:data1\" content=\"1 minute\" \/>\n<script type=\"application\/ld+json\" class=\"yoast-schema-graph\">{\"@context\":\"https:\/\/schema.org\",\"@graph\":[{\"@type\":\"WebPage\",\"@id\":\"https:\/\/savariapatientcare.com\/fr\/produit\/pressure-fit-ceiling-track\/\",\"url\":\"https:\/\/savariapatientcare.com\/fr\/produit\/pressure-fit-ceiling-track\/\",\"name\":\"Rail de plafond \u00e0 fixation par pression | Soins aux patients de Savaria\",\"isPartOf\":{\"@id\":\"https:\/\/savariapatientcare.com\/#website\"},\"primaryImageOfPage\":{\"@id\":\"https:\/\/savariapatientcare.com\/fr\/produit\/pressure-fit-ceiling-track\/#primaryimage\"},\"image\":{\"@id\":\"https:\/\/savariapatientcare.com\/fr\/produit\/pressure-fit-ceiling-track\/#primaryimage\"},\"thumbnailUrl\":\"https:\/\/savariapatientcare.com\/wp-content\/uploads\/2021\/06\/pressure-fit-4-post-system-handicare-768x768.jpg-2.webp\",\"datePublished\":\"2021-06-04T20:28:43+00:00\",\"dateModified\":\"2025-11-27T21:37:24+00:00\",\"description\":\"Learn more about the Rail de plafond \u00e0 fixation par pression from Soins aux patients de Savaria . Discover a great range of product type products and buy today\",\"breadcrumb\":{\"@id\":\"https:\/\/savariapatientcare.com\/fr\/produit\/pressure-fit-ceiling-track\/#breadcrumb\"},\"inLanguage\":\"fr-CA\",\"potentialAction\":[{\"@type\":\"ReadAction\",\"target\":[\"https:\/\/savariapatientcare.com\/fr\/produit\/pressure-fit-ceiling-track\/\"]}]},{\"@type\":\"ImageObject\",\"inLanguage\":\"fr-CA\",\"@id\":\"https:\/\/savariapatientcare.com\/fr\/produit\/pressure-fit-ceiling-track\/#primaryimage\",\"url\":\"https:\/\/savariapatientcare.com\/wp-content\/uploads\/2021\/06\/pressure-fit-4-post-system-handicare-768x768.jpg-2.webp\",\"contentUrl\":\"https:\/\/savariapatientcare.com\/wp-content\/uploads\/2021\/06\/pressure-fit-4-post-system-handicare-768x768.jpg-2.webp\",\"width\":768,\"height\":768},{\"@type\":\"BreadcrumbList\",\"@id\":\"https:\/\/savariapatientcare.com\/fr\/produit\/pressure-fit-ceiling-track\/#breadcrumb\",\"itemListElement\":[{\"@type\":\"ListItem\",\"position\":1,\"name\":\"Maison\",\"item\":\"https:\/\/savariapatientcare.com\/fr\/\"},{\"@type\":\"ListItem\",\"position\":2,\"name\":\"Products\",\"item\":\"https:\/\/savariapatientcare.com\/shop\/\"},{\"@type\":\"ListItem\",\"position\":3,\"name\":\"Rail de plafond \u00e0 fixation par pression\"}]},{\"@type\":\"WebSite\",\"@id\":\"https:\/\/savariapatientcare.com\/#website\",\"url\":\"https:\/\/savariapatientcare.com\/\",\"name\":\"Savaria Patient Care\",\"description\":\"\",\"publisher\":{\"@id\":\"https:\/\/savariapatientcare.com\/#organization\"},\"potentialAction\":[{\"@type\":\"SearchAction\",\"target\":{\"@type\":\"EntryPoint\",\"urlTemplate\":\"https:\/\/savariapatientcare.com\/?s={search_term_string}\"},\"query-input\":{\"@type\":\"PropertyValueSpecification\",\"valueRequired\":true,\"valueName\":\"search_term_string\"}}],\"inLanguage\":\"fr-CA\"},{\"@type\":\"Organization\",\"@id\":\"https:\/\/savariapatientcare.com\/#organization\",\"name\":\"Savaria\",\"url\":\"https:\/\/savariapatientcare.com\/\",\"logo\":{\"@type\":\"ImageObject\",\"inLanguage\":\"fr-CA\",\"@id\":\"https:\/\/savariapatientcare.com\/#\/schema\/logo\/image\/\",\"url\":\"https:\/\/savariapatientcare.com\/wp-content\/uploads\/2023\/10\/Savaria-Logo.svg\",\"contentUrl\":\"https:\/\/savariapatientcare.com\/wp-content\/uploads\/2023\/10\/Savaria-Logo.svg\",\"width\":1,\"height\":1,\"caption\":\"Savaria\"},\"image\":{\"@id\":\"https:\/\/savariapatientcare.com\/#\/schema\/logo\/image\/\"}}]}<\/script>\n<!-- \/ Yoast SEO Premium plugin. -->","yoast_head_json":{"title":"Rail de plafond \u00e0 fixation par pression | Soins aux patients de Savaria","description":"Learn more about the Rail de plafond \u00e0 fixation par pression from Soins aux patients de Savaria . Discover a great range of product type products and buy today","robots":{"index":"index","follow":"follow","max-snippet":"max-snippet:-1","max-image-preview":"max-image-preview:large","max-video-preview":"max-video-preview:-1"},"canonical":"https:\/\/savariapatientcare.com\/fr\/produit\/pressure-fit-ceiling-track\/","og_locale":"fr_CA","og_type":"article","og_title":"Rail de plafond \u00e0 fixation par pression","og_description":"Learn more about the Rail de plafond \u00e0 fixation par pression from Soins aux patients de Savaria . Discover a great range of product type products and buy today","og_url":"https:\/\/savariapatientcare.com\/fr\/produit\/pressure-fit-ceiling-track\/","og_site_name":"Soins aux patients de Savaria","article_modified_time":"2025-11-27T21:37:24+00:00","og_image":[{"width":768,"height":768,"url":"https:\/\/savariapatientcare.com\/wp-content\/uploads\/2021\/06\/pressure-fit-4-post-system-handicare-768x768.jpg-2.webp","type":"image\/webp"}],"twitter_card":"summary_large_image","twitter_misc":{"Estimation du temps de lecture":"1 minute"},"schema":{"@context":"https:\/\/schema.org","@graph":[{"@type":"WebPage","@id":"https:\/\/savariapatientcare.com\/fr\/produit\/pressure-fit-ceiling-track\/","url":"https:\/\/savariapatientcare.com\/fr\/produit\/pressure-fit-ceiling-track\/","name":"Rail de plafond \u00e0 fixation par pression | Soins aux patients de Savaria","isPartOf":{"@id":"https:\/\/savariapatientcare.com\/#website"},"primaryImageOfPage":{"@id":"https:\/\/savariapatientcare.com\/fr\/produit\/pressure-fit-ceiling-track\/#primaryimage"},"image":{"@id":"https:\/\/savariapatientcare.com\/fr\/produit\/pressure-fit-ceiling-track\/#primaryimage"},"thumbnailUrl":"https:\/\/savariapatientcare.com\/wp-content\/uploads\/2021\/06\/pressure-fit-4-post-system-handicare-768x768.jpg-2.webp","datePublished":"2021-06-04T20:28:43+00:00","dateModified":"2025-11-27T21:37:24+00:00","description":"Learn more about the Rail de plafond \u00e0 fixation par pression from Soins aux patients de Savaria . Discover a great range of product type products and buy today","breadcrumb":{"@id":"https:\/\/savariapatientcare.com\/fr\/produit\/pressure-fit-ceiling-track\/#breadcrumb"},"inLanguage":"fr-CA","potentialAction":[{"@type":"ReadAction","target":["https:\/\/savariapatientcare.com\/fr\/produit\/pressure-fit-ceiling-track\/"]}]},{"@type":"ImageObject","inLanguage":"fr-CA","@id":"https:\/\/savariapatientcare.com\/fr\/produit\/pressure-fit-ceiling-track\/#primaryimage","url":"https:\/\/savariapatientcare.com\/wp-content\/uploads\/2021\/06\/pressure-fit-4-post-system-handicare-768x768.jpg-2.webp","contentUrl":"https:\/\/savariapatientcare.com\/wp-content\/uploads\/2021\/06\/pressure-fit-4-post-system-handicare-768x768.jpg-2.webp","width":768,"height":768},{"@type":"BreadcrumbList","@id":"https:\/\/savariapatientcare.com\/fr\/produit\/pressure-fit-ceiling-track\/#breadcrumb","itemListElement":[{"@type":"ListItem","position":1,"name":"Maison","item":"https:\/\/savariapatientcare.com\/fr\/"},{"@type":"ListItem","position":2,"name":"Products","item":"https:\/\/savariapatientcare.com\/shop\/"},{"@type":"ListItem","position":3,"name":"Rail de plafond \u00e0 fixation par pression"}]},{"@type":"WebSite","@id":"https:\/\/savariapatientcare.com\/#website","url":"https:\/\/savariapatientcare.com\/","name":"Savaria Patient Care","description":"","publisher":{"@id":"https:\/\/savariapatientcare.com\/#organization"},"potentialAction":[{"@type":"SearchAction","target":{"@type":"EntryPoint","urlTemplate":"https:\/\/savariapatientcare.com\/?s={search_term_string}"},"query-input":{"@type":"PropertyValueSpecification","valueRequired":true,"valueName":"search_term_string"}}],"inLanguage":"fr-CA"},{"@type":"Organization","@id":"https:\/\/savariapatientcare.com\/#organization","name":"Savaria","url":"https:\/\/savariapatientcare.com\/","logo":{"@type":"ImageObject","inLanguage":"fr-CA","@id":"https:\/\/savariapatientcare.com\/#\/schema\/logo\/image\/","url":"https:\/\/savariapatientcare.com\/wp-content\/uploads\/2023\/10\/Savaria-Logo.svg","contentUrl":"https:\/\/savariapatientcare.com\/wp-content\/uploads\/2023\/10\/Savaria-Logo.svg","width":1,"height":1,"caption":"Savaria"},"image":{"@id":"https:\/\/savariapatientcare.com\/#\/schema\/logo\/image\/"}}]}},"_links":{"self":[{"href":"https:\/\/savariapatientcare.com\/fr\/wp-json\/wp\/v2\/product\/86214","targetHints":{"allow":["GET"]}}],"collection":[{"href":"https:\/\/savariapatientcare.com\/fr\/wp-json\/wp\/v2\/product"}],"about":[{"href":"https:\/\/savariapatientcare.com\/fr\/wp-json\/wp\/v2\/types\/product"}],"replies":[{"embeddable":true,"href":"https:\/\/savariapatientcare.com\/fr\/wp-json\/wp\/v2\/comments?post=86214"}],"wp:featuredmedia":[{"embeddable":true,"href":"https:\/\/savariapatientcare.com\/fr\/wp-json\/wp\/v2\/media\/86216"}],"wp:attachment":[{"href":"https:\/\/savariapatientcare.com\/fr\/wp-json\/wp\/v2\/media?parent=86214"}],"wp:term":[{"taxonomy":"care-type","embeddable":true,"href":"https:\/\/savariapatientcare.com\/fr\/wp-json\/wp\/v2\/care-type?post=86214"},{"taxonomy":"technology","embeddable":true,"href":"https:\/\/savariapatientcare.com\/fr\/wp-json\/wp\/v2\/technology?post=86214"},{"taxonomy":"product_brand","embeddable":true,"href":"https:\/\/savariapatientcare.com\/fr\/wp-json\/wp\/v2\/product_brand?post=86214"},{"taxonomy":"product_cat","embeddable":true,"href":"https:\/\/savariapatientcare.com\/fr\/wp-json\/wp\/v2\/product_cat?post=86214"},{"taxonomy":"product_tag","embeddable":true,"href":"https:\/\/savariapatientcare.com\/fr\/wp-json\/wp\/v2\/product_tag?post=86214"}],"curies":[{"name":"wp","href":"https:\/\/api.w.org\/{rel}","templated":true}]}}