{"id":86111,"date":"2023-11-19T16:52:35","date_gmt":"2023-11-19T16:52:35","guid":{"rendered":"https:\/\/savariapatientcare.com\/product\/m-series-clinical-ceiling-lift\/"},"modified":"2026-03-18T19:48:52","modified_gmt":"2026-03-18T19:48:52","slug":"serie-m-clinique","status":"publish","type":"product","link":"https:\/\/savariapatientcare.com\/fr\/produit\/serie-m-clinique\/","title":{"rendered":"M-Series Clinical"},"content":{"rendered":"<h3 style=\"text-align: center;\">Une solution compl\u00e8te.<\/h3>\n<p style=\"text-align: center;\">Qu\u2019il s\u2019agisse de syst\u00e8mes simples \u00e0 un seul rail ou de configurations complexes pour couvrir une ou plusieurs pi\u00e8ces, nous disposons des composants, des accessoires et de l\u2019expertise n\u00e9cessaires pour concevoir, produire et installer des solutions sur mesure pour tous les environnements de soins.<\/p>\n","protected":false},"excerpt":{"rendered":"<p>La technologie lithium-ion offre d\u2019\u00e9normes avantages en termes de performance : fonctionnement plus fluide, charge plus rapide, plus de cycles de levage par charge et une capacit\u00e9 de levage accrue, m\u00eame \u00e0 pleine charge.<\/p>\n<p>Elle pr\u00e9sente \u00e9galement de nombreux avantages de conception pour le patient, le soignant et l\u2019\u00e9tablissement, notamment des affichages num\u00e9riques, des vitesses s\u00e9lectionnables et une connectivit\u00e9 Bluetooth\/Wifi.<\/p>\n<p>Elle se distingue \u00e9galement par des caract\u00e9ristiques essentielles pour le contr\u00f4le des infections, une durabilit\u00e9 accrue, une facilit\u00e9 d\u2019utilisation et un faible co\u00fbt de possession afin de satisfaire toutes les parties prenantes<\/p>\n","protected":false},"featured_media":86113,"comment_status":"open","ping_status":"closed","template":"","meta":{"_acf_changed":false},"care-type":[366,364],"technology":[],"product_brand":[],"product_cat":[369,368],"product_tag":[],"class_list":{"0":"post-86111","1":"product","2":"type-product","3":"status-publish","4":"has-post-thumbnail","6":"care-type-mobilisation-precoce","7":"care-type-soins-de-courte-duree","8":"product_cat-leve-personnes-plafonniers-fixes","9":"product_cat-systemes-autoportants","11":"first","12":"instock","13":"shipping-taxable","14":"product-type-simple"},"acf":[],"yoast_head":"<!-- This site is optimized with the Yoast SEO Premium plugin v25.6 (Yoast SEO v27.2) - https:\/\/yoast.com\/product\/yoast-seo-premium-wordpress\/ -->\n<title>M-Series Clinical | Soins aux patients de Savaria<\/title>\n<meta name=\"description\" content=\"The FL fixed lift is meticulously designed for simplicity, addressing the requirements of both patients and caregivers. Explore more.\" \/>\n<meta name=\"robots\" content=\"index, follow, max-snippet:-1, max-image-preview:large, max-video-preview:-1\" \/>\n<link rel=\"canonical\" href=\"https:\/\/savariapatientcare.com\/fr\/produit\/serie-m-clinique\/\" \/>\n<meta property=\"og:locale\" content=\"fr_CA\" \/>\n<meta property=\"og:type\" content=\"article\" \/>\n<meta property=\"og:title\" content=\"M-Series Clinical\" \/>\n<meta property=\"og:description\" content=\"The FL fixed lift is meticulously designed for simplicity, addressing the requirements of both patients and caregivers. Explore more.\" \/>\n<meta property=\"og:url\" content=\"https:\/\/savariapatientcare.com\/fr\/produit\/serie-m-clinique\/\" \/>\n<meta property=\"og:site_name\" content=\"Soins aux patients de Savaria\" \/>\n<meta property=\"article:modified_time\" content=\"2026-03-18T19:48:52+00:00\" \/>\n<meta property=\"og:image\" content=\"https:\/\/savariapatientcare.com\/wp-content\/uploads\/2023\/11\/M-Series-Clinical-Hospital-Room-1024x1024.png\" \/>\n\t<meta property=\"og:image:width\" content=\"1024\" \/>\n\t<meta property=\"og:image:height\" content=\"1024\" \/>\n\t<meta property=\"og:image:type\" content=\"image\/png\" \/>\n<meta name=\"twitter:card\" content=\"summary_large_image\" \/>\n<meta name=\"twitter:label1\" content=\"Estimation du temps de lecture\" \/>\n\t<meta name=\"twitter:data1\" content=\"1 minute\" \/>\n<script type=\"application\/ld+json\" class=\"yoast-schema-graph\">{\"@context\":\"https:\/\/schema.org\",\"@graph\":[{\"@type\":\"WebPage\",\"@id\":\"https:\/\/savariapatientcare.com\/fr\/produit\/serie-m-clinique\/\",\"url\":\"https:\/\/savariapatientcare.com\/fr\/produit\/serie-m-clinique\/\",\"name\":\"M-Series Clinical | Soins aux patients de Savaria\",\"isPartOf\":{\"@id\":\"https:\/\/savariapatientcare.com\/#website\"},\"primaryImageOfPage\":{\"@id\":\"https:\/\/savariapatientcare.com\/fr\/produit\/serie-m-clinique\/#primaryimage\"},\"image\":{\"@id\":\"https:\/\/savariapatientcare.com\/fr\/produit\/serie-m-clinique\/#primaryimage\"},\"thumbnailUrl\":\"https:\/\/savariapatientcare.com\/wp-content\/uploads\/2023\/11\/M-Series-Clinical-Hospital-Room.png\",\"datePublished\":\"2023-11-19T16:52:35+00:00\",\"dateModified\":\"2026-03-18T19:48:52+00:00\",\"description\":\"The FL fixed lift is meticulously designed for simplicity, addressing the requirements of both patients and caregivers. Explore more.\",\"breadcrumb\":{\"@id\":\"https:\/\/savariapatientcare.com\/fr\/produit\/serie-m-clinique\/#breadcrumb\"},\"inLanguage\":\"fr-CA\",\"potentialAction\":[{\"@type\":\"ReadAction\",\"target\":[\"https:\/\/savariapatientcare.com\/fr\/produit\/serie-m-clinique\/\"]}]},{\"@type\":\"ImageObject\",\"inLanguage\":\"fr-CA\",\"@id\":\"https:\/\/savariapatientcare.com\/fr\/produit\/serie-m-clinique\/#primaryimage\",\"url\":\"https:\/\/savariapatientcare.com\/wp-content\/uploads\/2023\/11\/M-Series-Clinical-Hospital-Room.png\",\"contentUrl\":\"https:\/\/savariapatientcare.com\/wp-content\/uploads\/2023\/11\/M-Series-Clinical-Hospital-Room.png\",\"width\":2560,\"height\":2560},{\"@type\":\"BreadcrumbList\",\"@id\":\"https:\/\/savariapatientcare.com\/fr\/produit\/serie-m-clinique\/#breadcrumb\",\"itemListElement\":[{\"@type\":\"ListItem\",\"position\":1,\"name\":\"Maison\",\"item\":\"https:\/\/savariapatientcare.com\/fr\/\"},{\"@type\":\"ListItem\",\"position\":2,\"name\":\"Products\",\"item\":\"https:\/\/savariapatientcare.com\/shop\/\"},{\"@type\":\"ListItem\",\"position\":3,\"name\":\"M-Series Clinical\"}]},{\"@type\":\"WebSite\",\"@id\":\"https:\/\/savariapatientcare.com\/#website\",\"url\":\"https:\/\/savariapatientcare.com\/\",\"name\":\"Savaria Patient Care\",\"description\":\"\",\"publisher\":{\"@id\":\"https:\/\/savariapatientcare.com\/#organization\"},\"potentialAction\":[{\"@type\":\"SearchAction\",\"target\":{\"@type\":\"EntryPoint\",\"urlTemplate\":\"https:\/\/savariapatientcare.com\/?s={search_term_string}\"},\"query-input\":{\"@type\":\"PropertyValueSpecification\",\"valueRequired\":true,\"valueName\":\"search_term_string\"}}],\"inLanguage\":\"fr-CA\"},{\"@type\":\"Organization\",\"@id\":\"https:\/\/savariapatientcare.com\/#organization\",\"name\":\"Savaria\",\"url\":\"https:\/\/savariapatientcare.com\/\",\"logo\":{\"@type\":\"ImageObject\",\"inLanguage\":\"fr-CA\",\"@id\":\"https:\/\/savariapatientcare.com\/#\/schema\/logo\/image\/\",\"url\":\"https:\/\/savariapatientcare.com\/wp-content\/uploads\/2023\/10\/Savaria-Logo.svg\",\"contentUrl\":\"https:\/\/savariapatientcare.com\/wp-content\/uploads\/2023\/10\/Savaria-Logo.svg\",\"width\":1,\"height\":1,\"caption\":\"Savaria\"},\"image\":{\"@id\":\"https:\/\/savariapatientcare.com\/#\/schema\/logo\/image\/\"}}]}<\/script>\n<!-- \/ Yoast SEO Premium plugin. -->","yoast_head_json":{"title":"M-Series Clinical | Soins aux patients de Savaria","description":"The FL fixed lift is meticulously designed for simplicity, addressing the requirements of both patients and caregivers. Explore more.","robots":{"index":"index","follow":"follow","max-snippet":"max-snippet:-1","max-image-preview":"max-image-preview:large","max-video-preview":"max-video-preview:-1"},"canonical":"https:\/\/savariapatientcare.com\/fr\/produit\/serie-m-clinique\/","og_locale":"fr_CA","og_type":"article","og_title":"M-Series Clinical","og_description":"The FL fixed lift is meticulously designed for simplicity, addressing the requirements of both patients and caregivers. Explore more.","og_url":"https:\/\/savariapatientcare.com\/fr\/produit\/serie-m-clinique\/","og_site_name":"Soins aux patients de Savaria","article_modified_time":"2026-03-18T19:48:52+00:00","og_image":[{"width":1024,"height":1024,"url":"https:\/\/savariapatientcare.com\/wp-content\/uploads\/2023\/11\/M-Series-Clinical-Hospital-Room-1024x1024.png","type":"image\/png"}],"twitter_card":"summary_large_image","twitter_misc":{"Estimation du temps de lecture":"1 minute"},"schema":{"@context":"https:\/\/schema.org","@graph":[{"@type":"WebPage","@id":"https:\/\/savariapatientcare.com\/fr\/produit\/serie-m-clinique\/","url":"https:\/\/savariapatientcare.com\/fr\/produit\/serie-m-clinique\/","name":"M-Series Clinical | Soins aux patients de Savaria","isPartOf":{"@id":"https:\/\/savariapatientcare.com\/#website"},"primaryImageOfPage":{"@id":"https:\/\/savariapatientcare.com\/fr\/produit\/serie-m-clinique\/#primaryimage"},"image":{"@id":"https:\/\/savariapatientcare.com\/fr\/produit\/serie-m-clinique\/#primaryimage"},"thumbnailUrl":"https:\/\/savariapatientcare.com\/wp-content\/uploads\/2023\/11\/M-Series-Clinical-Hospital-Room.png","datePublished":"2023-11-19T16:52:35+00:00","dateModified":"2026-03-18T19:48:52+00:00","description":"The FL fixed lift is meticulously designed for simplicity, addressing the requirements of both patients and caregivers. Explore more.","breadcrumb":{"@id":"https:\/\/savariapatientcare.com\/fr\/produit\/serie-m-clinique\/#breadcrumb"},"inLanguage":"fr-CA","potentialAction":[{"@type":"ReadAction","target":["https:\/\/savariapatientcare.com\/fr\/produit\/serie-m-clinique\/"]}]},{"@type":"ImageObject","inLanguage":"fr-CA","@id":"https:\/\/savariapatientcare.com\/fr\/produit\/serie-m-clinique\/#primaryimage","url":"https:\/\/savariapatientcare.com\/wp-content\/uploads\/2023\/11\/M-Series-Clinical-Hospital-Room.png","contentUrl":"https:\/\/savariapatientcare.com\/wp-content\/uploads\/2023\/11\/M-Series-Clinical-Hospital-Room.png","width":2560,"height":2560},{"@type":"BreadcrumbList","@id":"https:\/\/savariapatientcare.com\/fr\/produit\/serie-m-clinique\/#breadcrumb","itemListElement":[{"@type":"ListItem","position":1,"name":"Maison","item":"https:\/\/savariapatientcare.com\/fr\/"},{"@type":"ListItem","position":2,"name":"Products","item":"https:\/\/savariapatientcare.com\/shop\/"},{"@type":"ListItem","position":3,"name":"M-Series Clinical"}]},{"@type":"WebSite","@id":"https:\/\/savariapatientcare.com\/#website","url":"https:\/\/savariapatientcare.com\/","name":"Savaria Patient Care","description":"","publisher":{"@id":"https:\/\/savariapatientcare.com\/#organization"},"potentialAction":[{"@type":"SearchAction","target":{"@type":"EntryPoint","urlTemplate":"https:\/\/savariapatientcare.com\/?s={search_term_string}"},"query-input":{"@type":"PropertyValueSpecification","valueRequired":true,"valueName":"search_term_string"}}],"inLanguage":"fr-CA"},{"@type":"Organization","@id":"https:\/\/savariapatientcare.com\/#organization","name":"Savaria","url":"https:\/\/savariapatientcare.com\/","logo":{"@type":"ImageObject","inLanguage":"fr-CA","@id":"https:\/\/savariapatientcare.com\/#\/schema\/logo\/image\/","url":"https:\/\/savariapatientcare.com\/wp-content\/uploads\/2023\/10\/Savaria-Logo.svg","contentUrl":"https:\/\/savariapatientcare.com\/wp-content\/uploads\/2023\/10\/Savaria-Logo.svg","width":1,"height":1,"caption":"Savaria"},"image":{"@id":"https:\/\/savariapatientcare.com\/#\/schema\/logo\/image\/"}}]}},"_links":{"self":[{"href":"https:\/\/savariapatientcare.com\/fr\/wp-json\/wp\/v2\/product\/86111","targetHints":{"allow":["GET"]}}],"collection":[{"href":"https:\/\/savariapatientcare.com\/fr\/wp-json\/wp\/v2\/product"}],"about":[{"href":"https:\/\/savariapatientcare.com\/fr\/wp-json\/wp\/v2\/types\/product"}],"replies":[{"embeddable":true,"href":"https:\/\/savariapatientcare.com\/fr\/wp-json\/wp\/v2\/comments?post=86111"}],"wp:featuredmedia":[{"embeddable":true,"href":"https:\/\/savariapatientcare.com\/fr\/wp-json\/wp\/v2\/media\/86113"}],"wp:attachment":[{"href":"https:\/\/savariapatientcare.com\/fr\/wp-json\/wp\/v2\/media?parent=86111"}],"wp:term":[{"taxonomy":"care-type","embeddable":true,"href":"https:\/\/savariapatientcare.com\/fr\/wp-json\/wp\/v2\/care-type?post=86111"},{"taxonomy":"technology","embeddable":true,"href":"https:\/\/savariapatientcare.com\/fr\/wp-json\/wp\/v2\/technology?post=86111"},{"taxonomy":"product_brand","embeddable":true,"href":"https:\/\/savariapatientcare.com\/fr\/wp-json\/wp\/v2\/product_brand?post=86111"},{"taxonomy":"product_cat","embeddable":true,"href":"https:\/\/savariapatientcare.com\/fr\/wp-json\/wp\/v2\/product_cat?post=86111"},{"taxonomy":"product_tag","embeddable":true,"href":"https:\/\/savariapatientcare.com\/fr\/wp-json\/wp\/v2\/product_tag?post=86111"}],"curies":[{"name":"wp","href":"https:\/\/api.w.org\/{rel}","templated":true}]}}