{"id":86105,"date":"2023-11-19T17:16:02","date_gmt":"2023-11-19T17:16:02","guid":{"rendered":"https:\/\/savariapatientcare.com\/product\/gantry-track-system-for-portable-lift\/"},"modified":"2025-11-27T16:48:40","modified_gmt":"2025-11-27T16:48:40","slug":"gantry-track-system-for-portable-lift","status":"publish","type":"product","link":"https:\/\/savariapatientcare.com\/fr\/produit\/gantry-track-system-for-portable-lift\/","title":{"rendered":"Syst\u00e8me de rail \u00e0 portique pour l\u00e8ve-personnes portables"},"content":{"rendered":"<h3 style=\"text-align: center;\">Continuit\u00e9 des soins \u00e0 domicile<\/h3>\n<p class=\"p1\" style=\"text-align: center;\">Un l\u00e8ve-personne plafonnier portable Savaria avec syst\u00e8me de portique peut permettre un retour \u00e0 domicile plus rapide apr\u00e8s une hospitalisation. Pour de nombreuses personnes, recevoir des soins \u00e0 domicile peut s\u2019av\u00e9rer impossible en raison des difficult\u00e9s li\u00e9es au transfert du lit au fauteuil roulant. Un l\u00e8ve-personne plafonnier permet de d\u00e9placer le patient en toute s\u00e9curit\u00e9, que ce soit pour le repositionner ou pour le transf\u00e9rer dans un fauteuil roulant. Les soignants \u00e0 domicile r\u00e9duisent ainsi les risques de blessures li\u00e9s aux transferts manuels, et les proches sont rassur\u00e9s quant \u00e0 la s\u00e9curit\u00e9 du patient. De plus, le l\u00e8ve-personne plafonnier portable et le syst\u00e8me de portique Savaria peuvent \u00e9galement \u00eatre utilis\u00e9s dans les \u00e9tablissements de sant\u00e9 pour faciliter les transferts de personnes en fauteuil roulant. Ne n\u00e9cessitant aucune installation permanente, le syst\u00e8me de portique s\u2019assemble et se d\u00e9monte rapidement, offrant ainsi une flexibilit\u00e9 optimale pour une utilisation dans divers environnements de soins.<\/p>\n","protected":false},"excerpt":{"rendered":"<p>S\u2019assemble en quelques minutes pour cr\u00e9er une structure solide et simple; compatible avec le l\u00e8ve-personne portable \u00e0 portique Savaria. Le portique Savaria est parfait pour les lieux o\u00f9 l\u2019installation d\u2019un rail fixe n\u2019est pas possible, ou pour une utilisation temporaire. Combin\u00e9 avec le l\u00e8ve-personne portable, il facilite le transfert du patient du lit au fauteuil roulant et inversement. Ses pieds \u00e0 profil bas permettent une meilleure maniabilit\u00e9 du fauteuil roulant.<\/p>\n","protected":false},"featured_media":86107,"comment_status":"closed","ping_status":"closed","template":"","meta":{"_acf_changed":false},"care-type":[373,367],"technology":[],"product_brand":[],"product_cat":[415,368],"product_tag":[],"class_list":{"0":"post-86105","1":"product","2":"type-product","3":"status-publish","4":"has-post-thumbnail","6":"care-type-soins-a-domicile","7":"care-type-soins-de-longue-duree","8":"product_cat-systeme-autoportant","9":"product_cat-systemes-autoportants","11":"first","12":"instock","13":"shipping-taxable","14":"product-type-simple"},"acf":[],"yoast_head":"<!-- This site is optimized with the Yoast SEO Premium plugin v25.6 (Yoast SEO v27.2) - https:\/\/yoast.com\/product\/yoast-seo-premium-wordpress\/ -->\n<title>Syst\u00e8me de rail \u00e0 portique pour l\u00e8ve-personnes portables | Soins aux patients de Savaria<\/title>\n<meta name=\"description\" content=\"Portable lift system for safe and convenient patient transfers in various settings.\" \/>\n<meta name=\"robots\" content=\"index, follow, max-snippet:-1, max-image-preview:large, max-video-preview:-1\" \/>\n<link rel=\"canonical\" href=\"https:\/\/savariapatientcare.com\/fr\/produit\/gantry-track-system-for-portable-lift\/\" \/>\n<meta property=\"og:locale\" content=\"fr_CA\" \/>\n<meta property=\"og:type\" content=\"article\" \/>\n<meta property=\"og:title\" content=\"Syst\u00e8me de rail \u00e0 portique pour l\u00e8ve-personnes portables\" \/>\n<meta property=\"og:description\" content=\"Portable lift system for safe and convenient patient transfers in various settings.\" \/>\n<meta property=\"og:url\" content=\"https:\/\/savariapatientcare.com\/fr\/produit\/gantry-track-system-for-portable-lift\/\" \/>\n<meta property=\"og:site_name\" content=\"Soins aux patients de Savaria\" \/>\n<meta property=\"article:modified_time\" content=\"2025-11-27T16:48:40+00:00\" \/>\n<meta property=\"og:image\" content=\"https:\/\/savariapatientcare.com\/wp-content\/uploads\/2024\/10\/Savaria-Portable-Lift-PL-with-Gantry-Sling.png\" \/>\n\t<meta property=\"og:image:width\" content=\"1920\" \/>\n\t<meta property=\"og:image:height\" content=\"1281\" \/>\n\t<meta property=\"og:image:type\" content=\"image\/png\" \/>\n<meta name=\"twitter:card\" content=\"summary_large_image\" \/>\n<meta name=\"twitter:label1\" content=\"Estimation du temps de lecture\" \/>\n\t<meta name=\"twitter:data1\" content=\"1 minute\" \/>\n<script type=\"application\/ld+json\" class=\"yoast-schema-graph\">{\"@context\":\"https:\/\/schema.org\",\"@graph\":[{\"@type\":\"WebPage\",\"@id\":\"https:\/\/savariapatientcare.com\/fr\/produit\/gantry-track-system-for-portable-lift\/\",\"url\":\"https:\/\/savariapatientcare.com\/fr\/produit\/gantry-track-system-for-portable-lift\/\",\"name\":\"Syst\u00e8me de rail \u00e0 portique pour l\u00e8ve-personnes portables | Soins aux patients de Savaria\",\"isPartOf\":{\"@id\":\"https:\/\/savariapatientcare.com\/#website\"},\"primaryImageOfPage\":{\"@id\":\"https:\/\/savariapatientcare.com\/fr\/produit\/gantry-track-system-for-portable-lift\/#primaryimage\"},\"image\":{\"@id\":\"https:\/\/savariapatientcare.com\/fr\/produit\/gantry-track-system-for-portable-lift\/#primaryimage\"},\"thumbnailUrl\":\"https:\/\/savariapatientcare.com\/wp-content\/uploads\/2024\/10\/Savaria-Portable-Lift-PL-with-Gantry-Sling.png\",\"datePublished\":\"2023-11-19T17:16:02+00:00\",\"dateModified\":\"2025-11-27T16:48:40+00:00\",\"description\":\"Portable lift system for safe and convenient patient transfers in various settings.\",\"breadcrumb\":{\"@id\":\"https:\/\/savariapatientcare.com\/fr\/produit\/gantry-track-system-for-portable-lift\/#breadcrumb\"},\"inLanguage\":\"fr-CA\",\"potentialAction\":[{\"@type\":\"ReadAction\",\"target\":[\"https:\/\/savariapatientcare.com\/fr\/produit\/gantry-track-system-for-portable-lift\/\"]}]},{\"@type\":\"ImageObject\",\"inLanguage\":\"fr-CA\",\"@id\":\"https:\/\/savariapatientcare.com\/fr\/produit\/gantry-track-system-for-portable-lift\/#primaryimage\",\"url\":\"https:\/\/savariapatientcare.com\/wp-content\/uploads\/2024\/10\/Savaria-Portable-Lift-PL-with-Gantry-Sling.png\",\"contentUrl\":\"https:\/\/savariapatientcare.com\/wp-content\/uploads\/2024\/10\/Savaria-Portable-Lift-PL-with-Gantry-Sling.png\",\"width\":1920,\"height\":1281},{\"@type\":\"BreadcrumbList\",\"@id\":\"https:\/\/savariapatientcare.com\/fr\/produit\/gantry-track-system-for-portable-lift\/#breadcrumb\",\"itemListElement\":[{\"@type\":\"ListItem\",\"position\":1,\"name\":\"Maison\",\"item\":\"https:\/\/savariapatientcare.com\/fr\/\"},{\"@type\":\"ListItem\",\"position\":2,\"name\":\"Products\",\"item\":\"https:\/\/savariapatientcare.com\/shop\/\"},{\"@type\":\"ListItem\",\"position\":3,\"name\":\"Syst\u00e8me de rail \u00e0 portique pour l\u00e8ve-personnes portables\"}]},{\"@type\":\"WebSite\",\"@id\":\"https:\/\/savariapatientcare.com\/#website\",\"url\":\"https:\/\/savariapatientcare.com\/\",\"name\":\"Savaria Patient Care\",\"description\":\"\",\"publisher\":{\"@id\":\"https:\/\/savariapatientcare.com\/#organization\"},\"potentialAction\":[{\"@type\":\"SearchAction\",\"target\":{\"@type\":\"EntryPoint\",\"urlTemplate\":\"https:\/\/savariapatientcare.com\/?s={search_term_string}\"},\"query-input\":{\"@type\":\"PropertyValueSpecification\",\"valueRequired\":true,\"valueName\":\"search_term_string\"}}],\"inLanguage\":\"fr-CA\"},{\"@type\":\"Organization\",\"@id\":\"https:\/\/savariapatientcare.com\/#organization\",\"name\":\"Savaria\",\"url\":\"https:\/\/savariapatientcare.com\/\",\"logo\":{\"@type\":\"ImageObject\",\"inLanguage\":\"fr-CA\",\"@id\":\"https:\/\/savariapatientcare.com\/#\/schema\/logo\/image\/\",\"url\":\"https:\/\/savariapatientcare.com\/wp-content\/uploads\/2023\/10\/Savaria-Logo.svg\",\"contentUrl\":\"https:\/\/savariapatientcare.com\/wp-content\/uploads\/2023\/10\/Savaria-Logo.svg\",\"width\":1,\"height\":1,\"caption\":\"Savaria\"},\"image\":{\"@id\":\"https:\/\/savariapatientcare.com\/#\/schema\/logo\/image\/\"}}]}<\/script>\n<!-- \/ Yoast SEO Premium plugin. -->","yoast_head_json":{"title":"Syst\u00e8me de rail \u00e0 portique pour l\u00e8ve-personnes portables | Soins aux patients de Savaria","description":"Portable lift system for safe and convenient patient transfers in various settings.","robots":{"index":"index","follow":"follow","max-snippet":"max-snippet:-1","max-image-preview":"max-image-preview:large","max-video-preview":"max-video-preview:-1"},"canonical":"https:\/\/savariapatientcare.com\/fr\/produit\/gantry-track-system-for-portable-lift\/","og_locale":"fr_CA","og_type":"article","og_title":"Syst\u00e8me de rail \u00e0 portique pour l\u00e8ve-personnes portables","og_description":"Portable lift system for safe and convenient patient transfers in various settings.","og_url":"https:\/\/savariapatientcare.com\/fr\/produit\/gantry-track-system-for-portable-lift\/","og_site_name":"Soins aux patients de Savaria","article_modified_time":"2025-11-27T16:48:40+00:00","og_image":[{"width":1920,"height":1281,"url":"https:\/\/savariapatientcare.com\/wp-content\/uploads\/2024\/10\/Savaria-Portable-Lift-PL-with-Gantry-Sling.png","type":"image\/png"}],"twitter_card":"summary_large_image","twitter_misc":{"Estimation du temps de lecture":"1 minute"},"schema":{"@context":"https:\/\/schema.org","@graph":[{"@type":"WebPage","@id":"https:\/\/savariapatientcare.com\/fr\/produit\/gantry-track-system-for-portable-lift\/","url":"https:\/\/savariapatientcare.com\/fr\/produit\/gantry-track-system-for-portable-lift\/","name":"Syst\u00e8me de rail \u00e0 portique pour l\u00e8ve-personnes portables | Soins aux patients de Savaria","isPartOf":{"@id":"https:\/\/savariapatientcare.com\/#website"},"primaryImageOfPage":{"@id":"https:\/\/savariapatientcare.com\/fr\/produit\/gantry-track-system-for-portable-lift\/#primaryimage"},"image":{"@id":"https:\/\/savariapatientcare.com\/fr\/produit\/gantry-track-system-for-portable-lift\/#primaryimage"},"thumbnailUrl":"https:\/\/savariapatientcare.com\/wp-content\/uploads\/2024\/10\/Savaria-Portable-Lift-PL-with-Gantry-Sling.png","datePublished":"2023-11-19T17:16:02+00:00","dateModified":"2025-11-27T16:48:40+00:00","description":"Portable lift system for safe and convenient patient transfers in various settings.","breadcrumb":{"@id":"https:\/\/savariapatientcare.com\/fr\/produit\/gantry-track-system-for-portable-lift\/#breadcrumb"},"inLanguage":"fr-CA","potentialAction":[{"@type":"ReadAction","target":["https:\/\/savariapatientcare.com\/fr\/produit\/gantry-track-system-for-portable-lift\/"]}]},{"@type":"ImageObject","inLanguage":"fr-CA","@id":"https:\/\/savariapatientcare.com\/fr\/produit\/gantry-track-system-for-portable-lift\/#primaryimage","url":"https:\/\/savariapatientcare.com\/wp-content\/uploads\/2024\/10\/Savaria-Portable-Lift-PL-with-Gantry-Sling.png","contentUrl":"https:\/\/savariapatientcare.com\/wp-content\/uploads\/2024\/10\/Savaria-Portable-Lift-PL-with-Gantry-Sling.png","width":1920,"height":1281},{"@type":"BreadcrumbList","@id":"https:\/\/savariapatientcare.com\/fr\/produit\/gantry-track-system-for-portable-lift\/#breadcrumb","itemListElement":[{"@type":"ListItem","position":1,"name":"Maison","item":"https:\/\/savariapatientcare.com\/fr\/"},{"@type":"ListItem","position":2,"name":"Products","item":"https:\/\/savariapatientcare.com\/shop\/"},{"@type":"ListItem","position":3,"name":"Syst\u00e8me de rail \u00e0 portique pour l\u00e8ve-personnes portables"}]},{"@type":"WebSite","@id":"https:\/\/savariapatientcare.com\/#website","url":"https:\/\/savariapatientcare.com\/","name":"Savaria Patient Care","description":"","publisher":{"@id":"https:\/\/savariapatientcare.com\/#organization"},"potentialAction":[{"@type":"SearchAction","target":{"@type":"EntryPoint","urlTemplate":"https:\/\/savariapatientcare.com\/?s={search_term_string}"},"query-input":{"@type":"PropertyValueSpecification","valueRequired":true,"valueName":"search_term_string"}}],"inLanguage":"fr-CA"},{"@type":"Organization","@id":"https:\/\/savariapatientcare.com\/#organization","name":"Savaria","url":"https:\/\/savariapatientcare.com\/","logo":{"@type":"ImageObject","inLanguage":"fr-CA","@id":"https:\/\/savariapatientcare.com\/#\/schema\/logo\/image\/","url":"https:\/\/savariapatientcare.com\/wp-content\/uploads\/2023\/10\/Savaria-Logo.svg","contentUrl":"https:\/\/savariapatientcare.com\/wp-content\/uploads\/2023\/10\/Savaria-Logo.svg","width":1,"height":1,"caption":"Savaria"},"image":{"@id":"https:\/\/savariapatientcare.com\/#\/schema\/logo\/image\/"}}]}},"_links":{"self":[{"href":"https:\/\/savariapatientcare.com\/fr\/wp-json\/wp\/v2\/product\/86105","targetHints":{"allow":["GET"]}}],"collection":[{"href":"https:\/\/savariapatientcare.com\/fr\/wp-json\/wp\/v2\/product"}],"about":[{"href":"https:\/\/savariapatientcare.com\/fr\/wp-json\/wp\/v2\/types\/product"}],"replies":[{"embeddable":true,"href":"https:\/\/savariapatientcare.com\/fr\/wp-json\/wp\/v2\/comments?post=86105"}],"wp:featuredmedia":[{"embeddable":true,"href":"https:\/\/savariapatientcare.com\/fr\/wp-json\/wp\/v2\/media\/86107"}],"wp:attachment":[{"href":"https:\/\/savariapatientcare.com\/fr\/wp-json\/wp\/v2\/media?parent=86105"}],"wp:term":[{"taxonomy":"care-type","embeddable":true,"href":"https:\/\/savariapatientcare.com\/fr\/wp-json\/wp\/v2\/care-type?post=86105"},{"taxonomy":"technology","embeddable":true,"href":"https:\/\/savariapatientcare.com\/fr\/wp-json\/wp\/v2\/technology?post=86105"},{"taxonomy":"product_brand","embeddable":true,"href":"https:\/\/savariapatientcare.com\/fr\/wp-json\/wp\/v2\/product_brand?post=86105"},{"taxonomy":"product_cat","embeddable":true,"href":"https:\/\/savariapatientcare.com\/fr\/wp-json\/wp\/v2\/product_cat?post=86105"},{"taxonomy":"product_tag","embeddable":true,"href":"https:\/\/savariapatientcare.com\/fr\/wp-json\/wp\/v2\/product_tag?post=86105"}],"curies":[{"name":"wp","href":"https:\/\/api.w.org\/{rel}","templated":true}]}}