{"id":86093,"date":"2023-11-24T18:41:16","date_gmt":"2023-11-24T18:41:16","guid":{"rendered":"https:\/\/savariapatientcare.com\/product\/savaria-pl-portable-lift\/"},"modified":"2025-11-27T16:45:17","modified_gmt":"2025-11-27T16:45:17","slug":"leve-personne-portable-pl-savaria","status":"publish","type":"product","link":"https:\/\/savariapatientcare.com\/fr\/produit\/leve-personne-portable-pl-savaria\/","title":{"rendered":"L\u00e8ve-personne portable PL Savaria"},"content":{"rendered":"<h3 style=\"text-align: center;\">Tranquillit\u00e9 d\u2019esprit, r\u00e9duction des risques<\/h3>\n<p style=\"text-align: center;\">Que vous soyez patient ou soignant, un l\u00e8ve-personne plafonnier portable Savaria offre la s\u00e9curit\u00e9 n\u00e9cessaire pour les levages et les transferts \u00e0 domicile. Le l\u00e8ve-personne aide \u00e0 pr\u00e9venir les risques de blessures pour les soignants, notamment les douleurs dorsales fr\u00e9quentes lors des levages manuels. Les patients peuvent ressentir une tranquillit\u00e9 d\u2019esprit et une s\u00e9curit\u00e9 accrues lors de leurs d\u00e9placements ou transferts avec le l\u00e8ve-personne Savaria. Le l\u00e8ve-personne plafonnier Savaria permet \u00e0 certains patients de rentrer chez eux plus t\u00f4t et de r\u00e9cup\u00e9rer confortablement \u00e0 domicile.<\/p>\n","protected":false},"excerpt":{"rendered":"<p>Le l\u00e8ve-personne plafonnier portable Savaria a \u00e9t\u00e9 con\u00e7u d\u00e8s le d\u00e9part pour \u00eatre v\u00e9ritablement portable \u2013 il peut \u00eatre facilement transport\u00e9 d\u2019une pi\u00e8ce \u00e0 l\u2019autre ou d\u2019un endroit \u00e0 l\u2019autre au besoin. Au c\u0153ur du syst\u00e8me, une batterie au lithium alimente le levage du patient avec un poids nettement inf\u00e9rieur \u00e0 celui des concurrents.<\/p>\n","protected":false},"featured_media":86095,"comment_status":"open","ping_status":"closed","template":"","meta":{"_acf_changed":false},"care-type":[366,373,367],"technology":[],"product_brand":[],"product_cat":[376,368],"product_tag":[],"class_list":{"0":"post-86093","1":"product","2":"type-product","3":"status-publish","4":"has-post-thumbnail","6":"care-type-mobilisation-precoce","7":"care-type-soins-a-domicile","8":"care-type-soins-de-longue-duree","9":"product_cat-leve-personnes-plafonniers-portables","10":"product_cat-systemes-autoportants","12":"first","13":"instock","14":"shipping-taxable","15":"product-type-simple"},"acf":[],"yoast_head":"<!-- This site is optimized with the Yoast SEO Premium plugin v25.6 (Yoast SEO v27.2) - https:\/\/yoast.com\/product\/yoast-seo-premium-wordpress\/ -->\n<title>L\u00e8ve-personne portable PL Savaria | Soins aux patients de Savaria<\/title>\n<meta name=\"description\" content=\"Learn more about the L\u00e8ve-personne portable PL Savaria from Soins aux patients de Savaria . Discover a great range of product type products and buy today\" \/>\n<meta name=\"robots\" content=\"index, follow, max-snippet:-1, max-image-preview:large, max-video-preview:-1\" \/>\n<link rel=\"canonical\" href=\"https:\/\/savariapatientcare.com\/fr\/produit\/leve-personne-portable-pl-savaria\/\" \/>\n<meta property=\"og:locale\" content=\"fr_CA\" \/>\n<meta property=\"og:type\" content=\"article\" \/>\n<meta property=\"og:title\" content=\"L\u00e8ve-personne portable PL Savaria\" \/>\n<meta property=\"og:description\" content=\"Learn more about the L\u00e8ve-personne portable PL Savaria from Soins aux patients de Savaria . Discover a great range of product type products and buy today\" \/>\n<meta property=\"og:url\" content=\"https:\/\/savariapatientcare.com\/fr\/produit\/leve-personne-portable-pl-savaria\/\" \/>\n<meta property=\"og:site_name\" content=\"Soins aux patients de Savaria\" \/>\n<meta property=\"article:modified_time\" content=\"2025-11-27T16:45:17+00:00\" \/>\n<meta property=\"og:image\" content=\"https:\/\/savariapatientcare.com\/wp-content\/uploads\/2023\/11\/savaria-portable-lift-pl-2-2048x1367-1.jpg\" \/>\n\t<meta property=\"og:image:width\" content=\"2048\" \/>\n\t<meta property=\"og:image:height\" content=\"1367\" \/>\n\t<meta property=\"og:image:type\" content=\"image\/jpeg\" \/>\n<meta name=\"twitter:card\" content=\"summary_large_image\" \/>\n<meta name=\"twitter:label1\" content=\"Estimation du temps de lecture\" \/>\n\t<meta name=\"twitter:data1\" content=\"1 minute\" \/>\n<script type=\"application\/ld+json\" class=\"yoast-schema-graph\">{\"@context\":\"https:\/\/schema.org\",\"@graph\":[{\"@type\":\"WebPage\",\"@id\":\"https:\/\/savariapatientcare.com\/fr\/produit\/leve-personne-portable-pl-savaria\/\",\"url\":\"https:\/\/savariapatientcare.com\/fr\/produit\/leve-personne-portable-pl-savaria\/\",\"name\":\"L\u00e8ve-personne portable PL Savaria | Soins aux patients de Savaria\",\"isPartOf\":{\"@id\":\"https:\/\/savariapatientcare.com\/#website\"},\"primaryImageOfPage\":{\"@id\":\"https:\/\/savariapatientcare.com\/fr\/produit\/leve-personne-portable-pl-savaria\/#primaryimage\"},\"image\":{\"@id\":\"https:\/\/savariapatientcare.com\/fr\/produit\/leve-personne-portable-pl-savaria\/#primaryimage\"},\"thumbnailUrl\":\"https:\/\/savariapatientcare.com\/wp-content\/uploads\/2023\/11\/savaria-portable-lift-pl-2-2048x1367-1.jpg\",\"datePublished\":\"2023-11-24T18:41:16+00:00\",\"dateModified\":\"2025-11-27T16:45:17+00:00\",\"description\":\"Learn more about the L\u00e8ve-personne portable PL Savaria from Soins aux patients de Savaria . Discover a great range of product type products and buy today\",\"breadcrumb\":{\"@id\":\"https:\/\/savariapatientcare.com\/fr\/produit\/leve-personne-portable-pl-savaria\/#breadcrumb\"},\"inLanguage\":\"fr-CA\",\"potentialAction\":[{\"@type\":\"ReadAction\",\"target\":[\"https:\/\/savariapatientcare.com\/fr\/produit\/leve-personne-portable-pl-savaria\/\"]}]},{\"@type\":\"ImageObject\",\"inLanguage\":\"fr-CA\",\"@id\":\"https:\/\/savariapatientcare.com\/fr\/produit\/leve-personne-portable-pl-savaria\/#primaryimage\",\"url\":\"https:\/\/savariapatientcare.com\/wp-content\/uploads\/2023\/11\/savaria-portable-lift-pl-2-2048x1367-1.jpg\",\"contentUrl\":\"https:\/\/savariapatientcare.com\/wp-content\/uploads\/2023\/11\/savaria-portable-lift-pl-2-2048x1367-1.jpg\",\"width\":2048,\"height\":1367},{\"@type\":\"BreadcrumbList\",\"@id\":\"https:\/\/savariapatientcare.com\/fr\/produit\/leve-personne-portable-pl-savaria\/#breadcrumb\",\"itemListElement\":[{\"@type\":\"ListItem\",\"position\":1,\"name\":\"Maison\",\"item\":\"https:\/\/savariapatientcare.com\/fr\/\"},{\"@type\":\"ListItem\",\"position\":2,\"name\":\"Products\",\"item\":\"https:\/\/savariapatientcare.com\/shop\/\"},{\"@type\":\"ListItem\",\"position\":3,\"name\":\"L\u00e8ve-personne portable PL Savaria\"}]},{\"@type\":\"WebSite\",\"@id\":\"https:\/\/savariapatientcare.com\/#website\",\"url\":\"https:\/\/savariapatientcare.com\/\",\"name\":\"Savaria Patient Care\",\"description\":\"\",\"publisher\":{\"@id\":\"https:\/\/savariapatientcare.com\/#organization\"},\"potentialAction\":[{\"@type\":\"SearchAction\",\"target\":{\"@type\":\"EntryPoint\",\"urlTemplate\":\"https:\/\/savariapatientcare.com\/?s={search_term_string}\"},\"query-input\":{\"@type\":\"PropertyValueSpecification\",\"valueRequired\":true,\"valueName\":\"search_term_string\"}}],\"inLanguage\":\"fr-CA\"},{\"@type\":\"Organization\",\"@id\":\"https:\/\/savariapatientcare.com\/#organization\",\"name\":\"Savaria\",\"url\":\"https:\/\/savariapatientcare.com\/\",\"logo\":{\"@type\":\"ImageObject\",\"inLanguage\":\"fr-CA\",\"@id\":\"https:\/\/savariapatientcare.com\/#\/schema\/logo\/image\/\",\"url\":\"https:\/\/savariapatientcare.com\/wp-content\/uploads\/2023\/10\/Savaria-Logo.svg\",\"contentUrl\":\"https:\/\/savariapatientcare.com\/wp-content\/uploads\/2023\/10\/Savaria-Logo.svg\",\"width\":1,\"height\":1,\"caption\":\"Savaria\"},\"image\":{\"@id\":\"https:\/\/savariapatientcare.com\/#\/schema\/logo\/image\/\"}}]}<\/script>\n<!-- \/ Yoast SEO Premium plugin. -->","yoast_head_json":{"title":"L\u00e8ve-personne portable PL Savaria | Soins aux patients de Savaria","description":"Learn more about the L\u00e8ve-personne portable PL Savaria from Soins aux patients de Savaria . Discover a great range of product type products and buy today","robots":{"index":"index","follow":"follow","max-snippet":"max-snippet:-1","max-image-preview":"max-image-preview:large","max-video-preview":"max-video-preview:-1"},"canonical":"https:\/\/savariapatientcare.com\/fr\/produit\/leve-personne-portable-pl-savaria\/","og_locale":"fr_CA","og_type":"article","og_title":"L\u00e8ve-personne portable PL Savaria","og_description":"Learn more about the L\u00e8ve-personne portable PL Savaria from Soins aux patients de Savaria . Discover a great range of product type products and buy today","og_url":"https:\/\/savariapatientcare.com\/fr\/produit\/leve-personne-portable-pl-savaria\/","og_site_name":"Soins aux patients de Savaria","article_modified_time":"2025-11-27T16:45:17+00:00","og_image":[{"width":2048,"height":1367,"url":"https:\/\/savariapatientcare.com\/wp-content\/uploads\/2023\/11\/savaria-portable-lift-pl-2-2048x1367-1.jpg","type":"image\/jpeg"}],"twitter_card":"summary_large_image","twitter_misc":{"Estimation du temps de lecture":"1 minute"},"schema":{"@context":"https:\/\/schema.org","@graph":[{"@type":"WebPage","@id":"https:\/\/savariapatientcare.com\/fr\/produit\/leve-personne-portable-pl-savaria\/","url":"https:\/\/savariapatientcare.com\/fr\/produit\/leve-personne-portable-pl-savaria\/","name":"L\u00e8ve-personne portable PL Savaria | Soins aux patients de Savaria","isPartOf":{"@id":"https:\/\/savariapatientcare.com\/#website"},"primaryImageOfPage":{"@id":"https:\/\/savariapatientcare.com\/fr\/produit\/leve-personne-portable-pl-savaria\/#primaryimage"},"image":{"@id":"https:\/\/savariapatientcare.com\/fr\/produit\/leve-personne-portable-pl-savaria\/#primaryimage"},"thumbnailUrl":"https:\/\/savariapatientcare.com\/wp-content\/uploads\/2023\/11\/savaria-portable-lift-pl-2-2048x1367-1.jpg","datePublished":"2023-11-24T18:41:16+00:00","dateModified":"2025-11-27T16:45:17+00:00","description":"Learn more about the L\u00e8ve-personne portable PL Savaria from Soins aux patients de Savaria . Discover a great range of product type products and buy today","breadcrumb":{"@id":"https:\/\/savariapatientcare.com\/fr\/produit\/leve-personne-portable-pl-savaria\/#breadcrumb"},"inLanguage":"fr-CA","potentialAction":[{"@type":"ReadAction","target":["https:\/\/savariapatientcare.com\/fr\/produit\/leve-personne-portable-pl-savaria\/"]}]},{"@type":"ImageObject","inLanguage":"fr-CA","@id":"https:\/\/savariapatientcare.com\/fr\/produit\/leve-personne-portable-pl-savaria\/#primaryimage","url":"https:\/\/savariapatientcare.com\/wp-content\/uploads\/2023\/11\/savaria-portable-lift-pl-2-2048x1367-1.jpg","contentUrl":"https:\/\/savariapatientcare.com\/wp-content\/uploads\/2023\/11\/savaria-portable-lift-pl-2-2048x1367-1.jpg","width":2048,"height":1367},{"@type":"BreadcrumbList","@id":"https:\/\/savariapatientcare.com\/fr\/produit\/leve-personne-portable-pl-savaria\/#breadcrumb","itemListElement":[{"@type":"ListItem","position":1,"name":"Maison","item":"https:\/\/savariapatientcare.com\/fr\/"},{"@type":"ListItem","position":2,"name":"Products","item":"https:\/\/savariapatientcare.com\/shop\/"},{"@type":"ListItem","position":3,"name":"L\u00e8ve-personne portable PL Savaria"}]},{"@type":"WebSite","@id":"https:\/\/savariapatientcare.com\/#website","url":"https:\/\/savariapatientcare.com\/","name":"Savaria Patient Care","description":"","publisher":{"@id":"https:\/\/savariapatientcare.com\/#organization"},"potentialAction":[{"@type":"SearchAction","target":{"@type":"EntryPoint","urlTemplate":"https:\/\/savariapatientcare.com\/?s={search_term_string}"},"query-input":{"@type":"PropertyValueSpecification","valueRequired":true,"valueName":"search_term_string"}}],"inLanguage":"fr-CA"},{"@type":"Organization","@id":"https:\/\/savariapatientcare.com\/#organization","name":"Savaria","url":"https:\/\/savariapatientcare.com\/","logo":{"@type":"ImageObject","inLanguage":"fr-CA","@id":"https:\/\/savariapatientcare.com\/#\/schema\/logo\/image\/","url":"https:\/\/savariapatientcare.com\/wp-content\/uploads\/2023\/10\/Savaria-Logo.svg","contentUrl":"https:\/\/savariapatientcare.com\/wp-content\/uploads\/2023\/10\/Savaria-Logo.svg","width":1,"height":1,"caption":"Savaria"},"image":{"@id":"https:\/\/savariapatientcare.com\/#\/schema\/logo\/image\/"}}]}},"_links":{"self":[{"href":"https:\/\/savariapatientcare.com\/fr\/wp-json\/wp\/v2\/product\/86093","targetHints":{"allow":["GET"]}}],"collection":[{"href":"https:\/\/savariapatientcare.com\/fr\/wp-json\/wp\/v2\/product"}],"about":[{"href":"https:\/\/savariapatientcare.com\/fr\/wp-json\/wp\/v2\/types\/product"}],"replies":[{"embeddable":true,"href":"https:\/\/savariapatientcare.com\/fr\/wp-json\/wp\/v2\/comments?post=86093"}],"wp:featuredmedia":[{"embeddable":true,"href":"https:\/\/savariapatientcare.com\/fr\/wp-json\/wp\/v2\/media\/86095"}],"wp:attachment":[{"href":"https:\/\/savariapatientcare.com\/fr\/wp-json\/wp\/v2\/media?parent=86093"}],"wp:term":[{"taxonomy":"care-type","embeddable":true,"href":"https:\/\/savariapatientcare.com\/fr\/wp-json\/wp\/v2\/care-type?post=86093"},{"taxonomy":"technology","embeddable":true,"href":"https:\/\/savariapatientcare.com\/fr\/wp-json\/wp\/v2\/technology?post=86093"},{"taxonomy":"product_brand","embeddable":true,"href":"https:\/\/savariapatientcare.com\/fr\/wp-json\/wp\/v2\/product_brand?post=86093"},{"taxonomy":"product_cat","embeddable":true,"href":"https:\/\/savariapatientcare.com\/fr\/wp-json\/wp\/v2\/product_cat?post=86093"},{"taxonomy":"product_tag","embeddable":true,"href":"https:\/\/savariapatientcare.com\/fr\/wp-json\/wp\/v2\/product_tag?post=86093"}],"curies":[{"name":"wp","href":"https:\/\/api.w.org\/{rel}","templated":true}]}}