{"id":86044,"date":"2023-12-05T14:53:11","date_gmt":"2023-12-05T14:53:11","guid":{"rendered":"https:\/\/savariapatientcare.com\/product\/geo-mattress-350\/"},"modified":"2025-12-23T14:19:42","modified_gmt":"2025-12-23T14:19:42","slug":"geo-mattress-350","status":"publish","type":"product","link":"https:\/\/savariapatientcare.com\/fr\/produit\/geo-mattress-350\/","title":{"rendered":"SPAN Geo-Mattress 350"},"content":{"rendered":"","protected":false},"excerpt":{"rendered":"<p>La surface sup\u00e9rieure segment\u00e9e, la hauteur de 6\u00a0po (15\u00a0cm) et la housse imperm\u00e9able aux liquides font du nouveau 350 un excellent choix pour les patients corpulents en soins \u00e0 domicile. Il s\u2019agit \u00e9galement d\u2019une option \u00e9conomique et efficace pour les r\u00e9sidents en \u00e9tablissements de soins de longue dur\u00e9e. Une option avantageuse qui r\u00e9pond \u00e0 de nombreux besoins.<\/p>\n","protected":false},"featured_media":86046,"comment_status":"open","ping_status":"closed","template":"","meta":{"_acf_changed":false},"care-type":[373,367],"technology":[],"product_brand":[],"product_cat":[401,402],"product_tag":[],"class_list":{"0":"post-86044","1":"product","2":"type-product","3":"status-publish","4":"has-post-thumbnail","6":"care-type-soins-a-domicile","7":"care-type-soins-de-longue-duree","8":"product_cat-surfaces-de-prevention","9":"product_cat-surfaces-de-support","11":"first","12":"instock","13":"shipping-taxable","14":"product-type-simple"},"acf":[],"yoast_head":"<!-- This site is optimized with the Yoast SEO Premium plugin v25.6 (Yoast SEO v27.2) - https:\/\/yoast.com\/product\/yoast-seo-premium-wordpress\/ -->\n<title>SPAN Geo-Mattress 350 | Soins aux patients de Savaria<\/title>\n<meta name=\"description\" content=\"Learn more about the SPAN Geo-Mattress 350 from Soins aux patients de Savaria . Discover a great range of product type products and buy today\" \/>\n<meta name=\"robots\" content=\"index, follow, max-snippet:-1, max-image-preview:large, max-video-preview:-1\" \/>\n<link rel=\"canonical\" href=\"https:\/\/savariapatientcare.com\/fr\/produit\/geo-mattress-350\/\" \/>\n<meta property=\"og:locale\" content=\"fr_CA\" \/>\n<meta property=\"og:type\" content=\"article\" \/>\n<meta property=\"og:title\" content=\"SPAN Geo-Mattress 350\" \/>\n<meta property=\"og:description\" content=\"Learn more about the SPAN Geo-Mattress 350 from Soins aux patients de Savaria . Discover a great range of product type products and buy today\" \/>\n<meta property=\"og:url\" content=\"https:\/\/savariapatientcare.com\/fr\/produit\/geo-mattress-350\/\" \/>\n<meta property=\"og:site_name\" content=\"Soins aux patients de Savaria\" \/>\n<meta property=\"article:modified_time\" content=\"2025-12-23T14:19:42+00:00\" \/>\n<meta property=\"og:image\" content=\"https:\/\/savariapatientcare.com\/wp-content\/uploads\/2023\/12\/Savaria_SPAN_GeoMatt_350_Room.png\" \/>\n\t<meta property=\"og:image:width\" content=\"1800\" \/>\n\t<meta property=\"og:image:height\" content=\"1800\" \/>\n\t<meta property=\"og:image:type\" content=\"image\/png\" \/>\n<meta name=\"twitter:card\" content=\"summary_large_image\" \/>\n<meta name=\"twitter:label1\" content=\"Estimation du temps de lecture\" \/>\n\t<meta name=\"twitter:data1\" content=\"1 minute\" \/>\n<script type=\"application\/ld+json\" class=\"yoast-schema-graph\">{\"@context\":\"https:\/\/schema.org\",\"@graph\":[{\"@type\":\"WebPage\",\"@id\":\"https:\/\/savariapatientcare.com\/fr\/produit\/geo-mattress-350\/\",\"url\":\"https:\/\/savariapatientcare.com\/fr\/produit\/geo-mattress-350\/\",\"name\":\"SPAN Geo-Mattress 350 | Soins aux patients de Savaria\",\"isPartOf\":{\"@id\":\"https:\/\/savariapatientcare.com\/#website\"},\"primaryImageOfPage\":{\"@id\":\"https:\/\/savariapatientcare.com\/fr\/produit\/geo-mattress-350\/#primaryimage\"},\"image\":{\"@id\":\"https:\/\/savariapatientcare.com\/fr\/produit\/geo-mattress-350\/#primaryimage\"},\"thumbnailUrl\":\"https:\/\/savariapatientcare.com\/wp-content\/uploads\/2023\/12\/Savaria_SPAN_GeoMatt_350_Room.png\",\"datePublished\":\"2023-12-05T14:53:11+00:00\",\"dateModified\":\"2025-12-23T14:19:42+00:00\",\"description\":\"Learn more about the SPAN Geo-Mattress 350 from Soins aux patients de Savaria . Discover a great range of product type products and buy today\",\"breadcrumb\":{\"@id\":\"https:\/\/savariapatientcare.com\/fr\/produit\/geo-mattress-350\/#breadcrumb\"},\"inLanguage\":\"fr-CA\",\"potentialAction\":[{\"@type\":\"ReadAction\",\"target\":[\"https:\/\/savariapatientcare.com\/fr\/produit\/geo-mattress-350\/\"]}]},{\"@type\":\"ImageObject\",\"inLanguage\":\"fr-CA\",\"@id\":\"https:\/\/savariapatientcare.com\/fr\/produit\/geo-mattress-350\/#primaryimage\",\"url\":\"https:\/\/savariapatientcare.com\/wp-content\/uploads\/2023\/12\/Savaria_SPAN_GeoMatt_350_Room.png\",\"contentUrl\":\"https:\/\/savariapatientcare.com\/wp-content\/uploads\/2023\/12\/Savaria_SPAN_GeoMatt_350_Room.png\",\"width\":1800,\"height\":1800},{\"@type\":\"BreadcrumbList\",\"@id\":\"https:\/\/savariapatientcare.com\/fr\/produit\/geo-mattress-350\/#breadcrumb\",\"itemListElement\":[{\"@type\":\"ListItem\",\"position\":1,\"name\":\"Maison\",\"item\":\"https:\/\/savariapatientcare.com\/fr\/\"},{\"@type\":\"ListItem\",\"position\":2,\"name\":\"Products\",\"item\":\"https:\/\/savariapatientcare.com\/shop\/\"},{\"@type\":\"ListItem\",\"position\":3,\"name\":\"SPAN Geo-Mattress 350\"}]},{\"@type\":\"WebSite\",\"@id\":\"https:\/\/savariapatientcare.com\/#website\",\"url\":\"https:\/\/savariapatientcare.com\/\",\"name\":\"Savaria Patient Care\",\"description\":\"\",\"publisher\":{\"@id\":\"https:\/\/savariapatientcare.com\/#organization\"},\"potentialAction\":[{\"@type\":\"SearchAction\",\"target\":{\"@type\":\"EntryPoint\",\"urlTemplate\":\"https:\/\/savariapatientcare.com\/?s={search_term_string}\"},\"query-input\":{\"@type\":\"PropertyValueSpecification\",\"valueRequired\":true,\"valueName\":\"search_term_string\"}}],\"inLanguage\":\"fr-CA\"},{\"@type\":\"Organization\",\"@id\":\"https:\/\/savariapatientcare.com\/#organization\",\"name\":\"Savaria\",\"url\":\"https:\/\/savariapatientcare.com\/\",\"logo\":{\"@type\":\"ImageObject\",\"inLanguage\":\"fr-CA\",\"@id\":\"https:\/\/savariapatientcare.com\/#\/schema\/logo\/image\/\",\"url\":\"https:\/\/savariapatientcare.com\/wp-content\/uploads\/2023\/10\/Savaria-Logo.svg\",\"contentUrl\":\"https:\/\/savariapatientcare.com\/wp-content\/uploads\/2023\/10\/Savaria-Logo.svg\",\"width\":1,\"height\":1,\"caption\":\"Savaria\"},\"image\":{\"@id\":\"https:\/\/savariapatientcare.com\/#\/schema\/logo\/image\/\"}}]}<\/script>\n<!-- \/ Yoast SEO Premium plugin. -->","yoast_head_json":{"title":"SPAN Geo-Mattress 350 | Soins aux patients de Savaria","description":"Learn more about the SPAN Geo-Mattress 350 from Soins aux patients de Savaria . Discover a great range of product type products and buy today","robots":{"index":"index","follow":"follow","max-snippet":"max-snippet:-1","max-image-preview":"max-image-preview:large","max-video-preview":"max-video-preview:-1"},"canonical":"https:\/\/savariapatientcare.com\/fr\/produit\/geo-mattress-350\/","og_locale":"fr_CA","og_type":"article","og_title":"SPAN Geo-Mattress 350","og_description":"Learn more about the SPAN Geo-Mattress 350 from Soins aux patients de Savaria . Discover a great range of product type products and buy today","og_url":"https:\/\/savariapatientcare.com\/fr\/produit\/geo-mattress-350\/","og_site_name":"Soins aux patients de Savaria","article_modified_time":"2025-12-23T14:19:42+00:00","og_image":[{"width":1800,"height":1800,"url":"https:\/\/savariapatientcare.com\/wp-content\/uploads\/2023\/12\/Savaria_SPAN_GeoMatt_350_Room.png","type":"image\/png"}],"twitter_card":"summary_large_image","twitter_misc":{"Estimation du temps de lecture":"1 minute"},"schema":{"@context":"https:\/\/schema.org","@graph":[{"@type":"WebPage","@id":"https:\/\/savariapatientcare.com\/fr\/produit\/geo-mattress-350\/","url":"https:\/\/savariapatientcare.com\/fr\/produit\/geo-mattress-350\/","name":"SPAN Geo-Mattress 350 | Soins aux patients de Savaria","isPartOf":{"@id":"https:\/\/savariapatientcare.com\/#website"},"primaryImageOfPage":{"@id":"https:\/\/savariapatientcare.com\/fr\/produit\/geo-mattress-350\/#primaryimage"},"image":{"@id":"https:\/\/savariapatientcare.com\/fr\/produit\/geo-mattress-350\/#primaryimage"},"thumbnailUrl":"https:\/\/savariapatientcare.com\/wp-content\/uploads\/2023\/12\/Savaria_SPAN_GeoMatt_350_Room.png","datePublished":"2023-12-05T14:53:11+00:00","dateModified":"2025-12-23T14:19:42+00:00","description":"Learn more about the SPAN Geo-Mattress 350 from Soins aux patients de Savaria . Discover a great range of product type products and buy today","breadcrumb":{"@id":"https:\/\/savariapatientcare.com\/fr\/produit\/geo-mattress-350\/#breadcrumb"},"inLanguage":"fr-CA","potentialAction":[{"@type":"ReadAction","target":["https:\/\/savariapatientcare.com\/fr\/produit\/geo-mattress-350\/"]}]},{"@type":"ImageObject","inLanguage":"fr-CA","@id":"https:\/\/savariapatientcare.com\/fr\/produit\/geo-mattress-350\/#primaryimage","url":"https:\/\/savariapatientcare.com\/wp-content\/uploads\/2023\/12\/Savaria_SPAN_GeoMatt_350_Room.png","contentUrl":"https:\/\/savariapatientcare.com\/wp-content\/uploads\/2023\/12\/Savaria_SPAN_GeoMatt_350_Room.png","width":1800,"height":1800},{"@type":"BreadcrumbList","@id":"https:\/\/savariapatientcare.com\/fr\/produit\/geo-mattress-350\/#breadcrumb","itemListElement":[{"@type":"ListItem","position":1,"name":"Maison","item":"https:\/\/savariapatientcare.com\/fr\/"},{"@type":"ListItem","position":2,"name":"Products","item":"https:\/\/savariapatientcare.com\/shop\/"},{"@type":"ListItem","position":3,"name":"SPAN Geo-Mattress 350"}]},{"@type":"WebSite","@id":"https:\/\/savariapatientcare.com\/#website","url":"https:\/\/savariapatientcare.com\/","name":"Savaria Patient Care","description":"","publisher":{"@id":"https:\/\/savariapatientcare.com\/#organization"},"potentialAction":[{"@type":"SearchAction","target":{"@type":"EntryPoint","urlTemplate":"https:\/\/savariapatientcare.com\/?s={search_term_string}"},"query-input":{"@type":"PropertyValueSpecification","valueRequired":true,"valueName":"search_term_string"}}],"inLanguage":"fr-CA"},{"@type":"Organization","@id":"https:\/\/savariapatientcare.com\/#organization","name":"Savaria","url":"https:\/\/savariapatientcare.com\/","logo":{"@type":"ImageObject","inLanguage":"fr-CA","@id":"https:\/\/savariapatientcare.com\/#\/schema\/logo\/image\/","url":"https:\/\/savariapatientcare.com\/wp-content\/uploads\/2023\/10\/Savaria-Logo.svg","contentUrl":"https:\/\/savariapatientcare.com\/wp-content\/uploads\/2023\/10\/Savaria-Logo.svg","width":1,"height":1,"caption":"Savaria"},"image":{"@id":"https:\/\/savariapatientcare.com\/#\/schema\/logo\/image\/"}}]}},"_links":{"self":[{"href":"https:\/\/savariapatientcare.com\/fr\/wp-json\/wp\/v2\/product\/86044","targetHints":{"allow":["GET"]}}],"collection":[{"href":"https:\/\/savariapatientcare.com\/fr\/wp-json\/wp\/v2\/product"}],"about":[{"href":"https:\/\/savariapatientcare.com\/fr\/wp-json\/wp\/v2\/types\/product"}],"replies":[{"embeddable":true,"href":"https:\/\/savariapatientcare.com\/fr\/wp-json\/wp\/v2\/comments?post=86044"}],"wp:featuredmedia":[{"embeddable":true,"href":"https:\/\/savariapatientcare.com\/fr\/wp-json\/wp\/v2\/media\/86046"}],"wp:attachment":[{"href":"https:\/\/savariapatientcare.com\/fr\/wp-json\/wp\/v2\/media?parent=86044"}],"wp:term":[{"taxonomy":"care-type","embeddable":true,"href":"https:\/\/savariapatientcare.com\/fr\/wp-json\/wp\/v2\/care-type?post=86044"},{"taxonomy":"technology","embeddable":true,"href":"https:\/\/savariapatientcare.com\/fr\/wp-json\/wp\/v2\/technology?post=86044"},{"taxonomy":"product_brand","embeddable":true,"href":"https:\/\/savariapatientcare.com\/fr\/wp-json\/wp\/v2\/product_brand?post=86044"},{"taxonomy":"product_cat","embeddable":true,"href":"https:\/\/savariapatientcare.com\/fr\/wp-json\/wp\/v2\/product_cat?post=86044"},{"taxonomy":"product_tag","embeddable":true,"href":"https:\/\/savariapatientcare.com\/fr\/wp-json\/wp\/v2\/product_tag?post=86044"}],"curies":[{"name":"wp","href":"https:\/\/api.w.org\/{rel}","templated":true}]}}