{"id":86038,"date":"2023-12-06T13:13:47","date_gmt":"2023-12-06T13:13:47","guid":{"rendered":"https:\/\/savariapatientcare.com\/product\/geo-mattress-ultramax\/"},"modified":"2025-11-27T16:17:03","modified_gmt":"2025-11-27T16:17:03","slug":"geo-mattress-ultramax","status":"publish","type":"product","link":"https:\/\/savariapatientcare.com\/fr\/produit\/geo-mattress-ultramax\/","title":{"rendered":"SPAN Geo-Mattress<sup>MD<\/sup>  UltraMax<sup>MC<\/sup>"},"content":{"rendered":"<h3 style=\"text-align: center;\">D\u00e9velopp\u00e9 pour surpasser les exigences les plus strictes des services de soins de courte dur\u00e9e<\/h3>\n<p style=\"text-align: center;\">Le Geo-Mattress<sup>MD<\/sup> UltraMax<sup>MC<\/sup> est con\u00e7u avec pr\u00e9cision pour favoriser un sommeil r\u00e9parateur et durable, essentiel \u00e0 la gu\u00e9rison et au r\u00e9tablissement. La section torso exclusive UHP 500<sup>MC<\/sup> et la conception 3-dimensional Zoning<sup>MC<\/sup> garantissent un soutien et une durabilit\u00e9 in\u00e9gal\u00e9s par les mousses traditionnelles en HR, latex ou visco\u00e9lastique. La surface segment\u00e9e Geo-Matt<sup>MD<\/sup> et la conception Shear Transfer Zone<sup>MC<\/sup> offrent une protection incomparable contre le cisaillement, la pression et l\u2019accumulation de chaleur et d\u2019humidit\u00e9. Le p\u00e9rim\u00e8tre<\/p>\n<p style=\"text-align: center;\">ferme offre une stabilit\u00e9 accrue au bord du lit, ce qui contribue \u00e0 pr\u00e9venir les chutes et assurer la s\u00e9Assise robuste en mousse ultra-performantecurit\u00e9 lors des entr\u00e9es et sorties.<\/p>\n","protected":false},"excerpt":{"rendered":"<p>Sa conception innovante distingue l\u2019UltraMax<sup>MC<\/sup> des surfaces r\u00e9actives typiques et lui permet de d\u00e9passer les exigences les plus rigoureuses du milieu des soins de courte dur\u00e9e.<\/p>\n<ul>\n<li>Surface r\u00e9active avec section d\u2019assise ultra-performante<\/li>\n<li>\u00a0Housse extensible dans les deux directions avec zones de transfert de cisaillement Shear Transfer Zones<sup>MD<\/sup><\/li>\n<li>D\u00e9passe m\u00eame les exigences les plus rigoureuses des soins de courte dur\u00e9e.<\/li>\n<\/ul>\n","protected":false},"featured_media":86040,"comment_status":"open","ping_status":"closed","template":"","meta":{"_acf_changed":false},"care-type":[364],"technology":[409],"product_brand":[],"product_cat":[401,402],"product_tag":[],"class_list":{"0":"post-86038","1":"product","2":"type-product","3":"status-publish","4":"has-post-thumbnail","6":"care-type-soins-de-courte-duree","7":"technology-lifespan-fr","8":"product_cat-surfaces-de-prevention","9":"product_cat-surfaces-de-support","11":"first","12":"instock","13":"shipping-taxable","14":"product-type-simple"},"acf":[],"yoast_head":"<!-- This site is optimized with the Yoast SEO Premium plugin v25.6 (Yoast SEO v27.2) - https:\/\/yoast.com\/product\/yoast-seo-premium-wordpress\/ -->\n<title>SPAN Geo-MattressMD UltraMaxMC | Soins aux patients de Savaria<\/title>\n<meta name=\"description\" content=\"Learn more about the SPAN Geo-MattressMD UltraMaxMC from Soins aux patients de Savaria . Discover a great range of product type products and buy today\" \/>\n<meta name=\"robots\" content=\"index, follow, max-snippet:-1, max-image-preview:large, max-video-preview:-1\" \/>\n<link rel=\"canonical\" href=\"https:\/\/savariapatientcare.com\/fr\/produit\/geo-mattress-ultramax\/\" \/>\n<meta property=\"og:locale\" content=\"fr_CA\" \/>\n<meta property=\"og:type\" content=\"article\" \/>\n<meta property=\"og:title\" content=\"SPAN Geo-MattressMD UltraMaxMC\" \/>\n<meta property=\"og:description\" content=\"Learn more about the SPAN Geo-MattressMD UltraMaxMC from Soins aux patients de Savaria . Discover a great range of product type products and buy today\" \/>\n<meta property=\"og:url\" content=\"https:\/\/savariapatientcare.com\/fr\/produit\/geo-mattress-ultramax\/\" \/>\n<meta property=\"og:site_name\" content=\"Soins aux patients de Savaria\" \/>\n<meta property=\"article:modified_time\" content=\"2025-11-27T16:17:03+00:00\" \/>\n<meta property=\"og:image\" content=\"https:\/\/savariapatientcare.com\/wp-content\/uploads\/2023\/12\/UltraMax_Hospital-Room.png\" \/>\n\t<meta property=\"og:image:width\" content=\"900\" \/>\n\t<meta property=\"og:image:height\" content=\"900\" \/>\n\t<meta property=\"og:image:type\" content=\"image\/png\" \/>\n<meta name=\"twitter:card\" content=\"summary_large_image\" \/>\n<meta name=\"twitter:label1\" content=\"Estimation du temps de lecture\" \/>\n\t<meta name=\"twitter:data1\" content=\"1 minute\" \/>\n<script type=\"application\/ld+json\" class=\"yoast-schema-graph\">{\"@context\":\"https:\/\/schema.org\",\"@graph\":[{\"@type\":\"WebPage\",\"@id\":\"https:\/\/savariapatientcare.com\/fr\/produit\/geo-mattress-ultramax\/\",\"url\":\"https:\/\/savariapatientcare.com\/fr\/produit\/geo-mattress-ultramax\/\",\"name\":\"SPAN Geo-MattressMD UltraMaxMC | Soins aux patients de Savaria\",\"isPartOf\":{\"@id\":\"https:\/\/savariapatientcare.com\/#website\"},\"primaryImageOfPage\":{\"@id\":\"https:\/\/savariapatientcare.com\/fr\/produit\/geo-mattress-ultramax\/#primaryimage\"},\"image\":{\"@id\":\"https:\/\/savariapatientcare.com\/fr\/produit\/geo-mattress-ultramax\/#primaryimage\"},\"thumbnailUrl\":\"https:\/\/savariapatientcare.com\/wp-content\/uploads\/2023\/12\/UltraMax_Hospital-Room.png\",\"datePublished\":\"2023-12-06T13:13:47+00:00\",\"dateModified\":\"2025-11-27T16:17:03+00:00\",\"description\":\"Learn more about the SPAN Geo-MattressMD UltraMaxMC from Soins aux patients de Savaria . Discover a great range of product type products and buy today\",\"breadcrumb\":{\"@id\":\"https:\/\/savariapatientcare.com\/fr\/produit\/geo-mattress-ultramax\/#breadcrumb\"},\"inLanguage\":\"fr-CA\",\"potentialAction\":[{\"@type\":\"ReadAction\",\"target\":[\"https:\/\/savariapatientcare.com\/fr\/produit\/geo-mattress-ultramax\/\"]}]},{\"@type\":\"ImageObject\",\"inLanguage\":\"fr-CA\",\"@id\":\"https:\/\/savariapatientcare.com\/fr\/produit\/geo-mattress-ultramax\/#primaryimage\",\"url\":\"https:\/\/savariapatientcare.com\/wp-content\/uploads\/2023\/12\/UltraMax_Hospital-Room.png\",\"contentUrl\":\"https:\/\/savariapatientcare.com\/wp-content\/uploads\/2023\/12\/UltraMax_Hospital-Room.png\",\"width\":900,\"height\":900},{\"@type\":\"BreadcrumbList\",\"@id\":\"https:\/\/savariapatientcare.com\/fr\/produit\/geo-mattress-ultramax\/#breadcrumb\",\"itemListElement\":[{\"@type\":\"ListItem\",\"position\":1,\"name\":\"Maison\",\"item\":\"https:\/\/savariapatientcare.com\/fr\/\"},{\"@type\":\"ListItem\",\"position\":2,\"name\":\"Products\",\"item\":\"https:\/\/savariapatientcare.com\/shop\/\"},{\"@type\":\"ListItem\",\"position\":3,\"name\":\"SPAN Geo-MattressMD UltraMaxMC\"}]},{\"@type\":\"WebSite\",\"@id\":\"https:\/\/savariapatientcare.com\/#website\",\"url\":\"https:\/\/savariapatientcare.com\/\",\"name\":\"Savaria Patient Care\",\"description\":\"\",\"publisher\":{\"@id\":\"https:\/\/savariapatientcare.com\/#organization\"},\"potentialAction\":[{\"@type\":\"SearchAction\",\"target\":{\"@type\":\"EntryPoint\",\"urlTemplate\":\"https:\/\/savariapatientcare.com\/?s={search_term_string}\"},\"query-input\":{\"@type\":\"PropertyValueSpecification\",\"valueRequired\":true,\"valueName\":\"search_term_string\"}}],\"inLanguage\":\"fr-CA\"},{\"@type\":\"Organization\",\"@id\":\"https:\/\/savariapatientcare.com\/#organization\",\"name\":\"Savaria\",\"url\":\"https:\/\/savariapatientcare.com\/\",\"logo\":{\"@type\":\"ImageObject\",\"inLanguage\":\"fr-CA\",\"@id\":\"https:\/\/savariapatientcare.com\/#\/schema\/logo\/image\/\",\"url\":\"https:\/\/savariapatientcare.com\/wp-content\/uploads\/2023\/10\/Savaria-Logo.svg\",\"contentUrl\":\"https:\/\/savariapatientcare.com\/wp-content\/uploads\/2023\/10\/Savaria-Logo.svg\",\"width\":1,\"height\":1,\"caption\":\"Savaria\"},\"image\":{\"@id\":\"https:\/\/savariapatientcare.com\/#\/schema\/logo\/image\/\"}}]}<\/script>\n<!-- \/ Yoast SEO Premium plugin. -->","yoast_head_json":{"title":"SPAN Geo-MattressMD UltraMaxMC | Soins aux patients de Savaria","description":"Learn more about the SPAN Geo-MattressMD UltraMaxMC from Soins aux patients de Savaria . Discover a great range of product type products and buy today","robots":{"index":"index","follow":"follow","max-snippet":"max-snippet:-1","max-image-preview":"max-image-preview:large","max-video-preview":"max-video-preview:-1"},"canonical":"https:\/\/savariapatientcare.com\/fr\/produit\/geo-mattress-ultramax\/","og_locale":"fr_CA","og_type":"article","og_title":"SPAN Geo-MattressMD UltraMaxMC","og_description":"Learn more about the SPAN Geo-MattressMD UltraMaxMC from Soins aux patients de Savaria . Discover a great range of product type products and buy today","og_url":"https:\/\/savariapatientcare.com\/fr\/produit\/geo-mattress-ultramax\/","og_site_name":"Soins aux patients de Savaria","article_modified_time":"2025-11-27T16:17:03+00:00","og_image":[{"width":900,"height":900,"url":"https:\/\/savariapatientcare.com\/wp-content\/uploads\/2023\/12\/UltraMax_Hospital-Room.png","type":"image\/png"}],"twitter_card":"summary_large_image","twitter_misc":{"Estimation du temps de lecture":"1 minute"},"schema":{"@context":"https:\/\/schema.org","@graph":[{"@type":"WebPage","@id":"https:\/\/savariapatientcare.com\/fr\/produit\/geo-mattress-ultramax\/","url":"https:\/\/savariapatientcare.com\/fr\/produit\/geo-mattress-ultramax\/","name":"SPAN Geo-MattressMD UltraMaxMC | Soins aux patients de Savaria","isPartOf":{"@id":"https:\/\/savariapatientcare.com\/#website"},"primaryImageOfPage":{"@id":"https:\/\/savariapatientcare.com\/fr\/produit\/geo-mattress-ultramax\/#primaryimage"},"image":{"@id":"https:\/\/savariapatientcare.com\/fr\/produit\/geo-mattress-ultramax\/#primaryimage"},"thumbnailUrl":"https:\/\/savariapatientcare.com\/wp-content\/uploads\/2023\/12\/UltraMax_Hospital-Room.png","datePublished":"2023-12-06T13:13:47+00:00","dateModified":"2025-11-27T16:17:03+00:00","description":"Learn more about the SPAN Geo-MattressMD UltraMaxMC from Soins aux patients de Savaria . Discover a great range of product type products and buy today","breadcrumb":{"@id":"https:\/\/savariapatientcare.com\/fr\/produit\/geo-mattress-ultramax\/#breadcrumb"},"inLanguage":"fr-CA","potentialAction":[{"@type":"ReadAction","target":["https:\/\/savariapatientcare.com\/fr\/produit\/geo-mattress-ultramax\/"]}]},{"@type":"ImageObject","inLanguage":"fr-CA","@id":"https:\/\/savariapatientcare.com\/fr\/produit\/geo-mattress-ultramax\/#primaryimage","url":"https:\/\/savariapatientcare.com\/wp-content\/uploads\/2023\/12\/UltraMax_Hospital-Room.png","contentUrl":"https:\/\/savariapatientcare.com\/wp-content\/uploads\/2023\/12\/UltraMax_Hospital-Room.png","width":900,"height":900},{"@type":"BreadcrumbList","@id":"https:\/\/savariapatientcare.com\/fr\/produit\/geo-mattress-ultramax\/#breadcrumb","itemListElement":[{"@type":"ListItem","position":1,"name":"Maison","item":"https:\/\/savariapatientcare.com\/fr\/"},{"@type":"ListItem","position":2,"name":"Products","item":"https:\/\/savariapatientcare.com\/shop\/"},{"@type":"ListItem","position":3,"name":"SPAN Geo-MattressMD UltraMaxMC"}]},{"@type":"WebSite","@id":"https:\/\/savariapatientcare.com\/#website","url":"https:\/\/savariapatientcare.com\/","name":"Savaria Patient Care","description":"","publisher":{"@id":"https:\/\/savariapatientcare.com\/#organization"},"potentialAction":[{"@type":"SearchAction","target":{"@type":"EntryPoint","urlTemplate":"https:\/\/savariapatientcare.com\/?s={search_term_string}"},"query-input":{"@type":"PropertyValueSpecification","valueRequired":true,"valueName":"search_term_string"}}],"inLanguage":"fr-CA"},{"@type":"Organization","@id":"https:\/\/savariapatientcare.com\/#organization","name":"Savaria","url":"https:\/\/savariapatientcare.com\/","logo":{"@type":"ImageObject","inLanguage":"fr-CA","@id":"https:\/\/savariapatientcare.com\/#\/schema\/logo\/image\/","url":"https:\/\/savariapatientcare.com\/wp-content\/uploads\/2023\/10\/Savaria-Logo.svg","contentUrl":"https:\/\/savariapatientcare.com\/wp-content\/uploads\/2023\/10\/Savaria-Logo.svg","width":1,"height":1,"caption":"Savaria"},"image":{"@id":"https:\/\/savariapatientcare.com\/#\/schema\/logo\/image\/"}}]}},"_links":{"self":[{"href":"https:\/\/savariapatientcare.com\/fr\/wp-json\/wp\/v2\/product\/86038","targetHints":{"allow":["GET"]}}],"collection":[{"href":"https:\/\/savariapatientcare.com\/fr\/wp-json\/wp\/v2\/product"}],"about":[{"href":"https:\/\/savariapatientcare.com\/fr\/wp-json\/wp\/v2\/types\/product"}],"replies":[{"embeddable":true,"href":"https:\/\/savariapatientcare.com\/fr\/wp-json\/wp\/v2\/comments?post=86038"}],"wp:featuredmedia":[{"embeddable":true,"href":"https:\/\/savariapatientcare.com\/fr\/wp-json\/wp\/v2\/media\/86040"}],"wp:attachment":[{"href":"https:\/\/savariapatientcare.com\/fr\/wp-json\/wp\/v2\/media?parent=86038"}],"wp:term":[{"taxonomy":"care-type","embeddable":true,"href":"https:\/\/savariapatientcare.com\/fr\/wp-json\/wp\/v2\/care-type?post=86038"},{"taxonomy":"technology","embeddable":true,"href":"https:\/\/savariapatientcare.com\/fr\/wp-json\/wp\/v2\/technology?post=86038"},{"taxonomy":"product_brand","embeddable":true,"href":"https:\/\/savariapatientcare.com\/fr\/wp-json\/wp\/v2\/product_brand?post=86038"},{"taxonomy":"product_cat","embeddable":true,"href":"https:\/\/savariapatientcare.com\/fr\/wp-json\/wp\/v2\/product_cat?post=86038"},{"taxonomy":"product_tag","embeddable":true,"href":"https:\/\/savariapatientcare.com\/fr\/wp-json\/wp\/v2\/product_tag?post=86038"}],"curies":[{"name":"wp","href":"https:\/\/api.w.org\/{rel}","templated":true}]}}