{"id":86032,"date":"2023-12-06T13:24:17","date_gmt":"2023-12-06T13:24:17","guid":{"rendered":"https:\/\/savariapatientcare.com\/product\/geo-mattress-max\/"},"modified":"2025-11-27T16:14:14","modified_gmt":"2025-11-27T16:14:14","slug":"geo-mattress-max","status":"publish","type":"product","link":"https:\/\/savariapatientcare.com\/fr\/produit\/geo-mattress-max\/","title":{"rendered":"SPAN Geo-Mattress Max"},"content":{"rendered":"","protected":false},"excerpt":{"rendered":"<p>Le Geo-Mattress Max est un matelas th\u00e9rapeutique en mousse qui offre un confort et un soutien sup\u00e9rieurs pour un repos et un r\u00e9tablissement optimaux.<\/p>\n<ul>\n<li>La mousse \u00e0 m\u00e9moire de forme visco\u00e9lastique de haute r\u00e9silience luxueuse dans la section des pieds am\u00e9liore les propri\u00e9t\u00e9s de r\u00e9duction de la pression de la fonction \u00ab pente au talon \u00bb.<\/li>\n<li>Les traversins fermes sur le p\u00e9rim\u00e8tre aident \u00e0 assurer des transferts s\u00fbrs, une assise plus stable au bord du lit et r\u00e9duisent le risque d\u2019espacement au niveau des barri\u00e8res lat\u00e9rales.<\/li>\n<li>La surface sup\u00e9rieure extra-douce et haute performance offre une immersion maximale et une sensation in\u00e9gal\u00e9e contre la peau de l\u2019utilisateur<\/li>\n<\/ul>\n","protected":false},"featured_media":86034,"comment_status":"open","ping_status":"closed","template":"","meta":{"_acf_changed":false},"care-type":[364,367],"technology":[],"product_brand":[],"product_cat":[401,402],"product_tag":[],"class_list":{"0":"post-86032","1":"product","2":"type-product","3":"status-publish","4":"has-post-thumbnail","6":"care-type-soins-de-courte-duree","7":"care-type-soins-de-longue-duree","8":"product_cat-surfaces-de-prevention","9":"product_cat-surfaces-de-support","11":"first","12":"instock","13":"shipping-taxable","14":"product-type-simple"},"acf":[],"yoast_head":"<!-- This site is optimized with the Yoast SEO Premium plugin v25.6 (Yoast SEO v27.2) - https:\/\/yoast.com\/product\/yoast-seo-premium-wordpress\/ -->\n<title>SPAN Geo-Mattress Max | Soins aux patients de Savaria<\/title>\n<meta name=\"description\" content=\"Learn more about the SPAN Geo-Mattress Max from Soins aux patients de Savaria . Discover a great range of product type products and buy today\" \/>\n<meta name=\"robots\" content=\"index, follow, max-snippet:-1, max-image-preview:large, max-video-preview:-1\" \/>\n<link rel=\"canonical\" href=\"https:\/\/savariapatientcare.com\/fr\/produit\/geo-mattress-max\/\" \/>\n<meta property=\"og:locale\" content=\"fr_CA\" \/>\n<meta property=\"og:type\" content=\"article\" \/>\n<meta property=\"og:title\" content=\"SPAN Geo-Mattress Max\" \/>\n<meta property=\"og:description\" content=\"Learn more about the SPAN Geo-Mattress Max from Soins aux patients de Savaria . Discover a great range of product type products and buy today\" \/>\n<meta property=\"og:url\" content=\"https:\/\/savariapatientcare.com\/fr\/produit\/geo-mattress-max\/\" \/>\n<meta property=\"og:site_name\" content=\"Soins aux patients de Savaria\" \/>\n<meta property=\"article:modified_time\" content=\"2025-11-27T16:14:14+00:00\" \/>\n<meta property=\"og:image\" content=\"https:\/\/savariapatientcare.com\/wp-content\/uploads\/2023\/12\/Savaria_SPAN_GeoMatt_MAX_Room.png\" \/>\n\t<meta property=\"og:image:width\" content=\"1800\" \/>\n\t<meta property=\"og:image:height\" content=\"1800\" \/>\n\t<meta property=\"og:image:type\" content=\"image\/png\" \/>\n<meta name=\"twitter:card\" content=\"summary_large_image\" \/>\n<meta name=\"twitter:label1\" content=\"Estimation du temps de lecture\" \/>\n\t<meta name=\"twitter:data1\" content=\"1 minute\" \/>\n<script type=\"application\/ld+json\" class=\"yoast-schema-graph\">{\"@context\":\"https:\/\/schema.org\",\"@graph\":[{\"@type\":\"WebPage\",\"@id\":\"https:\/\/savariapatientcare.com\/fr\/produit\/geo-mattress-max\/\",\"url\":\"https:\/\/savariapatientcare.com\/fr\/produit\/geo-mattress-max\/\",\"name\":\"SPAN Geo-Mattress Max | Soins aux patients de Savaria\",\"isPartOf\":{\"@id\":\"https:\/\/savariapatientcare.com\/#website\"},\"primaryImageOfPage\":{\"@id\":\"https:\/\/savariapatientcare.com\/fr\/produit\/geo-mattress-max\/#primaryimage\"},\"image\":{\"@id\":\"https:\/\/savariapatientcare.com\/fr\/produit\/geo-mattress-max\/#primaryimage\"},\"thumbnailUrl\":\"https:\/\/savariapatientcare.com\/wp-content\/uploads\/2023\/12\/Savaria_SPAN_GeoMatt_MAX_Room.png\",\"datePublished\":\"2023-12-06T13:24:17+00:00\",\"dateModified\":\"2025-11-27T16:14:14+00:00\",\"description\":\"Learn more about the SPAN Geo-Mattress Max from Soins aux patients de Savaria . Discover a great range of product type products and buy today\",\"breadcrumb\":{\"@id\":\"https:\/\/savariapatientcare.com\/fr\/produit\/geo-mattress-max\/#breadcrumb\"},\"inLanguage\":\"fr-CA\",\"potentialAction\":[{\"@type\":\"ReadAction\",\"target\":[\"https:\/\/savariapatientcare.com\/fr\/produit\/geo-mattress-max\/\"]}]},{\"@type\":\"ImageObject\",\"inLanguage\":\"fr-CA\",\"@id\":\"https:\/\/savariapatientcare.com\/fr\/produit\/geo-mattress-max\/#primaryimage\",\"url\":\"https:\/\/savariapatientcare.com\/wp-content\/uploads\/2023\/12\/Savaria_SPAN_GeoMatt_MAX_Room.png\",\"contentUrl\":\"https:\/\/savariapatientcare.com\/wp-content\/uploads\/2023\/12\/Savaria_SPAN_GeoMatt_MAX_Room.png\",\"width\":1800,\"height\":1800},{\"@type\":\"BreadcrumbList\",\"@id\":\"https:\/\/savariapatientcare.com\/fr\/produit\/geo-mattress-max\/#breadcrumb\",\"itemListElement\":[{\"@type\":\"ListItem\",\"position\":1,\"name\":\"Maison\",\"item\":\"https:\/\/savariapatientcare.com\/fr\/\"},{\"@type\":\"ListItem\",\"position\":2,\"name\":\"Products\",\"item\":\"https:\/\/savariapatientcare.com\/shop\/\"},{\"@type\":\"ListItem\",\"position\":3,\"name\":\"SPAN Geo-Mattress Max\"}]},{\"@type\":\"WebSite\",\"@id\":\"https:\/\/savariapatientcare.com\/#website\",\"url\":\"https:\/\/savariapatientcare.com\/\",\"name\":\"Savaria Patient Care\",\"description\":\"\",\"publisher\":{\"@id\":\"https:\/\/savariapatientcare.com\/#organization\"},\"potentialAction\":[{\"@type\":\"SearchAction\",\"target\":{\"@type\":\"EntryPoint\",\"urlTemplate\":\"https:\/\/savariapatientcare.com\/?s={search_term_string}\"},\"query-input\":{\"@type\":\"PropertyValueSpecification\",\"valueRequired\":true,\"valueName\":\"search_term_string\"}}],\"inLanguage\":\"fr-CA\"},{\"@type\":\"Organization\",\"@id\":\"https:\/\/savariapatientcare.com\/#organization\",\"name\":\"Savaria\",\"url\":\"https:\/\/savariapatientcare.com\/\",\"logo\":{\"@type\":\"ImageObject\",\"inLanguage\":\"fr-CA\",\"@id\":\"https:\/\/savariapatientcare.com\/#\/schema\/logo\/image\/\",\"url\":\"https:\/\/savariapatientcare.com\/wp-content\/uploads\/2023\/10\/Savaria-Logo.svg\",\"contentUrl\":\"https:\/\/savariapatientcare.com\/wp-content\/uploads\/2023\/10\/Savaria-Logo.svg\",\"width\":1,\"height\":1,\"caption\":\"Savaria\"},\"image\":{\"@id\":\"https:\/\/savariapatientcare.com\/#\/schema\/logo\/image\/\"}}]}<\/script>\n<!-- \/ Yoast SEO Premium plugin. -->","yoast_head_json":{"title":"SPAN Geo-Mattress Max | Soins aux patients de Savaria","description":"Learn more about the SPAN Geo-Mattress Max from Soins aux patients de Savaria . Discover a great range of product type products and buy today","robots":{"index":"index","follow":"follow","max-snippet":"max-snippet:-1","max-image-preview":"max-image-preview:large","max-video-preview":"max-video-preview:-1"},"canonical":"https:\/\/savariapatientcare.com\/fr\/produit\/geo-mattress-max\/","og_locale":"fr_CA","og_type":"article","og_title":"SPAN Geo-Mattress Max","og_description":"Learn more about the SPAN Geo-Mattress Max from Soins aux patients de Savaria . Discover a great range of product type products and buy today","og_url":"https:\/\/savariapatientcare.com\/fr\/produit\/geo-mattress-max\/","og_site_name":"Soins aux patients de Savaria","article_modified_time":"2025-11-27T16:14:14+00:00","og_image":[{"width":1800,"height":1800,"url":"https:\/\/savariapatientcare.com\/wp-content\/uploads\/2023\/12\/Savaria_SPAN_GeoMatt_MAX_Room.png","type":"image\/png"}],"twitter_card":"summary_large_image","twitter_misc":{"Estimation du temps de lecture":"1 minute"},"schema":{"@context":"https:\/\/schema.org","@graph":[{"@type":"WebPage","@id":"https:\/\/savariapatientcare.com\/fr\/produit\/geo-mattress-max\/","url":"https:\/\/savariapatientcare.com\/fr\/produit\/geo-mattress-max\/","name":"SPAN Geo-Mattress Max | Soins aux patients de Savaria","isPartOf":{"@id":"https:\/\/savariapatientcare.com\/#website"},"primaryImageOfPage":{"@id":"https:\/\/savariapatientcare.com\/fr\/produit\/geo-mattress-max\/#primaryimage"},"image":{"@id":"https:\/\/savariapatientcare.com\/fr\/produit\/geo-mattress-max\/#primaryimage"},"thumbnailUrl":"https:\/\/savariapatientcare.com\/wp-content\/uploads\/2023\/12\/Savaria_SPAN_GeoMatt_MAX_Room.png","datePublished":"2023-12-06T13:24:17+00:00","dateModified":"2025-11-27T16:14:14+00:00","description":"Learn more about the SPAN Geo-Mattress Max from Soins aux patients de Savaria . Discover a great range of product type products and buy today","breadcrumb":{"@id":"https:\/\/savariapatientcare.com\/fr\/produit\/geo-mattress-max\/#breadcrumb"},"inLanguage":"fr-CA","potentialAction":[{"@type":"ReadAction","target":["https:\/\/savariapatientcare.com\/fr\/produit\/geo-mattress-max\/"]}]},{"@type":"ImageObject","inLanguage":"fr-CA","@id":"https:\/\/savariapatientcare.com\/fr\/produit\/geo-mattress-max\/#primaryimage","url":"https:\/\/savariapatientcare.com\/wp-content\/uploads\/2023\/12\/Savaria_SPAN_GeoMatt_MAX_Room.png","contentUrl":"https:\/\/savariapatientcare.com\/wp-content\/uploads\/2023\/12\/Savaria_SPAN_GeoMatt_MAX_Room.png","width":1800,"height":1800},{"@type":"BreadcrumbList","@id":"https:\/\/savariapatientcare.com\/fr\/produit\/geo-mattress-max\/#breadcrumb","itemListElement":[{"@type":"ListItem","position":1,"name":"Maison","item":"https:\/\/savariapatientcare.com\/fr\/"},{"@type":"ListItem","position":2,"name":"Products","item":"https:\/\/savariapatientcare.com\/shop\/"},{"@type":"ListItem","position":3,"name":"SPAN Geo-Mattress Max"}]},{"@type":"WebSite","@id":"https:\/\/savariapatientcare.com\/#website","url":"https:\/\/savariapatientcare.com\/","name":"Savaria Patient Care","description":"","publisher":{"@id":"https:\/\/savariapatientcare.com\/#organization"},"potentialAction":[{"@type":"SearchAction","target":{"@type":"EntryPoint","urlTemplate":"https:\/\/savariapatientcare.com\/?s={search_term_string}"},"query-input":{"@type":"PropertyValueSpecification","valueRequired":true,"valueName":"search_term_string"}}],"inLanguage":"fr-CA"},{"@type":"Organization","@id":"https:\/\/savariapatientcare.com\/#organization","name":"Savaria","url":"https:\/\/savariapatientcare.com\/","logo":{"@type":"ImageObject","inLanguage":"fr-CA","@id":"https:\/\/savariapatientcare.com\/#\/schema\/logo\/image\/","url":"https:\/\/savariapatientcare.com\/wp-content\/uploads\/2023\/10\/Savaria-Logo.svg","contentUrl":"https:\/\/savariapatientcare.com\/wp-content\/uploads\/2023\/10\/Savaria-Logo.svg","width":1,"height":1,"caption":"Savaria"},"image":{"@id":"https:\/\/savariapatientcare.com\/#\/schema\/logo\/image\/"}}]}},"_links":{"self":[{"href":"https:\/\/savariapatientcare.com\/fr\/wp-json\/wp\/v2\/product\/86032","targetHints":{"allow":["GET"]}}],"collection":[{"href":"https:\/\/savariapatientcare.com\/fr\/wp-json\/wp\/v2\/product"}],"about":[{"href":"https:\/\/savariapatientcare.com\/fr\/wp-json\/wp\/v2\/types\/product"}],"replies":[{"embeddable":true,"href":"https:\/\/savariapatientcare.com\/fr\/wp-json\/wp\/v2\/comments?post=86032"}],"wp:featuredmedia":[{"embeddable":true,"href":"https:\/\/savariapatientcare.com\/fr\/wp-json\/wp\/v2\/media\/86034"}],"wp:attachment":[{"href":"https:\/\/savariapatientcare.com\/fr\/wp-json\/wp\/v2\/media?parent=86032"}],"wp:term":[{"taxonomy":"care-type","embeddable":true,"href":"https:\/\/savariapatientcare.com\/fr\/wp-json\/wp\/v2\/care-type?post=86032"},{"taxonomy":"technology","embeddable":true,"href":"https:\/\/savariapatientcare.com\/fr\/wp-json\/wp\/v2\/technology?post=86032"},{"taxonomy":"product_brand","embeddable":true,"href":"https:\/\/savariapatientcare.com\/fr\/wp-json\/wp\/v2\/product_brand?post=86032"},{"taxonomy":"product_cat","embeddable":true,"href":"https:\/\/savariapatientcare.com\/fr\/wp-json\/wp\/v2\/product_cat?post=86032"},{"taxonomy":"product_tag","embeddable":true,"href":"https:\/\/savariapatientcare.com\/fr\/wp-json\/wp\/v2\/product_tag?post=86032"}],"curies":[{"name":"wp","href":"https:\/\/api.w.org\/{rel}","templated":true}]}}