{"id":86017,"date":"2023-12-06T14:28:08","date_gmt":"2023-12-06T14:28:08","guid":{"rendered":"https:\/\/savariapatientcare.com\/product\/pressureguard-apm2\/"},"modified":"2025-11-27T15:57:55","modified_gmt":"2025-11-27T15:57:55","slug":"pressureguard-apm2","status":"publish","type":"product","link":"https:\/\/savariapatientcare.com\/fr\/produit\/pressureguard-apm2\/","title":{"rendered":"SPAN PressureGuard<sup><sup>\u00ae<\/sup><\/sup> APM\u00b2"},"content":{"rendered":"<h3 style=\"text-align: center;\">Basculez entre le mode pression altern\u00e9e et le mode rotation lat\u00e9rale instantan\u00e9ment!<\/h3>\n<h4 style=\"text-align: center;\"><strong>Nouveaut\u00e9 : zones de transfert de cisaillement Shear Transfer Zones<sup>MD<\/sup> et unit\u00e9 de contr\u00f4le num\u00e9rique.<\/strong><\/h4>\n<p style=\"text-align: center;\">Avec ses deux modes de th\u00e9rapie distincts, le PressureGuard<sup>MD<\/sup> APM\u00b2 vous offre deux fois plus d\u2019options de traitement. Deux fois plus de flexibilit\u00e9. Deux fois plus de valeur. Avec en plus, des am\u00e9liorations au niveau de la housse et de l\u2019unit\u00e9 de contr\u00f4le. La housse extensible dans les deux directions et antimicrobienne, fabriqu\u00e9e avec le tissu LifeSpan<sup>MD<\/sup> de qualit\u00e9 sup\u00e9rieure de Span, b\u00e9n\u00e9ficie d\u2019une conception unique. La technologie LifeSpan<sup>MD<\/sup> est extr\u00eamement durable et nettoyable, et offre une r\u00e9sistance exceptionnelle \u00e0 la d\u00e9gradation chimique caus\u00e9e par l\u2019eau de Javel et autres d\u00e9sinfectants agressifs. Passez instantan\u00e9ment et facilement de la pression altern\u00e9e \u00e0 larotation lat\u00e9rale de base avec un seul interrupteur \u00e0 bascule encastr\u00e9. Ne n\u00e9cessite aucune d\u00e9connexion ni \u00e9change de conduites d\u2019air.<\/p>\n<p style=\"text-align: center;\">L\u2019unit\u00e9 de contr\u00f4le num\u00e9rique fiable est l\u00e9g\u00e8re et silencieuse. L\u2019unit\u00e9 de contr\u00f4le multifonctionnelle blanche, facile \u00e0 utiliser, offre un r\u00e9glage du confort simple et index\u00e9, et une alarme sonore s\u00e9lectionnable. Un mode \u00ab Auto Firm \u00bb temporis\u00e9 (20 minutes) facilite les soins tels que les transferts, les AVQ et la RPC, puis revient au mode pr\u00e9c\u00e9demment s\u00e9lectionn\u00e9. Le \u00ab mode altern\u00e9 \u00bb modifie la charge selon un cycle de 10 minutes de th\u00e9rapie par pression altern\u00e9e ou de rotation lat\u00e9rale, selon la s\u00e9lection effectu\u00e9e au niveau du matelas. Le mode \u00ab Float \u00bb offre une th\u00e9rapie par flottaison motoris\u00e9e Des t\u00e9moins lumineux de basse pression et de panne de courant offrent aux utilisateurs une v\u00e9rification rapide du bon fonctionnement.<\/p>\n","protected":false},"excerpt":{"rendered":"<p>L\u2019APM\u00b2 est une solution de premier plan en mati\u00e8re de th\u00e9rapie par air depuis plus de dix ans, gr\u00e2ce \u00e0 sa sup\u00e9riorit\u00e9 prouv\u00e9e par rapport aux surfaces de traitement classiques enroulables. La nouvelle conception de la housse et de l\u2019unit\u00e9 de contr\u00f4le am\u00e9liorent l\u2019immersion, l\u2019enveloppement, la r\u00e9duction du cisaillement, la flexibilit\u00e9 du traitement, l\u2019ergonomie pour le soignant et le confort de l\u2019utilisateur.<\/p>\n","protected":false},"featured_media":86019,"comment_status":"open","ping_status":"closed","template":"","meta":{"_acf_changed":false},"care-type":[373,367],"technology":[409,405,407,403],"product_brand":[],"product_cat":[402,404],"product_tag":[],"class_list":{"0":"post-86017","1":"product","2":"type-product","3":"status-publish","4":"has-post-thumbnail","6":"care-type-soins-a-domicile","7":"care-type-soins-de-longue-duree","8":"technology-lifespan-fr","9":"technology-pression-alternee","10":"technology-rotation-laterale","11":"technology-safety-edge-fr","12":"product_cat-surfaces-de-support","13":"product_cat-surfaces-de-traitement","15":"first","16":"instock","17":"shipping-taxable","18":"product-type-simple"},"acf":[],"yoast_head":"<!-- This site is optimized with the Yoast SEO Premium plugin v25.6 (Yoast SEO v27.2) - https:\/\/yoast.com\/product\/yoast-seo-premium-wordpress\/ -->\n<title>SPAN PressureGuard\u00ae APM\u00b2 | Soins aux patients de Savaria<\/title>\n<meta name=\"description\" content=\"Learn more about the SPAN PressureGuard\u00ae APM\u00b2 from Soins aux patients de Savaria . Discover a great range of product type products and buy today\" \/>\n<meta name=\"robots\" content=\"index, follow, max-snippet:-1, max-image-preview:large, max-video-preview:-1\" \/>\n<link rel=\"canonical\" href=\"https:\/\/savariapatientcare.com\/fr\/produit\/pressureguard-apm2\/\" \/>\n<meta property=\"og:locale\" content=\"fr_CA\" \/>\n<meta property=\"og:type\" content=\"article\" \/>\n<meta property=\"og:title\" content=\"SPAN PressureGuard\u00ae APM\u00b2\" \/>\n<meta property=\"og:description\" content=\"Learn more about the SPAN PressureGuard\u00ae APM\u00b2 from Soins aux patients de Savaria . Discover a great range of product type products and buy today\" \/>\n<meta property=\"og:url\" content=\"https:\/\/savariapatientcare.com\/fr\/produit\/pressureguard-apm2\/\" \/>\n<meta property=\"og:site_name\" content=\"Soins aux patients de Savaria\" \/>\n<meta property=\"article:modified_time\" content=\"2025-11-27T15:57:55+00:00\" \/>\n<meta property=\"og:image\" content=\"https:\/\/savariapatientcare.com\/wp-content\/uploads\/2023\/12\/SPAN-PressureGuard-APM2-Room.png\" \/>\n\t<meta property=\"og:image:width\" content=\"900\" \/>\n\t<meta property=\"og:image:height\" content=\"900\" \/>\n\t<meta property=\"og:image:type\" content=\"image\/png\" \/>\n<meta name=\"twitter:card\" content=\"summary_large_image\" \/>\n<meta name=\"twitter:label1\" content=\"Estimation du temps de lecture\" \/>\n\t<meta name=\"twitter:data1\" content=\"2 minutes\" \/>\n<script type=\"application\/ld+json\" class=\"yoast-schema-graph\">{\"@context\":\"https:\/\/schema.org\",\"@graph\":[{\"@type\":\"WebPage\",\"@id\":\"https:\/\/savariapatientcare.com\/fr\/produit\/pressureguard-apm2\/\",\"url\":\"https:\/\/savariapatientcare.com\/fr\/produit\/pressureguard-apm2\/\",\"name\":\"SPAN PressureGuard\u00ae APM\u00b2 | Soins aux patients de Savaria\",\"isPartOf\":{\"@id\":\"https:\/\/savariapatientcare.com\/#website\"},\"primaryImageOfPage\":{\"@id\":\"https:\/\/savariapatientcare.com\/fr\/produit\/pressureguard-apm2\/#primaryimage\"},\"image\":{\"@id\":\"https:\/\/savariapatientcare.com\/fr\/produit\/pressureguard-apm2\/#primaryimage\"},\"thumbnailUrl\":\"https:\/\/savariapatientcare.com\/wp-content\/uploads\/2023\/12\/SPAN-PressureGuard-APM2-Room.png\",\"datePublished\":\"2023-12-06T14:28:08+00:00\",\"dateModified\":\"2025-11-27T15:57:55+00:00\",\"description\":\"Learn more about the SPAN PressureGuard\u00ae APM\u00b2 from Soins aux patients de Savaria . Discover a great range of product type products and buy today\",\"breadcrumb\":{\"@id\":\"https:\/\/savariapatientcare.com\/fr\/produit\/pressureguard-apm2\/#breadcrumb\"},\"inLanguage\":\"fr-CA\",\"potentialAction\":[{\"@type\":\"ReadAction\",\"target\":[\"https:\/\/savariapatientcare.com\/fr\/produit\/pressureguard-apm2\/\"]}]},{\"@type\":\"ImageObject\",\"inLanguage\":\"fr-CA\",\"@id\":\"https:\/\/savariapatientcare.com\/fr\/produit\/pressureguard-apm2\/#primaryimage\",\"url\":\"https:\/\/savariapatientcare.com\/wp-content\/uploads\/2023\/12\/SPAN-PressureGuard-APM2-Room.png\",\"contentUrl\":\"https:\/\/savariapatientcare.com\/wp-content\/uploads\/2023\/12\/SPAN-PressureGuard-APM2-Room.png\",\"width\":900,\"height\":900},{\"@type\":\"BreadcrumbList\",\"@id\":\"https:\/\/savariapatientcare.com\/fr\/produit\/pressureguard-apm2\/#breadcrumb\",\"itemListElement\":[{\"@type\":\"ListItem\",\"position\":1,\"name\":\"Maison\",\"item\":\"https:\/\/savariapatientcare.com\/fr\/\"},{\"@type\":\"ListItem\",\"position\":2,\"name\":\"Products\",\"item\":\"https:\/\/savariapatientcare.com\/shop\/\"},{\"@type\":\"ListItem\",\"position\":3,\"name\":\"SPAN PressureGuard\u00ae APM\u00b2\"}]},{\"@type\":\"WebSite\",\"@id\":\"https:\/\/savariapatientcare.com\/#website\",\"url\":\"https:\/\/savariapatientcare.com\/\",\"name\":\"Savaria Patient Care\",\"description\":\"\",\"publisher\":{\"@id\":\"https:\/\/savariapatientcare.com\/#organization\"},\"potentialAction\":[{\"@type\":\"SearchAction\",\"target\":{\"@type\":\"EntryPoint\",\"urlTemplate\":\"https:\/\/savariapatientcare.com\/?s={search_term_string}\"},\"query-input\":{\"@type\":\"PropertyValueSpecification\",\"valueRequired\":true,\"valueName\":\"search_term_string\"}}],\"inLanguage\":\"fr-CA\"},{\"@type\":\"Organization\",\"@id\":\"https:\/\/savariapatientcare.com\/#organization\",\"name\":\"Savaria\",\"url\":\"https:\/\/savariapatientcare.com\/\",\"logo\":{\"@type\":\"ImageObject\",\"inLanguage\":\"fr-CA\",\"@id\":\"https:\/\/savariapatientcare.com\/#\/schema\/logo\/image\/\",\"url\":\"https:\/\/savariapatientcare.com\/wp-content\/uploads\/2023\/10\/Savaria-Logo.svg\",\"contentUrl\":\"https:\/\/savariapatientcare.com\/wp-content\/uploads\/2023\/10\/Savaria-Logo.svg\",\"width\":1,\"height\":1,\"caption\":\"Savaria\"},\"image\":{\"@id\":\"https:\/\/savariapatientcare.com\/#\/schema\/logo\/image\/\"}}]}<\/script>\n<!-- \/ Yoast SEO Premium plugin. -->","yoast_head_json":{"title":"SPAN PressureGuard\u00ae APM\u00b2 | Soins aux patients de Savaria","description":"Learn more about the SPAN PressureGuard\u00ae APM\u00b2 from Soins aux patients de Savaria . Discover a great range of product type products and buy today","robots":{"index":"index","follow":"follow","max-snippet":"max-snippet:-1","max-image-preview":"max-image-preview:large","max-video-preview":"max-video-preview:-1"},"canonical":"https:\/\/savariapatientcare.com\/fr\/produit\/pressureguard-apm2\/","og_locale":"fr_CA","og_type":"article","og_title":"SPAN PressureGuard\u00ae APM\u00b2","og_description":"Learn more about the SPAN PressureGuard\u00ae APM\u00b2 from Soins aux patients de Savaria . Discover a great range of product type products and buy today","og_url":"https:\/\/savariapatientcare.com\/fr\/produit\/pressureguard-apm2\/","og_site_name":"Soins aux patients de Savaria","article_modified_time":"2025-11-27T15:57:55+00:00","og_image":[{"width":900,"height":900,"url":"https:\/\/savariapatientcare.com\/wp-content\/uploads\/2023\/12\/SPAN-PressureGuard-APM2-Room.png","type":"image\/png"}],"twitter_card":"summary_large_image","twitter_misc":{"Estimation du temps de lecture":"2 minutes"},"schema":{"@context":"https:\/\/schema.org","@graph":[{"@type":"WebPage","@id":"https:\/\/savariapatientcare.com\/fr\/produit\/pressureguard-apm2\/","url":"https:\/\/savariapatientcare.com\/fr\/produit\/pressureguard-apm2\/","name":"SPAN PressureGuard\u00ae APM\u00b2 | Soins aux patients de Savaria","isPartOf":{"@id":"https:\/\/savariapatientcare.com\/#website"},"primaryImageOfPage":{"@id":"https:\/\/savariapatientcare.com\/fr\/produit\/pressureguard-apm2\/#primaryimage"},"image":{"@id":"https:\/\/savariapatientcare.com\/fr\/produit\/pressureguard-apm2\/#primaryimage"},"thumbnailUrl":"https:\/\/savariapatientcare.com\/wp-content\/uploads\/2023\/12\/SPAN-PressureGuard-APM2-Room.png","datePublished":"2023-12-06T14:28:08+00:00","dateModified":"2025-11-27T15:57:55+00:00","description":"Learn more about the SPAN PressureGuard\u00ae APM\u00b2 from Soins aux patients de Savaria . Discover a great range of product type products and buy today","breadcrumb":{"@id":"https:\/\/savariapatientcare.com\/fr\/produit\/pressureguard-apm2\/#breadcrumb"},"inLanguage":"fr-CA","potentialAction":[{"@type":"ReadAction","target":["https:\/\/savariapatientcare.com\/fr\/produit\/pressureguard-apm2\/"]}]},{"@type":"ImageObject","inLanguage":"fr-CA","@id":"https:\/\/savariapatientcare.com\/fr\/produit\/pressureguard-apm2\/#primaryimage","url":"https:\/\/savariapatientcare.com\/wp-content\/uploads\/2023\/12\/SPAN-PressureGuard-APM2-Room.png","contentUrl":"https:\/\/savariapatientcare.com\/wp-content\/uploads\/2023\/12\/SPAN-PressureGuard-APM2-Room.png","width":900,"height":900},{"@type":"BreadcrumbList","@id":"https:\/\/savariapatientcare.com\/fr\/produit\/pressureguard-apm2\/#breadcrumb","itemListElement":[{"@type":"ListItem","position":1,"name":"Maison","item":"https:\/\/savariapatientcare.com\/fr\/"},{"@type":"ListItem","position":2,"name":"Products","item":"https:\/\/savariapatientcare.com\/shop\/"},{"@type":"ListItem","position":3,"name":"SPAN PressureGuard\u00ae APM\u00b2"}]},{"@type":"WebSite","@id":"https:\/\/savariapatientcare.com\/#website","url":"https:\/\/savariapatientcare.com\/","name":"Savaria Patient Care","description":"","publisher":{"@id":"https:\/\/savariapatientcare.com\/#organization"},"potentialAction":[{"@type":"SearchAction","target":{"@type":"EntryPoint","urlTemplate":"https:\/\/savariapatientcare.com\/?s={search_term_string}"},"query-input":{"@type":"PropertyValueSpecification","valueRequired":true,"valueName":"search_term_string"}}],"inLanguage":"fr-CA"},{"@type":"Organization","@id":"https:\/\/savariapatientcare.com\/#organization","name":"Savaria","url":"https:\/\/savariapatientcare.com\/","logo":{"@type":"ImageObject","inLanguage":"fr-CA","@id":"https:\/\/savariapatientcare.com\/#\/schema\/logo\/image\/","url":"https:\/\/savariapatientcare.com\/wp-content\/uploads\/2023\/10\/Savaria-Logo.svg","contentUrl":"https:\/\/savariapatientcare.com\/wp-content\/uploads\/2023\/10\/Savaria-Logo.svg","width":1,"height":1,"caption":"Savaria"},"image":{"@id":"https:\/\/savariapatientcare.com\/#\/schema\/logo\/image\/"}}]}},"_links":{"self":[{"href":"https:\/\/savariapatientcare.com\/fr\/wp-json\/wp\/v2\/product\/86017","targetHints":{"allow":["GET"]}}],"collection":[{"href":"https:\/\/savariapatientcare.com\/fr\/wp-json\/wp\/v2\/product"}],"about":[{"href":"https:\/\/savariapatientcare.com\/fr\/wp-json\/wp\/v2\/types\/product"}],"replies":[{"embeddable":true,"href":"https:\/\/savariapatientcare.com\/fr\/wp-json\/wp\/v2\/comments?post=86017"}],"wp:featuredmedia":[{"embeddable":true,"href":"https:\/\/savariapatientcare.com\/fr\/wp-json\/wp\/v2\/media\/86019"}],"wp:attachment":[{"href":"https:\/\/savariapatientcare.com\/fr\/wp-json\/wp\/v2\/media?parent=86017"}],"wp:term":[{"taxonomy":"care-type","embeddable":true,"href":"https:\/\/savariapatientcare.com\/fr\/wp-json\/wp\/v2\/care-type?post=86017"},{"taxonomy":"technology","embeddable":true,"href":"https:\/\/savariapatientcare.com\/fr\/wp-json\/wp\/v2\/technology?post=86017"},{"taxonomy":"product_brand","embeddable":true,"href":"https:\/\/savariapatientcare.com\/fr\/wp-json\/wp\/v2\/product_brand?post=86017"},{"taxonomy":"product_cat","embeddable":true,"href":"https:\/\/savariapatientcare.com\/fr\/wp-json\/wp\/v2\/product_cat?post=86017"},{"taxonomy":"product_tag","embeddable":true,"href":"https:\/\/savariapatientcare.com\/fr\/wp-json\/wp\/v2\/product_tag?post=86017"}],"curies":[{"name":"wp","href":"https:\/\/api.w.org\/{rel}","templated":true}]}}