{"id":86014,"date":"2023-12-06T14:33:21","date_gmt":"2023-12-06T14:33:21","guid":{"rendered":"https:\/\/savariapatientcare.com\/product\/pressureguard-apm2-safety-supreme\/"},"modified":"2025-12-07T18:58:12","modified_gmt":"2025-12-07T18:58:12","slug":"pressureguard-apm2-safety-supreme","status":"publish","type":"product","link":"https:\/\/savariapatientcare.com\/fr\/produit\/pressureguard-apm2-safety-supreme\/","title":{"rendered":"PressureGuard APM2 Safety Supreme"},"content":{"rendered":"<h3 style=\"text-align: center;\"><strong>Th\u00e9rapies \u00e9prouv\u00e9es avec un dispositif de s\u00e9curit\u00e9 complet<\/strong><\/h3>\n<div style=\"text-align: center;\">Il associe toutes les fonctionnalit\u00e9s essentielles du PressureGuardMD APM2 \u00e0 la protection renforc\u00e9e d\u2019un p\u00e9rim\u00e8tre sur\u00e9lev\u00e9 en forme d\u2019ailes et d\u2019une ouverture matelass\u00e9e facilitant les transferts. Cette conception combine l\u2019efficacit\u00e9 th\u00e9rapeutique des matelas \u00e0 air motoris\u00e9s sous la surface Geo-Matt avec des bords sur\u00e9lev\u00e9s qui prot\u00e8gent contre les risques de chute, r\u00e9duisent la n\u00e9cessit\u00e9 de contentions et pr\u00e9viennent le coincement dans les barri\u00e8res lat\u00e9rales.<\/div>\n","protected":false},"excerpt":{"rendered":"<p>Le PressureGuard APM2 Safety Supreme est un syst\u00e8me innovant de soulagement de la pression, con\u00e7u pour assurer la plus haute s\u00e9curit\u00e9 du patient. Il combine toute la performance et la souplesse du mod\u00e8le APM2 \u00e0 un p\u00e9rim\u00e8tre sur\u00e9lev\u00e9 et anticisaillement. Ce rebord incite en douceur le patient \u00e0 s\u2019\u00e9loigner du bord du lit, pr\u00e9servant ainsi l\u2019int\u00e9grit\u00e9 de la peau.<\/p>\n","protected":false},"featured_media":86016,"comment_status":"open","ping_status":"closed","template":"","meta":{"_acf_changed":false},"care-type":[367],"technology":[],"product_brand":[],"product_cat":[402,404],"product_tag":[],"class_list":{"0":"post-86014","1":"product","2":"type-product","3":"status-publish","4":"has-post-thumbnail","6":"care-type-soins-de-longue-duree","7":"product_cat-surfaces-de-support","8":"product_cat-surfaces-de-traitement","10":"first","11":"instock","12":"shipping-taxable","13":"product-type-simple"},"acf":[],"yoast_head":"<!-- This site is optimized with the Yoast SEO Premium plugin v25.6 (Yoast SEO v27.2) - https:\/\/yoast.com\/product\/yoast-seo-premium-wordpress\/ -->\n<title>PressureGuard APM2 Safety Supreme | Soins aux patients de Savaria<\/title>\n<meta name=\"description\" content=\"Learn more about the PressureGuard APM2 Safety Supreme from Soins aux patients de Savaria . Discover a great range of product type products and buy today\" \/>\n<meta name=\"robots\" content=\"index, follow, max-snippet:-1, max-image-preview:large, max-video-preview:-1\" \/>\n<link rel=\"canonical\" href=\"https:\/\/savariapatientcare.com\/fr\/produit\/pressureguard-apm2-safety-supreme\/\" \/>\n<meta property=\"og:locale\" content=\"fr_CA\" \/>\n<meta property=\"og:type\" content=\"article\" \/>\n<meta property=\"og:title\" content=\"PressureGuard APM2 Safety Supreme\" \/>\n<meta property=\"og:description\" content=\"Learn more about the PressureGuard APM2 Safety Supreme from Soins aux patients de Savaria . Discover a great range of product type products and buy today\" \/>\n<meta property=\"og:url\" content=\"https:\/\/savariapatientcare.com\/fr\/produit\/pressureguard-apm2-safety-supreme\/\" \/>\n<meta property=\"og:site_name\" content=\"Soins aux patients de Savaria\" \/>\n<meta property=\"article:modified_time\" content=\"2025-12-07T18:58:12+00:00\" \/>\n<meta property=\"og:image\" content=\"https:\/\/savariapatientcare.com\/wp-content\/uploads\/2023\/12\/SPAN-PressureGuard-APM2-Safety-Supreme-Room-1024x1024.png\" \/>\n\t<meta property=\"og:image:width\" content=\"1024\" \/>\n\t<meta property=\"og:image:height\" content=\"1024\" \/>\n\t<meta property=\"og:image:type\" content=\"image\/png\" \/>\n<meta name=\"twitter:card\" content=\"summary_large_image\" \/>\n<meta name=\"twitter:label1\" content=\"Estimation du temps de lecture\" \/>\n\t<meta name=\"twitter:data1\" content=\"1 minute\" \/>\n<script type=\"application\/ld+json\" class=\"yoast-schema-graph\">{\"@context\":\"https:\/\/schema.org\",\"@graph\":[{\"@type\":\"WebPage\",\"@id\":\"https:\/\/savariapatientcare.com\/fr\/produit\/pressureguard-apm2-safety-supreme\/\",\"url\":\"https:\/\/savariapatientcare.com\/fr\/produit\/pressureguard-apm2-safety-supreme\/\",\"name\":\"PressureGuard APM2 Safety Supreme | Soins aux patients de Savaria\",\"isPartOf\":{\"@id\":\"https:\/\/savariapatientcare.com\/#website\"},\"primaryImageOfPage\":{\"@id\":\"https:\/\/savariapatientcare.com\/fr\/produit\/pressureguard-apm2-safety-supreme\/#primaryimage\"},\"image\":{\"@id\":\"https:\/\/savariapatientcare.com\/fr\/produit\/pressureguard-apm2-safety-supreme\/#primaryimage\"},\"thumbnailUrl\":\"https:\/\/savariapatientcare.com\/wp-content\/uploads\/2023\/12\/SPAN-PressureGuard-APM2-Safety-Supreme-Room.png\",\"datePublished\":\"2023-12-06T14:33:21+00:00\",\"dateModified\":\"2025-12-07T18:58:12+00:00\",\"description\":\"Learn more about the PressureGuard APM2 Safety Supreme from Soins aux patients de Savaria . Discover a great range of product type products and buy today\",\"breadcrumb\":{\"@id\":\"https:\/\/savariapatientcare.com\/fr\/produit\/pressureguard-apm2-safety-supreme\/#breadcrumb\"},\"inLanguage\":\"fr-CA\",\"potentialAction\":[{\"@type\":\"ReadAction\",\"target\":[\"https:\/\/savariapatientcare.com\/fr\/produit\/pressureguard-apm2-safety-supreme\/\"]}]},{\"@type\":\"ImageObject\",\"inLanguage\":\"fr-CA\",\"@id\":\"https:\/\/savariapatientcare.com\/fr\/produit\/pressureguard-apm2-safety-supreme\/#primaryimage\",\"url\":\"https:\/\/savariapatientcare.com\/wp-content\/uploads\/2023\/12\/SPAN-PressureGuard-APM2-Safety-Supreme-Room.png\",\"contentUrl\":\"https:\/\/savariapatientcare.com\/wp-content\/uploads\/2023\/12\/SPAN-PressureGuard-APM2-Safety-Supreme-Room.png\",\"width\":2200,\"height\":2200},{\"@type\":\"BreadcrumbList\",\"@id\":\"https:\/\/savariapatientcare.com\/fr\/produit\/pressureguard-apm2-safety-supreme\/#breadcrumb\",\"itemListElement\":[{\"@type\":\"ListItem\",\"position\":1,\"name\":\"Maison\",\"item\":\"https:\/\/savariapatientcare.com\/fr\/\"},{\"@type\":\"ListItem\",\"position\":2,\"name\":\"Products\",\"item\":\"https:\/\/savariapatientcare.com\/shop\/\"},{\"@type\":\"ListItem\",\"position\":3,\"name\":\"PressureGuard APM2 Safety Supreme\"}]},{\"@type\":\"WebSite\",\"@id\":\"https:\/\/savariapatientcare.com\/#website\",\"url\":\"https:\/\/savariapatientcare.com\/\",\"name\":\"Savaria Patient Care\",\"description\":\"\",\"publisher\":{\"@id\":\"https:\/\/savariapatientcare.com\/#organization\"},\"potentialAction\":[{\"@type\":\"SearchAction\",\"target\":{\"@type\":\"EntryPoint\",\"urlTemplate\":\"https:\/\/savariapatientcare.com\/?s={search_term_string}\"},\"query-input\":{\"@type\":\"PropertyValueSpecification\",\"valueRequired\":true,\"valueName\":\"search_term_string\"}}],\"inLanguage\":\"fr-CA\"},{\"@type\":\"Organization\",\"@id\":\"https:\/\/savariapatientcare.com\/#organization\",\"name\":\"Savaria\",\"url\":\"https:\/\/savariapatientcare.com\/\",\"logo\":{\"@type\":\"ImageObject\",\"inLanguage\":\"fr-CA\",\"@id\":\"https:\/\/savariapatientcare.com\/#\/schema\/logo\/image\/\",\"url\":\"https:\/\/savariapatientcare.com\/wp-content\/uploads\/2023\/10\/Savaria-Logo.svg\",\"contentUrl\":\"https:\/\/savariapatientcare.com\/wp-content\/uploads\/2023\/10\/Savaria-Logo.svg\",\"width\":1,\"height\":1,\"caption\":\"Savaria\"},\"image\":{\"@id\":\"https:\/\/savariapatientcare.com\/#\/schema\/logo\/image\/\"}}]}<\/script>\n<!-- \/ Yoast SEO Premium plugin. -->","yoast_head_json":{"title":"PressureGuard APM2 Safety Supreme | Soins aux patients de Savaria","description":"Learn more about the PressureGuard APM2 Safety Supreme from Soins aux patients de Savaria . Discover a great range of product type products and buy today","robots":{"index":"index","follow":"follow","max-snippet":"max-snippet:-1","max-image-preview":"max-image-preview:large","max-video-preview":"max-video-preview:-1"},"canonical":"https:\/\/savariapatientcare.com\/fr\/produit\/pressureguard-apm2-safety-supreme\/","og_locale":"fr_CA","og_type":"article","og_title":"PressureGuard APM2 Safety Supreme","og_description":"Learn more about the PressureGuard APM2 Safety Supreme from Soins aux patients de Savaria . Discover a great range of product type products and buy today","og_url":"https:\/\/savariapatientcare.com\/fr\/produit\/pressureguard-apm2-safety-supreme\/","og_site_name":"Soins aux patients de Savaria","article_modified_time":"2025-12-07T18:58:12+00:00","og_image":[{"width":1024,"height":1024,"url":"https:\/\/savariapatientcare.com\/wp-content\/uploads\/2023\/12\/SPAN-PressureGuard-APM2-Safety-Supreme-Room-1024x1024.png","type":"image\/png"}],"twitter_card":"summary_large_image","twitter_misc":{"Estimation du temps de lecture":"1 minute"},"schema":{"@context":"https:\/\/schema.org","@graph":[{"@type":"WebPage","@id":"https:\/\/savariapatientcare.com\/fr\/produit\/pressureguard-apm2-safety-supreme\/","url":"https:\/\/savariapatientcare.com\/fr\/produit\/pressureguard-apm2-safety-supreme\/","name":"PressureGuard APM2 Safety Supreme | Soins aux patients de Savaria","isPartOf":{"@id":"https:\/\/savariapatientcare.com\/#website"},"primaryImageOfPage":{"@id":"https:\/\/savariapatientcare.com\/fr\/produit\/pressureguard-apm2-safety-supreme\/#primaryimage"},"image":{"@id":"https:\/\/savariapatientcare.com\/fr\/produit\/pressureguard-apm2-safety-supreme\/#primaryimage"},"thumbnailUrl":"https:\/\/savariapatientcare.com\/wp-content\/uploads\/2023\/12\/SPAN-PressureGuard-APM2-Safety-Supreme-Room.png","datePublished":"2023-12-06T14:33:21+00:00","dateModified":"2025-12-07T18:58:12+00:00","description":"Learn more about the PressureGuard APM2 Safety Supreme from Soins aux patients de Savaria . Discover a great range of product type products and buy today","breadcrumb":{"@id":"https:\/\/savariapatientcare.com\/fr\/produit\/pressureguard-apm2-safety-supreme\/#breadcrumb"},"inLanguage":"fr-CA","potentialAction":[{"@type":"ReadAction","target":["https:\/\/savariapatientcare.com\/fr\/produit\/pressureguard-apm2-safety-supreme\/"]}]},{"@type":"ImageObject","inLanguage":"fr-CA","@id":"https:\/\/savariapatientcare.com\/fr\/produit\/pressureguard-apm2-safety-supreme\/#primaryimage","url":"https:\/\/savariapatientcare.com\/wp-content\/uploads\/2023\/12\/SPAN-PressureGuard-APM2-Safety-Supreme-Room.png","contentUrl":"https:\/\/savariapatientcare.com\/wp-content\/uploads\/2023\/12\/SPAN-PressureGuard-APM2-Safety-Supreme-Room.png","width":2200,"height":2200},{"@type":"BreadcrumbList","@id":"https:\/\/savariapatientcare.com\/fr\/produit\/pressureguard-apm2-safety-supreme\/#breadcrumb","itemListElement":[{"@type":"ListItem","position":1,"name":"Maison","item":"https:\/\/savariapatientcare.com\/fr\/"},{"@type":"ListItem","position":2,"name":"Products","item":"https:\/\/savariapatientcare.com\/shop\/"},{"@type":"ListItem","position":3,"name":"PressureGuard APM2 Safety Supreme"}]},{"@type":"WebSite","@id":"https:\/\/savariapatientcare.com\/#website","url":"https:\/\/savariapatientcare.com\/","name":"Savaria Patient Care","description":"","publisher":{"@id":"https:\/\/savariapatientcare.com\/#organization"},"potentialAction":[{"@type":"SearchAction","target":{"@type":"EntryPoint","urlTemplate":"https:\/\/savariapatientcare.com\/?s={search_term_string}"},"query-input":{"@type":"PropertyValueSpecification","valueRequired":true,"valueName":"search_term_string"}}],"inLanguage":"fr-CA"},{"@type":"Organization","@id":"https:\/\/savariapatientcare.com\/#organization","name":"Savaria","url":"https:\/\/savariapatientcare.com\/","logo":{"@type":"ImageObject","inLanguage":"fr-CA","@id":"https:\/\/savariapatientcare.com\/#\/schema\/logo\/image\/","url":"https:\/\/savariapatientcare.com\/wp-content\/uploads\/2023\/10\/Savaria-Logo.svg","contentUrl":"https:\/\/savariapatientcare.com\/wp-content\/uploads\/2023\/10\/Savaria-Logo.svg","width":1,"height":1,"caption":"Savaria"},"image":{"@id":"https:\/\/savariapatientcare.com\/#\/schema\/logo\/image\/"}}]}},"_links":{"self":[{"href":"https:\/\/savariapatientcare.com\/fr\/wp-json\/wp\/v2\/product\/86014","targetHints":{"allow":["GET"]}}],"collection":[{"href":"https:\/\/savariapatientcare.com\/fr\/wp-json\/wp\/v2\/product"}],"about":[{"href":"https:\/\/savariapatientcare.com\/fr\/wp-json\/wp\/v2\/types\/product"}],"replies":[{"embeddable":true,"href":"https:\/\/savariapatientcare.com\/fr\/wp-json\/wp\/v2\/comments?post=86014"}],"wp:featuredmedia":[{"embeddable":true,"href":"https:\/\/savariapatientcare.com\/fr\/wp-json\/wp\/v2\/media\/86016"}],"wp:attachment":[{"href":"https:\/\/savariapatientcare.com\/fr\/wp-json\/wp\/v2\/media?parent=86014"}],"wp:term":[{"taxonomy":"care-type","embeddable":true,"href":"https:\/\/savariapatientcare.com\/fr\/wp-json\/wp\/v2\/care-type?post=86014"},{"taxonomy":"technology","embeddable":true,"href":"https:\/\/savariapatientcare.com\/fr\/wp-json\/wp\/v2\/technology?post=86014"},{"taxonomy":"product_brand","embeddable":true,"href":"https:\/\/savariapatientcare.com\/fr\/wp-json\/wp\/v2\/product_brand?post=86014"},{"taxonomy":"product_cat","embeddable":true,"href":"https:\/\/savariapatientcare.com\/fr\/wp-json\/wp\/v2\/product_cat?post=86014"},{"taxonomy":"product_tag","embeddable":true,"href":"https:\/\/savariapatientcare.com\/fr\/wp-json\/wp\/v2\/product_tag?post=86014"}],"curies":[{"name":"wp","href":"https:\/\/api.w.org\/{rel}","templated":true}]}}