{"id":86011,"date":"2023-12-06T14:45:18","date_gmt":"2023-12-06T14:45:18","guid":{"rendered":"https:\/\/savariapatientcare.com\/product\/pressureguard-bariatric-apm\/"},"modified":"2025-12-07T21:45:55","modified_gmt":"2025-12-07T21:45:55","slug":"pressureguard-bariatric-apm","status":"publish","type":"product","link":"https:\/\/savariapatientcare.com\/fr\/produit\/pressureguard-bariatric-apm\/","title":{"rendered":"SPAN PressureGuard<sup>MD<\/sup> Bariatric APM"},"content":{"rendered":"<h3 style=\"text-align: center;\"><strong>Th\u00e9rapie par pression d\u2019air altern\u00e9e <\/strong><\/h3>\n<p style=\"text-align: center;\">Contrairement aux autres matelas \u00e0 pression altern\u00e9e, le PressureGuardMD Bariatric APM ne cr\u00e9e pas d\u2019\u00e9carts de pression excessifs entre les cellules gonfl\u00e9es et d\u00e9gonfl\u00e9es. Au-dessus, la surface anticisaillement Geo-MattMD forme une interface confortable et th\u00e9rapeutique entre le syst\u00e8me d\u2019air et l\u2019utilisateur. Elle absorbe et lisse les chutes de pression brutales que d\u2019autres surfaces ne peuvent pas g\u00e9rer, tandis que le syst\u00e8me d\u2019air fait le gros du travail en dessous, alternant la r\u00e9partition du poids sur la surface par cycles de dix minutes. Six cylindres sont programm\u00e9s pour se gonfler et se d\u00e9gonfler selon un cycle de quatre cellules gonfl\u00e9es pour deux d\u00e9gonfl\u00e9es, ce qui assure un soutien maximal au patient tout au long du cycle. Les autres caract\u00e9ristiques standard du PressureGuardMD comprennent l\u2019inclinaison exclusive Heel SlopeMC et le syst\u00e8me de renfort Safety-Edge en deux parties assurant une stabilit\u00e9 accrue lors de la position assise ou des transferts.<\/p>\n","protected":false},"excerpt":{"rendered":"<p>Le matelas PressureGuard<sup>MD<\/sup> Bariatric APM offre une gestion avanc\u00e9e de la pression assurant un confort et une s\u00e9curit\u00e9 accrus chez les patients bariatriques. La surface sup\u00e9rieure segment\u00e9e r\u00e9duit les chutes de pression brusques, tandis que le syst\u00e8me d\u2019air inf\u00e9rieur s\u2019occupe du \u00ab gros du travail \u00bb, en alternant la r\u00e9partition du poids sur la surface \u00e0 des intervalles s\u00e9lectionnables par l\u2019utilisateur. Le sch\u00e9ma de gonflage \u00ab deux cellules gonfl\u00e9es pour une d\u00e9gonfl\u00e9e \u00bb assure un soutien maximal au patient tout au long du cycle.<\/p>\n<ul>\n<li>Utilisation simple<\/li>\n<li>Changements de pression doux et efficaces<\/li>\n<li>R\u00e9glages personnalisables de la fermet\u00e9 et de la dur\u00e9e<\/li>\n<li>Conception PressureGuardMD\u00a0: stabilit\u00e9, s\u00e9curit\u00e9, anticisaillement<\/li>\n<\/ul>\n","protected":false},"featured_media":88586,"comment_status":"open","ping_status":"closed","template":"","meta":{"_acf_changed":false},"care-type":[365,367],"technology":[405,403],"product_brand":[],"product_cat":[402,404],"product_tag":[],"class_list":{"0":"post-86011","1":"product","2":"type-product","3":"status-publish","4":"has-post-thumbnail","6":"care-type-soins-bariatriques","7":"care-type-soins-de-longue-duree","8":"technology-pression-alternee","9":"technology-safety-edge-fr","10":"product_cat-surfaces-de-support","11":"product_cat-surfaces-de-traitement","13":"first","14":"instock","15":"shipping-taxable","16":"product-type-simple"},"acf":[],"yoast_head":"<!-- This site is optimized with the Yoast SEO Premium plugin v25.6 (Yoast SEO v27.2) - https:\/\/yoast.com\/product\/yoast-seo-premium-wordpress\/ -->\n<title>SPAN PressureGuardMD Bariatric APM | Soins aux patients de Savaria<\/title>\n<meta name=\"description\" content=\"Learn more about the SPAN PressureGuardMD Bariatric APM from Soins aux patients de Savaria . Discover a great range of product type products and buy today\" \/>\n<meta name=\"robots\" content=\"index, follow, max-snippet:-1, max-image-preview:large, max-video-preview:-1\" \/>\n<link rel=\"canonical\" href=\"https:\/\/savariapatientcare.com\/fr\/produit\/pressureguard-bariatric-apm\/\" \/>\n<meta property=\"og:locale\" content=\"fr_CA\" \/>\n<meta property=\"og:type\" content=\"article\" \/>\n<meta property=\"og:title\" content=\"SPAN PressureGuardMD Bariatric APM\" \/>\n<meta property=\"og:description\" content=\"Learn more about the SPAN PressureGuardMD Bariatric APM from Soins aux patients de Savaria . Discover a great range of product type products and buy today\" \/>\n<meta property=\"og:url\" content=\"https:\/\/savariapatientcare.com\/fr\/produit\/pressureguard-bariatric-apm\/\" \/>\n<meta property=\"og:site_name\" content=\"Soins aux patients de Savaria\" \/>\n<meta property=\"article:modified_time\" content=\"2025-12-07T21:45:55+00:00\" \/>\n<meta property=\"og:image\" content=\"https:\/\/savariapatientcare.com\/wp-content\/uploads\/2023\/12\/SPAN-PressureGuard-Bariatric-APM-Room-Scene-1024x1024.png\" \/>\n\t<meta property=\"og:image:width\" content=\"1024\" \/>\n\t<meta property=\"og:image:height\" content=\"1024\" \/>\n\t<meta property=\"og:image:type\" content=\"image\/png\" \/>\n<meta name=\"twitter:card\" content=\"summary_large_image\" \/>\n<meta name=\"twitter:label1\" content=\"Estimation du temps de lecture\" \/>\n\t<meta name=\"twitter:data1\" content=\"1 minute\" \/>\n<script type=\"application\/ld+json\" class=\"yoast-schema-graph\">{\"@context\":\"https:\/\/schema.org\",\"@graph\":[{\"@type\":\"WebPage\",\"@id\":\"https:\/\/savariapatientcare.com\/fr\/produit\/pressureguard-bariatric-apm\/\",\"url\":\"https:\/\/savariapatientcare.com\/fr\/produit\/pressureguard-bariatric-apm\/\",\"name\":\"SPAN PressureGuardMD Bariatric APM | Soins aux patients de Savaria\",\"isPartOf\":{\"@id\":\"https:\/\/savariapatientcare.com\/#website\"},\"primaryImageOfPage\":{\"@id\":\"https:\/\/savariapatientcare.com\/fr\/produit\/pressureguard-bariatric-apm\/#primaryimage\"},\"image\":{\"@id\":\"https:\/\/savariapatientcare.com\/fr\/produit\/pressureguard-bariatric-apm\/#primaryimage\"},\"thumbnailUrl\":\"https:\/\/savariapatientcare.com\/wp-content\/uploads\/2023\/12\/SPAN-PressureGuard-Bariatric-APM-Room-Scene.png\",\"datePublished\":\"2023-12-06T14:45:18+00:00\",\"dateModified\":\"2025-12-07T21:45:55+00:00\",\"description\":\"Learn more about the SPAN PressureGuardMD Bariatric APM from Soins aux patients de Savaria . Discover a great range of product type products and buy today\",\"breadcrumb\":{\"@id\":\"https:\/\/savariapatientcare.com\/fr\/produit\/pressureguard-bariatric-apm\/#breadcrumb\"},\"inLanguage\":\"fr-CA\",\"potentialAction\":[{\"@type\":\"ReadAction\",\"target\":[\"https:\/\/savariapatientcare.com\/fr\/produit\/pressureguard-bariatric-apm\/\"]}]},{\"@type\":\"ImageObject\",\"inLanguage\":\"fr-CA\",\"@id\":\"https:\/\/savariapatientcare.com\/fr\/produit\/pressureguard-bariatric-apm\/#primaryimage\",\"url\":\"https:\/\/savariapatientcare.com\/wp-content\/uploads\/2023\/12\/SPAN-PressureGuard-Bariatric-APM-Room-Scene.png\",\"contentUrl\":\"https:\/\/savariapatientcare.com\/wp-content\/uploads\/2023\/12\/SPAN-PressureGuard-Bariatric-APM-Room-Scene.png\",\"width\":2200,\"height\":2200},{\"@type\":\"BreadcrumbList\",\"@id\":\"https:\/\/savariapatientcare.com\/fr\/produit\/pressureguard-bariatric-apm\/#breadcrumb\",\"itemListElement\":[{\"@type\":\"ListItem\",\"position\":1,\"name\":\"Maison\",\"item\":\"https:\/\/savariapatientcare.com\/fr\/\"},{\"@type\":\"ListItem\",\"position\":2,\"name\":\"Products\",\"item\":\"https:\/\/savariapatientcare.com\/shop\/\"},{\"@type\":\"ListItem\",\"position\":3,\"name\":\"SPAN PressureGuardMD Bariatric APM\"}]},{\"@type\":\"WebSite\",\"@id\":\"https:\/\/savariapatientcare.com\/#website\",\"url\":\"https:\/\/savariapatientcare.com\/\",\"name\":\"Savaria Patient Care\",\"description\":\"\",\"publisher\":{\"@id\":\"https:\/\/savariapatientcare.com\/#organization\"},\"potentialAction\":[{\"@type\":\"SearchAction\",\"target\":{\"@type\":\"EntryPoint\",\"urlTemplate\":\"https:\/\/savariapatientcare.com\/?s={search_term_string}\"},\"query-input\":{\"@type\":\"PropertyValueSpecification\",\"valueRequired\":true,\"valueName\":\"search_term_string\"}}],\"inLanguage\":\"fr-CA\"},{\"@type\":\"Organization\",\"@id\":\"https:\/\/savariapatientcare.com\/#organization\",\"name\":\"Savaria\",\"url\":\"https:\/\/savariapatientcare.com\/\",\"logo\":{\"@type\":\"ImageObject\",\"inLanguage\":\"fr-CA\",\"@id\":\"https:\/\/savariapatientcare.com\/#\/schema\/logo\/image\/\",\"url\":\"https:\/\/savariapatientcare.com\/wp-content\/uploads\/2023\/10\/Savaria-Logo.svg\",\"contentUrl\":\"https:\/\/savariapatientcare.com\/wp-content\/uploads\/2023\/10\/Savaria-Logo.svg\",\"width\":1,\"height\":1,\"caption\":\"Savaria\"},\"image\":{\"@id\":\"https:\/\/savariapatientcare.com\/#\/schema\/logo\/image\/\"}}]}<\/script>\n<!-- \/ Yoast SEO Premium plugin. -->","yoast_head_json":{"title":"SPAN PressureGuardMD Bariatric APM | Soins aux patients de Savaria","description":"Learn more about the SPAN PressureGuardMD Bariatric APM from Soins aux patients de Savaria . Discover a great range of product type products and buy today","robots":{"index":"index","follow":"follow","max-snippet":"max-snippet:-1","max-image-preview":"max-image-preview:large","max-video-preview":"max-video-preview:-1"},"canonical":"https:\/\/savariapatientcare.com\/fr\/produit\/pressureguard-bariatric-apm\/","og_locale":"fr_CA","og_type":"article","og_title":"SPAN PressureGuardMD Bariatric APM","og_description":"Learn more about the SPAN PressureGuardMD Bariatric APM from Soins aux patients de Savaria . Discover a great range of product type products and buy today","og_url":"https:\/\/savariapatientcare.com\/fr\/produit\/pressureguard-bariatric-apm\/","og_site_name":"Soins aux patients de Savaria","article_modified_time":"2025-12-07T21:45:55+00:00","og_image":[{"width":1024,"height":1024,"url":"https:\/\/savariapatientcare.com\/wp-content\/uploads\/2023\/12\/SPAN-PressureGuard-Bariatric-APM-Room-Scene-1024x1024.png","type":"image\/png"}],"twitter_card":"summary_large_image","twitter_misc":{"Estimation du temps de lecture":"1 minute"},"schema":{"@context":"https:\/\/schema.org","@graph":[{"@type":"WebPage","@id":"https:\/\/savariapatientcare.com\/fr\/produit\/pressureguard-bariatric-apm\/","url":"https:\/\/savariapatientcare.com\/fr\/produit\/pressureguard-bariatric-apm\/","name":"SPAN PressureGuardMD Bariatric APM | Soins aux patients de Savaria","isPartOf":{"@id":"https:\/\/savariapatientcare.com\/#website"},"primaryImageOfPage":{"@id":"https:\/\/savariapatientcare.com\/fr\/produit\/pressureguard-bariatric-apm\/#primaryimage"},"image":{"@id":"https:\/\/savariapatientcare.com\/fr\/produit\/pressureguard-bariatric-apm\/#primaryimage"},"thumbnailUrl":"https:\/\/savariapatientcare.com\/wp-content\/uploads\/2023\/12\/SPAN-PressureGuard-Bariatric-APM-Room-Scene.png","datePublished":"2023-12-06T14:45:18+00:00","dateModified":"2025-12-07T21:45:55+00:00","description":"Learn more about the SPAN PressureGuardMD Bariatric APM from Soins aux patients de Savaria . Discover a great range of product type products and buy today","breadcrumb":{"@id":"https:\/\/savariapatientcare.com\/fr\/produit\/pressureguard-bariatric-apm\/#breadcrumb"},"inLanguage":"fr-CA","potentialAction":[{"@type":"ReadAction","target":["https:\/\/savariapatientcare.com\/fr\/produit\/pressureguard-bariatric-apm\/"]}]},{"@type":"ImageObject","inLanguage":"fr-CA","@id":"https:\/\/savariapatientcare.com\/fr\/produit\/pressureguard-bariatric-apm\/#primaryimage","url":"https:\/\/savariapatientcare.com\/wp-content\/uploads\/2023\/12\/SPAN-PressureGuard-Bariatric-APM-Room-Scene.png","contentUrl":"https:\/\/savariapatientcare.com\/wp-content\/uploads\/2023\/12\/SPAN-PressureGuard-Bariatric-APM-Room-Scene.png","width":2200,"height":2200},{"@type":"BreadcrumbList","@id":"https:\/\/savariapatientcare.com\/fr\/produit\/pressureguard-bariatric-apm\/#breadcrumb","itemListElement":[{"@type":"ListItem","position":1,"name":"Maison","item":"https:\/\/savariapatientcare.com\/fr\/"},{"@type":"ListItem","position":2,"name":"Products","item":"https:\/\/savariapatientcare.com\/shop\/"},{"@type":"ListItem","position":3,"name":"SPAN PressureGuardMD Bariatric APM"}]},{"@type":"WebSite","@id":"https:\/\/savariapatientcare.com\/#website","url":"https:\/\/savariapatientcare.com\/","name":"Savaria Patient Care","description":"","publisher":{"@id":"https:\/\/savariapatientcare.com\/#organization"},"potentialAction":[{"@type":"SearchAction","target":{"@type":"EntryPoint","urlTemplate":"https:\/\/savariapatientcare.com\/?s={search_term_string}"},"query-input":{"@type":"PropertyValueSpecification","valueRequired":true,"valueName":"search_term_string"}}],"inLanguage":"fr-CA"},{"@type":"Organization","@id":"https:\/\/savariapatientcare.com\/#organization","name":"Savaria","url":"https:\/\/savariapatientcare.com\/","logo":{"@type":"ImageObject","inLanguage":"fr-CA","@id":"https:\/\/savariapatientcare.com\/#\/schema\/logo\/image\/","url":"https:\/\/savariapatientcare.com\/wp-content\/uploads\/2023\/10\/Savaria-Logo.svg","contentUrl":"https:\/\/savariapatientcare.com\/wp-content\/uploads\/2023\/10\/Savaria-Logo.svg","width":1,"height":1,"caption":"Savaria"},"image":{"@id":"https:\/\/savariapatientcare.com\/#\/schema\/logo\/image\/"}}]}},"_links":{"self":[{"href":"https:\/\/savariapatientcare.com\/fr\/wp-json\/wp\/v2\/product\/86011","targetHints":{"allow":["GET"]}}],"collection":[{"href":"https:\/\/savariapatientcare.com\/fr\/wp-json\/wp\/v2\/product"}],"about":[{"href":"https:\/\/savariapatientcare.com\/fr\/wp-json\/wp\/v2\/types\/product"}],"replies":[{"embeddable":true,"href":"https:\/\/savariapatientcare.com\/fr\/wp-json\/wp\/v2\/comments?post=86011"}],"wp:featuredmedia":[{"embeddable":true,"href":"https:\/\/savariapatientcare.com\/fr\/wp-json\/wp\/v2\/media\/88586"}],"wp:attachment":[{"href":"https:\/\/savariapatientcare.com\/fr\/wp-json\/wp\/v2\/media?parent=86011"}],"wp:term":[{"taxonomy":"care-type","embeddable":true,"href":"https:\/\/savariapatientcare.com\/fr\/wp-json\/wp\/v2\/care-type?post=86011"},{"taxonomy":"technology","embeddable":true,"href":"https:\/\/savariapatientcare.com\/fr\/wp-json\/wp\/v2\/technology?post=86011"},{"taxonomy":"product_brand","embeddable":true,"href":"https:\/\/savariapatientcare.com\/fr\/wp-json\/wp\/v2\/product_brand?post=86011"},{"taxonomy":"product_cat","embeddable":true,"href":"https:\/\/savariapatientcare.com\/fr\/wp-json\/wp\/v2\/product_cat?post=86011"},{"taxonomy":"product_tag","embeddable":true,"href":"https:\/\/savariapatientcare.com\/fr\/wp-json\/wp\/v2\/product_tag?post=86011"}],"curies":[{"name":"wp","href":"https:\/\/api.w.org\/{rel}","templated":true}]}}