{"id":86008,"date":"2023-12-06T17:13:26","date_gmt":"2023-12-06T17:13:26","guid":{"rendered":"https:\/\/savariapatientcare.com\/product\/pressureguard-custom-care-convertible\/"},"modified":"2025-12-07T22:05:03","modified_gmt":"2025-12-07T22:05:03","slug":"pressureguard-custom-care-convertible","status":"publish","type":"product","link":"https:\/\/savariapatientcare.com\/fr\/produit\/pressureguard-custom-care-convertible\/","title":{"rendered":"SPAN PressureGuard<sup>MD<\/sup>\u00a0Custom Care<sup>MD<\/sup>\u00a0Convertible"},"content":{"rendered":"<h3 style=\"text-align: center;\"><strong>Une surface th\u00e9rapeutique adapt\u00e9e \u00e0 chaque lit<\/strong><\/h3>\n<p style=\"text-align: center;\">La flexibilit\u00e9 a \u00e9t\u00e9 int\u00e9gr\u00e9e \u00e0 cette nouvelle g\u00e9n\u00e9ration de la s\u00e9rie PressureGuard.\u00a0 Les deux mod\u00e8les Custom Care Convertible se transforment facilement en une surface motoris\u00e9e par le simple ajout d\u2019une unit\u00e9 de contr\u00f4le \u2013 une m\u00e9thode qui peut permettre de r\u00e9aliser d\u2019importantes \u00e9conomies sur les locations co\u00fbteuses.<\/p>\n<p style=\"text-align: center;\">Les surfaces PressureGuardMD Custom CareMD Convertible repr\u00e9sentent la nouvelle g\u00e9n\u00e9ration de surfaces de th\u00e9rapie par air PressureGuard \u00e9prouv\u00e9es. Selon des \u00e9tudes examin\u00e9es par les pairs, les supports PressureGuard, qu\u2019ils soient motoris\u00e9s ou non, se sont r\u00e9v\u00e9l\u00e9s plus performants que les supports aliment\u00e9s classiques pour la cicatrisation des l\u00e9sions de pression jusqu\u2019au stade<\/p>\n<p style=\"text-align: center;\">Les matelas Custom Care Convertible sont dot\u00e9s du syst\u00e8me innovant Star Chamber, comportant des cylindres de support d\u2019air qui sont constamment remplis d\u2019air, que la surface soit motoris\u00e9e ou non. M\u00eame en mode non motoris\u00e9, l\u2019orientation des cylindres d\u2019air de la t\u00eate aux pieds offre un plus grand d\u00e9placement d\u2019air et une meilleure r\u00e9partition du poids que les configurations de cylindres typiques c\u00f4te \u00e0 c\u00f4te, et les r\u00e9servoirs \u00e9lastiques interconnect\u00e9s absorbent les pics pour imiter la flottaison motoris\u00e9e. La conception Star Chamber rend \u00e9galement les th\u00e9rapies motoris\u00e9es plus efficaces.<\/p>\n","protected":false},"excerpt":{"rendered":"<p>Solution polyvalente de soulagement de la pression assurant un confort et un soutien sur mesure au patient. La s\u00e9rie de surfaces de redistribution de la pression Custom CareMD Convertible est con\u00e7ue pour aider les cliniciens \u00e0 fournir d\u2019excellents soins aux patients sur les cadres de lit plats comme sur les cadres de lit encastr\u00e9s, et ce, dans tout l\u2019\u00e9tablissement.<\/p>\n<ul>\n<li>Minimisation du cisaillement gr\u00e2ce \u00e0 la g\u00e9om\u00e9trie de surface Geo-MattMD et aux zones de transfert de cisaillement (Shear Transfer ZonesMD) sur la housse extensible bidirectionnelle<\/li>\n<li>Risque minimis\u00e9 de chutes et de coincement dans le lit gr\u00e2ce \u00e0 la conception du renfort Safety EdgeMC<\/li>\n<li>\u00ab\u00a0Modalit\u00e9s de traitement flexibles, y compris la pression altern\u00e9e et la rotation lat\u00e9rale.\u2028Unit\u00e9 de contr\u00f4le robuste, monobloc et silencieuse, facile \u00e0 utiliser, avec un port de connexion rapide au matelas\u00a0\u00bb<\/li>\n<\/ul>\n","protected":false},"featured_media":86010,"comment_status":"open","ping_status":"closed","template":"","meta":{"_acf_changed":false},"care-type":[364],"technology":[408],"product_brand":[],"product_cat":[402,404],"product_tag":[],"class_list":{"0":"post-86008","1":"product","2":"type-product","3":"status-publish","4":"has-post-thumbnail","6":"care-type-soins-de-courte-duree","7":"technology-convertible-fr","8":"product_cat-surfaces-de-support","9":"product_cat-surfaces-de-traitement","11":"first","12":"instock","13":"shipping-taxable","14":"product-type-simple"},"acf":[],"yoast_head":"<!-- This site is optimized with the Yoast SEO Premium plugin v25.6 (Yoast SEO v27.2) - https:\/\/yoast.com\/product\/yoast-seo-premium-wordpress\/ -->\n<title>SPAN PressureGuardMD\u00a0Custom CareMD\u00a0Convertible | Soins aux patients de Savaria<\/title>\n<meta name=\"description\" content=\"Learn more about the SPAN PressureGuardMD\u00a0Custom CareMD\u00a0Convertible from Soins aux patients de Savaria . Discover a great range of product type products and buy today\" \/>\n<meta name=\"robots\" content=\"index, follow, max-snippet:-1, max-image-preview:large, max-video-preview:-1\" \/>\n<link rel=\"canonical\" href=\"https:\/\/savariapatientcare.com\/fr\/produit\/pressureguard-custom-care-convertible\/\" \/>\n<meta property=\"og:locale\" content=\"fr_CA\" \/>\n<meta property=\"og:type\" content=\"article\" \/>\n<meta property=\"og:title\" content=\"SPAN PressureGuardMD\u00a0Custom CareMD\u00a0Convertible\" \/>\n<meta property=\"og:description\" content=\"Learn more about the SPAN PressureGuardMD\u00a0Custom CareMD\u00a0Convertible from Soins aux patients de Savaria . Discover a great range of product type products and buy today\" \/>\n<meta property=\"og:url\" content=\"https:\/\/savariapatientcare.com\/fr\/produit\/pressureguard-custom-care-convertible\/\" \/>\n<meta property=\"og:site_name\" content=\"Soins aux patients de Savaria\" \/>\n<meta property=\"article:modified_time\" content=\"2025-12-07T22:05:03+00:00\" \/>\n<meta property=\"og:image\" content=\"https:\/\/savariapatientcare.com\/wp-content\/uploads\/2023\/12\/Custom-Care-Convirtable-Hospital.png\" \/>\n\t<meta property=\"og:image:width\" content=\"900\" \/>\n\t<meta property=\"og:image:height\" content=\"900\" \/>\n\t<meta property=\"og:image:type\" content=\"image\/png\" \/>\n<meta name=\"twitter:card\" content=\"summary_large_image\" \/>\n<meta name=\"twitter:label1\" content=\"Estimation du temps de lecture\" \/>\n\t<meta name=\"twitter:data1\" content=\"2 minutes\" \/>\n<script type=\"application\/ld+json\" class=\"yoast-schema-graph\">{\"@context\":\"https:\/\/schema.org\",\"@graph\":[{\"@type\":\"WebPage\",\"@id\":\"https:\/\/savariapatientcare.com\/fr\/produit\/pressureguard-custom-care-convertible\/\",\"url\":\"https:\/\/savariapatientcare.com\/fr\/produit\/pressureguard-custom-care-convertible\/\",\"name\":\"SPAN PressureGuardMD\u00a0Custom CareMD\u00a0Convertible | Soins aux patients de Savaria\",\"isPartOf\":{\"@id\":\"https:\/\/savariapatientcare.com\/#website\"},\"primaryImageOfPage\":{\"@id\":\"https:\/\/savariapatientcare.com\/fr\/produit\/pressureguard-custom-care-convertible\/#primaryimage\"},\"image\":{\"@id\":\"https:\/\/savariapatientcare.com\/fr\/produit\/pressureguard-custom-care-convertible\/#primaryimage\"},\"thumbnailUrl\":\"https:\/\/savariapatientcare.com\/wp-content\/uploads\/2023\/12\/Custom-Care-Convirtable-Hospital.png\",\"datePublished\":\"2023-12-06T17:13:26+00:00\",\"dateModified\":\"2025-12-07T22:05:03+00:00\",\"description\":\"Learn more about the SPAN PressureGuardMD\u00a0Custom CareMD\u00a0Convertible from Soins aux patients de Savaria . Discover a great range of product type products and buy today\",\"breadcrumb\":{\"@id\":\"https:\/\/savariapatientcare.com\/fr\/produit\/pressureguard-custom-care-convertible\/#breadcrumb\"},\"inLanguage\":\"fr-CA\",\"potentialAction\":[{\"@type\":\"ReadAction\",\"target\":[\"https:\/\/savariapatientcare.com\/fr\/produit\/pressureguard-custom-care-convertible\/\"]}]},{\"@type\":\"ImageObject\",\"inLanguage\":\"fr-CA\",\"@id\":\"https:\/\/savariapatientcare.com\/fr\/produit\/pressureguard-custom-care-convertible\/#primaryimage\",\"url\":\"https:\/\/savariapatientcare.com\/wp-content\/uploads\/2023\/12\/Custom-Care-Convirtable-Hospital.png\",\"contentUrl\":\"https:\/\/savariapatientcare.com\/wp-content\/uploads\/2023\/12\/Custom-Care-Convirtable-Hospital.png\",\"width\":900,\"height\":900},{\"@type\":\"BreadcrumbList\",\"@id\":\"https:\/\/savariapatientcare.com\/fr\/produit\/pressureguard-custom-care-convertible\/#breadcrumb\",\"itemListElement\":[{\"@type\":\"ListItem\",\"position\":1,\"name\":\"Maison\",\"item\":\"https:\/\/savariapatientcare.com\/fr\/\"},{\"@type\":\"ListItem\",\"position\":2,\"name\":\"Products\",\"item\":\"https:\/\/savariapatientcare.com\/shop\/\"},{\"@type\":\"ListItem\",\"position\":3,\"name\":\"SPAN PressureGuardMD\u00a0Custom CareMD\u00a0Convertible\"}]},{\"@type\":\"WebSite\",\"@id\":\"https:\/\/savariapatientcare.com\/#website\",\"url\":\"https:\/\/savariapatientcare.com\/\",\"name\":\"Savaria Patient Care\",\"description\":\"\",\"publisher\":{\"@id\":\"https:\/\/savariapatientcare.com\/#organization\"},\"potentialAction\":[{\"@type\":\"SearchAction\",\"target\":{\"@type\":\"EntryPoint\",\"urlTemplate\":\"https:\/\/savariapatientcare.com\/?s={search_term_string}\"},\"query-input\":{\"@type\":\"PropertyValueSpecification\",\"valueRequired\":true,\"valueName\":\"search_term_string\"}}],\"inLanguage\":\"fr-CA\"},{\"@type\":\"Organization\",\"@id\":\"https:\/\/savariapatientcare.com\/#organization\",\"name\":\"Savaria\",\"url\":\"https:\/\/savariapatientcare.com\/\",\"logo\":{\"@type\":\"ImageObject\",\"inLanguage\":\"fr-CA\",\"@id\":\"https:\/\/savariapatientcare.com\/#\/schema\/logo\/image\/\",\"url\":\"https:\/\/savariapatientcare.com\/wp-content\/uploads\/2023\/10\/Savaria-Logo.svg\",\"contentUrl\":\"https:\/\/savariapatientcare.com\/wp-content\/uploads\/2023\/10\/Savaria-Logo.svg\",\"width\":1,\"height\":1,\"caption\":\"Savaria\"},\"image\":{\"@id\":\"https:\/\/savariapatientcare.com\/#\/schema\/logo\/image\/\"}}]}<\/script>\n<!-- \/ Yoast SEO Premium plugin. -->","yoast_head_json":{"title":"SPAN PressureGuardMD\u00a0Custom CareMD\u00a0Convertible | Soins aux patients de Savaria","description":"Learn more about the SPAN PressureGuardMD\u00a0Custom CareMD\u00a0Convertible from Soins aux patients de Savaria . Discover a great range of product type products and buy today","robots":{"index":"index","follow":"follow","max-snippet":"max-snippet:-1","max-image-preview":"max-image-preview:large","max-video-preview":"max-video-preview:-1"},"canonical":"https:\/\/savariapatientcare.com\/fr\/produit\/pressureguard-custom-care-convertible\/","og_locale":"fr_CA","og_type":"article","og_title":"SPAN PressureGuardMD\u00a0Custom CareMD\u00a0Convertible","og_description":"Learn more about the SPAN PressureGuardMD\u00a0Custom CareMD\u00a0Convertible from Soins aux patients de Savaria . Discover a great range of product type products and buy today","og_url":"https:\/\/savariapatientcare.com\/fr\/produit\/pressureguard-custom-care-convertible\/","og_site_name":"Soins aux patients de Savaria","article_modified_time":"2025-12-07T22:05:03+00:00","og_image":[{"width":900,"height":900,"url":"https:\/\/savariapatientcare.com\/wp-content\/uploads\/2023\/12\/Custom-Care-Convirtable-Hospital.png","type":"image\/png"}],"twitter_card":"summary_large_image","twitter_misc":{"Estimation du temps de lecture":"2 minutes"},"schema":{"@context":"https:\/\/schema.org","@graph":[{"@type":"WebPage","@id":"https:\/\/savariapatientcare.com\/fr\/produit\/pressureguard-custom-care-convertible\/","url":"https:\/\/savariapatientcare.com\/fr\/produit\/pressureguard-custom-care-convertible\/","name":"SPAN PressureGuardMD\u00a0Custom CareMD\u00a0Convertible | Soins aux patients de Savaria","isPartOf":{"@id":"https:\/\/savariapatientcare.com\/#website"},"primaryImageOfPage":{"@id":"https:\/\/savariapatientcare.com\/fr\/produit\/pressureguard-custom-care-convertible\/#primaryimage"},"image":{"@id":"https:\/\/savariapatientcare.com\/fr\/produit\/pressureguard-custom-care-convertible\/#primaryimage"},"thumbnailUrl":"https:\/\/savariapatientcare.com\/wp-content\/uploads\/2023\/12\/Custom-Care-Convirtable-Hospital.png","datePublished":"2023-12-06T17:13:26+00:00","dateModified":"2025-12-07T22:05:03+00:00","description":"Learn more about the SPAN PressureGuardMD\u00a0Custom CareMD\u00a0Convertible from Soins aux patients de Savaria . Discover a great range of product type products and buy today","breadcrumb":{"@id":"https:\/\/savariapatientcare.com\/fr\/produit\/pressureguard-custom-care-convertible\/#breadcrumb"},"inLanguage":"fr-CA","potentialAction":[{"@type":"ReadAction","target":["https:\/\/savariapatientcare.com\/fr\/produit\/pressureguard-custom-care-convertible\/"]}]},{"@type":"ImageObject","inLanguage":"fr-CA","@id":"https:\/\/savariapatientcare.com\/fr\/produit\/pressureguard-custom-care-convertible\/#primaryimage","url":"https:\/\/savariapatientcare.com\/wp-content\/uploads\/2023\/12\/Custom-Care-Convirtable-Hospital.png","contentUrl":"https:\/\/savariapatientcare.com\/wp-content\/uploads\/2023\/12\/Custom-Care-Convirtable-Hospital.png","width":900,"height":900},{"@type":"BreadcrumbList","@id":"https:\/\/savariapatientcare.com\/fr\/produit\/pressureguard-custom-care-convertible\/#breadcrumb","itemListElement":[{"@type":"ListItem","position":1,"name":"Maison","item":"https:\/\/savariapatientcare.com\/fr\/"},{"@type":"ListItem","position":2,"name":"Products","item":"https:\/\/savariapatientcare.com\/shop\/"},{"@type":"ListItem","position":3,"name":"SPAN PressureGuardMD\u00a0Custom CareMD\u00a0Convertible"}]},{"@type":"WebSite","@id":"https:\/\/savariapatientcare.com\/#website","url":"https:\/\/savariapatientcare.com\/","name":"Savaria Patient Care","description":"","publisher":{"@id":"https:\/\/savariapatientcare.com\/#organization"},"potentialAction":[{"@type":"SearchAction","target":{"@type":"EntryPoint","urlTemplate":"https:\/\/savariapatientcare.com\/?s={search_term_string}"},"query-input":{"@type":"PropertyValueSpecification","valueRequired":true,"valueName":"search_term_string"}}],"inLanguage":"fr-CA"},{"@type":"Organization","@id":"https:\/\/savariapatientcare.com\/#organization","name":"Savaria","url":"https:\/\/savariapatientcare.com\/","logo":{"@type":"ImageObject","inLanguage":"fr-CA","@id":"https:\/\/savariapatientcare.com\/#\/schema\/logo\/image\/","url":"https:\/\/savariapatientcare.com\/wp-content\/uploads\/2023\/10\/Savaria-Logo.svg","contentUrl":"https:\/\/savariapatientcare.com\/wp-content\/uploads\/2023\/10\/Savaria-Logo.svg","width":1,"height":1,"caption":"Savaria"},"image":{"@id":"https:\/\/savariapatientcare.com\/#\/schema\/logo\/image\/"}}]}},"_links":{"self":[{"href":"https:\/\/savariapatientcare.com\/fr\/wp-json\/wp\/v2\/product\/86008","targetHints":{"allow":["GET"]}}],"collection":[{"href":"https:\/\/savariapatientcare.com\/fr\/wp-json\/wp\/v2\/product"}],"about":[{"href":"https:\/\/savariapatientcare.com\/fr\/wp-json\/wp\/v2\/types\/product"}],"replies":[{"embeddable":true,"href":"https:\/\/savariapatientcare.com\/fr\/wp-json\/wp\/v2\/comments?post=86008"}],"wp:featuredmedia":[{"embeddable":true,"href":"https:\/\/savariapatientcare.com\/fr\/wp-json\/wp\/v2\/media\/86010"}],"wp:attachment":[{"href":"https:\/\/savariapatientcare.com\/fr\/wp-json\/wp\/v2\/media?parent=86008"}],"wp:term":[{"taxonomy":"care-type","embeddable":true,"href":"https:\/\/savariapatientcare.com\/fr\/wp-json\/wp\/v2\/care-type?post=86008"},{"taxonomy":"technology","embeddable":true,"href":"https:\/\/savariapatientcare.com\/fr\/wp-json\/wp\/v2\/technology?post=86008"},{"taxonomy":"product_brand","embeddable":true,"href":"https:\/\/savariapatientcare.com\/fr\/wp-json\/wp\/v2\/product_brand?post=86008"},{"taxonomy":"product_cat","embeddable":true,"href":"https:\/\/savariapatientcare.com\/fr\/wp-json\/wp\/v2\/product_cat?post=86008"},{"taxonomy":"product_tag","embeddable":true,"href":"https:\/\/savariapatientcare.com\/fr\/wp-json\/wp\/v2\/product_tag?post=86008"}],"curies":[{"name":"wp","href":"https:\/\/api.w.org\/{rel}","templated":true}]}}