{"id":86005,"date":"2023-12-06T17:32:38","date_gmt":"2023-12-06T17:32:38","guid":{"rendered":"https:\/\/savariapatientcare.com\/product\/pressureguard-custom-care-convertible-lal\/"},"modified":"2025-12-07T21:54:16","modified_gmt":"2025-12-07T21:54:16","slug":"pressureguard-custom-care-convertible-lal","status":"publish","type":"product","link":"https:\/\/savariapatientcare.com\/fr\/produit\/pressureguard-custom-care-convertible-lal\/","title":{"rendered":"SPAN PressureGuard<sup>MD<\/sup> Custom Care<sup>MD<\/sup> Convertible LAL"},"content":{"rendered":"<h3 style=\"text-align: center;\"><strong>Performance prouv\u00e9e et \u00e0 la pointe de l\u2019industrie<\/strong><\/h3>\n<p style=\"text-align: center;\">Tout comme la surface Custom Care<sup>MD<\/sup> Convertible, la surface de redistribution de la pression Custom Care<sup>MD<\/sup> Convertible LAL est con\u00e7ue pour aider les cliniciens \u00e0 fournir d\u2019excellents soins aux patients sur les cadres de lit plats comme sur les cadres de lits encastr\u00e9s, et ce, dans tout l\u2019\u00e9tablissement.\u00a0 La surface Custom Care<sup>MD<\/sup> Convertible LAL b\u00e9n\u00e9ficie de la conception \u00e9prouv\u00e9e de Span-America pour la gestion du microclimat, assurant le contr\u00f4le de la mac\u00e9ration.\u00a0 Des tests standardis\u00e9s de l\u2019industrie confirment des performances in\u00e9gal\u00e9es dans l\u2019\u00e9limination de l\u2019humidit\u00e9 excessive au sein du microclimat.*<\/p>\n<p style=\"text-align: center;\">La flexibilit\u00e9 a \u00e9t\u00e9 int\u00e9gr\u00e9e \u00e0 cette nouvelle g\u00e9n\u00e9ration de la s\u00e9rie PressureGuard.\u00a0 Les deux mod\u00e8les Custom Care Convertible se transforment facilement en une surface motoris\u00e9e par le simple ajout d\u2019une unit\u00e9 de contr\u00f4le \u2013 une m\u00e9thode qui peut permettre de r\u00e9aliser d\u2019importantes \u00e9conomies sur les locations co\u00fbteuses.<\/p>\n","protected":false},"excerpt":{"rendered":"<p>Le matelas PressureGuard Custom Care Convertible LAL est une solution personnalisable pour la pr\u00e9vention des l\u00e9sions de pression, con\u00e7ue pour offrir un confort et un soutien optimaux au patient.<\/p>\n<ul>\n<li>R\u00e9partition efficace de la pression gr\u00e2ce \u00e0 la g\u00e9om\u00e9trie de surface Geo-MattMD et \u00e0 la double protection des talons.<\/li>\n<li>Mac\u00e9ration r\u00e9duite gr\u00e2ce \u00e0 un flux d\u2019air continu via la couche Air Diffusion MatrixMC.<\/li>\n<li>Th\u00e9rapies motoris\u00e9es plus efficaces gr\u00e2ce \u00e0 la conception Star ChamberMC<\/li>\n<li>Unit\u00e9 de contr\u00f4le facile \u00e0 utiliser avec des tuyaux d\u2019air \u00e0 connexion rapide et une s\u00e9lection de la th\u00e9rapie par bouton-poussoir<\/li>\n<\/ul>\n","protected":false},"featured_media":86007,"comment_status":"open","ping_status":"closed","template":"","meta":{"_acf_changed":false},"care-type":[364],"technology":[406,405,407,403],"product_brand":[],"product_cat":[402,404],"product_tag":[],"class_list":{"0":"post-86005","1":"product","2":"type-product","3":"status-publish","4":"has-post-thumbnail","6":"care-type-soins-de-courte-duree","7":"technology-gestion-du-microclimat","8":"technology-pression-alternee","9":"technology-rotation-laterale","10":"technology-safety-edge-fr","11":"product_cat-surfaces-de-support","12":"product_cat-surfaces-de-traitement","14":"first","15":"instock","16":"shipping-taxable","17":"product-type-simple"},"acf":[],"yoast_head":"<!-- This site is optimized with the Yoast SEO Premium plugin v25.6 (Yoast SEO v27.2) - https:\/\/yoast.com\/product\/yoast-seo-premium-wordpress\/ -->\n<title>SPAN PressureGuardMD Custom CareMD Convertible LAL | Soins aux patients de Savaria<\/title>\n<meta name=\"description\" content=\"Learn more about the SPAN PressureGuardMD Custom CareMD Convertible LAL from Soins aux patients de Savaria . Discover a great range of product type products and buy today\" \/>\n<meta name=\"robots\" content=\"index, follow, max-snippet:-1, max-image-preview:large, max-video-preview:-1\" \/>\n<link rel=\"canonical\" href=\"https:\/\/savariapatientcare.com\/fr\/produit\/pressureguard-custom-care-convertible-lal\/\" \/>\n<meta property=\"og:locale\" content=\"fr_CA\" \/>\n<meta property=\"og:type\" content=\"article\" \/>\n<meta property=\"og:title\" content=\"SPAN PressureGuardMD Custom CareMD Convertible LAL\" \/>\n<meta property=\"og:description\" content=\"Learn more about the SPAN PressureGuardMD Custom CareMD Convertible LAL from Soins aux patients de Savaria . Discover a great range of product type products and buy today\" \/>\n<meta property=\"og:url\" content=\"https:\/\/savariapatientcare.com\/fr\/produit\/pressureguard-custom-care-convertible-lal\/\" \/>\n<meta property=\"og:site_name\" content=\"Soins aux patients de Savaria\" \/>\n<meta property=\"article:modified_time\" content=\"2025-12-07T21:54:16+00:00\" \/>\n<meta property=\"og:image\" content=\"https:\/\/savariapatientcare.com\/wp-content\/uploads\/2023\/12\/SPAN-PressureGuard-Custom-Care-Convertible-LAL.png\" \/>\n\t<meta property=\"og:image:width\" content=\"900\" \/>\n\t<meta property=\"og:image:height\" content=\"900\" \/>\n\t<meta property=\"og:image:type\" content=\"image\/png\" \/>\n<meta name=\"twitter:card\" content=\"summary_large_image\" \/>\n<meta name=\"twitter:label1\" content=\"Estimation du temps de lecture\" \/>\n\t<meta name=\"twitter:data1\" content=\"1 minute\" \/>\n<script type=\"application\/ld+json\" class=\"yoast-schema-graph\">{\"@context\":\"https:\/\/schema.org\",\"@graph\":[{\"@type\":\"WebPage\",\"@id\":\"https:\/\/savariapatientcare.com\/fr\/produit\/pressureguard-custom-care-convertible-lal\/\",\"url\":\"https:\/\/savariapatientcare.com\/fr\/produit\/pressureguard-custom-care-convertible-lal\/\",\"name\":\"SPAN PressureGuardMD Custom CareMD Convertible LAL | Soins aux patients de Savaria\",\"isPartOf\":{\"@id\":\"https:\/\/savariapatientcare.com\/#website\"},\"primaryImageOfPage\":{\"@id\":\"https:\/\/savariapatientcare.com\/fr\/produit\/pressureguard-custom-care-convertible-lal\/#primaryimage\"},\"image\":{\"@id\":\"https:\/\/savariapatientcare.com\/fr\/produit\/pressureguard-custom-care-convertible-lal\/#primaryimage\"},\"thumbnailUrl\":\"https:\/\/savariapatientcare.com\/wp-content\/uploads\/2023\/12\/SPAN-PressureGuard-Custom-Care-Convertible-LAL.png\",\"datePublished\":\"2023-12-06T17:32:38+00:00\",\"dateModified\":\"2025-12-07T21:54:16+00:00\",\"description\":\"Learn more about the SPAN PressureGuardMD Custom CareMD Convertible LAL from Soins aux patients de Savaria . Discover a great range of product type products and buy today\",\"breadcrumb\":{\"@id\":\"https:\/\/savariapatientcare.com\/fr\/produit\/pressureguard-custom-care-convertible-lal\/#breadcrumb\"},\"inLanguage\":\"fr-CA\",\"potentialAction\":[{\"@type\":\"ReadAction\",\"target\":[\"https:\/\/savariapatientcare.com\/fr\/produit\/pressureguard-custom-care-convertible-lal\/\"]}]},{\"@type\":\"ImageObject\",\"inLanguage\":\"fr-CA\",\"@id\":\"https:\/\/savariapatientcare.com\/fr\/produit\/pressureguard-custom-care-convertible-lal\/#primaryimage\",\"url\":\"https:\/\/savariapatientcare.com\/wp-content\/uploads\/2023\/12\/SPAN-PressureGuard-Custom-Care-Convertible-LAL.png\",\"contentUrl\":\"https:\/\/savariapatientcare.com\/wp-content\/uploads\/2023\/12\/SPAN-PressureGuard-Custom-Care-Convertible-LAL.png\",\"width\":900,\"height\":900},{\"@type\":\"BreadcrumbList\",\"@id\":\"https:\/\/savariapatientcare.com\/fr\/produit\/pressureguard-custom-care-convertible-lal\/#breadcrumb\",\"itemListElement\":[{\"@type\":\"ListItem\",\"position\":1,\"name\":\"Maison\",\"item\":\"https:\/\/savariapatientcare.com\/fr\/\"},{\"@type\":\"ListItem\",\"position\":2,\"name\":\"Products\",\"item\":\"https:\/\/savariapatientcare.com\/shop\/\"},{\"@type\":\"ListItem\",\"position\":3,\"name\":\"SPAN PressureGuardMD Custom CareMD Convertible LAL\"}]},{\"@type\":\"WebSite\",\"@id\":\"https:\/\/savariapatientcare.com\/#website\",\"url\":\"https:\/\/savariapatientcare.com\/\",\"name\":\"Savaria Patient Care\",\"description\":\"\",\"publisher\":{\"@id\":\"https:\/\/savariapatientcare.com\/#organization\"},\"potentialAction\":[{\"@type\":\"SearchAction\",\"target\":{\"@type\":\"EntryPoint\",\"urlTemplate\":\"https:\/\/savariapatientcare.com\/?s={search_term_string}\"},\"query-input\":{\"@type\":\"PropertyValueSpecification\",\"valueRequired\":true,\"valueName\":\"search_term_string\"}}],\"inLanguage\":\"fr-CA\"},{\"@type\":\"Organization\",\"@id\":\"https:\/\/savariapatientcare.com\/#organization\",\"name\":\"Savaria\",\"url\":\"https:\/\/savariapatientcare.com\/\",\"logo\":{\"@type\":\"ImageObject\",\"inLanguage\":\"fr-CA\",\"@id\":\"https:\/\/savariapatientcare.com\/#\/schema\/logo\/image\/\",\"url\":\"https:\/\/savariapatientcare.com\/wp-content\/uploads\/2023\/10\/Savaria-Logo.svg\",\"contentUrl\":\"https:\/\/savariapatientcare.com\/wp-content\/uploads\/2023\/10\/Savaria-Logo.svg\",\"width\":1,\"height\":1,\"caption\":\"Savaria\"},\"image\":{\"@id\":\"https:\/\/savariapatientcare.com\/#\/schema\/logo\/image\/\"}}]}<\/script>\n<!-- \/ Yoast SEO Premium plugin. -->","yoast_head_json":{"title":"SPAN PressureGuardMD Custom CareMD Convertible LAL | Soins aux patients de Savaria","description":"Learn more about the SPAN PressureGuardMD Custom CareMD Convertible LAL from Soins aux patients de Savaria . Discover a great range of product type products and buy today","robots":{"index":"index","follow":"follow","max-snippet":"max-snippet:-1","max-image-preview":"max-image-preview:large","max-video-preview":"max-video-preview:-1"},"canonical":"https:\/\/savariapatientcare.com\/fr\/produit\/pressureguard-custom-care-convertible-lal\/","og_locale":"fr_CA","og_type":"article","og_title":"SPAN PressureGuardMD Custom CareMD Convertible LAL","og_description":"Learn more about the SPAN PressureGuardMD Custom CareMD Convertible LAL from Soins aux patients de Savaria . Discover a great range of product type products and buy today","og_url":"https:\/\/savariapatientcare.com\/fr\/produit\/pressureguard-custom-care-convertible-lal\/","og_site_name":"Soins aux patients de Savaria","article_modified_time":"2025-12-07T21:54:16+00:00","og_image":[{"width":900,"height":900,"url":"https:\/\/savariapatientcare.com\/wp-content\/uploads\/2023\/12\/SPAN-PressureGuard-Custom-Care-Convertible-LAL.png","type":"image\/png"}],"twitter_card":"summary_large_image","twitter_misc":{"Estimation du temps de lecture":"1 minute"},"schema":{"@context":"https:\/\/schema.org","@graph":[{"@type":"WebPage","@id":"https:\/\/savariapatientcare.com\/fr\/produit\/pressureguard-custom-care-convertible-lal\/","url":"https:\/\/savariapatientcare.com\/fr\/produit\/pressureguard-custom-care-convertible-lal\/","name":"SPAN PressureGuardMD Custom CareMD Convertible LAL | Soins aux patients de Savaria","isPartOf":{"@id":"https:\/\/savariapatientcare.com\/#website"},"primaryImageOfPage":{"@id":"https:\/\/savariapatientcare.com\/fr\/produit\/pressureguard-custom-care-convertible-lal\/#primaryimage"},"image":{"@id":"https:\/\/savariapatientcare.com\/fr\/produit\/pressureguard-custom-care-convertible-lal\/#primaryimage"},"thumbnailUrl":"https:\/\/savariapatientcare.com\/wp-content\/uploads\/2023\/12\/SPAN-PressureGuard-Custom-Care-Convertible-LAL.png","datePublished":"2023-12-06T17:32:38+00:00","dateModified":"2025-12-07T21:54:16+00:00","description":"Learn more about the SPAN PressureGuardMD Custom CareMD Convertible LAL from Soins aux patients de Savaria . Discover a great range of product type products and buy today","breadcrumb":{"@id":"https:\/\/savariapatientcare.com\/fr\/produit\/pressureguard-custom-care-convertible-lal\/#breadcrumb"},"inLanguage":"fr-CA","potentialAction":[{"@type":"ReadAction","target":["https:\/\/savariapatientcare.com\/fr\/produit\/pressureguard-custom-care-convertible-lal\/"]}]},{"@type":"ImageObject","inLanguage":"fr-CA","@id":"https:\/\/savariapatientcare.com\/fr\/produit\/pressureguard-custom-care-convertible-lal\/#primaryimage","url":"https:\/\/savariapatientcare.com\/wp-content\/uploads\/2023\/12\/SPAN-PressureGuard-Custom-Care-Convertible-LAL.png","contentUrl":"https:\/\/savariapatientcare.com\/wp-content\/uploads\/2023\/12\/SPAN-PressureGuard-Custom-Care-Convertible-LAL.png","width":900,"height":900},{"@type":"BreadcrumbList","@id":"https:\/\/savariapatientcare.com\/fr\/produit\/pressureguard-custom-care-convertible-lal\/#breadcrumb","itemListElement":[{"@type":"ListItem","position":1,"name":"Maison","item":"https:\/\/savariapatientcare.com\/fr\/"},{"@type":"ListItem","position":2,"name":"Products","item":"https:\/\/savariapatientcare.com\/shop\/"},{"@type":"ListItem","position":3,"name":"SPAN PressureGuardMD Custom CareMD Convertible LAL"}]},{"@type":"WebSite","@id":"https:\/\/savariapatientcare.com\/#website","url":"https:\/\/savariapatientcare.com\/","name":"Savaria Patient Care","description":"","publisher":{"@id":"https:\/\/savariapatientcare.com\/#organization"},"potentialAction":[{"@type":"SearchAction","target":{"@type":"EntryPoint","urlTemplate":"https:\/\/savariapatientcare.com\/?s={search_term_string}"},"query-input":{"@type":"PropertyValueSpecification","valueRequired":true,"valueName":"search_term_string"}}],"inLanguage":"fr-CA"},{"@type":"Organization","@id":"https:\/\/savariapatientcare.com\/#organization","name":"Savaria","url":"https:\/\/savariapatientcare.com\/","logo":{"@type":"ImageObject","inLanguage":"fr-CA","@id":"https:\/\/savariapatientcare.com\/#\/schema\/logo\/image\/","url":"https:\/\/savariapatientcare.com\/wp-content\/uploads\/2023\/10\/Savaria-Logo.svg","contentUrl":"https:\/\/savariapatientcare.com\/wp-content\/uploads\/2023\/10\/Savaria-Logo.svg","width":1,"height":1,"caption":"Savaria"},"image":{"@id":"https:\/\/savariapatientcare.com\/#\/schema\/logo\/image\/"}}]}},"_links":{"self":[{"href":"https:\/\/savariapatientcare.com\/fr\/wp-json\/wp\/v2\/product\/86005","targetHints":{"allow":["GET"]}}],"collection":[{"href":"https:\/\/savariapatientcare.com\/fr\/wp-json\/wp\/v2\/product"}],"about":[{"href":"https:\/\/savariapatientcare.com\/fr\/wp-json\/wp\/v2\/types\/product"}],"replies":[{"embeddable":true,"href":"https:\/\/savariapatientcare.com\/fr\/wp-json\/wp\/v2\/comments?post=86005"}],"wp:featuredmedia":[{"embeddable":true,"href":"https:\/\/savariapatientcare.com\/fr\/wp-json\/wp\/v2\/media\/86007"}],"wp:attachment":[{"href":"https:\/\/savariapatientcare.com\/fr\/wp-json\/wp\/v2\/media?parent=86005"}],"wp:term":[{"taxonomy":"care-type","embeddable":true,"href":"https:\/\/savariapatientcare.com\/fr\/wp-json\/wp\/v2\/care-type?post=86005"},{"taxonomy":"technology","embeddable":true,"href":"https:\/\/savariapatientcare.com\/fr\/wp-json\/wp\/v2\/technology?post=86005"},{"taxonomy":"product_brand","embeddable":true,"href":"https:\/\/savariapatientcare.com\/fr\/wp-json\/wp\/v2\/product_brand?post=86005"},{"taxonomy":"product_cat","embeddable":true,"href":"https:\/\/savariapatientcare.com\/fr\/wp-json\/wp\/v2\/product_cat?post=86005"},{"taxonomy":"product_tag","embeddable":true,"href":"https:\/\/savariapatientcare.com\/fr\/wp-json\/wp\/v2\/product_tag?post=86005"}],"curies":[{"name":"wp","href":"https:\/\/api.w.org\/{rel}","templated":true}]}}