{"id":86002,"date":"2023-12-06T17:54:49","date_gmt":"2023-12-06T17:54:49","guid":{"rendered":"https:\/\/savariapatientcare.com\/product\/pressureguard-easy-air-lr\/"},"modified":"2025-12-24T15:43:12","modified_gmt":"2025-12-24T15:43:12","slug":"pressureguard-easy-air-lr","status":"publish","type":"product","link":"https:\/\/savariapatientcare.com\/fr\/produit\/pressureguard-easy-air-lr\/","title":{"rendered":"PressureGuard<sup>MD<\/sup>\u00a0Easy Air<sup>MD<\/sup> LR \/ Easy Air<sup>MD<\/sup>"},"content":{"rendered":"<h3 style=\"text-align: center;\">Les meilleures performances. Sans aucun compromis.<\/h3>\n<p style=\"text-align: center;\">Il est prouv\u00e9 que le PressureGuard<sup>MD<\/sup> Easy Air<sup>MD<\/sup> surpasse tous les principaux syst\u00e8mes \u00e0 faible perte d\u2019air dans ce domaine de performance cl\u00e9. Ce qui est exceptionnel, c\u2019est qu\u2019il r\u00e9alise cette performance en \u00e9liminant tous les inconv\u00e9nients que les utilisateurs de syst\u00e8mes \u00e0 faible perte d\u2019air croyaient in\u00e9vitables. Un r\u00e9sultat rendu possible par sa technologie exclusive Air Diffusion Matrix et sa conception unique air\/mousse PressureGuard.<\/p>\n<p style=\"text-align: center;\">Il est prouv\u00e9 que le PressureGuard<sup>MD<\/sup> Easy Air<sup>MD<\/sup> surpasse tous les principaux syst\u00e8mes \u00e0 faible perte d\u2019air dans ce domaine de performance cl\u00e9. Ce qui est exceptionnel, c\u2019est qu\u2019il r\u00e9alise cette performance en \u00e9liminant tous les inconv\u00e9nients que les utilisateurs de syst\u00e8mes \u00e0 faible perte d\u2019air croyaient in\u00e9vitables. Un r\u00e9sultat rendu possible par sa technologie exclusive Air Diffusion Matrix et sa conception unique air\/mousse PressureGuard.<\/p>\n<p style=\"text-align: center;\">Easy Air reste gonfl\u00e9 en cas d\u2019interruption de courant. Sa surface stable n\u2019\u00ab engloutit \u00bb pas l\u2019utilisateur. Et son rebord de s\u00e9curit\u00e9 Safety Edge<sup>MC<\/sup> ne s\u2019affaisse pas comme peuvent le faire les matelas uniquement \u00e0 air, ce qui rend les transferts plus s\u00e9curitaires. L\u2019utilisateur n\u2019aura ni trop chaud ni trop froid. Ultra-simple \u00e0 installer, \u00e0 nettoyer et \u00e0 utiliser.<\/p>\n<p style=\"text-align: center;\">Le mod\u00e8le standard Easy Air<sup>MD<\/sup> n\u2019inclut pas le mode de rotation lat\u00e9rale.<\/p>\n","protected":false},"excerpt":{"rendered":"<p>Le matelas PressureGuard Easy Air LR procure un soulagement sup\u00e9rieur de la pression, optimisant ainsi le confort et la s\u00e9curit\u00e9 du patient. La surface multimodale la plus polyvalente du march\u00e9.<\/p>\n<ul>\n<li>La meilleure offre du secteur en mati\u00e8re de performances et de flexibilit\u00e9 de traitement multimodale.<\/li>\n<li>Gr\u00e2ce \u00e0 sa conception exclusive, ce syst\u00e8me agit de mani\u00e8re puissante et d\u00e9montr\u00e9e contre l\u2019humidit\u00e9 excessive et la mac\u00e9ration.<\/li>\n<li>Minimise les risques associ\u00e9s aux transferts, aux probl\u00e8mes de bord de lit\/de coincement et aux interruptions de courant.<\/li>\n<li>Le mod\u00e8le standard Easy AirMD n\u2019inclut pas le mode de rotation lat\u00e9rale.<\/li>\n<\/ul>\n","protected":false},"featured_media":86004,"comment_status":"open","ping_status":"closed","template":"","meta":{"_acf_changed":false},"care-type":[373,364,367],"technology":[406,405,407,403],"product_brand":[],"product_cat":[402,404],"product_tag":[],"class_list":{"0":"post-86002","1":"product","2":"type-product","3":"status-publish","4":"has-post-thumbnail","6":"care-type-soins-a-domicile","7":"care-type-soins-de-courte-duree","8":"care-type-soins-de-longue-duree","9":"technology-gestion-du-microclimat","10":"technology-pression-alternee","11":"technology-rotation-laterale","12":"technology-safety-edge-fr","13":"product_cat-surfaces-de-support","14":"product_cat-surfaces-de-traitement","16":"first","17":"instock","18":"shipping-taxable","19":"product-type-simple"},"acf":[],"yoast_head":"<!-- This site is optimized with the Yoast SEO Premium plugin v25.6 (Yoast SEO v27.2) - https:\/\/yoast.com\/product\/yoast-seo-premium-wordpress\/ -->\n<title>PressureGuardMD\u00a0Easy AirMD LR \/ Easy AirMD | Soins aux patients de Savaria<\/title>\n<meta name=\"description\" content=\"Learn more about the PressureGuardMD\u00a0Easy AirMD LR \/ Easy AirMD from Soins aux patients de Savaria . Discover a great range of product type products and buy today\" \/>\n<meta name=\"robots\" content=\"index, follow, max-snippet:-1, max-image-preview:large, max-video-preview:-1\" \/>\n<link rel=\"canonical\" href=\"https:\/\/savariapatientcare.com\/fr\/produit\/pressureguard-easy-air-lr\/\" \/>\n<meta property=\"og:locale\" content=\"fr_CA\" \/>\n<meta property=\"og:type\" content=\"article\" \/>\n<meta property=\"og:title\" content=\"PressureGuardMD\u00a0Easy AirMD LR \/ Easy AirMD\" \/>\n<meta property=\"og:description\" content=\"Learn more about the PressureGuardMD\u00a0Easy AirMD LR \/ Easy AirMD from Soins aux patients de Savaria . Discover a great range of product type products and buy today\" \/>\n<meta property=\"og:url\" content=\"https:\/\/savariapatientcare.com\/fr\/produit\/pressureguard-easy-air-lr\/\" \/>\n<meta property=\"og:site_name\" content=\"Soins aux patients de Savaria\" \/>\n<meta property=\"article:modified_time\" content=\"2025-12-24T15:43:12+00:00\" \/>\n<meta property=\"og:image\" content=\"https:\/\/savariapatientcare.com\/wp-content\/uploads\/2023\/12\/EasyAirLR-Long-term-Care-Room.png\" \/>\n\t<meta property=\"og:image:width\" content=\"600\" \/>\n\t<meta property=\"og:image:height\" content=\"600\" \/>\n\t<meta property=\"og:image:type\" content=\"image\/png\" \/>\n<meta name=\"twitter:card\" content=\"summary_large_image\" \/>\n<meta name=\"twitter:label1\" content=\"Estimation du temps de lecture\" \/>\n\t<meta name=\"twitter:data1\" content=\"2 minutes\" \/>\n<script type=\"application\/ld+json\" class=\"yoast-schema-graph\">{\"@context\":\"https:\/\/schema.org\",\"@graph\":[{\"@type\":\"WebPage\",\"@id\":\"https:\/\/savariapatientcare.com\/fr\/produit\/pressureguard-easy-air-lr\/\",\"url\":\"https:\/\/savariapatientcare.com\/fr\/produit\/pressureguard-easy-air-lr\/\",\"name\":\"PressureGuardMD\u00a0Easy AirMD LR \/ Easy AirMD | Soins aux patients de Savaria\",\"isPartOf\":{\"@id\":\"https:\/\/savariapatientcare.com\/#website\"},\"primaryImageOfPage\":{\"@id\":\"https:\/\/savariapatientcare.com\/fr\/produit\/pressureguard-easy-air-lr\/#primaryimage\"},\"image\":{\"@id\":\"https:\/\/savariapatientcare.com\/fr\/produit\/pressureguard-easy-air-lr\/#primaryimage\"},\"thumbnailUrl\":\"https:\/\/savariapatientcare.com\/wp-content\/uploads\/2023\/12\/EasyAirLR-Long-term-Care-Room.png\",\"datePublished\":\"2023-12-06T17:54:49+00:00\",\"dateModified\":\"2025-12-24T15:43:12+00:00\",\"description\":\"Learn more about the PressureGuardMD\u00a0Easy AirMD LR \/ Easy AirMD from Soins aux patients de Savaria . Discover a great range of product type products and buy today\",\"breadcrumb\":{\"@id\":\"https:\/\/savariapatientcare.com\/fr\/produit\/pressureguard-easy-air-lr\/#breadcrumb\"},\"inLanguage\":\"fr-CA\",\"potentialAction\":[{\"@type\":\"ReadAction\",\"target\":[\"https:\/\/savariapatientcare.com\/fr\/produit\/pressureguard-easy-air-lr\/\"]}]},{\"@type\":\"ImageObject\",\"inLanguage\":\"fr-CA\",\"@id\":\"https:\/\/savariapatientcare.com\/fr\/produit\/pressureguard-easy-air-lr\/#primaryimage\",\"url\":\"https:\/\/savariapatientcare.com\/wp-content\/uploads\/2023\/12\/EasyAirLR-Long-term-Care-Room.png\",\"contentUrl\":\"https:\/\/savariapatientcare.com\/wp-content\/uploads\/2023\/12\/EasyAirLR-Long-term-Care-Room.png\",\"width\":600,\"height\":600},{\"@type\":\"BreadcrumbList\",\"@id\":\"https:\/\/savariapatientcare.com\/fr\/produit\/pressureguard-easy-air-lr\/#breadcrumb\",\"itemListElement\":[{\"@type\":\"ListItem\",\"position\":1,\"name\":\"Maison\",\"item\":\"https:\/\/savariapatientcare.com\/fr\/\"},{\"@type\":\"ListItem\",\"position\":2,\"name\":\"Products\",\"item\":\"https:\/\/savariapatientcare.com\/shop\/\"},{\"@type\":\"ListItem\",\"position\":3,\"name\":\"PressureGuardMD\u00a0Easy AirMD LR \/ Easy AirMD\"}]},{\"@type\":\"WebSite\",\"@id\":\"https:\/\/savariapatientcare.com\/#website\",\"url\":\"https:\/\/savariapatientcare.com\/\",\"name\":\"Savaria Patient Care\",\"description\":\"\",\"publisher\":{\"@id\":\"https:\/\/savariapatientcare.com\/#organization\"},\"potentialAction\":[{\"@type\":\"SearchAction\",\"target\":{\"@type\":\"EntryPoint\",\"urlTemplate\":\"https:\/\/savariapatientcare.com\/?s={search_term_string}\"},\"query-input\":{\"@type\":\"PropertyValueSpecification\",\"valueRequired\":true,\"valueName\":\"search_term_string\"}}],\"inLanguage\":\"fr-CA\"},{\"@type\":\"Organization\",\"@id\":\"https:\/\/savariapatientcare.com\/#organization\",\"name\":\"Savaria\",\"url\":\"https:\/\/savariapatientcare.com\/\",\"logo\":{\"@type\":\"ImageObject\",\"inLanguage\":\"fr-CA\",\"@id\":\"https:\/\/savariapatientcare.com\/#\/schema\/logo\/image\/\",\"url\":\"https:\/\/savariapatientcare.com\/wp-content\/uploads\/2023\/10\/Savaria-Logo.svg\",\"contentUrl\":\"https:\/\/savariapatientcare.com\/wp-content\/uploads\/2023\/10\/Savaria-Logo.svg\",\"width\":1,\"height\":1,\"caption\":\"Savaria\"},\"image\":{\"@id\":\"https:\/\/savariapatientcare.com\/#\/schema\/logo\/image\/\"}}]}<\/script>\n<!-- \/ Yoast SEO Premium plugin. -->","yoast_head_json":{"title":"PressureGuardMD\u00a0Easy AirMD LR \/ Easy AirMD | Soins aux patients de Savaria","description":"Learn more about the PressureGuardMD\u00a0Easy AirMD LR \/ Easy AirMD from Soins aux patients de Savaria . Discover a great range of product type products and buy today","robots":{"index":"index","follow":"follow","max-snippet":"max-snippet:-1","max-image-preview":"max-image-preview:large","max-video-preview":"max-video-preview:-1"},"canonical":"https:\/\/savariapatientcare.com\/fr\/produit\/pressureguard-easy-air-lr\/","og_locale":"fr_CA","og_type":"article","og_title":"PressureGuardMD\u00a0Easy AirMD LR \/ Easy AirMD","og_description":"Learn more about the PressureGuardMD\u00a0Easy AirMD LR \/ Easy AirMD from Soins aux patients de Savaria . Discover a great range of product type products and buy today","og_url":"https:\/\/savariapatientcare.com\/fr\/produit\/pressureguard-easy-air-lr\/","og_site_name":"Soins aux patients de Savaria","article_modified_time":"2025-12-24T15:43:12+00:00","og_image":[{"width":600,"height":600,"url":"https:\/\/savariapatientcare.com\/wp-content\/uploads\/2023\/12\/EasyAirLR-Long-term-Care-Room.png","type":"image\/png"}],"twitter_card":"summary_large_image","twitter_misc":{"Estimation du temps de lecture":"2 minutes"},"schema":{"@context":"https:\/\/schema.org","@graph":[{"@type":"WebPage","@id":"https:\/\/savariapatientcare.com\/fr\/produit\/pressureguard-easy-air-lr\/","url":"https:\/\/savariapatientcare.com\/fr\/produit\/pressureguard-easy-air-lr\/","name":"PressureGuardMD\u00a0Easy AirMD LR \/ Easy AirMD | Soins aux patients de Savaria","isPartOf":{"@id":"https:\/\/savariapatientcare.com\/#website"},"primaryImageOfPage":{"@id":"https:\/\/savariapatientcare.com\/fr\/produit\/pressureguard-easy-air-lr\/#primaryimage"},"image":{"@id":"https:\/\/savariapatientcare.com\/fr\/produit\/pressureguard-easy-air-lr\/#primaryimage"},"thumbnailUrl":"https:\/\/savariapatientcare.com\/wp-content\/uploads\/2023\/12\/EasyAirLR-Long-term-Care-Room.png","datePublished":"2023-12-06T17:54:49+00:00","dateModified":"2025-12-24T15:43:12+00:00","description":"Learn more about the PressureGuardMD\u00a0Easy AirMD LR \/ Easy AirMD from Soins aux patients de Savaria . Discover a great range of product type products and buy today","breadcrumb":{"@id":"https:\/\/savariapatientcare.com\/fr\/produit\/pressureguard-easy-air-lr\/#breadcrumb"},"inLanguage":"fr-CA","potentialAction":[{"@type":"ReadAction","target":["https:\/\/savariapatientcare.com\/fr\/produit\/pressureguard-easy-air-lr\/"]}]},{"@type":"ImageObject","inLanguage":"fr-CA","@id":"https:\/\/savariapatientcare.com\/fr\/produit\/pressureguard-easy-air-lr\/#primaryimage","url":"https:\/\/savariapatientcare.com\/wp-content\/uploads\/2023\/12\/EasyAirLR-Long-term-Care-Room.png","contentUrl":"https:\/\/savariapatientcare.com\/wp-content\/uploads\/2023\/12\/EasyAirLR-Long-term-Care-Room.png","width":600,"height":600},{"@type":"BreadcrumbList","@id":"https:\/\/savariapatientcare.com\/fr\/produit\/pressureguard-easy-air-lr\/#breadcrumb","itemListElement":[{"@type":"ListItem","position":1,"name":"Maison","item":"https:\/\/savariapatientcare.com\/fr\/"},{"@type":"ListItem","position":2,"name":"Products","item":"https:\/\/savariapatientcare.com\/shop\/"},{"@type":"ListItem","position":3,"name":"PressureGuardMD\u00a0Easy AirMD LR \/ Easy AirMD"}]},{"@type":"WebSite","@id":"https:\/\/savariapatientcare.com\/#website","url":"https:\/\/savariapatientcare.com\/","name":"Savaria Patient Care","description":"","publisher":{"@id":"https:\/\/savariapatientcare.com\/#organization"},"potentialAction":[{"@type":"SearchAction","target":{"@type":"EntryPoint","urlTemplate":"https:\/\/savariapatientcare.com\/?s={search_term_string}"},"query-input":{"@type":"PropertyValueSpecification","valueRequired":true,"valueName":"search_term_string"}}],"inLanguage":"fr-CA"},{"@type":"Organization","@id":"https:\/\/savariapatientcare.com\/#organization","name":"Savaria","url":"https:\/\/savariapatientcare.com\/","logo":{"@type":"ImageObject","inLanguage":"fr-CA","@id":"https:\/\/savariapatientcare.com\/#\/schema\/logo\/image\/","url":"https:\/\/savariapatientcare.com\/wp-content\/uploads\/2023\/10\/Savaria-Logo.svg","contentUrl":"https:\/\/savariapatientcare.com\/wp-content\/uploads\/2023\/10\/Savaria-Logo.svg","width":1,"height":1,"caption":"Savaria"},"image":{"@id":"https:\/\/savariapatientcare.com\/#\/schema\/logo\/image\/"}}]}},"_links":{"self":[{"href":"https:\/\/savariapatientcare.com\/fr\/wp-json\/wp\/v2\/product\/86002","targetHints":{"allow":["GET"]}}],"collection":[{"href":"https:\/\/savariapatientcare.com\/fr\/wp-json\/wp\/v2\/product"}],"about":[{"href":"https:\/\/savariapatientcare.com\/fr\/wp-json\/wp\/v2\/types\/product"}],"replies":[{"embeddable":true,"href":"https:\/\/savariapatientcare.com\/fr\/wp-json\/wp\/v2\/comments?post=86002"}],"wp:featuredmedia":[{"embeddable":true,"href":"https:\/\/savariapatientcare.com\/fr\/wp-json\/wp\/v2\/media\/86004"}],"wp:attachment":[{"href":"https:\/\/savariapatientcare.com\/fr\/wp-json\/wp\/v2\/media?parent=86002"}],"wp:term":[{"taxonomy":"care-type","embeddable":true,"href":"https:\/\/savariapatientcare.com\/fr\/wp-json\/wp\/v2\/care-type?post=86002"},{"taxonomy":"technology","embeddable":true,"href":"https:\/\/savariapatientcare.com\/fr\/wp-json\/wp\/v2\/technology?post=86002"},{"taxonomy":"product_brand","embeddable":true,"href":"https:\/\/savariapatientcare.com\/fr\/wp-json\/wp\/v2\/product_brand?post=86002"},{"taxonomy":"product_cat","embeddable":true,"href":"https:\/\/savariapatientcare.com\/fr\/wp-json\/wp\/v2\/product_cat?post=86002"},{"taxonomy":"product_tag","embeddable":true,"href":"https:\/\/savariapatientcare.com\/fr\/wp-json\/wp\/v2\/product_tag?post=86002"}],"curies":[{"name":"wp","href":"https:\/\/api.w.org\/{rel}","templated":true}]}}