{"id":85999,"date":"2023-12-06T17:58:56","date_gmt":"2023-12-06T17:58:56","guid":{"rendered":"https:\/\/savariapatientcare.com\/product\/pressureguard-easy-air-xl\/"},"modified":"2025-12-24T15:41:50","modified_gmt":"2025-12-24T15:41:50","slug":"pressureguard-easy-air-xl","status":"publish","type":"product","link":"https:\/\/savariapatientcare.com\/fr\/produit\/pressureguard-easy-air-xl\/","title":{"rendered":"SPAN PressureGuard<sup>MD<\/sup> Easy Air<sup>MD<\/sup> XL"},"content":{"rendered":"<h3 class=\"Heading--4\" style=\"text-align: center;\">Gestion du microclimat et pression altern\u00e9e pour les utilisateurs de 350 \u00e0 1000\u00a0lb (159 \u00e0 454\u00a0kg)<\/h3>\n<p style=\"text-align: center;\">Le PressureGuardMD Easy AirMD XL est sp\u00e9cialement con\u00e7u pour r\u00e9pondre aux d\u00e9fis extr\u00eames de l\u2019int\u00e9grit\u00e9 de la peau li\u00e9s aux soins bariatriques.\u00a0 La conception robuste PressureGuard Safety EdgeMC assure une pr\u00e9vention des chutes et une stabilit\u00e9 accrues, particuli\u00e8rement lors des transferts. Le syst\u00e8me assure une \u00e9limination \u00e9prouv\u00e9e et efficace de l\u2019exc\u00e8s d\u2019humidit\u00e9 et de chaleur au sein du microclimat provenant de la transpiration profuse (hyperhidrose) caus\u00e9e ou exacerb\u00e9e par les couches \u00e9paisses de tissu adipeux sous-cutan\u00e9, l\u2019immobilit\u00e9 li\u00e9e \u00e0 l\u2019ob\u00e9sit\u00e9 et l\u2019incapacit\u00e9 de se repositionner de fa\u00e7on efficace et r\u00e9guli\u00e8re.<\/p>\n","protected":false},"excerpt":{"rendered":"<p>Syst\u00e8me de matelas bariatrique \u00e0 gestion du microclimat et \u00e0 pression altern\u00e9e.<\/p>\n<ul>\n<li>Performance de gestion du microclimat leader de l\u2019industrie<\/li>\n<li>Sp\u00e9cialement con\u00e7u pour r\u00e9pondre aux d\u00e9fis extr\u00eames de l\u2019int\u00e9grit\u00e9 de la peau li\u00e9s aux soins bariatriques<\/li>\n<li>Technologie Safety EdgeMC assurant une pr\u00e9vention des chutes et une stabilit\u00e9 accrues<\/li>\n<\/ul>\n","protected":false},"featured_media":86001,"comment_status":"open","ping_status":"closed","template":"","meta":{"_acf_changed":false},"care-type":[365,364],"technology":[406,405,403],"product_brand":[],"product_cat":[402,404],"product_tag":[],"class_list":{"0":"post-85999","1":"product","2":"type-product","3":"status-publish","4":"has-post-thumbnail","6":"care-type-soins-bariatriques","7":"care-type-soins-de-courte-duree","8":"technology-gestion-du-microclimat","9":"technology-pression-alternee","10":"technology-safety-edge-fr","11":"product_cat-surfaces-de-support","12":"product_cat-surfaces-de-traitement","14":"first","15":"instock","16":"shipping-taxable","17":"product-type-simple"},"acf":[],"yoast_head":"<!-- This site is optimized with the Yoast SEO Premium plugin v25.6 (Yoast SEO v27.2) - https:\/\/yoast.com\/product\/yoast-seo-premium-wordpress\/ -->\n<title>SPAN PressureGuardMD Easy AirMD XL | Soins aux patients de Savaria<\/title>\n<meta name=\"description\" content=\"Learn more about the SPAN PressureGuardMD Easy AirMD XL from Soins aux patients de Savaria . Discover a great range of product type products and buy today\" \/>\n<meta name=\"robots\" content=\"index, follow, max-snippet:-1, max-image-preview:large, max-video-preview:-1\" \/>\n<link rel=\"canonical\" href=\"https:\/\/savariapatientcare.com\/fr\/produit\/pressureguard-easy-air-xl\/\" \/>\n<meta property=\"og:locale\" content=\"fr_CA\" \/>\n<meta property=\"og:type\" content=\"article\" \/>\n<meta property=\"og:title\" content=\"SPAN PressureGuardMD Easy AirMD XL\" \/>\n<meta property=\"og:description\" content=\"Learn more about the SPAN PressureGuardMD Easy AirMD XL from Soins aux patients de Savaria . Discover a great range of product type products and buy today\" \/>\n<meta property=\"og:url\" content=\"https:\/\/savariapatientcare.com\/fr\/produit\/pressureguard-easy-air-xl\/\" \/>\n<meta property=\"og:site_name\" content=\"Soins aux patients de Savaria\" \/>\n<meta property=\"article:modified_time\" content=\"2025-12-24T15:41:50+00:00\" \/>\n<meta property=\"og:image\" content=\"https:\/\/savariapatientcare.com\/wp-content\/uploads\/2023\/12\/Savaria_EasyAirXL_240105_v02.jpg\" \/>\n\t<meta property=\"og:image:width\" content=\"2219\" \/>\n\t<meta property=\"og:image:height\" content=\"2219\" \/>\n\t<meta property=\"og:image:type\" content=\"image\/jpeg\" \/>\n<meta name=\"twitter:card\" content=\"summary_large_image\" \/>\n<meta name=\"twitter:label1\" content=\"Estimation du temps de lecture\" \/>\n\t<meta name=\"twitter:data1\" content=\"1 minute\" \/>\n<script type=\"application\/ld+json\" class=\"yoast-schema-graph\">{\"@context\":\"https:\/\/schema.org\",\"@graph\":[{\"@type\":\"WebPage\",\"@id\":\"https:\/\/savariapatientcare.com\/fr\/produit\/pressureguard-easy-air-xl\/\",\"url\":\"https:\/\/savariapatientcare.com\/fr\/produit\/pressureguard-easy-air-xl\/\",\"name\":\"SPAN PressureGuardMD Easy AirMD XL | Soins aux patients de Savaria\",\"isPartOf\":{\"@id\":\"https:\/\/savariapatientcare.com\/#website\"},\"primaryImageOfPage\":{\"@id\":\"https:\/\/savariapatientcare.com\/fr\/produit\/pressureguard-easy-air-xl\/#primaryimage\"},\"image\":{\"@id\":\"https:\/\/savariapatientcare.com\/fr\/produit\/pressureguard-easy-air-xl\/#primaryimage\"},\"thumbnailUrl\":\"https:\/\/savariapatientcare.com\/wp-content\/uploads\/2023\/12\/Savaria_EasyAirXL_240105_v02.jpg\",\"datePublished\":\"2023-12-06T17:58:56+00:00\",\"dateModified\":\"2025-12-24T15:41:50+00:00\",\"description\":\"Learn more about the SPAN PressureGuardMD Easy AirMD XL from Soins aux patients de Savaria . Discover a great range of product type products and buy today\",\"breadcrumb\":{\"@id\":\"https:\/\/savariapatientcare.com\/fr\/produit\/pressureguard-easy-air-xl\/#breadcrumb\"},\"inLanguage\":\"fr-CA\",\"potentialAction\":[{\"@type\":\"ReadAction\",\"target\":[\"https:\/\/savariapatientcare.com\/fr\/produit\/pressureguard-easy-air-xl\/\"]}]},{\"@type\":\"ImageObject\",\"inLanguage\":\"fr-CA\",\"@id\":\"https:\/\/savariapatientcare.com\/fr\/produit\/pressureguard-easy-air-xl\/#primaryimage\",\"url\":\"https:\/\/savariapatientcare.com\/wp-content\/uploads\/2023\/12\/Savaria_EasyAirXL_240105_v02.jpg\",\"contentUrl\":\"https:\/\/savariapatientcare.com\/wp-content\/uploads\/2023\/12\/Savaria_EasyAirXL_240105_v02.jpg\",\"width\":2219,\"height\":2219},{\"@type\":\"BreadcrumbList\",\"@id\":\"https:\/\/savariapatientcare.com\/fr\/produit\/pressureguard-easy-air-xl\/#breadcrumb\",\"itemListElement\":[{\"@type\":\"ListItem\",\"position\":1,\"name\":\"Maison\",\"item\":\"https:\/\/savariapatientcare.com\/fr\/\"},{\"@type\":\"ListItem\",\"position\":2,\"name\":\"Products\",\"item\":\"https:\/\/savariapatientcare.com\/shop\/\"},{\"@type\":\"ListItem\",\"position\":3,\"name\":\"SPAN PressureGuardMD Easy AirMD XL\"}]},{\"@type\":\"WebSite\",\"@id\":\"https:\/\/savariapatientcare.com\/#website\",\"url\":\"https:\/\/savariapatientcare.com\/\",\"name\":\"Savaria Patient Care\",\"description\":\"\",\"publisher\":{\"@id\":\"https:\/\/savariapatientcare.com\/#organization\"},\"potentialAction\":[{\"@type\":\"SearchAction\",\"target\":{\"@type\":\"EntryPoint\",\"urlTemplate\":\"https:\/\/savariapatientcare.com\/?s={search_term_string}\"},\"query-input\":{\"@type\":\"PropertyValueSpecification\",\"valueRequired\":true,\"valueName\":\"search_term_string\"}}],\"inLanguage\":\"fr-CA\"},{\"@type\":\"Organization\",\"@id\":\"https:\/\/savariapatientcare.com\/#organization\",\"name\":\"Savaria\",\"url\":\"https:\/\/savariapatientcare.com\/\",\"logo\":{\"@type\":\"ImageObject\",\"inLanguage\":\"fr-CA\",\"@id\":\"https:\/\/savariapatientcare.com\/#\/schema\/logo\/image\/\",\"url\":\"https:\/\/savariapatientcare.com\/wp-content\/uploads\/2023\/10\/Savaria-Logo.svg\",\"contentUrl\":\"https:\/\/savariapatientcare.com\/wp-content\/uploads\/2023\/10\/Savaria-Logo.svg\",\"width\":1,\"height\":1,\"caption\":\"Savaria\"},\"image\":{\"@id\":\"https:\/\/savariapatientcare.com\/#\/schema\/logo\/image\/\"}}]}<\/script>\n<!-- \/ Yoast SEO Premium plugin. -->","yoast_head_json":{"title":"SPAN PressureGuardMD Easy AirMD XL | Soins aux patients de Savaria","description":"Learn more about the SPAN PressureGuardMD Easy AirMD XL from Soins aux patients de Savaria . Discover a great range of product type products and buy today","robots":{"index":"index","follow":"follow","max-snippet":"max-snippet:-1","max-image-preview":"max-image-preview:large","max-video-preview":"max-video-preview:-1"},"canonical":"https:\/\/savariapatientcare.com\/fr\/produit\/pressureguard-easy-air-xl\/","og_locale":"fr_CA","og_type":"article","og_title":"SPAN PressureGuardMD Easy AirMD XL","og_description":"Learn more about the SPAN PressureGuardMD Easy AirMD XL from Soins aux patients de Savaria . Discover a great range of product type products and buy today","og_url":"https:\/\/savariapatientcare.com\/fr\/produit\/pressureguard-easy-air-xl\/","og_site_name":"Soins aux patients de Savaria","article_modified_time":"2025-12-24T15:41:50+00:00","og_image":[{"width":2219,"height":2219,"url":"https:\/\/savariapatientcare.com\/wp-content\/uploads\/2023\/12\/Savaria_EasyAirXL_240105_v02.jpg","type":"image\/jpeg"}],"twitter_card":"summary_large_image","twitter_misc":{"Estimation du temps de lecture":"1 minute"},"schema":{"@context":"https:\/\/schema.org","@graph":[{"@type":"WebPage","@id":"https:\/\/savariapatientcare.com\/fr\/produit\/pressureguard-easy-air-xl\/","url":"https:\/\/savariapatientcare.com\/fr\/produit\/pressureguard-easy-air-xl\/","name":"SPAN PressureGuardMD Easy AirMD XL | Soins aux patients de Savaria","isPartOf":{"@id":"https:\/\/savariapatientcare.com\/#website"},"primaryImageOfPage":{"@id":"https:\/\/savariapatientcare.com\/fr\/produit\/pressureguard-easy-air-xl\/#primaryimage"},"image":{"@id":"https:\/\/savariapatientcare.com\/fr\/produit\/pressureguard-easy-air-xl\/#primaryimage"},"thumbnailUrl":"https:\/\/savariapatientcare.com\/wp-content\/uploads\/2023\/12\/Savaria_EasyAirXL_240105_v02.jpg","datePublished":"2023-12-06T17:58:56+00:00","dateModified":"2025-12-24T15:41:50+00:00","description":"Learn more about the SPAN PressureGuardMD Easy AirMD XL from Soins aux patients de Savaria . Discover a great range of product type products and buy today","breadcrumb":{"@id":"https:\/\/savariapatientcare.com\/fr\/produit\/pressureguard-easy-air-xl\/#breadcrumb"},"inLanguage":"fr-CA","potentialAction":[{"@type":"ReadAction","target":["https:\/\/savariapatientcare.com\/fr\/produit\/pressureguard-easy-air-xl\/"]}]},{"@type":"ImageObject","inLanguage":"fr-CA","@id":"https:\/\/savariapatientcare.com\/fr\/produit\/pressureguard-easy-air-xl\/#primaryimage","url":"https:\/\/savariapatientcare.com\/wp-content\/uploads\/2023\/12\/Savaria_EasyAirXL_240105_v02.jpg","contentUrl":"https:\/\/savariapatientcare.com\/wp-content\/uploads\/2023\/12\/Savaria_EasyAirXL_240105_v02.jpg","width":2219,"height":2219},{"@type":"BreadcrumbList","@id":"https:\/\/savariapatientcare.com\/fr\/produit\/pressureguard-easy-air-xl\/#breadcrumb","itemListElement":[{"@type":"ListItem","position":1,"name":"Maison","item":"https:\/\/savariapatientcare.com\/fr\/"},{"@type":"ListItem","position":2,"name":"Products","item":"https:\/\/savariapatientcare.com\/shop\/"},{"@type":"ListItem","position":3,"name":"SPAN PressureGuardMD Easy AirMD XL"}]},{"@type":"WebSite","@id":"https:\/\/savariapatientcare.com\/#website","url":"https:\/\/savariapatientcare.com\/","name":"Savaria Patient Care","description":"","publisher":{"@id":"https:\/\/savariapatientcare.com\/#organization"},"potentialAction":[{"@type":"SearchAction","target":{"@type":"EntryPoint","urlTemplate":"https:\/\/savariapatientcare.com\/?s={search_term_string}"},"query-input":{"@type":"PropertyValueSpecification","valueRequired":true,"valueName":"search_term_string"}}],"inLanguage":"fr-CA"},{"@type":"Organization","@id":"https:\/\/savariapatientcare.com\/#organization","name":"Savaria","url":"https:\/\/savariapatientcare.com\/","logo":{"@type":"ImageObject","inLanguage":"fr-CA","@id":"https:\/\/savariapatientcare.com\/#\/schema\/logo\/image\/","url":"https:\/\/savariapatientcare.com\/wp-content\/uploads\/2023\/10\/Savaria-Logo.svg","contentUrl":"https:\/\/savariapatientcare.com\/wp-content\/uploads\/2023\/10\/Savaria-Logo.svg","width":1,"height":1,"caption":"Savaria"},"image":{"@id":"https:\/\/savariapatientcare.com\/#\/schema\/logo\/image\/"}}]}},"_links":{"self":[{"href":"https:\/\/savariapatientcare.com\/fr\/wp-json\/wp\/v2\/product\/85999","targetHints":{"allow":["GET"]}}],"collection":[{"href":"https:\/\/savariapatientcare.com\/fr\/wp-json\/wp\/v2\/product"}],"about":[{"href":"https:\/\/savariapatientcare.com\/fr\/wp-json\/wp\/v2\/types\/product"}],"replies":[{"embeddable":true,"href":"https:\/\/savariapatientcare.com\/fr\/wp-json\/wp\/v2\/comments?post=85999"}],"wp:featuredmedia":[{"embeddable":true,"href":"https:\/\/savariapatientcare.com\/fr\/wp-json\/wp\/v2\/media\/86001"}],"wp:attachment":[{"href":"https:\/\/savariapatientcare.com\/fr\/wp-json\/wp\/v2\/media?parent=85999"}],"wp:term":[{"taxonomy":"care-type","embeddable":true,"href":"https:\/\/savariapatientcare.com\/fr\/wp-json\/wp\/v2\/care-type?post=85999"},{"taxonomy":"technology","embeddable":true,"href":"https:\/\/savariapatientcare.com\/fr\/wp-json\/wp\/v2\/technology?post=85999"},{"taxonomy":"product_brand","embeddable":true,"href":"https:\/\/savariapatientcare.com\/fr\/wp-json\/wp\/v2\/product_brand?post=85999"},{"taxonomy":"product_cat","embeddable":true,"href":"https:\/\/savariapatientcare.com\/fr\/wp-json\/wp\/v2\/product_cat?post=85999"},{"taxonomy":"product_tag","embeddable":true,"href":"https:\/\/savariapatientcare.com\/fr\/wp-json\/wp\/v2\/product_tag?post=85999"}],"curies":[{"name":"wp","href":"https:\/\/api.w.org\/{rel}","templated":true}]}}