{"id":85996,"date":"2023-12-06T18:07:24","date_gmt":"2023-12-06T18:07:24","guid":{"rendered":"https:\/\/savariapatientcare.com\/product\/pressureguard-non-powered-custom-care\/"},"modified":"2025-12-24T15:29:45","modified_gmt":"2025-12-24T15:29:45","slug":"pressureguard-non-powered-custom-care","status":"publish","type":"product","link":"https:\/\/savariapatientcare.com\/fr\/produit\/pressureguard-non-powered-custom-care\/","title":{"rendered":"SPAN PressureGuard<sup>MD<\/sup> Custom Care<sup>MD<\/sup> non motoris\u00e9"},"content":{"rendered":"<h3 style=\"text-align: center;\"><strong>Une meilleure surface. Pour de meilleurs soins.<\/strong><\/h3>\n<p style=\"text-align: center;\">Si vous envisagez une surface de redistribution r\u00e9active de la pression et non motoris\u00e9e, choisissez celle qui est con\u00e7ue pour surpasser les autres. La surface PressureGuardMD Custom CareMD de Span-America offre une redistribution de la pression efficace et non motoris\u00e9e gr\u00e2ce \u00e0 sa combinaison exceptionnelle d\u2019une enveloppe ext\u00e9rieure technique, \u00e0 zones et r\u00e9duisant le cisaillement, qui entoure un syst\u00e8me de caissons de soutien r\u00e9actifs.<\/p>\n<p style=\"text-align: center;\">La conception unique Metered ImmersionMD de Custom Care r\u00e9agit aux changements de charge en surface par le biais d\u2019une s\u00e9rie de caissons de soutien longitudinaux et interconnect\u00e9s. Lorsque l\u2019utilisateur bouge ou se repositionne sur la surface, les caissons situ\u00e9s en dessous r\u00e9agissent de concert \u2013 en se d\u00e9formant, en transf\u00e9rant l\u2019air et en l\u2019\u00e9vacuant \u2013 en fonction du poids et de la position de l\u2019utilisateur. Le r\u00e9sultat est une combinaison de gestion de la pression, de r\u00e9duction du cisaillement, de confort et de facilit\u00e9 d\u2019utilisation, impossible \u00e0 obtenir avec d\u2019autres syst\u00e8mes non motoris\u00e9s.<\/p>\n","protected":false},"excerpt":{"rendered":"<p class=\"p1\">Le PressureGuard Custom Care non motoris\u00e9 offre une redistribution avanc\u00e9e de la pression, assurant une s\u00e9curit\u00e9 et un confort optimaux du patient. Fruit d\u2019une longue tradition d\u2019innovation, notre technologie se traduit par une meilleure th\u00e9rapie pour ceux dont vous prenez soin.<\/p>\n<ul>\n<li class=\"li1\">Cisaillement minimal gr\u00e2ce \u00e0 la g\u00e9om\u00e9trie de surface Geo-Matt<span class=\"s1\"><sup>MD<\/sup><\/span> et aux zones de transfert de cisaillement (Shear Transfer Zones<span class=\"s1\"><sup>MD<\/sup><\/span>) sur la housse bi-extensible<\/li>\n<li class=\"li1\">Les caissons de soutien sans entretien ne n\u00e9cessitent aucun r\u00e9glage ni remplissage<\/li>\n<li class=\"li1\">Aucune installation initiale n\u00e9cessaire<\/li>\n<\/ul>\n","protected":false},"featured_media":85998,"comment_status":"open","ping_status":"closed","template":"","meta":{"_acf_changed":false},"care-type":[364,367],"technology":[],"product_brand":[],"product_cat":[402,404],"product_tag":[],"class_list":{"0":"post-85996","1":"product","2":"type-product","3":"status-publish","4":"has-post-thumbnail","6":"care-type-soins-de-courte-duree","7":"care-type-soins-de-longue-duree","8":"product_cat-surfaces-de-support","9":"product_cat-surfaces-de-traitement","11":"first","12":"instock","13":"shipping-taxable","14":"product-type-simple"},"acf":[],"yoast_head":"<!-- This site is optimized with the Yoast SEO Premium plugin v25.6 (Yoast SEO v27.2) - https:\/\/yoast.com\/product\/yoast-seo-premium-wordpress\/ -->\n<title>SPAN PressureGuardMD Custom CareMD non motoris\u00e9 | Soins aux patients de Savaria<\/title>\n<meta name=\"description\" content=\"Learn more about the SPAN PressureGuardMD Custom CareMD non motoris\u00e9 from Soins aux patients de Savaria . Discover a great range of product type products and buy today\" \/>\n<meta name=\"robots\" content=\"index, follow, max-snippet:-1, max-image-preview:large, max-video-preview:-1\" \/>\n<link rel=\"canonical\" href=\"https:\/\/savariapatientcare.com\/fr\/produit\/pressureguard-non-powered-custom-care\/\" \/>\n<meta property=\"og:locale\" content=\"fr_CA\" \/>\n<meta property=\"og:type\" content=\"article\" \/>\n<meta property=\"og:title\" content=\"SPAN PressureGuardMD Custom CareMD non motoris\u00e9\" \/>\n<meta property=\"og:description\" content=\"Learn more about the SPAN PressureGuardMD Custom CareMD non motoris\u00e9 from Soins aux patients de Savaria . Discover a great range of product type products and buy today\" \/>\n<meta property=\"og:url\" content=\"https:\/\/savariapatientcare.com\/fr\/produit\/pressureguard-non-powered-custom-care\/\" \/>\n<meta property=\"og:site_name\" content=\"Soins aux patients de Savaria\" \/>\n<meta property=\"article:modified_time\" content=\"2025-12-24T15:29:45+00:00\" \/>\n<meta property=\"og:image\" content=\"https:\/\/savariapatientcare.com\/wp-content\/uploads\/2023\/12\/Savaria_SPAN_GeoMatt_Non-Powered_CustomCare_Room.png\" \/>\n\t<meta property=\"og:image:width\" content=\"1800\" \/>\n\t<meta property=\"og:image:height\" content=\"1800\" \/>\n\t<meta property=\"og:image:type\" content=\"image\/png\" \/>\n<meta name=\"twitter:card\" content=\"summary_large_image\" \/>\n<meta name=\"twitter:label1\" content=\"Estimation du temps de lecture\" \/>\n\t<meta name=\"twitter:data1\" content=\"1 minute\" \/>\n<script type=\"application\/ld+json\" class=\"yoast-schema-graph\">{\"@context\":\"https:\/\/schema.org\",\"@graph\":[{\"@type\":\"WebPage\",\"@id\":\"https:\/\/savariapatientcare.com\/fr\/produit\/pressureguard-non-powered-custom-care\/\",\"url\":\"https:\/\/savariapatientcare.com\/fr\/produit\/pressureguard-non-powered-custom-care\/\",\"name\":\"SPAN PressureGuardMD Custom CareMD non motoris\u00e9 | Soins aux patients de Savaria\",\"isPartOf\":{\"@id\":\"https:\/\/savariapatientcare.com\/#website\"},\"primaryImageOfPage\":{\"@id\":\"https:\/\/savariapatientcare.com\/fr\/produit\/pressureguard-non-powered-custom-care\/#primaryimage\"},\"image\":{\"@id\":\"https:\/\/savariapatientcare.com\/fr\/produit\/pressureguard-non-powered-custom-care\/#primaryimage\"},\"thumbnailUrl\":\"https:\/\/savariapatientcare.com\/wp-content\/uploads\/2023\/12\/Savaria_SPAN_GeoMatt_Non-Powered_CustomCare_Room.png\",\"datePublished\":\"2023-12-06T18:07:24+00:00\",\"dateModified\":\"2025-12-24T15:29:45+00:00\",\"description\":\"Learn more about the SPAN PressureGuardMD Custom CareMD non motoris\u00e9 from Soins aux patients de Savaria . Discover a great range of product type products and buy today\",\"breadcrumb\":{\"@id\":\"https:\/\/savariapatientcare.com\/fr\/produit\/pressureguard-non-powered-custom-care\/#breadcrumb\"},\"inLanguage\":\"fr-CA\",\"potentialAction\":[{\"@type\":\"ReadAction\",\"target\":[\"https:\/\/savariapatientcare.com\/fr\/produit\/pressureguard-non-powered-custom-care\/\"]}]},{\"@type\":\"ImageObject\",\"inLanguage\":\"fr-CA\",\"@id\":\"https:\/\/savariapatientcare.com\/fr\/produit\/pressureguard-non-powered-custom-care\/#primaryimage\",\"url\":\"https:\/\/savariapatientcare.com\/wp-content\/uploads\/2023\/12\/Savaria_SPAN_GeoMatt_Non-Powered_CustomCare_Room.png\",\"contentUrl\":\"https:\/\/savariapatientcare.com\/wp-content\/uploads\/2023\/12\/Savaria_SPAN_GeoMatt_Non-Powered_CustomCare_Room.png\",\"width\":1800,\"height\":1800},{\"@type\":\"BreadcrumbList\",\"@id\":\"https:\/\/savariapatientcare.com\/fr\/produit\/pressureguard-non-powered-custom-care\/#breadcrumb\",\"itemListElement\":[{\"@type\":\"ListItem\",\"position\":1,\"name\":\"Maison\",\"item\":\"https:\/\/savariapatientcare.com\/fr\/\"},{\"@type\":\"ListItem\",\"position\":2,\"name\":\"Products\",\"item\":\"https:\/\/savariapatientcare.com\/shop\/\"},{\"@type\":\"ListItem\",\"position\":3,\"name\":\"SPAN PressureGuardMD Custom CareMD non motoris\u00e9\"}]},{\"@type\":\"WebSite\",\"@id\":\"https:\/\/savariapatientcare.com\/#website\",\"url\":\"https:\/\/savariapatientcare.com\/\",\"name\":\"Savaria Patient Care\",\"description\":\"\",\"publisher\":{\"@id\":\"https:\/\/savariapatientcare.com\/#organization\"},\"potentialAction\":[{\"@type\":\"SearchAction\",\"target\":{\"@type\":\"EntryPoint\",\"urlTemplate\":\"https:\/\/savariapatientcare.com\/?s={search_term_string}\"},\"query-input\":{\"@type\":\"PropertyValueSpecification\",\"valueRequired\":true,\"valueName\":\"search_term_string\"}}],\"inLanguage\":\"fr-CA\"},{\"@type\":\"Organization\",\"@id\":\"https:\/\/savariapatientcare.com\/#organization\",\"name\":\"Savaria\",\"url\":\"https:\/\/savariapatientcare.com\/\",\"logo\":{\"@type\":\"ImageObject\",\"inLanguage\":\"fr-CA\",\"@id\":\"https:\/\/savariapatientcare.com\/#\/schema\/logo\/image\/\",\"url\":\"https:\/\/savariapatientcare.com\/wp-content\/uploads\/2023\/10\/Savaria-Logo.svg\",\"contentUrl\":\"https:\/\/savariapatientcare.com\/wp-content\/uploads\/2023\/10\/Savaria-Logo.svg\",\"width\":1,\"height\":1,\"caption\":\"Savaria\"},\"image\":{\"@id\":\"https:\/\/savariapatientcare.com\/#\/schema\/logo\/image\/\"}}]}<\/script>\n<!-- \/ Yoast SEO Premium plugin. -->","yoast_head_json":{"title":"SPAN PressureGuardMD Custom CareMD non motoris\u00e9 | Soins aux patients de Savaria","description":"Learn more about the SPAN PressureGuardMD Custom CareMD non motoris\u00e9 from Soins aux patients de Savaria . Discover a great range of product type products and buy today","robots":{"index":"index","follow":"follow","max-snippet":"max-snippet:-1","max-image-preview":"max-image-preview:large","max-video-preview":"max-video-preview:-1"},"canonical":"https:\/\/savariapatientcare.com\/fr\/produit\/pressureguard-non-powered-custom-care\/","og_locale":"fr_CA","og_type":"article","og_title":"SPAN PressureGuardMD Custom CareMD non motoris\u00e9","og_description":"Learn more about the SPAN PressureGuardMD Custom CareMD non motoris\u00e9 from Soins aux patients de Savaria . Discover a great range of product type products and buy today","og_url":"https:\/\/savariapatientcare.com\/fr\/produit\/pressureguard-non-powered-custom-care\/","og_site_name":"Soins aux patients de Savaria","article_modified_time":"2025-12-24T15:29:45+00:00","og_image":[{"width":1800,"height":1800,"url":"https:\/\/savariapatientcare.com\/wp-content\/uploads\/2023\/12\/Savaria_SPAN_GeoMatt_Non-Powered_CustomCare_Room.png","type":"image\/png"}],"twitter_card":"summary_large_image","twitter_misc":{"Estimation du temps de lecture":"1 minute"},"schema":{"@context":"https:\/\/schema.org","@graph":[{"@type":"WebPage","@id":"https:\/\/savariapatientcare.com\/fr\/produit\/pressureguard-non-powered-custom-care\/","url":"https:\/\/savariapatientcare.com\/fr\/produit\/pressureguard-non-powered-custom-care\/","name":"SPAN PressureGuardMD Custom CareMD non motoris\u00e9 | Soins aux patients de Savaria","isPartOf":{"@id":"https:\/\/savariapatientcare.com\/#website"},"primaryImageOfPage":{"@id":"https:\/\/savariapatientcare.com\/fr\/produit\/pressureguard-non-powered-custom-care\/#primaryimage"},"image":{"@id":"https:\/\/savariapatientcare.com\/fr\/produit\/pressureguard-non-powered-custom-care\/#primaryimage"},"thumbnailUrl":"https:\/\/savariapatientcare.com\/wp-content\/uploads\/2023\/12\/Savaria_SPAN_GeoMatt_Non-Powered_CustomCare_Room.png","datePublished":"2023-12-06T18:07:24+00:00","dateModified":"2025-12-24T15:29:45+00:00","description":"Learn more about the SPAN PressureGuardMD Custom CareMD non motoris\u00e9 from Soins aux patients de Savaria . Discover a great range of product type products and buy today","breadcrumb":{"@id":"https:\/\/savariapatientcare.com\/fr\/produit\/pressureguard-non-powered-custom-care\/#breadcrumb"},"inLanguage":"fr-CA","potentialAction":[{"@type":"ReadAction","target":["https:\/\/savariapatientcare.com\/fr\/produit\/pressureguard-non-powered-custom-care\/"]}]},{"@type":"ImageObject","inLanguage":"fr-CA","@id":"https:\/\/savariapatientcare.com\/fr\/produit\/pressureguard-non-powered-custom-care\/#primaryimage","url":"https:\/\/savariapatientcare.com\/wp-content\/uploads\/2023\/12\/Savaria_SPAN_GeoMatt_Non-Powered_CustomCare_Room.png","contentUrl":"https:\/\/savariapatientcare.com\/wp-content\/uploads\/2023\/12\/Savaria_SPAN_GeoMatt_Non-Powered_CustomCare_Room.png","width":1800,"height":1800},{"@type":"BreadcrumbList","@id":"https:\/\/savariapatientcare.com\/fr\/produit\/pressureguard-non-powered-custom-care\/#breadcrumb","itemListElement":[{"@type":"ListItem","position":1,"name":"Maison","item":"https:\/\/savariapatientcare.com\/fr\/"},{"@type":"ListItem","position":2,"name":"Products","item":"https:\/\/savariapatientcare.com\/shop\/"},{"@type":"ListItem","position":3,"name":"SPAN PressureGuardMD Custom CareMD non motoris\u00e9"}]},{"@type":"WebSite","@id":"https:\/\/savariapatientcare.com\/#website","url":"https:\/\/savariapatientcare.com\/","name":"Savaria Patient Care","description":"","publisher":{"@id":"https:\/\/savariapatientcare.com\/#organization"},"potentialAction":[{"@type":"SearchAction","target":{"@type":"EntryPoint","urlTemplate":"https:\/\/savariapatientcare.com\/?s={search_term_string}"},"query-input":{"@type":"PropertyValueSpecification","valueRequired":true,"valueName":"search_term_string"}}],"inLanguage":"fr-CA"},{"@type":"Organization","@id":"https:\/\/savariapatientcare.com\/#organization","name":"Savaria","url":"https:\/\/savariapatientcare.com\/","logo":{"@type":"ImageObject","inLanguage":"fr-CA","@id":"https:\/\/savariapatientcare.com\/#\/schema\/logo\/image\/","url":"https:\/\/savariapatientcare.com\/wp-content\/uploads\/2023\/10\/Savaria-Logo.svg","contentUrl":"https:\/\/savariapatientcare.com\/wp-content\/uploads\/2023\/10\/Savaria-Logo.svg","width":1,"height":1,"caption":"Savaria"},"image":{"@id":"https:\/\/savariapatientcare.com\/#\/schema\/logo\/image\/"}}]}},"_links":{"self":[{"href":"https:\/\/savariapatientcare.com\/fr\/wp-json\/wp\/v2\/product\/85996","targetHints":{"allow":["GET"]}}],"collection":[{"href":"https:\/\/savariapatientcare.com\/fr\/wp-json\/wp\/v2\/product"}],"about":[{"href":"https:\/\/savariapatientcare.com\/fr\/wp-json\/wp\/v2\/types\/product"}],"replies":[{"embeddable":true,"href":"https:\/\/savariapatientcare.com\/fr\/wp-json\/wp\/v2\/comments?post=85996"}],"wp:featuredmedia":[{"embeddable":true,"href":"https:\/\/savariapatientcare.com\/fr\/wp-json\/wp\/v2\/media\/85998"}],"wp:attachment":[{"href":"https:\/\/savariapatientcare.com\/fr\/wp-json\/wp\/v2\/media?parent=85996"}],"wp:term":[{"taxonomy":"care-type","embeddable":true,"href":"https:\/\/savariapatientcare.com\/fr\/wp-json\/wp\/v2\/care-type?post=85996"},{"taxonomy":"technology","embeddable":true,"href":"https:\/\/savariapatientcare.com\/fr\/wp-json\/wp\/v2\/technology?post=85996"},{"taxonomy":"product_brand","embeddable":true,"href":"https:\/\/savariapatientcare.com\/fr\/wp-json\/wp\/v2\/product_brand?post=85996"},{"taxonomy":"product_cat","embeddable":true,"href":"https:\/\/savariapatientcare.com\/fr\/wp-json\/wp\/v2\/product_cat?post=85996"},{"taxonomy":"product_tag","embeddable":true,"href":"https:\/\/savariapatientcare.com\/fr\/wp-json\/wp\/v2\/product_tag?post=85996"}],"curies":[{"name":"wp","href":"https:\/\/api.w.org\/{rel}","templated":true}]}}