{"id":85990,"date":"2023-12-06T18:46:41","date_gmt":"2023-12-06T18:46:41","guid":{"rendered":"https:\/\/savariapatientcare.com\/product\/pressureguard-span-care-convertible\/"},"modified":"2025-11-27T15:45:03","modified_gmt":"2025-11-27T15:45:03","slug":"pressureguard-span-care-convertible","status":"publish","type":"product","link":"https:\/\/savariapatientcare.com\/fr\/produit\/pressureguard-span-care-convertible\/","title":{"rendered":"SPAN PressureGuard<sup>MD<\/sup>  Span-Care<sup>MD<\/sup>"},"content":{"rendered":"<h3 style=\"text-align: center;\">Performance, confort et flexibilit\u00e9, avec ou sans alimentation!<\/h3>\n<p style=\"text-align: center;\">En mode non motoris\u00e9, utilisez le syst\u00e8me convertible Span-Care pour la pr\u00e9vention des l\u00e9sions de pression chez les patients \u00e0 risque, l\u2019intervention pr\u00e9coce pour les l\u00e9sions de pression existantes, ou lorsqu\u2019une surface de transition est requise. Son syst\u00e8me autor\u00e9glable de cylindres d\u2019air synchronis\u00e9s et de valves de d\u00e9compression fournit le niveau appropri\u00e9 d\u2019immersion et d\u2019enveloppement pour tout utilisateur.<\/p>\n<p style=\"text-align: center;\">Pour les traitements n\u00e9cessitant une alimentation, il suffit d\u2019ajouter l&rsquo;unit\u00e9 de contr\u00f4le num\u00e9rique simple. Les r\u00e9glages de confort ajustables, l\u2019alarme sonorede basse pression et un mode de fermet\u00e9 automatique temporis\u00e9 garantissent une facilit\u00e9 d\u2019utilisation maximale. Dans les deux modes, le Span-Care convertible offre un confort exceptionnel pour le patient, une s\u00e9curit\u00e9 et une stabilit\u00e9 essentielles, une gestion de la pression \u00e9prouv\u00e9e et une fiabilit\u00e9 sans entretien.<\/p>\n<p style=\"text-align: center;\">Dans les deux modes, le Span-Care convertible offre un confort exceptionnel pour le patient, une s\u00e9curit\u00e9 et une stabilit\u00e9 essentielles, une gestion de la pression \u00e9prouv\u00e9e et une fiabilit\u00e9 sans entretien.<\/p>\n","protected":false},"excerpt":{"rendered":"<p>La surface de th\u00e9rapie par air convertible Span-Care<sup>MD<\/sup> est con\u00e7ue pour offrir aux soignants occup\u00e9s une combinaison id\u00e9ale de performance haut de gamme et de simplicit\u00e9 d\u2019utilisation.<\/p>\n<ul>\n<li>Redistribution de la pression d\u2019air r\u00e9active non motoris\u00e9e<\/li>\n<li>Th\u00e9rapie motoris\u00e9e lorsque l\u2019unit\u00e9 de contr\u00f4le facile \u00e0 utiliser est connect\u00e9e<\/li>\n<li>Traitement des l\u00e9sions de pression de stade 1 \u00e0 4<\/li>\n<li>Pr\u00e9vention pour les patients \u00e0 haut risque<\/li>\n<\/ul>\n","protected":false},"featured_media":85992,"comment_status":"open","ping_status":"closed","template":"","meta":{"_acf_changed":false},"care-type":[367],"technology":[403],"product_brand":[],"product_cat":[402,404],"product_tag":[],"class_list":{"0":"post-85990","1":"product","2":"type-product","3":"status-publish","4":"has-post-thumbnail","6":"care-type-soins-de-longue-duree","7":"technology-safety-edge-fr","8":"product_cat-surfaces-de-support","9":"product_cat-surfaces-de-traitement","11":"first","12":"instock","13":"shipping-taxable","14":"product-type-simple"},"acf":[],"yoast_head":"<!-- This site is optimized with the Yoast SEO Premium plugin v25.6 (Yoast SEO v27.2) - https:\/\/yoast.com\/product\/yoast-seo-premium-wordpress\/ -->\n<title>SPAN PressureGuardMD Span-CareMD | Soins aux patients de Savaria<\/title>\n<meta name=\"description\" content=\"Learn more about the SPAN PressureGuardMD Span-CareMD from Soins aux patients de Savaria . Discover a great range of product type products and buy today\" \/>\n<meta name=\"robots\" content=\"index, follow, max-snippet:-1, max-image-preview:large, max-video-preview:-1\" \/>\n<link rel=\"canonical\" href=\"https:\/\/savariapatientcare.com\/fr\/produit\/pressureguard-span-care-convertible\/\" \/>\n<meta property=\"og:locale\" content=\"fr_CA\" \/>\n<meta property=\"og:type\" content=\"article\" \/>\n<meta property=\"og:title\" content=\"SPAN PressureGuardMD Span-CareMD\" \/>\n<meta property=\"og:description\" content=\"Learn more about the SPAN PressureGuardMD Span-CareMD from Soins aux patients de Savaria . Discover a great range of product type products and buy today\" \/>\n<meta property=\"og:url\" content=\"https:\/\/savariapatientcare.com\/fr\/produit\/pressureguard-span-care-convertible\/\" \/>\n<meta property=\"og:site_name\" content=\"Soins aux patients de Savaria\" \/>\n<meta property=\"article:modified_time\" content=\"2025-11-27T15:45:03+00:00\" \/>\n<meta property=\"og:image\" content=\"https:\/\/savariapatientcare.com\/wp-content\/uploads\/2023\/12\/Savaria_SPAN_GeoMattress_SpanCare_Room-1024x1024.png\" \/>\n\t<meta property=\"og:image:width\" content=\"1024\" \/>\n\t<meta property=\"og:image:height\" content=\"1024\" \/>\n\t<meta property=\"og:image:type\" content=\"image\/png\" \/>\n<meta name=\"twitter:card\" content=\"summary_large_image\" \/>\n<meta name=\"twitter:label1\" content=\"Estimation du temps de lecture\" \/>\n\t<meta name=\"twitter:data1\" content=\"1 minute\" \/>\n<script type=\"application\/ld+json\" class=\"yoast-schema-graph\">{\"@context\":\"https:\/\/schema.org\",\"@graph\":[{\"@type\":\"WebPage\",\"@id\":\"https:\/\/savariapatientcare.com\/fr\/produit\/pressureguard-span-care-convertible\/\",\"url\":\"https:\/\/savariapatientcare.com\/fr\/produit\/pressureguard-span-care-convertible\/\",\"name\":\"SPAN PressureGuardMD Span-CareMD | Soins aux patients de Savaria\",\"isPartOf\":{\"@id\":\"https:\/\/savariapatientcare.com\/#website\"},\"primaryImageOfPage\":{\"@id\":\"https:\/\/savariapatientcare.com\/fr\/produit\/pressureguard-span-care-convertible\/#primaryimage\"},\"image\":{\"@id\":\"https:\/\/savariapatientcare.com\/fr\/produit\/pressureguard-span-care-convertible\/#primaryimage\"},\"thumbnailUrl\":\"https:\/\/savariapatientcare.com\/wp-content\/uploads\/2023\/12\/Savaria_SPAN_GeoMattress_SpanCare_Room.png\",\"datePublished\":\"2023-12-06T18:46:41+00:00\",\"dateModified\":\"2025-11-27T15:45:03+00:00\",\"description\":\"Learn more about the SPAN PressureGuardMD Span-CareMD from Soins aux patients de Savaria . Discover a great range of product type products and buy today\",\"breadcrumb\":{\"@id\":\"https:\/\/savariapatientcare.com\/fr\/produit\/pressureguard-span-care-convertible\/#breadcrumb\"},\"inLanguage\":\"fr-CA\",\"potentialAction\":[{\"@type\":\"ReadAction\",\"target\":[\"https:\/\/savariapatientcare.com\/fr\/produit\/pressureguard-span-care-convertible\/\"]}]},{\"@type\":\"ImageObject\",\"inLanguage\":\"fr-CA\",\"@id\":\"https:\/\/savariapatientcare.com\/fr\/produit\/pressureguard-span-care-convertible\/#primaryimage\",\"url\":\"https:\/\/savariapatientcare.com\/wp-content\/uploads\/2023\/12\/Savaria_SPAN_GeoMattress_SpanCare_Room.png\",\"contentUrl\":\"https:\/\/savariapatientcare.com\/wp-content\/uploads\/2023\/12\/Savaria_SPAN_GeoMattress_SpanCare_Room.png\",\"width\":1800,\"height\":1800},{\"@type\":\"BreadcrumbList\",\"@id\":\"https:\/\/savariapatientcare.com\/fr\/produit\/pressureguard-span-care-convertible\/#breadcrumb\",\"itemListElement\":[{\"@type\":\"ListItem\",\"position\":1,\"name\":\"Maison\",\"item\":\"https:\/\/savariapatientcare.com\/fr\/\"},{\"@type\":\"ListItem\",\"position\":2,\"name\":\"Products\",\"item\":\"https:\/\/savariapatientcare.com\/shop\/\"},{\"@type\":\"ListItem\",\"position\":3,\"name\":\"SPAN PressureGuardMD Span-CareMD\"}]},{\"@type\":\"WebSite\",\"@id\":\"https:\/\/savariapatientcare.com\/#website\",\"url\":\"https:\/\/savariapatientcare.com\/\",\"name\":\"Savaria Patient Care\",\"description\":\"\",\"publisher\":{\"@id\":\"https:\/\/savariapatientcare.com\/#organization\"},\"potentialAction\":[{\"@type\":\"SearchAction\",\"target\":{\"@type\":\"EntryPoint\",\"urlTemplate\":\"https:\/\/savariapatientcare.com\/?s={search_term_string}\"},\"query-input\":{\"@type\":\"PropertyValueSpecification\",\"valueRequired\":true,\"valueName\":\"search_term_string\"}}],\"inLanguage\":\"fr-CA\"},{\"@type\":\"Organization\",\"@id\":\"https:\/\/savariapatientcare.com\/#organization\",\"name\":\"Savaria\",\"url\":\"https:\/\/savariapatientcare.com\/\",\"logo\":{\"@type\":\"ImageObject\",\"inLanguage\":\"fr-CA\",\"@id\":\"https:\/\/savariapatientcare.com\/#\/schema\/logo\/image\/\",\"url\":\"https:\/\/savariapatientcare.com\/wp-content\/uploads\/2023\/10\/Savaria-Logo.svg\",\"contentUrl\":\"https:\/\/savariapatientcare.com\/wp-content\/uploads\/2023\/10\/Savaria-Logo.svg\",\"width\":1,\"height\":1,\"caption\":\"Savaria\"},\"image\":{\"@id\":\"https:\/\/savariapatientcare.com\/#\/schema\/logo\/image\/\"}}]}<\/script>\n<!-- \/ Yoast SEO Premium plugin. -->","yoast_head_json":{"title":"SPAN PressureGuardMD Span-CareMD | Soins aux patients de Savaria","description":"Learn more about the SPAN PressureGuardMD Span-CareMD from Soins aux patients de Savaria . Discover a great range of product type products and buy today","robots":{"index":"index","follow":"follow","max-snippet":"max-snippet:-1","max-image-preview":"max-image-preview:large","max-video-preview":"max-video-preview:-1"},"canonical":"https:\/\/savariapatientcare.com\/fr\/produit\/pressureguard-span-care-convertible\/","og_locale":"fr_CA","og_type":"article","og_title":"SPAN PressureGuardMD Span-CareMD","og_description":"Learn more about the SPAN PressureGuardMD Span-CareMD from Soins aux patients de Savaria . Discover a great range of product type products and buy today","og_url":"https:\/\/savariapatientcare.com\/fr\/produit\/pressureguard-span-care-convertible\/","og_site_name":"Soins aux patients de Savaria","article_modified_time":"2025-11-27T15:45:03+00:00","og_image":[{"width":1024,"height":1024,"url":"https:\/\/savariapatientcare.com\/wp-content\/uploads\/2023\/12\/Savaria_SPAN_GeoMattress_SpanCare_Room-1024x1024.png","type":"image\/png"}],"twitter_card":"summary_large_image","twitter_misc":{"Estimation du temps de lecture":"1 minute"},"schema":{"@context":"https:\/\/schema.org","@graph":[{"@type":"WebPage","@id":"https:\/\/savariapatientcare.com\/fr\/produit\/pressureguard-span-care-convertible\/","url":"https:\/\/savariapatientcare.com\/fr\/produit\/pressureguard-span-care-convertible\/","name":"SPAN PressureGuardMD Span-CareMD | Soins aux patients de Savaria","isPartOf":{"@id":"https:\/\/savariapatientcare.com\/#website"},"primaryImageOfPage":{"@id":"https:\/\/savariapatientcare.com\/fr\/produit\/pressureguard-span-care-convertible\/#primaryimage"},"image":{"@id":"https:\/\/savariapatientcare.com\/fr\/produit\/pressureguard-span-care-convertible\/#primaryimage"},"thumbnailUrl":"https:\/\/savariapatientcare.com\/wp-content\/uploads\/2023\/12\/Savaria_SPAN_GeoMattress_SpanCare_Room.png","datePublished":"2023-12-06T18:46:41+00:00","dateModified":"2025-11-27T15:45:03+00:00","description":"Learn more about the SPAN PressureGuardMD Span-CareMD from Soins aux patients de Savaria . Discover a great range of product type products and buy today","breadcrumb":{"@id":"https:\/\/savariapatientcare.com\/fr\/produit\/pressureguard-span-care-convertible\/#breadcrumb"},"inLanguage":"fr-CA","potentialAction":[{"@type":"ReadAction","target":["https:\/\/savariapatientcare.com\/fr\/produit\/pressureguard-span-care-convertible\/"]}]},{"@type":"ImageObject","inLanguage":"fr-CA","@id":"https:\/\/savariapatientcare.com\/fr\/produit\/pressureguard-span-care-convertible\/#primaryimage","url":"https:\/\/savariapatientcare.com\/wp-content\/uploads\/2023\/12\/Savaria_SPAN_GeoMattress_SpanCare_Room.png","contentUrl":"https:\/\/savariapatientcare.com\/wp-content\/uploads\/2023\/12\/Savaria_SPAN_GeoMattress_SpanCare_Room.png","width":1800,"height":1800},{"@type":"BreadcrumbList","@id":"https:\/\/savariapatientcare.com\/fr\/produit\/pressureguard-span-care-convertible\/#breadcrumb","itemListElement":[{"@type":"ListItem","position":1,"name":"Maison","item":"https:\/\/savariapatientcare.com\/fr\/"},{"@type":"ListItem","position":2,"name":"Products","item":"https:\/\/savariapatientcare.com\/shop\/"},{"@type":"ListItem","position":3,"name":"SPAN PressureGuardMD Span-CareMD"}]},{"@type":"WebSite","@id":"https:\/\/savariapatientcare.com\/#website","url":"https:\/\/savariapatientcare.com\/","name":"Savaria Patient Care","description":"","publisher":{"@id":"https:\/\/savariapatientcare.com\/#organization"},"potentialAction":[{"@type":"SearchAction","target":{"@type":"EntryPoint","urlTemplate":"https:\/\/savariapatientcare.com\/?s={search_term_string}"},"query-input":{"@type":"PropertyValueSpecification","valueRequired":true,"valueName":"search_term_string"}}],"inLanguage":"fr-CA"},{"@type":"Organization","@id":"https:\/\/savariapatientcare.com\/#organization","name":"Savaria","url":"https:\/\/savariapatientcare.com\/","logo":{"@type":"ImageObject","inLanguage":"fr-CA","@id":"https:\/\/savariapatientcare.com\/#\/schema\/logo\/image\/","url":"https:\/\/savariapatientcare.com\/wp-content\/uploads\/2023\/10\/Savaria-Logo.svg","contentUrl":"https:\/\/savariapatientcare.com\/wp-content\/uploads\/2023\/10\/Savaria-Logo.svg","width":1,"height":1,"caption":"Savaria"},"image":{"@id":"https:\/\/savariapatientcare.com\/#\/schema\/logo\/image\/"}}]}},"_links":{"self":[{"href":"https:\/\/savariapatientcare.com\/fr\/wp-json\/wp\/v2\/product\/85990","targetHints":{"allow":["GET"]}}],"collection":[{"href":"https:\/\/savariapatientcare.com\/fr\/wp-json\/wp\/v2\/product"}],"about":[{"href":"https:\/\/savariapatientcare.com\/fr\/wp-json\/wp\/v2\/types\/product"}],"replies":[{"embeddable":true,"href":"https:\/\/savariapatientcare.com\/fr\/wp-json\/wp\/v2\/comments?post=85990"}],"wp:featuredmedia":[{"embeddable":true,"href":"https:\/\/savariapatientcare.com\/fr\/wp-json\/wp\/v2\/media\/85992"}],"wp:attachment":[{"href":"https:\/\/savariapatientcare.com\/fr\/wp-json\/wp\/v2\/media?parent=85990"}],"wp:term":[{"taxonomy":"care-type","embeddable":true,"href":"https:\/\/savariapatientcare.com\/fr\/wp-json\/wp\/v2\/care-type?post=85990"},{"taxonomy":"technology","embeddable":true,"href":"https:\/\/savariapatientcare.com\/fr\/wp-json\/wp\/v2\/technology?post=85990"},{"taxonomy":"product_brand","embeddable":true,"href":"https:\/\/savariapatientcare.com\/fr\/wp-json\/wp\/v2\/product_brand?post=85990"},{"taxonomy":"product_cat","embeddable":true,"href":"https:\/\/savariapatientcare.com\/fr\/wp-json\/wp\/v2\/product_cat?post=85990"},{"taxonomy":"product_tag","embeddable":true,"href":"https:\/\/savariapatientcare.com\/fr\/wp-json\/wp\/v2\/product_tag?post=85990"}],"curies":[{"name":"wp","href":"https:\/\/api.w.org\/{rel}","templated":true}]}}