{"id":85939,"date":"2024-01-25T15:26:51","date_gmt":"2024-01-25T15:26:51","guid":{"rendered":"https:\/\/savariapatientcare.com\/product\/silvalea-universal-sling-head-support\/"},"modified":"2025-12-07T21:08:37","modified_gmt":"2025-12-07T21:08:37","slug":"support-de-tete-pour-elingues-universelles-silvalea","status":"publish","type":"product","link":"https:\/\/savariapatientcare.com\/fr\/produit\/support-de-tete-pour-elingues-universelles-silvalea\/","title":{"rendered":"Support de t\u00eate pour \u00e9lingues universelles (Silvalea)"},"content":{"rendered":"<p><b>De nombreuses fonctionnalit\u00e9s<\/b><\/p>\n<ul>\n<li>\u00c9lingue de soutien pour tout le corps<\/li>\n<li>Sections de jambes rembourr\u00e9es inclin\u00e9es offrant un soutien complet du f\u00e9mur et de la hanche<\/li>\n<li>Id\u00e9al pour les transferts g\u00e9n\u00e9raux<\/li>\n<li>Petite ouverture \u00e0 des fins d\u2019hygi\u00e8ne<\/li>\n<li>Bandes \u00e0 code couleur<\/li>\n<\/ul>\n","protected":false},"excerpt":{"rendered":"<p>L\u2019\u00e9lingue universelle avec support de t\u00eate offre un soutien complet du corps et de la t\u00eate. Elle est id\u00e9ale pour les transferts g\u00e9n\u00e9raux et peut \u00eatre utilis\u00e9e pour soulever un patient \u00e0 partir d\u2019une position couch\u00e9e.<\/p>\n","protected":false},"featured_media":97378,"comment_status":"open","ping_status":"closed","template":"","meta":{"_acf_changed":false},"care-type":[373,364,367],"technology":[],"product_brand":[],"product_cat":[387,388],"product_tag":[394],"class_list":{"0":"post-85939","1":"product","2":"type-product","3":"status-publish","4":"has-post-thumbnail","6":"care-type-soins-a-domicile","7":"care-type-soins-de-courte-duree","8":"care-type-soins-de-longue-duree","9":"product_cat-sling-fr","10":"product_cat-multipurpose-fr","11":"product_tag-m921500-fr","13":"first","14":"instock","15":"shipping-taxable","16":"product-type-simple"},"acf":[],"yoast_head":"<!-- This site is optimized with the Yoast SEO Premium plugin v25.6 (Yoast SEO v27.2) - https:\/\/yoast.com\/product\/yoast-seo-premium-wordpress\/ -->\n<title>Support de t\u00eate pour \u00e9lingues universelles (Silvalea) | Soins aux patients de Savaria<\/title>\n<meta name=\"description\" content=\"Learn more about the Support de t\u00eate pour \u00e9lingues universelles (Silvalea) from Soins aux patients de Savaria . Discover a great range of product type products and buy today\" \/>\n<meta name=\"robots\" content=\"index, follow, max-snippet:-1, max-image-preview:large, max-video-preview:-1\" \/>\n<link rel=\"canonical\" href=\"https:\/\/savariapatientcare.com\/fr\/produit\/support-de-tete-pour-elingues-universelles-silvalea\/\" \/>\n<meta property=\"og:locale\" content=\"fr_CA\" \/>\n<meta property=\"og:type\" content=\"article\" \/>\n<meta property=\"og:title\" content=\"Support de t\u00eate pour \u00e9lingues universelles (Silvalea)\" \/>\n<meta property=\"og:description\" content=\"Learn more about the Support de t\u00eate pour \u00e9lingues universelles (Silvalea) from Soins aux patients de Savaria . Discover a great range of product type products and buy today\" \/>\n<meta property=\"og:url\" content=\"https:\/\/savariapatientcare.com\/fr\/produit\/support-de-tete-pour-elingues-universelles-silvalea\/\" \/>\n<meta property=\"og:site_name\" content=\"Soins aux patients de Savaria\" \/>\n<meta property=\"article:modified_time\" content=\"2025-12-07T21:08:37+00:00\" \/>\n<meta property=\"og:image\" content=\"https:\/\/savariapatientcare.com\/wp-content\/uploads\/2024\/01\/M921501-Span-599-scaled.jpg\" \/>\n\t<meta property=\"og:image:width\" content=\"1707\" \/>\n\t<meta property=\"og:image:height\" content=\"2560\" \/>\n\t<meta property=\"og:image:type\" content=\"image\/jpeg\" \/>\n<meta name=\"twitter:card\" content=\"summary_large_image\" \/>\n<meta name=\"twitter:label1\" content=\"Estimation du temps de lecture\" \/>\n\t<meta name=\"twitter:data1\" content=\"1 minute\" \/>\n<script type=\"application\/ld+json\" class=\"yoast-schema-graph\">{\"@context\":\"https:\/\/schema.org\",\"@graph\":[{\"@type\":\"WebPage\",\"@id\":\"https:\/\/savariapatientcare.com\/fr\/produit\/support-de-tete-pour-elingues-universelles-silvalea\/\",\"url\":\"https:\/\/savariapatientcare.com\/fr\/produit\/support-de-tete-pour-elingues-universelles-silvalea\/\",\"name\":\"Support de t\u00eate pour \u00e9lingues universelles (Silvalea) | Soins aux patients de Savaria\",\"isPartOf\":{\"@id\":\"https:\/\/savariapatientcare.com\/#website\"},\"primaryImageOfPage\":{\"@id\":\"https:\/\/savariapatientcare.com\/fr\/produit\/support-de-tete-pour-elingues-universelles-silvalea\/#primaryimage\"},\"image\":{\"@id\":\"https:\/\/savariapatientcare.com\/fr\/produit\/support-de-tete-pour-elingues-universelles-silvalea\/#primaryimage\"},\"thumbnailUrl\":\"https:\/\/savariapatientcare.com\/wp-content\/uploads\/2024\/01\/Savaria-Universal-Sling-Arched-Head-Support-M921500-3-Quarters.jpg\",\"datePublished\":\"2024-01-25T15:26:51+00:00\",\"dateModified\":\"2025-12-07T21:08:37+00:00\",\"description\":\"Learn more about the Support de t\u00eate pour \u00e9lingues universelles (Silvalea) from Soins aux patients de Savaria . Discover a great range of product type products and buy today\",\"breadcrumb\":{\"@id\":\"https:\/\/savariapatientcare.com\/fr\/produit\/support-de-tete-pour-elingues-universelles-silvalea\/#breadcrumb\"},\"inLanguage\":\"fr-CA\",\"potentialAction\":[{\"@type\":\"ReadAction\",\"target\":[\"https:\/\/savariapatientcare.com\/fr\/produit\/support-de-tete-pour-elingues-universelles-silvalea\/\"]}]},{\"@type\":\"ImageObject\",\"inLanguage\":\"fr-CA\",\"@id\":\"https:\/\/savariapatientcare.com\/fr\/produit\/support-de-tete-pour-elingues-universelles-silvalea\/#primaryimage\",\"url\":\"https:\/\/savariapatientcare.com\/wp-content\/uploads\/2024\/01\/Savaria-Universal-Sling-Arched-Head-Support-M921500-3-Quarters.jpg\",\"contentUrl\":\"https:\/\/savariapatientcare.com\/wp-content\/uploads\/2024\/01\/Savaria-Universal-Sling-Arched-Head-Support-M921500-3-Quarters.jpg\",\"width\":1200,\"height\":1800},{\"@type\":\"BreadcrumbList\",\"@id\":\"https:\/\/savariapatientcare.com\/fr\/produit\/support-de-tete-pour-elingues-universelles-silvalea\/#breadcrumb\",\"itemListElement\":[{\"@type\":\"ListItem\",\"position\":1,\"name\":\"Maison\",\"item\":\"https:\/\/savariapatientcare.com\/fr\/\"},{\"@type\":\"ListItem\",\"position\":2,\"name\":\"Products\",\"item\":\"https:\/\/savariapatientcare.com\/shop\/\"},{\"@type\":\"ListItem\",\"position\":3,\"name\":\"Support de t\u00eate pour \u00e9lingues universelles (Silvalea)\"}]},{\"@type\":\"WebSite\",\"@id\":\"https:\/\/savariapatientcare.com\/#website\",\"url\":\"https:\/\/savariapatientcare.com\/\",\"name\":\"Savaria Patient Care\",\"description\":\"\",\"publisher\":{\"@id\":\"https:\/\/savariapatientcare.com\/#organization\"},\"potentialAction\":[{\"@type\":\"SearchAction\",\"target\":{\"@type\":\"EntryPoint\",\"urlTemplate\":\"https:\/\/savariapatientcare.com\/?s={search_term_string}\"},\"query-input\":{\"@type\":\"PropertyValueSpecification\",\"valueRequired\":true,\"valueName\":\"search_term_string\"}}],\"inLanguage\":\"fr-CA\"},{\"@type\":\"Organization\",\"@id\":\"https:\/\/savariapatientcare.com\/#organization\",\"name\":\"Savaria\",\"url\":\"https:\/\/savariapatientcare.com\/\",\"logo\":{\"@type\":\"ImageObject\",\"inLanguage\":\"fr-CA\",\"@id\":\"https:\/\/savariapatientcare.com\/#\/schema\/logo\/image\/\",\"url\":\"https:\/\/savariapatientcare.com\/wp-content\/uploads\/2023\/10\/Savaria-Logo.svg\",\"contentUrl\":\"https:\/\/savariapatientcare.com\/wp-content\/uploads\/2023\/10\/Savaria-Logo.svg\",\"width\":1,\"height\":1,\"caption\":\"Savaria\"},\"image\":{\"@id\":\"https:\/\/savariapatientcare.com\/#\/schema\/logo\/image\/\"}}]}<\/script>\n<!-- \/ Yoast SEO Premium plugin. -->","yoast_head_json":{"title":"Support de t\u00eate pour \u00e9lingues universelles (Silvalea) | Soins aux patients de Savaria","description":"Learn more about the Support de t\u00eate pour \u00e9lingues universelles (Silvalea) from Soins aux patients de Savaria . Discover a great range of product type products and buy today","robots":{"index":"index","follow":"follow","max-snippet":"max-snippet:-1","max-image-preview":"max-image-preview:large","max-video-preview":"max-video-preview:-1"},"canonical":"https:\/\/savariapatientcare.com\/fr\/produit\/support-de-tete-pour-elingues-universelles-silvalea\/","og_locale":"fr_CA","og_type":"article","og_title":"Support de t\u00eate pour \u00e9lingues universelles (Silvalea)","og_description":"Learn more about the Support de t\u00eate pour \u00e9lingues universelles (Silvalea) from Soins aux patients de Savaria . Discover a great range of product type products and buy today","og_url":"https:\/\/savariapatientcare.com\/fr\/produit\/support-de-tete-pour-elingues-universelles-silvalea\/","og_site_name":"Soins aux patients de Savaria","article_modified_time":"2025-12-07T21:08:37+00:00","og_image":[{"width":1707,"height":2560,"url":"https:\/\/savariapatientcare.com\/wp-content\/uploads\/2024\/01\/M921501-Span-599-scaled.jpg","type":"image\/jpeg"}],"twitter_card":"summary_large_image","twitter_misc":{"Estimation du temps de lecture":"1 minute"},"schema":{"@context":"https:\/\/schema.org","@graph":[{"@type":"WebPage","@id":"https:\/\/savariapatientcare.com\/fr\/produit\/support-de-tete-pour-elingues-universelles-silvalea\/","url":"https:\/\/savariapatientcare.com\/fr\/produit\/support-de-tete-pour-elingues-universelles-silvalea\/","name":"Support de t\u00eate pour \u00e9lingues universelles (Silvalea) | Soins aux patients de Savaria","isPartOf":{"@id":"https:\/\/savariapatientcare.com\/#website"},"primaryImageOfPage":{"@id":"https:\/\/savariapatientcare.com\/fr\/produit\/support-de-tete-pour-elingues-universelles-silvalea\/#primaryimage"},"image":{"@id":"https:\/\/savariapatientcare.com\/fr\/produit\/support-de-tete-pour-elingues-universelles-silvalea\/#primaryimage"},"thumbnailUrl":"https:\/\/savariapatientcare.com\/wp-content\/uploads\/2024\/01\/Savaria-Universal-Sling-Arched-Head-Support-M921500-3-Quarters.jpg","datePublished":"2024-01-25T15:26:51+00:00","dateModified":"2025-12-07T21:08:37+00:00","description":"Learn more about the Support de t\u00eate pour \u00e9lingues universelles (Silvalea) from Soins aux patients de Savaria . Discover a great range of product type products and buy today","breadcrumb":{"@id":"https:\/\/savariapatientcare.com\/fr\/produit\/support-de-tete-pour-elingues-universelles-silvalea\/#breadcrumb"},"inLanguage":"fr-CA","potentialAction":[{"@type":"ReadAction","target":["https:\/\/savariapatientcare.com\/fr\/produit\/support-de-tete-pour-elingues-universelles-silvalea\/"]}]},{"@type":"ImageObject","inLanguage":"fr-CA","@id":"https:\/\/savariapatientcare.com\/fr\/produit\/support-de-tete-pour-elingues-universelles-silvalea\/#primaryimage","url":"https:\/\/savariapatientcare.com\/wp-content\/uploads\/2024\/01\/Savaria-Universal-Sling-Arched-Head-Support-M921500-3-Quarters.jpg","contentUrl":"https:\/\/savariapatientcare.com\/wp-content\/uploads\/2024\/01\/Savaria-Universal-Sling-Arched-Head-Support-M921500-3-Quarters.jpg","width":1200,"height":1800},{"@type":"BreadcrumbList","@id":"https:\/\/savariapatientcare.com\/fr\/produit\/support-de-tete-pour-elingues-universelles-silvalea\/#breadcrumb","itemListElement":[{"@type":"ListItem","position":1,"name":"Maison","item":"https:\/\/savariapatientcare.com\/fr\/"},{"@type":"ListItem","position":2,"name":"Products","item":"https:\/\/savariapatientcare.com\/shop\/"},{"@type":"ListItem","position":3,"name":"Support de t\u00eate pour \u00e9lingues universelles (Silvalea)"}]},{"@type":"WebSite","@id":"https:\/\/savariapatientcare.com\/#website","url":"https:\/\/savariapatientcare.com\/","name":"Savaria Patient Care","description":"","publisher":{"@id":"https:\/\/savariapatientcare.com\/#organization"},"potentialAction":[{"@type":"SearchAction","target":{"@type":"EntryPoint","urlTemplate":"https:\/\/savariapatientcare.com\/?s={search_term_string}"},"query-input":{"@type":"PropertyValueSpecification","valueRequired":true,"valueName":"search_term_string"}}],"inLanguage":"fr-CA"},{"@type":"Organization","@id":"https:\/\/savariapatientcare.com\/#organization","name":"Savaria","url":"https:\/\/savariapatientcare.com\/","logo":{"@type":"ImageObject","inLanguage":"fr-CA","@id":"https:\/\/savariapatientcare.com\/#\/schema\/logo\/image\/","url":"https:\/\/savariapatientcare.com\/wp-content\/uploads\/2023\/10\/Savaria-Logo.svg","contentUrl":"https:\/\/savariapatientcare.com\/wp-content\/uploads\/2023\/10\/Savaria-Logo.svg","width":1,"height":1,"caption":"Savaria"},"image":{"@id":"https:\/\/savariapatientcare.com\/#\/schema\/logo\/image\/"}}]}},"_links":{"self":[{"href":"https:\/\/savariapatientcare.com\/fr\/wp-json\/wp\/v2\/product\/85939","targetHints":{"allow":["GET"]}}],"collection":[{"href":"https:\/\/savariapatientcare.com\/fr\/wp-json\/wp\/v2\/product"}],"about":[{"href":"https:\/\/savariapatientcare.com\/fr\/wp-json\/wp\/v2\/types\/product"}],"replies":[{"embeddable":true,"href":"https:\/\/savariapatientcare.com\/fr\/wp-json\/wp\/v2\/comments?post=85939"}],"wp:featuredmedia":[{"embeddable":true,"href":"https:\/\/savariapatientcare.com\/fr\/wp-json\/wp\/v2\/media\/97378"}],"wp:attachment":[{"href":"https:\/\/savariapatientcare.com\/fr\/wp-json\/wp\/v2\/media?parent=85939"}],"wp:term":[{"taxonomy":"care-type","embeddable":true,"href":"https:\/\/savariapatientcare.com\/fr\/wp-json\/wp\/v2\/care-type?post=85939"},{"taxonomy":"technology","embeddable":true,"href":"https:\/\/savariapatientcare.com\/fr\/wp-json\/wp\/v2\/technology?post=85939"},{"taxonomy":"product_brand","embeddable":true,"href":"https:\/\/savariapatientcare.com\/fr\/wp-json\/wp\/v2\/product_brand?post=85939"},{"taxonomy":"product_cat","embeddable":true,"href":"https:\/\/savariapatientcare.com\/fr\/wp-json\/wp\/v2\/product_cat?post=85939"},{"taxonomy":"product_tag","embeddable":true,"href":"https:\/\/savariapatientcare.com\/fr\/wp-json\/wp\/v2\/product_tag?post=85939"}],"curies":[{"name":"wp","href":"https:\/\/api.w.org\/{rel}","templated":true}]}}