{"id":85890,"date":"2024-02-26T05:22:19","date_gmt":"2024-02-26T05:22:19","guid":{"rendered":"https:\/\/savariapatientcare.com\/product\/fasttrack-system\/"},"modified":"2025-07-31T17:05:21","modified_gmt":"2025-07-31T17:05:21","slug":"fasttrack-system","status":"publish","type":"product","link":"https:\/\/savariapatientcare.com\/fr\/produit\/fasttrack-system\/","title":{"rendered":"Syst\u00e8me FastTrack"},"content":{"rendered":"<h3>FastTrack<\/h3>\n<p>Les syst\u00e8mes de rails Savaria sont dot\u00e9s de supports FastTrack uniques incluant un outil d\u2019installation pour garantir que les ancrages sont correctement verrouill\u00e9s. Une gamme compl\u00e8te de configurations de rails est disponible pour les structures en bois, en acier ou en b\u00e9ton. Les l\u00e8ve-personnes plafonniers Savaria sont \u00e9galement compatibles avec la plupart des syst\u00e8mes de rails d\u2019autres fabricants. Il est donc facile de passer \u00e0 un l\u00e8ve-personne plus performant en utilisant les rails existants.<\/p>\n<ul>\n<li>Comprend des solutions de quincaillerie compl\u00e8tes pour diverses exigences structurelles, compatibles avec les structures en bois, en b\u00e9ton ou en acier.<\/li>\n<li>La conception brevet\u00e9e des supports de rail garantit aux installateurs une fixation s\u00fbre pour des performances fiables.<\/li>\n<li>Que ce soit pour des installations r\u00e9sidentielles ou commerciales, ce syst\u00e8me offre une grande flexibilit\u00e9 d\u2019utilisation.<\/li>\n<li>L\u2019installation simplifi\u00e9e permet d\u2019\u00e9conomiser du temps et des co\u00fbts de main-d\u2019\u0153uvre, am\u00e9liorant ainsi l\u2019efficacit\u00e9 globale.<\/li>\n<li>Construit avec des mat\u00e9riaux de haute qualit\u00e9 pour r\u00e9sister aux exigences d\u2019une utilisation quotidienne, garantissant une durabilit\u00e9 \u00e0 long terme.<\/li>\n<li>Offre des options personnalisables pour r\u00e9pondre aux besoins sp\u00e9cifiques du projet, assurant des solutions sur mesure pour chaque installation.<\/li>\n<\/ul>\n","protected":false},"excerpt":{"rendered":"<p>Le FastTrack de Savaria est con\u00e7u pour une installation simplifi\u00e9e gr\u00e2ce \u00e0 un support de rail et un outil brevet\u00e9s qui garantissent la s\u00e9curit\u00e9 des supports d\u2019une simple rotation. Gr\u00e2ce \u00e0 sa gamme compl\u00e8te de rails et de quincaillerie, il est possible de r\u00e9aliser des configurations pour pratiquement toutes les conceptions de pi\u00e8ces. Du bois au b\u00e9ton en passant par l\u2019acier, Savaria offre une quincaillerie compl\u00e8te pour r\u00e9pondre aux exigences structurelles.<\/p>\n","protected":false},"featured_media":85891,"comment_status":"open","ping_status":"closed","template":"","meta":{"_acf_changed":false},"care-type":[373,364,367],"technology":[],"product_brand":[],"product_cat":[385,368],"product_tag":[],"class_list":{"0":"post-85890","1":"product","2":"type-product","3":"status-publish","4":"has-post-thumbnail","6":"care-type-soins-a-domicile","7":"care-type-soins-de-courte-duree","8":"care-type-soins-de-longue-duree","9":"product_cat-rails-de-levage","10":"product_cat-systemes-autoportants","12":"first","13":"instock","14":"shipping-taxable","15":"product-type-simple"},"acf":[],"yoast_head":"<!-- This site is optimized with the Yoast SEO Premium plugin v25.6 (Yoast SEO v27.2) - https:\/\/yoast.com\/product\/yoast-seo-premium-wordpress\/ -->\n<title>Syst\u00e8me FastTrack | Soins aux patients de Savaria<\/title>\n<meta name=\"description\" content=\"Learn more about the Syst\u00e8me FastTrack from Soins aux patients de Savaria . Discover a great range of product type products and buy today\" \/>\n<meta name=\"robots\" content=\"index, follow, max-snippet:-1, max-image-preview:large, max-video-preview:-1\" \/>\n<link rel=\"canonical\" href=\"https:\/\/savariapatientcare.com\/fr\/produit\/fasttrack-system\/\" \/>\n<meta property=\"og:locale\" content=\"fr_CA\" \/>\n<meta property=\"og:type\" content=\"article\" \/>\n<meta property=\"og:title\" content=\"Syst\u00e8me FastTrack\" \/>\n<meta property=\"og:description\" content=\"Learn more about the Syst\u00e8me FastTrack from Soins aux patients de Savaria . Discover a great range of product type products and buy today\" \/>\n<meta property=\"og:url\" content=\"https:\/\/savariapatientcare.com\/fr\/produit\/fasttrack-system\/\" \/>\n<meta property=\"og:site_name\" content=\"Soins aux patients de Savaria\" \/>\n<meta property=\"article:modified_time\" content=\"2025-07-31T17:05:21+00:00\" \/>\n<meta property=\"og:image\" content=\"https:\/\/savariapatientcare.com\/wp-content\/uploads\/2024\/02\/Savaria-FastTrack-System-scaled-1.jpg\" \/>\n\t<meta property=\"og:image:width\" content=\"1920\" \/>\n\t<meta property=\"og:image:height\" content=\"1154\" \/>\n\t<meta property=\"og:image:type\" content=\"image\/jpeg\" \/>\n<meta name=\"twitter:card\" content=\"summary_large_image\" \/>\n<meta name=\"twitter:label1\" content=\"Estimation du temps de lecture\" \/>\n\t<meta name=\"twitter:data1\" content=\"2 minutes\" \/>\n<script type=\"application\/ld+json\" class=\"yoast-schema-graph\">{\"@context\":\"https:\/\/schema.org\",\"@graph\":[{\"@type\":\"WebPage\",\"@id\":\"https:\/\/savariapatientcare.com\/fr\/produit\/fasttrack-system\/\",\"url\":\"https:\/\/savariapatientcare.com\/fr\/produit\/fasttrack-system\/\",\"name\":\"Syst\u00e8me FastTrack | Soins aux patients de Savaria\",\"isPartOf\":{\"@id\":\"https:\/\/savariapatientcare.com\/#website\"},\"primaryImageOfPage\":{\"@id\":\"https:\/\/savariapatientcare.com\/fr\/produit\/fasttrack-system\/#primaryimage\"},\"image\":{\"@id\":\"https:\/\/savariapatientcare.com\/fr\/produit\/fasttrack-system\/#primaryimage\"},\"thumbnailUrl\":\"https:\/\/savariapatientcare.com\/wp-content\/uploads\/2024\/02\/Savaria-FastTrack-System-scaled-1.jpg\",\"datePublished\":\"2024-02-26T05:22:19+00:00\",\"dateModified\":\"2025-07-31T17:05:21+00:00\",\"description\":\"Learn more about the Syst\u00e8me FastTrack from Soins aux patients de Savaria . Discover a great range of product type products and buy today\",\"breadcrumb\":{\"@id\":\"https:\/\/savariapatientcare.com\/fr\/produit\/fasttrack-system\/#breadcrumb\"},\"inLanguage\":\"fr-CA\",\"potentialAction\":[{\"@type\":\"ReadAction\",\"target\":[\"https:\/\/savariapatientcare.com\/fr\/produit\/fasttrack-system\/\"]}]},{\"@type\":\"ImageObject\",\"inLanguage\":\"fr-CA\",\"@id\":\"https:\/\/savariapatientcare.com\/fr\/produit\/fasttrack-system\/#primaryimage\",\"url\":\"https:\/\/savariapatientcare.com\/wp-content\/uploads\/2024\/02\/Savaria-FastTrack-System-scaled-1.jpg\",\"contentUrl\":\"https:\/\/savariapatientcare.com\/wp-content\/uploads\/2024\/02\/Savaria-FastTrack-System-scaled-1.jpg\",\"width\":1920,\"height\":1154},{\"@type\":\"BreadcrumbList\",\"@id\":\"https:\/\/savariapatientcare.com\/fr\/produit\/fasttrack-system\/#breadcrumb\",\"itemListElement\":[{\"@type\":\"ListItem\",\"position\":1,\"name\":\"Maison\",\"item\":\"https:\/\/savariapatientcare.com\/fr\/\"},{\"@type\":\"ListItem\",\"position\":2,\"name\":\"Products\",\"item\":\"https:\/\/savariapatientcare.com\/shop\/\"},{\"@type\":\"ListItem\",\"position\":3,\"name\":\"Syst\u00e8me FastTrack\"}]},{\"@type\":\"WebSite\",\"@id\":\"https:\/\/savariapatientcare.com\/#website\",\"url\":\"https:\/\/savariapatientcare.com\/\",\"name\":\"Savaria Patient Care\",\"description\":\"\",\"publisher\":{\"@id\":\"https:\/\/savariapatientcare.com\/#organization\"},\"potentialAction\":[{\"@type\":\"SearchAction\",\"target\":{\"@type\":\"EntryPoint\",\"urlTemplate\":\"https:\/\/savariapatientcare.com\/?s={search_term_string}\"},\"query-input\":{\"@type\":\"PropertyValueSpecification\",\"valueRequired\":true,\"valueName\":\"search_term_string\"}}],\"inLanguage\":\"fr-CA\"},{\"@type\":\"Organization\",\"@id\":\"https:\/\/savariapatientcare.com\/#organization\",\"name\":\"Savaria\",\"url\":\"https:\/\/savariapatientcare.com\/\",\"logo\":{\"@type\":\"ImageObject\",\"inLanguage\":\"fr-CA\",\"@id\":\"https:\/\/savariapatientcare.com\/#\/schema\/logo\/image\/\",\"url\":\"https:\/\/savariapatientcare.com\/wp-content\/uploads\/2023\/10\/Savaria-Logo.svg\",\"contentUrl\":\"https:\/\/savariapatientcare.com\/wp-content\/uploads\/2023\/10\/Savaria-Logo.svg\",\"width\":1,\"height\":1,\"caption\":\"Savaria\"},\"image\":{\"@id\":\"https:\/\/savariapatientcare.com\/#\/schema\/logo\/image\/\"}}]}<\/script>\n<!-- \/ Yoast SEO Premium plugin. -->","yoast_head_json":{"title":"Syst\u00e8me FastTrack | Soins aux patients de Savaria","description":"Learn more about the Syst\u00e8me FastTrack from Soins aux patients de Savaria . Discover a great range of product type products and buy today","robots":{"index":"index","follow":"follow","max-snippet":"max-snippet:-1","max-image-preview":"max-image-preview:large","max-video-preview":"max-video-preview:-1"},"canonical":"https:\/\/savariapatientcare.com\/fr\/produit\/fasttrack-system\/","og_locale":"fr_CA","og_type":"article","og_title":"Syst\u00e8me FastTrack","og_description":"Learn more about the Syst\u00e8me FastTrack from Soins aux patients de Savaria . Discover a great range of product type products and buy today","og_url":"https:\/\/savariapatientcare.com\/fr\/produit\/fasttrack-system\/","og_site_name":"Soins aux patients de Savaria","article_modified_time":"2025-07-31T17:05:21+00:00","og_image":[{"width":1920,"height":1154,"url":"https:\/\/savariapatientcare.com\/wp-content\/uploads\/2024\/02\/Savaria-FastTrack-System-scaled-1.jpg","type":"image\/jpeg"}],"twitter_card":"summary_large_image","twitter_misc":{"Estimation du temps de lecture":"2 minutes"},"schema":{"@context":"https:\/\/schema.org","@graph":[{"@type":"WebPage","@id":"https:\/\/savariapatientcare.com\/fr\/produit\/fasttrack-system\/","url":"https:\/\/savariapatientcare.com\/fr\/produit\/fasttrack-system\/","name":"Syst\u00e8me FastTrack | Soins aux patients de Savaria","isPartOf":{"@id":"https:\/\/savariapatientcare.com\/#website"},"primaryImageOfPage":{"@id":"https:\/\/savariapatientcare.com\/fr\/produit\/fasttrack-system\/#primaryimage"},"image":{"@id":"https:\/\/savariapatientcare.com\/fr\/produit\/fasttrack-system\/#primaryimage"},"thumbnailUrl":"https:\/\/savariapatientcare.com\/wp-content\/uploads\/2024\/02\/Savaria-FastTrack-System-scaled-1.jpg","datePublished":"2024-02-26T05:22:19+00:00","dateModified":"2025-07-31T17:05:21+00:00","description":"Learn more about the Syst\u00e8me FastTrack from Soins aux patients de Savaria . Discover a great range of product type products and buy today","breadcrumb":{"@id":"https:\/\/savariapatientcare.com\/fr\/produit\/fasttrack-system\/#breadcrumb"},"inLanguage":"fr-CA","potentialAction":[{"@type":"ReadAction","target":["https:\/\/savariapatientcare.com\/fr\/produit\/fasttrack-system\/"]}]},{"@type":"ImageObject","inLanguage":"fr-CA","@id":"https:\/\/savariapatientcare.com\/fr\/produit\/fasttrack-system\/#primaryimage","url":"https:\/\/savariapatientcare.com\/wp-content\/uploads\/2024\/02\/Savaria-FastTrack-System-scaled-1.jpg","contentUrl":"https:\/\/savariapatientcare.com\/wp-content\/uploads\/2024\/02\/Savaria-FastTrack-System-scaled-1.jpg","width":1920,"height":1154},{"@type":"BreadcrumbList","@id":"https:\/\/savariapatientcare.com\/fr\/produit\/fasttrack-system\/#breadcrumb","itemListElement":[{"@type":"ListItem","position":1,"name":"Maison","item":"https:\/\/savariapatientcare.com\/fr\/"},{"@type":"ListItem","position":2,"name":"Products","item":"https:\/\/savariapatientcare.com\/shop\/"},{"@type":"ListItem","position":3,"name":"Syst\u00e8me FastTrack"}]},{"@type":"WebSite","@id":"https:\/\/savariapatientcare.com\/#website","url":"https:\/\/savariapatientcare.com\/","name":"Savaria Patient Care","description":"","publisher":{"@id":"https:\/\/savariapatientcare.com\/#organization"},"potentialAction":[{"@type":"SearchAction","target":{"@type":"EntryPoint","urlTemplate":"https:\/\/savariapatientcare.com\/?s={search_term_string}"},"query-input":{"@type":"PropertyValueSpecification","valueRequired":true,"valueName":"search_term_string"}}],"inLanguage":"fr-CA"},{"@type":"Organization","@id":"https:\/\/savariapatientcare.com\/#organization","name":"Savaria","url":"https:\/\/savariapatientcare.com\/","logo":{"@type":"ImageObject","inLanguage":"fr-CA","@id":"https:\/\/savariapatientcare.com\/#\/schema\/logo\/image\/","url":"https:\/\/savariapatientcare.com\/wp-content\/uploads\/2023\/10\/Savaria-Logo.svg","contentUrl":"https:\/\/savariapatientcare.com\/wp-content\/uploads\/2023\/10\/Savaria-Logo.svg","width":1,"height":1,"caption":"Savaria"},"image":{"@id":"https:\/\/savariapatientcare.com\/#\/schema\/logo\/image\/"}}]}},"_links":{"self":[{"href":"https:\/\/savariapatientcare.com\/fr\/wp-json\/wp\/v2\/product\/85890","targetHints":{"allow":["GET"]}}],"collection":[{"href":"https:\/\/savariapatientcare.com\/fr\/wp-json\/wp\/v2\/product"}],"about":[{"href":"https:\/\/savariapatientcare.com\/fr\/wp-json\/wp\/v2\/types\/product"}],"replies":[{"embeddable":true,"href":"https:\/\/savariapatientcare.com\/fr\/wp-json\/wp\/v2\/comments?post=85890"}],"wp:featuredmedia":[{"embeddable":true,"href":"https:\/\/savariapatientcare.com\/fr\/wp-json\/wp\/v2\/media\/85891"}],"wp:attachment":[{"href":"https:\/\/savariapatientcare.com\/fr\/wp-json\/wp\/v2\/media?parent=85890"}],"wp:term":[{"taxonomy":"care-type","embeddable":true,"href":"https:\/\/savariapatientcare.com\/fr\/wp-json\/wp\/v2\/care-type?post=85890"},{"taxonomy":"technology","embeddable":true,"href":"https:\/\/savariapatientcare.com\/fr\/wp-json\/wp\/v2\/technology?post=85890"},{"taxonomy":"product_brand","embeddable":true,"href":"https:\/\/savariapatientcare.com\/fr\/wp-json\/wp\/v2\/product_brand?post=85890"},{"taxonomy":"product_cat","embeddable":true,"href":"https:\/\/savariapatientcare.com\/fr\/wp-json\/wp\/v2\/product_cat?post=85890"},{"taxonomy":"product_tag","embeddable":true,"href":"https:\/\/savariapatientcare.com\/fr\/wp-json\/wp\/v2\/product_tag?post=85890"}],"curies":[{"name":"wp","href":"https:\/\/api.w.org\/{rel}","templated":true}]}}