{"id":85887,"date":"2024-02-27T17:18:09","date_gmt":"2024-02-27T17:18:09","guid":{"rendered":"https:\/\/savariapatientcare.com\/product\/m-series-essential\/"},"modified":"2025-11-20T12:47:54","modified_gmt":"2025-11-20T12:47:54","slug":"m-series-essential","status":"publish","type":"product","link":"https:\/\/savariapatientcare.com\/fr\/produit\/m-series-essential\/","title":{"rendered":"M-Series Essential"},"content":{"rendered":"<h3>Fonctionnement sans souci<\/h3>\n<p>L\u2019alimentation par lithium-ion ne constitue qu\u2019un des nombreux avantages. Tous les l\u00e8ve-personnes de la s\u00e9rie M sont \u00e9quip\u00e9s de fonctionnalit\u00e9s garantissant un fonctionnement efficace et quasiment sans interruption. Par exemple, la fonction de d\u00e9marrage et d\u2019arr\u00eat progressifs r\u00e9duit l\u2019usure du moteur et de la transmission. De plus, le passage de la sangle est con\u00e7u pour \u00e9viter l\u2019effilochage, la torsion et l\u2019abrasion.<\/p>\n","protected":false},"excerpt":{"rendered":"<p>Gr\u00e2ce \u00e0 ses batteries lithium-ion, la s\u00e9rie M offre des performances, une fiabilit\u00e9 et une exp\u00e9rience utilisateur exceptionnelles. Ses fonctionnalit\u00e9s optimis\u00e9es allient s\u00e9curit\u00e9, simplicit\u00e9 et valeur, que ce soit \u00e0 domicile, en foyer de groupe ou en \u00e9tablissement de soins de longue dur\u00e9e.<\/p>\n","protected":false},"featured_media":85889,"comment_status":"closed","ping_status":"closed","template":"","meta":{"_acf_changed":false},"care-type":[366,373,367],"technology":[],"product_brand":[],"product_cat":[369,368],"product_tag":[],"class_list":{"0":"post-85887","1":"product","2":"type-product","3":"status-publish","4":"has-post-thumbnail","6":"care-type-mobilisation-precoce","7":"care-type-soins-a-domicile","8":"care-type-soins-de-longue-duree","9":"product_cat-leve-personnes-plafonniers-fixes","10":"product_cat-systemes-autoportants","12":"first","13":"instock","14":"shipping-taxable","15":"product-type-simple"},"acf":[],"yoast_head":"<!-- This site is optimized with the Yoast SEO Premium plugin v25.6 (Yoast SEO v27.2) - https:\/\/yoast.com\/product\/yoast-seo-premium-wordpress\/ -->\n<title>M-Series Essential | Soins aux patients de Savaria<\/title>\n<meta name=\"description\" content=\"The FL fixed lift is designed from the ground up for simplicity. It\u2019s thoughtfully designed to meet the needs of the patients and caregivers. Learn more.\" \/>\n<meta name=\"robots\" content=\"index, follow, max-snippet:-1, max-image-preview:large, max-video-preview:-1\" \/>\n<link rel=\"canonical\" href=\"https:\/\/savariapatientcare.com\/fr\/produit\/m-series-essential\/\" \/>\n<meta property=\"og:locale\" content=\"fr_CA\" \/>\n<meta property=\"og:type\" content=\"article\" \/>\n<meta property=\"og:title\" content=\"M-Series Essential\" \/>\n<meta property=\"og:description\" content=\"The FL fixed lift is designed from the ground up for simplicity. It\u2019s thoughtfully designed to meet the needs of the patients and caregivers. Learn more.\" \/>\n<meta property=\"og:url\" content=\"https:\/\/savariapatientcare.com\/fr\/produit\/m-series-essential\/\" \/>\n<meta property=\"og:site_name\" content=\"Soins aux patients de Savaria\" \/>\n<meta property=\"article:modified_time\" content=\"2025-11-20T12:47:54+00:00\" \/>\n<meta property=\"og:image\" content=\"https:\/\/savariapatientcare.com\/wp-content\/uploads\/2024\/02\/M-Series-Ceiling-Lift-Essentials-Room.png\" \/>\n\t<meta property=\"og:image:width\" content=\"900\" \/>\n\t<meta property=\"og:image:height\" content=\"900\" \/>\n\t<meta property=\"og:image:type\" content=\"image\/png\" \/>\n<meta name=\"twitter:card\" content=\"summary_large_image\" \/>\n<meta name=\"twitter:label1\" content=\"Estimation du temps de lecture\" \/>\n\t<meta name=\"twitter:data1\" content=\"1 minute\" \/>\n<script type=\"application\/ld+json\" class=\"yoast-schema-graph\">{\"@context\":\"https:\/\/schema.org\",\"@graph\":[{\"@type\":\"WebPage\",\"@id\":\"https:\/\/savariapatientcare.com\/fr\/produit\/m-series-essential\/\",\"url\":\"https:\/\/savariapatientcare.com\/fr\/produit\/m-series-essential\/\",\"name\":\"M-Series Essential | Soins aux patients de Savaria\",\"isPartOf\":{\"@id\":\"https:\/\/savariapatientcare.com\/#website\"},\"primaryImageOfPage\":{\"@id\":\"https:\/\/savariapatientcare.com\/fr\/produit\/m-series-essential\/#primaryimage\"},\"image\":{\"@id\":\"https:\/\/savariapatientcare.com\/fr\/produit\/m-series-essential\/#primaryimage\"},\"thumbnailUrl\":\"https:\/\/savariapatientcare.com\/wp-content\/uploads\/2024\/02\/M-Series-Ceiling-Lift-Essentials-Room.png\",\"datePublished\":\"2024-02-27T17:18:09+00:00\",\"dateModified\":\"2025-11-20T12:47:54+00:00\",\"description\":\"The FL fixed lift is designed from the ground up for simplicity. It\u2019s thoughtfully designed to meet the needs of the patients and caregivers. Learn more.\",\"breadcrumb\":{\"@id\":\"https:\/\/savariapatientcare.com\/fr\/produit\/m-series-essential\/#breadcrumb\"},\"inLanguage\":\"fr-CA\",\"potentialAction\":[{\"@type\":\"ReadAction\",\"target\":[\"https:\/\/savariapatientcare.com\/fr\/produit\/m-series-essential\/\"]}]},{\"@type\":\"ImageObject\",\"inLanguage\":\"fr-CA\",\"@id\":\"https:\/\/savariapatientcare.com\/fr\/produit\/m-series-essential\/#primaryimage\",\"url\":\"https:\/\/savariapatientcare.com\/wp-content\/uploads\/2024\/02\/M-Series-Ceiling-Lift-Essentials-Room.png\",\"contentUrl\":\"https:\/\/savariapatientcare.com\/wp-content\/uploads\/2024\/02\/M-Series-Ceiling-Lift-Essentials-Room.png\",\"width\":900,\"height\":900},{\"@type\":\"BreadcrumbList\",\"@id\":\"https:\/\/savariapatientcare.com\/fr\/produit\/m-series-essential\/#breadcrumb\",\"itemListElement\":[{\"@type\":\"ListItem\",\"position\":1,\"name\":\"Maison\",\"item\":\"https:\/\/savariapatientcare.com\/fr\/\"},{\"@type\":\"ListItem\",\"position\":2,\"name\":\"Products\",\"item\":\"https:\/\/savariapatientcare.com\/shop\/\"},{\"@type\":\"ListItem\",\"position\":3,\"name\":\"M-Series Essential\"}]},{\"@type\":\"WebSite\",\"@id\":\"https:\/\/savariapatientcare.com\/#website\",\"url\":\"https:\/\/savariapatientcare.com\/\",\"name\":\"Savaria Patient Care\",\"description\":\"\",\"publisher\":{\"@id\":\"https:\/\/savariapatientcare.com\/#organization\"},\"potentialAction\":[{\"@type\":\"SearchAction\",\"target\":{\"@type\":\"EntryPoint\",\"urlTemplate\":\"https:\/\/savariapatientcare.com\/?s={search_term_string}\"},\"query-input\":{\"@type\":\"PropertyValueSpecification\",\"valueRequired\":true,\"valueName\":\"search_term_string\"}}],\"inLanguage\":\"fr-CA\"},{\"@type\":\"Organization\",\"@id\":\"https:\/\/savariapatientcare.com\/#organization\",\"name\":\"Savaria\",\"url\":\"https:\/\/savariapatientcare.com\/\",\"logo\":{\"@type\":\"ImageObject\",\"inLanguage\":\"fr-CA\",\"@id\":\"https:\/\/savariapatientcare.com\/#\/schema\/logo\/image\/\",\"url\":\"https:\/\/savariapatientcare.com\/wp-content\/uploads\/2023\/10\/Savaria-Logo.svg\",\"contentUrl\":\"https:\/\/savariapatientcare.com\/wp-content\/uploads\/2023\/10\/Savaria-Logo.svg\",\"width\":1,\"height\":1,\"caption\":\"Savaria\"},\"image\":{\"@id\":\"https:\/\/savariapatientcare.com\/#\/schema\/logo\/image\/\"}}]}<\/script>\n<!-- \/ Yoast SEO Premium plugin. -->","yoast_head_json":{"title":"M-Series Essential | Soins aux patients de Savaria","description":"The FL fixed lift is designed from the ground up for simplicity. It\u2019s thoughtfully designed to meet the needs of the patients and caregivers. Learn more.","robots":{"index":"index","follow":"follow","max-snippet":"max-snippet:-1","max-image-preview":"max-image-preview:large","max-video-preview":"max-video-preview:-1"},"canonical":"https:\/\/savariapatientcare.com\/fr\/produit\/m-series-essential\/","og_locale":"fr_CA","og_type":"article","og_title":"M-Series Essential","og_description":"The FL fixed lift is designed from the ground up for simplicity. It\u2019s thoughtfully designed to meet the needs of the patients and caregivers. Learn more.","og_url":"https:\/\/savariapatientcare.com\/fr\/produit\/m-series-essential\/","og_site_name":"Soins aux patients de Savaria","article_modified_time":"2025-11-20T12:47:54+00:00","og_image":[{"width":900,"height":900,"url":"https:\/\/savariapatientcare.com\/wp-content\/uploads\/2024\/02\/M-Series-Ceiling-Lift-Essentials-Room.png","type":"image\/png"}],"twitter_card":"summary_large_image","twitter_misc":{"Estimation du temps de lecture":"1 minute"},"schema":{"@context":"https:\/\/schema.org","@graph":[{"@type":"WebPage","@id":"https:\/\/savariapatientcare.com\/fr\/produit\/m-series-essential\/","url":"https:\/\/savariapatientcare.com\/fr\/produit\/m-series-essential\/","name":"M-Series Essential | Soins aux patients de Savaria","isPartOf":{"@id":"https:\/\/savariapatientcare.com\/#website"},"primaryImageOfPage":{"@id":"https:\/\/savariapatientcare.com\/fr\/produit\/m-series-essential\/#primaryimage"},"image":{"@id":"https:\/\/savariapatientcare.com\/fr\/produit\/m-series-essential\/#primaryimage"},"thumbnailUrl":"https:\/\/savariapatientcare.com\/wp-content\/uploads\/2024\/02\/M-Series-Ceiling-Lift-Essentials-Room.png","datePublished":"2024-02-27T17:18:09+00:00","dateModified":"2025-11-20T12:47:54+00:00","description":"The FL fixed lift is designed from the ground up for simplicity. It\u2019s thoughtfully designed to meet the needs of the patients and caregivers. Learn more.","breadcrumb":{"@id":"https:\/\/savariapatientcare.com\/fr\/produit\/m-series-essential\/#breadcrumb"},"inLanguage":"fr-CA","potentialAction":[{"@type":"ReadAction","target":["https:\/\/savariapatientcare.com\/fr\/produit\/m-series-essential\/"]}]},{"@type":"ImageObject","inLanguage":"fr-CA","@id":"https:\/\/savariapatientcare.com\/fr\/produit\/m-series-essential\/#primaryimage","url":"https:\/\/savariapatientcare.com\/wp-content\/uploads\/2024\/02\/M-Series-Ceiling-Lift-Essentials-Room.png","contentUrl":"https:\/\/savariapatientcare.com\/wp-content\/uploads\/2024\/02\/M-Series-Ceiling-Lift-Essentials-Room.png","width":900,"height":900},{"@type":"BreadcrumbList","@id":"https:\/\/savariapatientcare.com\/fr\/produit\/m-series-essential\/#breadcrumb","itemListElement":[{"@type":"ListItem","position":1,"name":"Maison","item":"https:\/\/savariapatientcare.com\/fr\/"},{"@type":"ListItem","position":2,"name":"Products","item":"https:\/\/savariapatientcare.com\/shop\/"},{"@type":"ListItem","position":3,"name":"M-Series Essential"}]},{"@type":"WebSite","@id":"https:\/\/savariapatientcare.com\/#website","url":"https:\/\/savariapatientcare.com\/","name":"Savaria Patient Care","description":"","publisher":{"@id":"https:\/\/savariapatientcare.com\/#organization"},"potentialAction":[{"@type":"SearchAction","target":{"@type":"EntryPoint","urlTemplate":"https:\/\/savariapatientcare.com\/?s={search_term_string}"},"query-input":{"@type":"PropertyValueSpecification","valueRequired":true,"valueName":"search_term_string"}}],"inLanguage":"fr-CA"},{"@type":"Organization","@id":"https:\/\/savariapatientcare.com\/#organization","name":"Savaria","url":"https:\/\/savariapatientcare.com\/","logo":{"@type":"ImageObject","inLanguage":"fr-CA","@id":"https:\/\/savariapatientcare.com\/#\/schema\/logo\/image\/","url":"https:\/\/savariapatientcare.com\/wp-content\/uploads\/2023\/10\/Savaria-Logo.svg","contentUrl":"https:\/\/savariapatientcare.com\/wp-content\/uploads\/2023\/10\/Savaria-Logo.svg","width":1,"height":1,"caption":"Savaria"},"image":{"@id":"https:\/\/savariapatientcare.com\/#\/schema\/logo\/image\/"}}]}},"_links":{"self":[{"href":"https:\/\/savariapatientcare.com\/fr\/wp-json\/wp\/v2\/product\/85887","targetHints":{"allow":["GET"]}}],"collection":[{"href":"https:\/\/savariapatientcare.com\/fr\/wp-json\/wp\/v2\/product"}],"about":[{"href":"https:\/\/savariapatientcare.com\/fr\/wp-json\/wp\/v2\/types\/product"}],"replies":[{"embeddable":true,"href":"https:\/\/savariapatientcare.com\/fr\/wp-json\/wp\/v2\/comments?post=85887"}],"wp:featuredmedia":[{"embeddable":true,"href":"https:\/\/savariapatientcare.com\/fr\/wp-json\/wp\/v2\/media\/85889"}],"wp:attachment":[{"href":"https:\/\/savariapatientcare.com\/fr\/wp-json\/wp\/v2\/media?parent=85887"}],"wp:term":[{"taxonomy":"care-type","embeddable":true,"href":"https:\/\/savariapatientcare.com\/fr\/wp-json\/wp\/v2\/care-type?post=85887"},{"taxonomy":"technology","embeddable":true,"href":"https:\/\/savariapatientcare.com\/fr\/wp-json\/wp\/v2\/technology?post=85887"},{"taxonomy":"product_brand","embeddable":true,"href":"https:\/\/savariapatientcare.com\/fr\/wp-json\/wp\/v2\/product_brand?post=85887"},{"taxonomy":"product_cat","embeddable":true,"href":"https:\/\/savariapatientcare.com\/fr\/wp-json\/wp\/v2\/product_cat?post=85887"},{"taxonomy":"product_tag","embeddable":true,"href":"https:\/\/savariapatientcare.com\/fr\/wp-json\/wp\/v2\/product_tag?post=85887"}],"curies":[{"name":"wp","href":"https:\/\/api.w.org\/{rel}","templated":true}]}}