{"id":85868,"date":"2024-05-21T12:08:31","date_gmt":"2024-05-21T12:08:31","guid":{"rendered":"https:\/\/savariapatientcare.com\/product\/raizer-ii-lifting-chair\/"},"modified":"2025-12-24T15:15:20","modified_gmt":"2025-12-24T15:15:20","slug":"raizer-ii-lifting-chair","status":"publish","type":"product","link":"https:\/\/savariapatientcare.com\/fr\/produit\/raizer-ii-lifting-chair\/","title":{"rendered":"Chaise de levage Raizer II"},"content":{"rendered":"<h3 style=\"text-align: center;\">Une solution de gestion des chutes largement adopt\u00e9e<\/h3>\n<p style=\"text-align: center;\">Le Raizer II est compact et facile \u00e0 assembler pour aider \u00e0 relever une personne du sol. Le levage s\u2019effectue \u00e0 l\u2019aide d\u2019une t\u00e9l\u00e9commande ou d\u2019un panneau de commande int\u00e9gr\u00e9 au si\u00e8ge, r\u00e9duisant ainsi l\u2019effort pour le soignant. Il offre un m\u00e9canisme de levage s\u00fbr et confortable qui r\u00e9duit consid\u00e9rablement les risques de blessures et l\u2019effort requis par le soignant par rapport aux m\u00e9thodes de levage manuelles. L\u00e9ger, compact et \u00e9quip\u00e9 d\u2019une batterie au lithium-ion permettant jusqu\u2019\u00e0 80 levages par charge. Largement adopt\u00e9, le Raizer II est actuellement utilis\u00e9 par les maisons de retraite, les h\u00f4pitaux, les centres communautaires, les services d\u2019ambulance, les soignants \u00e0 domicile et les navires de croisi\u00e8re.<\/p>\n","protected":false},"excerpt":{"rendered":"<p>La chaise de levage mobile Raizer II est innovante, fonctionne sur batterie, et est con\u00e7ue pour relever facilement et en toute s\u00e9curit\u00e9 une personne apr\u00e8s une chute. Son utilisation simple r\u00e9duit consid\u00e9rablement l\u2019effort physique des soignants, offrant une solution fiable et respectueuse en cas de besoin.<\/p>\n<ul>\n<li>Manipulation par un seul soignant avec un minimum d\u2019effort.<\/li>\n<li>Assemblage simple et intuitif en quelques secondes.<\/li>\n<li>Mobilit\u00e9 compacte et technologie au lithium-ion pour une disponibilit\u00e9 continue<\/li>\n<\/ul>\n","protected":false},"featured_media":85870,"comment_status":"open","ping_status":"closed","template":"","meta":{"_acf_changed":false},"care-type":[373,364,367],"technology":[],"product_brand":[],"product_cat":[379],"product_tag":[],"class_list":{"0":"post-85868","1":"product","2":"type-product","3":"status-publish","4":"has-post-thumbnail","6":"care-type-soins-a-domicile","7":"care-type-soins-de-courte-duree","8":"care-type-soins-de-longue-duree","9":"product_cat-falls-management-fr","11":"first","12":"instock","13":"shipping-taxable","14":"product-type-simple"},"acf":[],"yoast_head":"<!-- This site is optimized with the Yoast SEO Premium plugin v25.6 (Yoast SEO v27.2) - https:\/\/yoast.com\/product\/yoast-seo-premium-wordpress\/ -->\n<title>Chaise de levage Raizer II | Soins aux patients de Savaria<\/title>\n<meta name=\"description\" content=\"Learn more about the Chaise de levage Raizer II from Soins aux patients de Savaria . Discover a great range of product type products and buy today\" \/>\n<meta name=\"robots\" content=\"index, follow, max-snippet:-1, max-image-preview:large, max-video-preview:-1\" \/>\n<link rel=\"canonical\" href=\"https:\/\/savariapatientcare.com\/fr\/produit\/raizer-ii-lifting-chair\/\" \/>\n<meta property=\"og:locale\" content=\"fr_CA\" \/>\n<meta property=\"og:type\" content=\"article\" \/>\n<meta property=\"og:title\" content=\"Chaise de levage Raizer II\" \/>\n<meta property=\"og:description\" content=\"Learn more about the Chaise de levage Raizer II from Soins aux patients de Savaria . Discover a great range of product type products and buy today\" \/>\n<meta property=\"og:url\" content=\"https:\/\/savariapatientcare.com\/fr\/produit\/raizer-ii-lifting-chair\/\" \/>\n<meta property=\"og:site_name\" content=\"Soins aux patients de Savaria\" \/>\n<meta property=\"article:modified_time\" content=\"2025-12-24T15:15:20+00:00\" \/>\n<meta property=\"og:image\" content=\"https:\/\/savariapatientcare.com\/wp-content\/uploads\/2024\/04\/Raizer-2-Lifting-Chair.png\" \/>\n\t<meta property=\"og:image:width\" content=\"600\" \/>\n\t<meta property=\"og:image:height\" content=\"600\" \/>\n\t<meta property=\"og:image:type\" content=\"image\/png\" \/>\n<meta name=\"twitter:card\" content=\"summary_large_image\" \/>\n<meta name=\"twitter:label1\" content=\"Estimation du temps de lecture\" \/>\n\t<meta name=\"twitter:data1\" content=\"1 minute\" \/>\n<script type=\"application\/ld+json\" class=\"yoast-schema-graph\">{\"@context\":\"https:\/\/schema.org\",\"@graph\":[{\"@type\":\"WebPage\",\"@id\":\"https:\/\/savariapatientcare.com\/fr\/produit\/raizer-ii-lifting-chair\/\",\"url\":\"https:\/\/savariapatientcare.com\/fr\/produit\/raizer-ii-lifting-chair\/\",\"name\":\"Chaise de levage Raizer II | Soins aux patients de Savaria\",\"isPartOf\":{\"@id\":\"https:\/\/savariapatientcare.com\/#website\"},\"primaryImageOfPage\":{\"@id\":\"https:\/\/savariapatientcare.com\/fr\/produit\/raizer-ii-lifting-chair\/#primaryimage\"},\"image\":{\"@id\":\"https:\/\/savariapatientcare.com\/fr\/produit\/raizer-ii-lifting-chair\/#primaryimage\"},\"thumbnailUrl\":\"https:\/\/savariapatientcare.com\/wp-content\/uploads\/2024\/04\/Raizer-2-Lifting-Chair.png\",\"datePublished\":\"2024-05-21T12:08:31+00:00\",\"dateModified\":\"2025-12-24T15:15:20+00:00\",\"description\":\"Learn more about the Chaise de levage Raizer II from Soins aux patients de Savaria . Discover a great range of product type products and buy today\",\"breadcrumb\":{\"@id\":\"https:\/\/savariapatientcare.com\/fr\/produit\/raizer-ii-lifting-chair\/#breadcrumb\"},\"inLanguage\":\"fr-CA\",\"potentialAction\":[{\"@type\":\"ReadAction\",\"target\":[\"https:\/\/savariapatientcare.com\/fr\/produit\/raizer-ii-lifting-chair\/\"]}]},{\"@type\":\"ImageObject\",\"inLanguage\":\"fr-CA\",\"@id\":\"https:\/\/savariapatientcare.com\/fr\/produit\/raizer-ii-lifting-chair\/#primaryimage\",\"url\":\"https:\/\/savariapatientcare.com\/wp-content\/uploads\/2024\/04\/Raizer-2-Lifting-Chair.png\",\"contentUrl\":\"https:\/\/savariapatientcare.com\/wp-content\/uploads\/2024\/04\/Raizer-2-Lifting-Chair.png\",\"width\":600,\"height\":600},{\"@type\":\"BreadcrumbList\",\"@id\":\"https:\/\/savariapatientcare.com\/fr\/produit\/raizer-ii-lifting-chair\/#breadcrumb\",\"itemListElement\":[{\"@type\":\"ListItem\",\"position\":1,\"name\":\"Maison\",\"item\":\"https:\/\/savariapatientcare.com\/fr\/\"},{\"@type\":\"ListItem\",\"position\":2,\"name\":\"Products\",\"item\":\"https:\/\/savariapatientcare.com\/shop\/\"},{\"@type\":\"ListItem\",\"position\":3,\"name\":\"Chaise de levage Raizer II\"}]},{\"@type\":\"WebSite\",\"@id\":\"https:\/\/savariapatientcare.com\/#website\",\"url\":\"https:\/\/savariapatientcare.com\/\",\"name\":\"Savaria Patient Care\",\"description\":\"\",\"publisher\":{\"@id\":\"https:\/\/savariapatientcare.com\/#organization\"},\"potentialAction\":[{\"@type\":\"SearchAction\",\"target\":{\"@type\":\"EntryPoint\",\"urlTemplate\":\"https:\/\/savariapatientcare.com\/?s={search_term_string}\"},\"query-input\":{\"@type\":\"PropertyValueSpecification\",\"valueRequired\":true,\"valueName\":\"search_term_string\"}}],\"inLanguage\":\"fr-CA\"},{\"@type\":\"Organization\",\"@id\":\"https:\/\/savariapatientcare.com\/#organization\",\"name\":\"Savaria\",\"url\":\"https:\/\/savariapatientcare.com\/\",\"logo\":{\"@type\":\"ImageObject\",\"inLanguage\":\"fr-CA\",\"@id\":\"https:\/\/savariapatientcare.com\/#\/schema\/logo\/image\/\",\"url\":\"https:\/\/savariapatientcare.com\/wp-content\/uploads\/2023\/10\/Savaria-Logo.svg\",\"contentUrl\":\"https:\/\/savariapatientcare.com\/wp-content\/uploads\/2023\/10\/Savaria-Logo.svg\",\"width\":1,\"height\":1,\"caption\":\"Savaria\"},\"image\":{\"@id\":\"https:\/\/savariapatientcare.com\/#\/schema\/logo\/image\/\"}}]}<\/script>\n<!-- \/ Yoast SEO Premium plugin. -->","yoast_head_json":{"title":"Chaise de levage Raizer II | Soins aux patients de Savaria","description":"Learn more about the Chaise de levage Raizer II from Soins aux patients de Savaria . Discover a great range of product type products and buy today","robots":{"index":"index","follow":"follow","max-snippet":"max-snippet:-1","max-image-preview":"max-image-preview:large","max-video-preview":"max-video-preview:-1"},"canonical":"https:\/\/savariapatientcare.com\/fr\/produit\/raizer-ii-lifting-chair\/","og_locale":"fr_CA","og_type":"article","og_title":"Chaise de levage Raizer II","og_description":"Learn more about the Chaise de levage Raizer II from Soins aux patients de Savaria . Discover a great range of product type products and buy today","og_url":"https:\/\/savariapatientcare.com\/fr\/produit\/raizer-ii-lifting-chair\/","og_site_name":"Soins aux patients de Savaria","article_modified_time":"2025-12-24T15:15:20+00:00","og_image":[{"width":600,"height":600,"url":"https:\/\/savariapatientcare.com\/wp-content\/uploads\/2024\/04\/Raizer-2-Lifting-Chair.png","type":"image\/png"}],"twitter_card":"summary_large_image","twitter_misc":{"Estimation du temps de lecture":"1 minute"},"schema":{"@context":"https:\/\/schema.org","@graph":[{"@type":"WebPage","@id":"https:\/\/savariapatientcare.com\/fr\/produit\/raizer-ii-lifting-chair\/","url":"https:\/\/savariapatientcare.com\/fr\/produit\/raizer-ii-lifting-chair\/","name":"Chaise de levage Raizer II | Soins aux patients de Savaria","isPartOf":{"@id":"https:\/\/savariapatientcare.com\/#website"},"primaryImageOfPage":{"@id":"https:\/\/savariapatientcare.com\/fr\/produit\/raizer-ii-lifting-chair\/#primaryimage"},"image":{"@id":"https:\/\/savariapatientcare.com\/fr\/produit\/raizer-ii-lifting-chair\/#primaryimage"},"thumbnailUrl":"https:\/\/savariapatientcare.com\/wp-content\/uploads\/2024\/04\/Raizer-2-Lifting-Chair.png","datePublished":"2024-05-21T12:08:31+00:00","dateModified":"2025-12-24T15:15:20+00:00","description":"Learn more about the Chaise de levage Raizer II from Soins aux patients de Savaria . Discover a great range of product type products and buy today","breadcrumb":{"@id":"https:\/\/savariapatientcare.com\/fr\/produit\/raizer-ii-lifting-chair\/#breadcrumb"},"inLanguage":"fr-CA","potentialAction":[{"@type":"ReadAction","target":["https:\/\/savariapatientcare.com\/fr\/produit\/raizer-ii-lifting-chair\/"]}]},{"@type":"ImageObject","inLanguage":"fr-CA","@id":"https:\/\/savariapatientcare.com\/fr\/produit\/raizer-ii-lifting-chair\/#primaryimage","url":"https:\/\/savariapatientcare.com\/wp-content\/uploads\/2024\/04\/Raizer-2-Lifting-Chair.png","contentUrl":"https:\/\/savariapatientcare.com\/wp-content\/uploads\/2024\/04\/Raizer-2-Lifting-Chair.png","width":600,"height":600},{"@type":"BreadcrumbList","@id":"https:\/\/savariapatientcare.com\/fr\/produit\/raizer-ii-lifting-chair\/#breadcrumb","itemListElement":[{"@type":"ListItem","position":1,"name":"Maison","item":"https:\/\/savariapatientcare.com\/fr\/"},{"@type":"ListItem","position":2,"name":"Products","item":"https:\/\/savariapatientcare.com\/shop\/"},{"@type":"ListItem","position":3,"name":"Chaise de levage Raizer II"}]},{"@type":"WebSite","@id":"https:\/\/savariapatientcare.com\/#website","url":"https:\/\/savariapatientcare.com\/","name":"Savaria Patient Care","description":"","publisher":{"@id":"https:\/\/savariapatientcare.com\/#organization"},"potentialAction":[{"@type":"SearchAction","target":{"@type":"EntryPoint","urlTemplate":"https:\/\/savariapatientcare.com\/?s={search_term_string}"},"query-input":{"@type":"PropertyValueSpecification","valueRequired":true,"valueName":"search_term_string"}}],"inLanguage":"fr-CA"},{"@type":"Organization","@id":"https:\/\/savariapatientcare.com\/#organization","name":"Savaria","url":"https:\/\/savariapatientcare.com\/","logo":{"@type":"ImageObject","inLanguage":"fr-CA","@id":"https:\/\/savariapatientcare.com\/#\/schema\/logo\/image\/","url":"https:\/\/savariapatientcare.com\/wp-content\/uploads\/2023\/10\/Savaria-Logo.svg","contentUrl":"https:\/\/savariapatientcare.com\/wp-content\/uploads\/2023\/10\/Savaria-Logo.svg","width":1,"height":1,"caption":"Savaria"},"image":{"@id":"https:\/\/savariapatientcare.com\/#\/schema\/logo\/image\/"}}]}},"_links":{"self":[{"href":"https:\/\/savariapatientcare.com\/fr\/wp-json\/wp\/v2\/product\/85868","targetHints":{"allow":["GET"]}}],"collection":[{"href":"https:\/\/savariapatientcare.com\/fr\/wp-json\/wp\/v2\/product"}],"about":[{"href":"https:\/\/savariapatientcare.com\/fr\/wp-json\/wp\/v2\/types\/product"}],"replies":[{"embeddable":true,"href":"https:\/\/savariapatientcare.com\/fr\/wp-json\/wp\/v2\/comments?post=85868"}],"wp:featuredmedia":[{"embeddable":true,"href":"https:\/\/savariapatientcare.com\/fr\/wp-json\/wp\/v2\/media\/85870"}],"wp:attachment":[{"href":"https:\/\/savariapatientcare.com\/fr\/wp-json\/wp\/v2\/media?parent=85868"}],"wp:term":[{"taxonomy":"care-type","embeddable":true,"href":"https:\/\/savariapatientcare.com\/fr\/wp-json\/wp\/v2\/care-type?post=85868"},{"taxonomy":"technology","embeddable":true,"href":"https:\/\/savariapatientcare.com\/fr\/wp-json\/wp\/v2\/technology?post=85868"},{"taxonomy":"product_brand","embeddable":true,"href":"https:\/\/savariapatientcare.com\/fr\/wp-json\/wp\/v2\/product_brand?post=85868"},{"taxonomy":"product_cat","embeddable":true,"href":"https:\/\/savariapatientcare.com\/fr\/wp-json\/wp\/v2\/product_cat?post=85868"},{"taxonomy":"product_tag","embeddable":true,"href":"https:\/\/savariapatientcare.com\/fr\/wp-json\/wp\/v2\/product_tag?post=85868"}],"curies":[{"name":"wp","href":"https:\/\/api.w.org\/{rel}","templated":true}]}}