{"id":85839,"date":"2024-12-11T19:53:48","date_gmt":"2024-12-11T19:53:48","guid":{"rendered":"https:\/\/savariapatientcare.com\/product\/m-series-bariatric-ceiling-lift\/"},"modified":"2026-01-05T13:39:03","modified_gmt":"2026-01-05T13:39:03","slug":"leve-personnes-plafonniers-bariatriques-de-serie-m","status":"publish","type":"product","link":"https:\/\/savariapatientcare.com\/fr\/produit\/leve-personnes-plafonniers-bariatriques-de-serie-m\/","title":{"rendered":"L\u00e8ve-personnes plafonniers bariatriques de s\u00e9rie M"},"content":{"rendered":"","protected":false},"excerpt":{"rendered":"<p>Le maintien de la dignit\u00e9 et de la s\u00e9curit\u00e9 des patients ob\u00e8ses repr\u00e9sente un d\u00e9fi particuli\u00e8rement complexe. Notre s\u00e9rie de l\u00e8ve-personnes bariatriques aliment\u00e9s au lithium-ion est con\u00e7ue pour vous aider.<\/p>\n<p>Des moteurs parfaitement synchronis\u00e9s dans une seule cabine permettent des transferts fluides et confortables des patients les plus corpulents de votre \u00e9tablissement \u2013 jusqu\u2019\u00e0 544 kg (1200 livres). \u00c9limine les efforts suppl\u00e9mentaires et la g\u00eane occasionn\u00e9s par les syst\u00e8mes encombrants \u00e0 plusieurs cassettes, tout en garantissant une excellente plage de levage et un bon d\u00e9gagement.<\/p>\n","protected":false},"featured_media":85841,"comment_status":"open","ping_status":"closed","template":"","meta":{"_acf_changed":false},"care-type":[366,365,364,367],"technology":[],"product_brand":[],"product_cat":[369,368],"product_tag":[],"class_list":{"0":"post-85839","1":"product","2":"type-product","3":"status-publish","4":"has-post-thumbnail","6":"care-type-mobilisation-precoce","7":"care-type-soins-bariatriques","8":"care-type-soins-de-courte-duree","9":"care-type-soins-de-longue-duree","10":"product_cat-leve-personnes-plafonniers-fixes","11":"product_cat-systemes-autoportants","13":"first","14":"instock","15":"shipping-taxable","16":"product-type-simple"},"acf":[],"yoast_head":"<!-- This site is optimized with the Yoast SEO Premium plugin v25.6 (Yoast SEO v27.2) - https:\/\/yoast.com\/product\/yoast-seo-premium-wordpress\/ -->\n<title>L\u00e8ve-personnes plafonniers bariatriques de s\u00e9rie M | Soins aux patients de Savaria<\/title>\n<meta name=\"description\" content=\"The FL fixed lift is crafted with simplicity in mind, catering to the needs of both patients and caregivers. Discover more.\" \/>\n<meta name=\"robots\" content=\"index, follow, max-snippet:-1, max-image-preview:large, max-video-preview:-1\" \/>\n<link rel=\"canonical\" href=\"https:\/\/savariapatientcare.com\/fr\/produit\/leve-personnes-plafonniers-bariatriques-de-serie-m\/\" \/>\n<meta property=\"og:locale\" content=\"fr_CA\" \/>\n<meta property=\"og:type\" content=\"article\" \/>\n<meta property=\"og:title\" content=\"L\u00e8ve-personnes plafonniers bariatriques de s\u00e9rie M\" \/>\n<meta property=\"og:description\" content=\"The FL fixed lift is crafted with simplicity in mind, catering to the needs of both patients and caregivers. Discover more.\" \/>\n<meta property=\"og:url\" content=\"https:\/\/savariapatientcare.com\/fr\/produit\/leve-personnes-plafonniers-bariatriques-de-serie-m\/\" \/>\n<meta property=\"og:site_name\" content=\"Soins aux patients de Savaria\" \/>\n<meta property=\"article:modified_time\" content=\"2026-01-05T13:39:03+00:00\" \/>\n<meta property=\"og:image\" content=\"https:\/\/savariapatientcare.com\/wp-content\/uploads\/2024\/12\/M-Series-Bariatric-with-3-Down-Patient-Room-1024x1024.png\" \/>\n\t<meta property=\"og:image:width\" content=\"1024\" \/>\n\t<meta property=\"og:image:height\" content=\"1024\" \/>\n\t<meta property=\"og:image:type\" content=\"image\/png\" \/>\n<meta name=\"twitter:card\" content=\"summary_large_image\" \/>\n<meta name=\"twitter:label1\" content=\"Estimation du temps de lecture\" \/>\n\t<meta name=\"twitter:data1\" content=\"1 minute\" \/>\n<script type=\"application\/ld+json\" class=\"yoast-schema-graph\">{\"@context\":\"https:\/\/schema.org\",\"@graph\":[{\"@type\":\"WebPage\",\"@id\":\"https:\/\/savariapatientcare.com\/fr\/produit\/leve-personnes-plafonniers-bariatriques-de-serie-m\/\",\"url\":\"https:\/\/savariapatientcare.com\/fr\/produit\/leve-personnes-plafonniers-bariatriques-de-serie-m\/\",\"name\":\"L\u00e8ve-personnes plafonniers bariatriques de s\u00e9rie M | Soins aux patients de Savaria\",\"isPartOf\":{\"@id\":\"https:\/\/savariapatientcare.com\/#website\"},\"primaryImageOfPage\":{\"@id\":\"https:\/\/savariapatientcare.com\/fr\/produit\/leve-personnes-plafonniers-bariatriques-de-serie-m\/#primaryimage\"},\"image\":{\"@id\":\"https:\/\/savariapatientcare.com\/fr\/produit\/leve-personnes-plafonniers-bariatriques-de-serie-m\/#primaryimage\"},\"thumbnailUrl\":\"https:\/\/savariapatientcare.com\/wp-content\/uploads\/2024\/12\/M-Series-Bariatric-with-3-Down-Patient-Room.png\",\"datePublished\":\"2024-12-11T19:53:48+00:00\",\"dateModified\":\"2026-01-05T13:39:03+00:00\",\"description\":\"The FL fixed lift is crafted with simplicity in mind, catering to the needs of both patients and caregivers. Discover more.\",\"breadcrumb\":{\"@id\":\"https:\/\/savariapatientcare.com\/fr\/produit\/leve-personnes-plafonniers-bariatriques-de-serie-m\/#breadcrumb\"},\"inLanguage\":\"fr-CA\",\"potentialAction\":[{\"@type\":\"ReadAction\",\"target\":[\"https:\/\/savariapatientcare.com\/fr\/produit\/leve-personnes-plafonniers-bariatriques-de-serie-m\/\"]}]},{\"@type\":\"ImageObject\",\"inLanguage\":\"fr-CA\",\"@id\":\"https:\/\/savariapatientcare.com\/fr\/produit\/leve-personnes-plafonniers-bariatriques-de-serie-m\/#primaryimage\",\"url\":\"https:\/\/savariapatientcare.com\/wp-content\/uploads\/2024\/12\/M-Series-Bariatric-with-3-Down-Patient-Room.png\",\"contentUrl\":\"https:\/\/savariapatientcare.com\/wp-content\/uploads\/2024\/12\/M-Series-Bariatric-with-3-Down-Patient-Room.png\",\"width\":2000,\"height\":2000},{\"@type\":\"BreadcrumbList\",\"@id\":\"https:\/\/savariapatientcare.com\/fr\/produit\/leve-personnes-plafonniers-bariatriques-de-serie-m\/#breadcrumb\",\"itemListElement\":[{\"@type\":\"ListItem\",\"position\":1,\"name\":\"Maison\",\"item\":\"https:\/\/savariapatientcare.com\/fr\/\"},{\"@type\":\"ListItem\",\"position\":2,\"name\":\"Products\",\"item\":\"https:\/\/savariapatientcare.com\/shop\/\"},{\"@type\":\"ListItem\",\"position\":3,\"name\":\"L\u00e8ve-personnes plafonniers bariatriques de s\u00e9rie M\"}]},{\"@type\":\"WebSite\",\"@id\":\"https:\/\/savariapatientcare.com\/#website\",\"url\":\"https:\/\/savariapatientcare.com\/\",\"name\":\"Savaria Patient Care\",\"description\":\"\",\"publisher\":{\"@id\":\"https:\/\/savariapatientcare.com\/#organization\"},\"potentialAction\":[{\"@type\":\"SearchAction\",\"target\":{\"@type\":\"EntryPoint\",\"urlTemplate\":\"https:\/\/savariapatientcare.com\/?s={search_term_string}\"},\"query-input\":{\"@type\":\"PropertyValueSpecification\",\"valueRequired\":true,\"valueName\":\"search_term_string\"}}],\"inLanguage\":\"fr-CA\"},{\"@type\":\"Organization\",\"@id\":\"https:\/\/savariapatientcare.com\/#organization\",\"name\":\"Savaria\",\"url\":\"https:\/\/savariapatientcare.com\/\",\"logo\":{\"@type\":\"ImageObject\",\"inLanguage\":\"fr-CA\",\"@id\":\"https:\/\/savariapatientcare.com\/#\/schema\/logo\/image\/\",\"url\":\"https:\/\/savariapatientcare.com\/wp-content\/uploads\/2023\/10\/Savaria-Logo.svg\",\"contentUrl\":\"https:\/\/savariapatientcare.com\/wp-content\/uploads\/2023\/10\/Savaria-Logo.svg\",\"width\":1,\"height\":1,\"caption\":\"Savaria\"},\"image\":{\"@id\":\"https:\/\/savariapatientcare.com\/#\/schema\/logo\/image\/\"}}]}<\/script>\n<!-- \/ Yoast SEO Premium plugin. -->","yoast_head_json":{"title":"L\u00e8ve-personnes plafonniers bariatriques de s\u00e9rie M | Soins aux patients de Savaria","description":"The FL fixed lift is crafted with simplicity in mind, catering to the needs of both patients and caregivers. Discover more.","robots":{"index":"index","follow":"follow","max-snippet":"max-snippet:-1","max-image-preview":"max-image-preview:large","max-video-preview":"max-video-preview:-1"},"canonical":"https:\/\/savariapatientcare.com\/fr\/produit\/leve-personnes-plafonniers-bariatriques-de-serie-m\/","og_locale":"fr_CA","og_type":"article","og_title":"L\u00e8ve-personnes plafonniers bariatriques de s\u00e9rie M","og_description":"The FL fixed lift is crafted with simplicity in mind, catering to the needs of both patients and caregivers. Discover more.","og_url":"https:\/\/savariapatientcare.com\/fr\/produit\/leve-personnes-plafonniers-bariatriques-de-serie-m\/","og_site_name":"Soins aux patients de Savaria","article_modified_time":"2026-01-05T13:39:03+00:00","og_image":[{"width":1024,"height":1024,"url":"https:\/\/savariapatientcare.com\/wp-content\/uploads\/2024\/12\/M-Series-Bariatric-with-3-Down-Patient-Room-1024x1024.png","type":"image\/png"}],"twitter_card":"summary_large_image","twitter_misc":{"Estimation du temps de lecture":"1 minute"},"schema":{"@context":"https:\/\/schema.org","@graph":[{"@type":"WebPage","@id":"https:\/\/savariapatientcare.com\/fr\/produit\/leve-personnes-plafonniers-bariatriques-de-serie-m\/","url":"https:\/\/savariapatientcare.com\/fr\/produit\/leve-personnes-plafonniers-bariatriques-de-serie-m\/","name":"L\u00e8ve-personnes plafonniers bariatriques de s\u00e9rie M | Soins aux patients de Savaria","isPartOf":{"@id":"https:\/\/savariapatientcare.com\/#website"},"primaryImageOfPage":{"@id":"https:\/\/savariapatientcare.com\/fr\/produit\/leve-personnes-plafonniers-bariatriques-de-serie-m\/#primaryimage"},"image":{"@id":"https:\/\/savariapatientcare.com\/fr\/produit\/leve-personnes-plafonniers-bariatriques-de-serie-m\/#primaryimage"},"thumbnailUrl":"https:\/\/savariapatientcare.com\/wp-content\/uploads\/2024\/12\/M-Series-Bariatric-with-3-Down-Patient-Room.png","datePublished":"2024-12-11T19:53:48+00:00","dateModified":"2026-01-05T13:39:03+00:00","description":"The FL fixed lift is crafted with simplicity in mind, catering to the needs of both patients and caregivers. Discover more.","breadcrumb":{"@id":"https:\/\/savariapatientcare.com\/fr\/produit\/leve-personnes-plafonniers-bariatriques-de-serie-m\/#breadcrumb"},"inLanguage":"fr-CA","potentialAction":[{"@type":"ReadAction","target":["https:\/\/savariapatientcare.com\/fr\/produit\/leve-personnes-plafonniers-bariatriques-de-serie-m\/"]}]},{"@type":"ImageObject","inLanguage":"fr-CA","@id":"https:\/\/savariapatientcare.com\/fr\/produit\/leve-personnes-plafonniers-bariatriques-de-serie-m\/#primaryimage","url":"https:\/\/savariapatientcare.com\/wp-content\/uploads\/2024\/12\/M-Series-Bariatric-with-3-Down-Patient-Room.png","contentUrl":"https:\/\/savariapatientcare.com\/wp-content\/uploads\/2024\/12\/M-Series-Bariatric-with-3-Down-Patient-Room.png","width":2000,"height":2000},{"@type":"BreadcrumbList","@id":"https:\/\/savariapatientcare.com\/fr\/produit\/leve-personnes-plafonniers-bariatriques-de-serie-m\/#breadcrumb","itemListElement":[{"@type":"ListItem","position":1,"name":"Maison","item":"https:\/\/savariapatientcare.com\/fr\/"},{"@type":"ListItem","position":2,"name":"Products","item":"https:\/\/savariapatientcare.com\/shop\/"},{"@type":"ListItem","position":3,"name":"L\u00e8ve-personnes plafonniers bariatriques de s\u00e9rie M"}]},{"@type":"WebSite","@id":"https:\/\/savariapatientcare.com\/#website","url":"https:\/\/savariapatientcare.com\/","name":"Savaria Patient Care","description":"","publisher":{"@id":"https:\/\/savariapatientcare.com\/#organization"},"potentialAction":[{"@type":"SearchAction","target":{"@type":"EntryPoint","urlTemplate":"https:\/\/savariapatientcare.com\/?s={search_term_string}"},"query-input":{"@type":"PropertyValueSpecification","valueRequired":true,"valueName":"search_term_string"}}],"inLanguage":"fr-CA"},{"@type":"Organization","@id":"https:\/\/savariapatientcare.com\/#organization","name":"Savaria","url":"https:\/\/savariapatientcare.com\/","logo":{"@type":"ImageObject","inLanguage":"fr-CA","@id":"https:\/\/savariapatientcare.com\/#\/schema\/logo\/image\/","url":"https:\/\/savariapatientcare.com\/wp-content\/uploads\/2023\/10\/Savaria-Logo.svg","contentUrl":"https:\/\/savariapatientcare.com\/wp-content\/uploads\/2023\/10\/Savaria-Logo.svg","width":1,"height":1,"caption":"Savaria"},"image":{"@id":"https:\/\/savariapatientcare.com\/#\/schema\/logo\/image\/"}}]}},"_links":{"self":[{"href":"https:\/\/savariapatientcare.com\/fr\/wp-json\/wp\/v2\/product\/85839","targetHints":{"allow":["GET"]}}],"collection":[{"href":"https:\/\/savariapatientcare.com\/fr\/wp-json\/wp\/v2\/product"}],"about":[{"href":"https:\/\/savariapatientcare.com\/fr\/wp-json\/wp\/v2\/types\/product"}],"replies":[{"embeddable":true,"href":"https:\/\/savariapatientcare.com\/fr\/wp-json\/wp\/v2\/comments?post=85839"}],"wp:featuredmedia":[{"embeddable":true,"href":"https:\/\/savariapatientcare.com\/fr\/wp-json\/wp\/v2\/media\/85841"}],"wp:attachment":[{"href":"https:\/\/savariapatientcare.com\/fr\/wp-json\/wp\/v2\/media?parent=85839"}],"wp:term":[{"taxonomy":"care-type","embeddable":true,"href":"https:\/\/savariapatientcare.com\/fr\/wp-json\/wp\/v2\/care-type?post=85839"},{"taxonomy":"technology","embeddable":true,"href":"https:\/\/savariapatientcare.com\/fr\/wp-json\/wp\/v2\/technology?post=85839"},{"taxonomy":"product_brand","embeddable":true,"href":"https:\/\/savariapatientcare.com\/fr\/wp-json\/wp\/v2\/product_brand?post=85839"},{"taxonomy":"product_cat","embeddable":true,"href":"https:\/\/savariapatientcare.com\/fr\/wp-json\/wp\/v2\/product_cat?post=85839"},{"taxonomy":"product_tag","embeddable":true,"href":"https:\/\/savariapatientcare.com\/fr\/wp-json\/wp\/v2\/product_tag?post=85839"}],"curies":[{"name":"wp","href":"https:\/\/api.w.org\/{rel}","templated":true}]}}