{"id":85837,"date":"2025-02-25T18:23:05","date_gmt":"2025-02-25T18:23:05","guid":{"rendered":"https:\/\/savariapatientcare.com\/?post_type=product&#038;p=85837"},"modified":"2025-12-18T11:07:49","modified_gmt":"2025-12-18T11:07:49","slug":"systeme-de-repositionnement-wendylett","status":"publish","type":"product","link":"https:\/\/savariapatientcare.com\/fr\/produit\/systeme-de-repositionnement-wendylett\/","title":{"rendered":"Syst\u00e8me de repositionnement WendyLett"},"content":{"rendered":"<h2 style=\"text-align: center;\">Un syst\u00e8me complet de repositionnement<\/h2>\n<p style=\"text-align: center;\">Notre syst\u00e8me en trois parties offre un soutien global pour le repositionnement et les transferts, sans aucun produit suppl\u00e9mentaire, m\u00eame avec des l\u00e8ve-personnes plafonniers. Sa housse sup\u00e9rieure de repositionnement 4Way, dot\u00e9e de poign\u00e9es int\u00e9gr\u00e9es, permet des soins \u00e0 une seule main et un contr\u00f4le des mouvements dans les quatre directions, favorisant ainsi une approche globale de la pr\u00e9vention des l\u00e9sions de pression. L\u2019utilisateur peut effectuer des rotations et repositionnements de mani\u00e8re autonome ou avec un effort minimal du personnel soignant. Disponible en plusieurs tailles de matelas, la dur\u00e9e de vie de cette solution durable surpasse celle des produits comparables.<\/p>\n","protected":false},"excerpt":{"rendered":"<p>Permet un repositionnement et des transferts s\u00e9curitaires et confortables gr\u00e2ce \u00e0 une technologie textile de pointe qui facilite les d\u00e9placements des patients dans les quatre directions.<\/p>\n<ul>\n<li>Un syst\u00e8me en trois parties comprenant\u00a0: une housse de matelas ajust\u00e9e (couche inf\u00e9rieure), une housse de repositionnement (couche sup\u00e9rieure) et une taie de repositionnement<\/li>\n<li>Poign\u00e9es int\u00e9gr\u00e9es pour faciliter le repositionnement manuel ou avec l\u2019aide d\u2019un l\u00e8ve-personne<\/li>\n<li>Conception \u00e0 double tissu antid\u00e9rapant, durable et r\u00e9sistante, contribuant \u00e0 pr\u00e9venir les chutes<\/li>\n<li>Disponible en plusieurs tailles et motifs attrayants<\/li>\n<\/ul>\n","protected":false},"featured_media":85838,"comment_status":"open","ping_status":"closed","template":"","meta":{"_acf_changed":false},"care-type":[373,364,367],"technology":[],"product_brand":[],"product_cat":[362,363],"product_tag":[],"class_list":{"0":"post-85837","1":"product","2":"type-product","3":"status-publish","4":"has-post-thumbnail","6":"care-type-soins-a-domicile","7":"care-type-soins-de-courte-duree","8":"care-type-soins-de-longue-duree","9":"product_cat-transfer-aids-fr","10":"product_cat-dispositifs-de-repositionnement","12":"first","13":"instock","14":"shipping-taxable","15":"product-type-simple"},"acf":[],"yoast_head":"<!-- This site is optimized with the Yoast SEO Premium plugin v25.6 (Yoast SEO v27.2) - https:\/\/yoast.com\/product\/yoast-seo-premium-wordpress\/ -->\n<title>Syst\u00e8me de repositionnement WendyLett | Soins aux patients de Savaria<\/title>\n<meta name=\"description\" content=\"Learn more about the Syst\u00e8me de repositionnement WendyLett from Soins aux patients de Savaria . Discover a great range of product type products and buy today\" \/>\n<meta name=\"robots\" content=\"index, follow, max-snippet:-1, max-image-preview:large, max-video-preview:-1\" \/>\n<link rel=\"canonical\" href=\"https:\/\/savariapatientcare.com\/fr\/produit\/systeme-de-repositionnement-wendylett\/\" \/>\n<meta property=\"og:locale\" content=\"fr_CA\" \/>\n<meta property=\"og:type\" content=\"article\" \/>\n<meta property=\"og:title\" content=\"Syst\u00e8me de repositionnement WendyLett\" \/>\n<meta property=\"og:description\" content=\"Learn more about the Syst\u00e8me de repositionnement WendyLett from Soins aux patients de Savaria . Discover a great range of product type products and buy today\" \/>\n<meta property=\"og:url\" content=\"https:\/\/savariapatientcare.com\/fr\/produit\/systeme-de-repositionnement-wendylett\/\" \/>\n<meta property=\"og:site_name\" content=\"Soins aux patients de Savaria\" \/>\n<meta property=\"article:modified_time\" content=\"2025-12-18T11:07:49+00:00\" \/>\n<meta property=\"og:image\" content=\"https:\/\/savariapatientcare.com\/wp-content\/uploads\/2025\/01\/WendyLett-Repositioning-System-scaled.jpg\" \/>\n\t<meta property=\"og:image:width\" content=\"2560\" \/>\n\t<meta property=\"og:image:height\" content=\"1707\" \/>\n\t<meta property=\"og:image:type\" content=\"image\/jpeg\" \/>\n<meta name=\"twitter:card\" content=\"summary_large_image\" \/>\n<meta name=\"twitter:label1\" content=\"Estimation du temps de lecture\" \/>\n\t<meta name=\"twitter:data1\" content=\"1 minute\" \/>\n<script type=\"application\/ld+json\" class=\"yoast-schema-graph\">{\"@context\":\"https:\/\/schema.org\",\"@graph\":[{\"@type\":\"WebPage\",\"@id\":\"https:\/\/savariapatientcare.com\/fr\/produit\/systeme-de-repositionnement-wendylett\/\",\"url\":\"https:\/\/savariapatientcare.com\/fr\/produit\/systeme-de-repositionnement-wendylett\/\",\"name\":\"Syst\u00e8me de repositionnement WendyLett | Soins aux patients de Savaria\",\"isPartOf\":{\"@id\":\"https:\/\/savariapatientcare.com\/#website\"},\"primaryImageOfPage\":{\"@id\":\"https:\/\/savariapatientcare.com\/fr\/produit\/systeme-de-repositionnement-wendylett\/#primaryimage\"},\"image\":{\"@id\":\"https:\/\/savariapatientcare.com\/fr\/produit\/systeme-de-repositionnement-wendylett\/#primaryimage\"},\"thumbnailUrl\":\"https:\/\/savariapatientcare.com\/wp-content\/uploads\/2025\/01\/WendyLett-Repositioning-System-scaled.jpg\",\"datePublished\":\"2025-02-25T18:23:05+00:00\",\"dateModified\":\"2025-12-18T11:07:49+00:00\",\"description\":\"Learn more about the Syst\u00e8me de repositionnement WendyLett from Soins aux patients de Savaria . Discover a great range of product type products and buy today\",\"breadcrumb\":{\"@id\":\"https:\/\/savariapatientcare.com\/fr\/produit\/systeme-de-repositionnement-wendylett\/#breadcrumb\"},\"inLanguage\":\"fr-CA\",\"potentialAction\":[{\"@type\":\"ReadAction\",\"target\":[\"https:\/\/savariapatientcare.com\/fr\/produit\/systeme-de-repositionnement-wendylett\/\"]}]},{\"@type\":\"ImageObject\",\"inLanguage\":\"fr-CA\",\"@id\":\"https:\/\/savariapatientcare.com\/fr\/produit\/systeme-de-repositionnement-wendylett\/#primaryimage\",\"url\":\"https:\/\/savariapatientcare.com\/wp-content\/uploads\/2025\/01\/WendyLett-Repositioning-System-scaled.jpg\",\"contentUrl\":\"https:\/\/savariapatientcare.com\/wp-content\/uploads\/2025\/01\/WendyLett-Repositioning-System-scaled.jpg\",\"width\":2560,\"height\":1707},{\"@type\":\"BreadcrumbList\",\"@id\":\"https:\/\/savariapatientcare.com\/fr\/produit\/systeme-de-repositionnement-wendylett\/#breadcrumb\",\"itemListElement\":[{\"@type\":\"ListItem\",\"position\":1,\"name\":\"Maison\",\"item\":\"https:\/\/savariapatientcare.com\/fr\/\"},{\"@type\":\"ListItem\",\"position\":2,\"name\":\"Products\",\"item\":\"https:\/\/savariapatientcare.com\/shop\/\"},{\"@type\":\"ListItem\",\"position\":3,\"name\":\"Syst\u00e8me de repositionnement WendyLett\"}]},{\"@type\":\"WebSite\",\"@id\":\"https:\/\/savariapatientcare.com\/#website\",\"url\":\"https:\/\/savariapatientcare.com\/\",\"name\":\"Savaria Patient Care\",\"description\":\"\",\"publisher\":{\"@id\":\"https:\/\/savariapatientcare.com\/#organization\"},\"potentialAction\":[{\"@type\":\"SearchAction\",\"target\":{\"@type\":\"EntryPoint\",\"urlTemplate\":\"https:\/\/savariapatientcare.com\/?s={search_term_string}\"},\"query-input\":{\"@type\":\"PropertyValueSpecification\",\"valueRequired\":true,\"valueName\":\"search_term_string\"}}],\"inLanguage\":\"fr-CA\"},{\"@type\":\"Organization\",\"@id\":\"https:\/\/savariapatientcare.com\/#organization\",\"name\":\"Savaria\",\"url\":\"https:\/\/savariapatientcare.com\/\",\"logo\":{\"@type\":\"ImageObject\",\"inLanguage\":\"fr-CA\",\"@id\":\"https:\/\/savariapatientcare.com\/#\/schema\/logo\/image\/\",\"url\":\"https:\/\/savariapatientcare.com\/wp-content\/uploads\/2023\/10\/Savaria-Logo.svg\",\"contentUrl\":\"https:\/\/savariapatientcare.com\/wp-content\/uploads\/2023\/10\/Savaria-Logo.svg\",\"width\":1,\"height\":1,\"caption\":\"Savaria\"},\"image\":{\"@id\":\"https:\/\/savariapatientcare.com\/#\/schema\/logo\/image\/\"}}]}<\/script>\n<!-- \/ Yoast SEO Premium plugin. -->","yoast_head_json":{"title":"Syst\u00e8me de repositionnement WendyLett | Soins aux patients de Savaria","description":"Learn more about the Syst\u00e8me de repositionnement WendyLett from Soins aux patients de Savaria . Discover a great range of product type products and buy today","robots":{"index":"index","follow":"follow","max-snippet":"max-snippet:-1","max-image-preview":"max-image-preview:large","max-video-preview":"max-video-preview:-1"},"canonical":"https:\/\/savariapatientcare.com\/fr\/produit\/systeme-de-repositionnement-wendylett\/","og_locale":"fr_CA","og_type":"article","og_title":"Syst\u00e8me de repositionnement WendyLett","og_description":"Learn more about the Syst\u00e8me de repositionnement WendyLett from Soins aux patients de Savaria . Discover a great range of product type products and buy today","og_url":"https:\/\/savariapatientcare.com\/fr\/produit\/systeme-de-repositionnement-wendylett\/","og_site_name":"Soins aux patients de Savaria","article_modified_time":"2025-12-18T11:07:49+00:00","og_image":[{"width":2560,"height":1707,"url":"https:\/\/savariapatientcare.com\/wp-content\/uploads\/2025\/01\/WendyLett-Repositioning-System-scaled.jpg","type":"image\/jpeg"}],"twitter_card":"summary_large_image","twitter_misc":{"Estimation du temps de lecture":"1 minute"},"schema":{"@context":"https:\/\/schema.org","@graph":[{"@type":"WebPage","@id":"https:\/\/savariapatientcare.com\/fr\/produit\/systeme-de-repositionnement-wendylett\/","url":"https:\/\/savariapatientcare.com\/fr\/produit\/systeme-de-repositionnement-wendylett\/","name":"Syst\u00e8me de repositionnement WendyLett | Soins aux patients de Savaria","isPartOf":{"@id":"https:\/\/savariapatientcare.com\/#website"},"primaryImageOfPage":{"@id":"https:\/\/savariapatientcare.com\/fr\/produit\/systeme-de-repositionnement-wendylett\/#primaryimage"},"image":{"@id":"https:\/\/savariapatientcare.com\/fr\/produit\/systeme-de-repositionnement-wendylett\/#primaryimage"},"thumbnailUrl":"https:\/\/savariapatientcare.com\/wp-content\/uploads\/2025\/01\/WendyLett-Repositioning-System-scaled.jpg","datePublished":"2025-02-25T18:23:05+00:00","dateModified":"2025-12-18T11:07:49+00:00","description":"Learn more about the Syst\u00e8me de repositionnement WendyLett from Soins aux patients de Savaria . Discover a great range of product type products and buy today","breadcrumb":{"@id":"https:\/\/savariapatientcare.com\/fr\/produit\/systeme-de-repositionnement-wendylett\/#breadcrumb"},"inLanguage":"fr-CA","potentialAction":[{"@type":"ReadAction","target":["https:\/\/savariapatientcare.com\/fr\/produit\/systeme-de-repositionnement-wendylett\/"]}]},{"@type":"ImageObject","inLanguage":"fr-CA","@id":"https:\/\/savariapatientcare.com\/fr\/produit\/systeme-de-repositionnement-wendylett\/#primaryimage","url":"https:\/\/savariapatientcare.com\/wp-content\/uploads\/2025\/01\/WendyLett-Repositioning-System-scaled.jpg","contentUrl":"https:\/\/savariapatientcare.com\/wp-content\/uploads\/2025\/01\/WendyLett-Repositioning-System-scaled.jpg","width":2560,"height":1707},{"@type":"BreadcrumbList","@id":"https:\/\/savariapatientcare.com\/fr\/produit\/systeme-de-repositionnement-wendylett\/#breadcrumb","itemListElement":[{"@type":"ListItem","position":1,"name":"Maison","item":"https:\/\/savariapatientcare.com\/fr\/"},{"@type":"ListItem","position":2,"name":"Products","item":"https:\/\/savariapatientcare.com\/shop\/"},{"@type":"ListItem","position":3,"name":"Syst\u00e8me de repositionnement WendyLett"}]},{"@type":"WebSite","@id":"https:\/\/savariapatientcare.com\/#website","url":"https:\/\/savariapatientcare.com\/","name":"Savaria Patient Care","description":"","publisher":{"@id":"https:\/\/savariapatientcare.com\/#organization"},"potentialAction":[{"@type":"SearchAction","target":{"@type":"EntryPoint","urlTemplate":"https:\/\/savariapatientcare.com\/?s={search_term_string}"},"query-input":{"@type":"PropertyValueSpecification","valueRequired":true,"valueName":"search_term_string"}}],"inLanguage":"fr-CA"},{"@type":"Organization","@id":"https:\/\/savariapatientcare.com\/#organization","name":"Savaria","url":"https:\/\/savariapatientcare.com\/","logo":{"@type":"ImageObject","inLanguage":"fr-CA","@id":"https:\/\/savariapatientcare.com\/#\/schema\/logo\/image\/","url":"https:\/\/savariapatientcare.com\/wp-content\/uploads\/2023\/10\/Savaria-Logo.svg","contentUrl":"https:\/\/savariapatientcare.com\/wp-content\/uploads\/2023\/10\/Savaria-Logo.svg","width":1,"height":1,"caption":"Savaria"},"image":{"@id":"https:\/\/savariapatientcare.com\/#\/schema\/logo\/image\/"}}]}},"_links":{"self":[{"href":"https:\/\/savariapatientcare.com\/fr\/wp-json\/wp\/v2\/product\/85837","targetHints":{"allow":["GET"]}}],"collection":[{"href":"https:\/\/savariapatientcare.com\/fr\/wp-json\/wp\/v2\/product"}],"about":[{"href":"https:\/\/savariapatientcare.com\/fr\/wp-json\/wp\/v2\/types\/product"}],"replies":[{"embeddable":true,"href":"https:\/\/savariapatientcare.com\/fr\/wp-json\/wp\/v2\/comments?post=85837"}],"wp:featuredmedia":[{"embeddable":true,"href":"https:\/\/savariapatientcare.com\/fr\/wp-json\/wp\/v2\/media\/85838"}],"wp:attachment":[{"href":"https:\/\/savariapatientcare.com\/fr\/wp-json\/wp\/v2\/media?parent=85837"}],"wp:term":[{"taxonomy":"care-type","embeddable":true,"href":"https:\/\/savariapatientcare.com\/fr\/wp-json\/wp\/v2\/care-type?post=85837"},{"taxonomy":"technology","embeddable":true,"href":"https:\/\/savariapatientcare.com\/fr\/wp-json\/wp\/v2\/technology?post=85837"},{"taxonomy":"product_brand","embeddable":true,"href":"https:\/\/savariapatientcare.com\/fr\/wp-json\/wp\/v2\/product_brand?post=85837"},{"taxonomy":"product_cat","embeddable":true,"href":"https:\/\/savariapatientcare.com\/fr\/wp-json\/wp\/v2\/product_cat?post=85837"},{"taxonomy":"product_tag","embeddable":true,"href":"https:\/\/savariapatientcare.com\/fr\/wp-json\/wp\/v2\/product_tag?post=85837"}],"curies":[{"name":"wp","href":"https:\/\/api.w.org\/{rel}","templated":true}]}}