{"id":85675,"date":"2023-11-08T08:26:54","date_gmt":"2023-11-08T08:26:54","guid":{"rendered":"https:\/\/savariapatientcare.com\/care-solutions\/healthcare\/"},"modified":"2025-12-09T12:21:03","modified_gmt":"2025-12-09T12:21:03","slug":"solutions-de-sante","status":"publish","type":"page","link":"https:\/\/savariapatientcare.com\/fr\/solutions-de-sante\/","title":{"rendered":"Solutions de sant\u00e9"},"content":{"rendered":"\n<h2>\n\t\t\tSolutions de sant\u00e9\t<\/h2>\n\t<p>Nos solutions innovantes sont con\u00e7ues pour optimiser les r\u00e9sultats des patients et am\u00e9liorer l&rsquo;efficacit\u00e9 op\u00e9rationnelle des \u00e9tablissements de sant\u00e9. Notre objectif est de vous fournir des services fiables et efficaces qui r\u00e9pondent aux besoins sp\u00e9cifiques de votre \u00e9tablissement et qui s&rsquo;appuient sur les derni\u00e8res recherches et les meilleures pratiques.<\/p>\n<h2>\n\t\t\tSolution compl\u00e8te de soins de sant\u00e9\t<\/h2>\n\t<p>Solutions de sant\u00e9 innovantes con\u00e7ues pour optimiser les soins et les r\u00e9sultats des patients.<\/p>\n<h6>\n\t\t\tSoins \u00e0 domicile \t<\/h6>\n\t<p>Transformant le confort en soins, notre gamme de produits assure la continuit\u00e9 des soins dont vous avez besoin lors de votre transition de l&rsquo;h\u00f4pital \u00e0 votre domicile.<\/p>\n\t\t\t<a href=\"https:\/\/savariapatientcare.com\/care-solutions\/healthcare\/homecare\/\" target=\"_self\">\n\t\t\t\t\t\t\tPour en savoir plus\n\t\t\t<\/a>\n<h6>\n\t\t\tSoins de longue dur\u00e9e\t<\/h6>\n\t<p>La technologie avanc\u00e9e alimente notre gamme compl\u00e8te de solutions, am\u00e9liorant la s\u00e9curit\u00e9, le bien-\u00eatre des r\u00e9sidents et la qualit\u00e9 des soins dans les \u00e9tablissements desoins de longue dur\u00e9e.<\/p>\n\t\t\t<a href=\"https:\/\/savariapatientcare.com\/care-solutions\/healthcare\/long-term-care\/\" target=\"_self\">\n\t\t\t\t\t\t\tPour en savoir plus\n\t\t\t<\/a>\n<h6>\n\t\t\tSoins de courte dur\u00e9e\t<\/h6>\n\t<p>Une large gamme de solutions con\u00e7ues sp\u00e9cifiquement pour aider les h\u00f4pitaux \u00e0 optimiser la prestation des soins aux patients, \u00e0 am\u00e9liorer l&rsquo;efficacit\u00e9 et \u00e0 obtenir de meilleurs r\u00e9sultats pour les patients.<\/p>\n\t\t\t<a href=\"https:\/\/savariapatientcare.com\/care-solutions\/healthcare\/acute-care\/\" target=\"_self\">\n\t\t\t\t\t\t\tPour en savoir plus\n\t\t\t<\/a>\n<h6>\n\t\t\tSoins bariatriques\t<\/h6>\n\t<p>R\u00e9pondre aux besoins uniques des patients en situation d&rsquo;ob\u00e9sit\u00e9 avec dignit\u00e9 : les solutions de soins bariatriques sont ax\u00e9es sur la fourniture de soins sp\u00e9cialis\u00e9s.<\/p>\n\t\t\t<a href=\"https:\/\/savariapatientcare.com\/care-solutions\/healthcare\/bariatric-solutions\/\" target=\"_self\">\n\t\t\t\t\t\t\tPour en savoir plus\n\t\t\t<\/a>\n<h6>\n\t\t\tR\u00e9adaptation\t<\/h6>\n\t<p>Notre solution de r\u00e9adaptation vise \u00e0 soutenir votre parcours de r\u00e9tablissement et \u00e0 vous offrir un accompagnement personnalis\u00e9 vous permettant de retrouver vos capacit\u00e9s fonctionnelles.<\/p>\n\t\t\t<a href=\"https:\/\/savariapatientcare.com\/care-solutions\/healthcare\/early-mobilization\/\" target=\"_self\">\n\t\t\t\t\t\t\tPour en savoir plus\n\t\t\t<\/a>\n<h2>\n\t\t\tEntrez en contact \t<\/h2>\n\tNous sommes \u00e0 votre \u00e9coute.<br \/>\nEntrez en contact avec notre \u00e9quipe d&rsquo;experts en prise en charge s\u00e9curis\u00e9e des patients. Nous sommes l\u00e0 pour vous aider \u00e0 trouver les solutions id\u00e9ales pour votre \u00e9tablissement.\n\t\t\t<a href=\"https:\/\/savariapatientcare.com\/fr\/contactez-nous\/\" target=\"_self\">\n\t\t\t\t\t\t\tContactez-nous\n\t\t\t<\/a>\n\n","protected":false},"excerpt":{"rendered":"<p>Solutions de sant\u00e9 Nos solutions innovantes sont con\u00e7ues pour optimiser les r\u00e9sultats des patients et am\u00e9liorer l&rsquo;efficacit\u00e9 op\u00e9rationnelle des \u00e9tablissements de sant\u00e9. Notre objectif est de vous fournir des services fiables et efficaces qui r\u00e9pondent aux besoins sp\u00e9cifiques de votre \u00e9tablissement et qui s&rsquo;appuient sur les derni\u00e8res recherches et les meilleures pratiques. Solution compl\u00e8te de [&hellip;]<\/p>\n","protected":false},"author":6,"featured_media":0,"parent":0,"menu_order":0,"comment_status":"closed","ping_status":"closed","template":"","meta":{"_acf_changed":false,"footnotes":""},"class_list":["post-85675","page","type-page","status-publish","hentry"],"acf":[],"yoast_head":"<!-- This site is optimized with the Yoast SEO Premium plugin v25.6 (Yoast SEO v27.2) - https:\/\/yoast.com\/product\/yoast-seo-premium-wordpress\/ -->\n<title>Solutions de sant\u00e9 | Soins complets<\/title>\n<meta name=\"description\" content=\"Solutions de sant\u00e9 innovantes pour des soins optimis\u00e9s et personnalis\u00e9s.\" \/>\n<meta name=\"robots\" content=\"index, follow, max-snippet:-1, max-image-preview:large, max-video-preview:-1\" \/>\n<link rel=\"canonical\" href=\"https:\/\/savariapatientcare.com\/fr\/solutions-de-sante\/\" \/>\n<meta property=\"og:locale\" content=\"fr_CA\" \/>\n<meta property=\"og:type\" content=\"article\" \/>\n<meta property=\"og:title\" content=\"Solutions de sant\u00e9\" \/>\n<meta property=\"og:description\" content=\"Solutions de sant\u00e9 innovantes pour des soins optimis\u00e9s et personnalis\u00e9s.\" \/>\n<meta property=\"og:url\" content=\"https:\/\/savariapatientcare.com\/fr\/solutions-de-sante\/\" \/>\n<meta property=\"og:site_name\" content=\"Soins aux patients de Savaria\" \/>\n<meta property=\"article:modified_time\" content=\"2025-12-09T12:21:03+00:00\" \/>\n<meta name=\"twitter:card\" content=\"summary_large_image\" \/>\n<meta name=\"twitter:label1\" content=\"Estimation du temps de lecture\" \/>\n\t<meta name=\"twitter:data1\" content=\"1 minute\" \/>\n<script type=\"application\/ld+json\" class=\"yoast-schema-graph\">{\"@context\":\"https:\/\/schema.org\",\"@graph\":[{\"@type\":\"WebPage\",\"@id\":\"https:\/\/savariapatientcare.com\/fr\/solutions-de-sante\/\",\"url\":\"https:\/\/savariapatientcare.com\/fr\/solutions-de-sante\/\",\"name\":\"Solutions de sant\u00e9 | Soins complets\",\"isPartOf\":{\"@id\":\"https:\/\/savariapatientcare.com\/#website\"},\"datePublished\":\"2023-11-08T08:26:54+00:00\",\"dateModified\":\"2025-12-09T12:21:03+00:00\",\"description\":\"Solutions de sant\u00e9 innovantes pour des soins optimis\u00e9s et personnalis\u00e9s.\",\"breadcrumb\":{\"@id\":\"https:\/\/savariapatientcare.com\/fr\/solutions-de-sante\/#breadcrumb\"},\"inLanguage\":\"fr-CA\",\"potentialAction\":[{\"@type\":\"ReadAction\",\"target\":[\"https:\/\/savariapatientcare.com\/fr\/solutions-de-sante\/\"]}]},{\"@type\":\"BreadcrumbList\",\"@id\":\"https:\/\/savariapatientcare.com\/fr\/solutions-de-sante\/#breadcrumb\",\"itemListElement\":[{\"@type\":\"ListItem\",\"position\":1,\"name\":\"Maison\",\"item\":\"https:\/\/savariapatientcare.com\/fr\/\"},{\"@type\":\"ListItem\",\"position\":2,\"name\":\"Solutions de sant\u00e9\"}]},{\"@type\":\"WebSite\",\"@id\":\"https:\/\/savariapatientcare.com\/#website\",\"url\":\"https:\/\/savariapatientcare.com\/\",\"name\":\"Savaria Patient Care\",\"description\":\"\",\"publisher\":{\"@id\":\"https:\/\/savariapatientcare.com\/#organization\"},\"potentialAction\":[{\"@type\":\"SearchAction\",\"target\":{\"@type\":\"EntryPoint\",\"urlTemplate\":\"https:\/\/savariapatientcare.com\/?s={search_term_string}\"},\"query-input\":{\"@type\":\"PropertyValueSpecification\",\"valueRequired\":true,\"valueName\":\"search_term_string\"}}],\"inLanguage\":\"fr-CA\"},{\"@type\":\"Organization\",\"@id\":\"https:\/\/savariapatientcare.com\/#organization\",\"name\":\"Savaria\",\"url\":\"https:\/\/savariapatientcare.com\/\",\"logo\":{\"@type\":\"ImageObject\",\"inLanguage\":\"fr-CA\",\"@id\":\"https:\/\/savariapatientcare.com\/#\/schema\/logo\/image\/\",\"url\":\"https:\/\/savariapatientcare.com\/wp-content\/uploads\/2023\/10\/Savaria-Logo.svg\",\"contentUrl\":\"https:\/\/savariapatientcare.com\/wp-content\/uploads\/2023\/10\/Savaria-Logo.svg\",\"width\":1,\"height\":1,\"caption\":\"Savaria\"},\"image\":{\"@id\":\"https:\/\/savariapatientcare.com\/#\/schema\/logo\/image\/\"}}]}<\/script>\n<!-- \/ Yoast SEO Premium plugin. -->","yoast_head_json":{"title":"Solutions de sant\u00e9 | Soins complets","description":"Solutions de sant\u00e9 innovantes pour des soins optimis\u00e9s et personnalis\u00e9s.","robots":{"index":"index","follow":"follow","max-snippet":"max-snippet:-1","max-image-preview":"max-image-preview:large","max-video-preview":"max-video-preview:-1"},"canonical":"https:\/\/savariapatientcare.com\/fr\/solutions-de-sante\/","og_locale":"fr_CA","og_type":"article","og_title":"Solutions de sant\u00e9","og_description":"Solutions de sant\u00e9 innovantes pour des soins optimis\u00e9s et personnalis\u00e9s.","og_url":"https:\/\/savariapatientcare.com\/fr\/solutions-de-sante\/","og_site_name":"Soins aux patients de Savaria","article_modified_time":"2025-12-09T12:21:03+00:00","twitter_card":"summary_large_image","twitter_misc":{"Estimation du temps de lecture":"1 minute"},"schema":{"@context":"https:\/\/schema.org","@graph":[{"@type":"WebPage","@id":"https:\/\/savariapatientcare.com\/fr\/solutions-de-sante\/","url":"https:\/\/savariapatientcare.com\/fr\/solutions-de-sante\/","name":"Solutions de sant\u00e9 | Soins complets","isPartOf":{"@id":"https:\/\/savariapatientcare.com\/#website"},"datePublished":"2023-11-08T08:26:54+00:00","dateModified":"2025-12-09T12:21:03+00:00","description":"Solutions de sant\u00e9 innovantes pour des soins optimis\u00e9s et personnalis\u00e9s.","breadcrumb":{"@id":"https:\/\/savariapatientcare.com\/fr\/solutions-de-sante\/#breadcrumb"},"inLanguage":"fr-CA","potentialAction":[{"@type":"ReadAction","target":["https:\/\/savariapatientcare.com\/fr\/solutions-de-sante\/"]}]},{"@type":"BreadcrumbList","@id":"https:\/\/savariapatientcare.com\/fr\/solutions-de-sante\/#breadcrumb","itemListElement":[{"@type":"ListItem","position":1,"name":"Maison","item":"https:\/\/savariapatientcare.com\/fr\/"},{"@type":"ListItem","position":2,"name":"Solutions de sant\u00e9"}]},{"@type":"WebSite","@id":"https:\/\/savariapatientcare.com\/#website","url":"https:\/\/savariapatientcare.com\/","name":"Savaria Patient Care","description":"","publisher":{"@id":"https:\/\/savariapatientcare.com\/#organization"},"potentialAction":[{"@type":"SearchAction","target":{"@type":"EntryPoint","urlTemplate":"https:\/\/savariapatientcare.com\/?s={search_term_string}"},"query-input":{"@type":"PropertyValueSpecification","valueRequired":true,"valueName":"search_term_string"}}],"inLanguage":"fr-CA"},{"@type":"Organization","@id":"https:\/\/savariapatientcare.com\/#organization","name":"Savaria","url":"https:\/\/savariapatientcare.com\/","logo":{"@type":"ImageObject","inLanguage":"fr-CA","@id":"https:\/\/savariapatientcare.com\/#\/schema\/logo\/image\/","url":"https:\/\/savariapatientcare.com\/wp-content\/uploads\/2023\/10\/Savaria-Logo.svg","contentUrl":"https:\/\/savariapatientcare.com\/wp-content\/uploads\/2023\/10\/Savaria-Logo.svg","width":1,"height":1,"caption":"Savaria"},"image":{"@id":"https:\/\/savariapatientcare.com\/#\/schema\/logo\/image\/"}}]}},"_links":{"self":[{"href":"https:\/\/savariapatientcare.com\/fr\/wp-json\/wp\/v2\/pages\/85675","targetHints":{"allow":["GET"]}}],"collection":[{"href":"https:\/\/savariapatientcare.com\/fr\/wp-json\/wp\/v2\/pages"}],"about":[{"href":"https:\/\/savariapatientcare.com\/fr\/wp-json\/wp\/v2\/types\/page"}],"author":[{"embeddable":true,"href":"https:\/\/savariapatientcare.com\/fr\/wp-json\/wp\/v2\/users\/6"}],"replies":[{"embeddable":true,"href":"https:\/\/savariapatientcare.com\/fr\/wp-json\/wp\/v2\/comments?post=85675"}],"version-history":[{"count":12,"href":"https:\/\/savariapatientcare.com\/fr\/wp-json\/wp\/v2\/pages\/85675\/revisions"}],"predecessor-version":[{"id":96749,"href":"https:\/\/savariapatientcare.com\/fr\/wp-json\/wp\/v2\/pages\/85675\/revisions\/96749"}],"wp:attachment":[{"href":"https:\/\/savariapatientcare.com\/fr\/wp-json\/wp\/v2\/media?parent=85675"}],"curies":[{"name":"wp","href":"https:\/\/api.w.org\/{rel}","templated":true}]}}