{"id":85671,"date":"2023-11-16T07:08:20","date_gmt":"2023-11-16T07:08:20","guid":{"rendered":"https:\/\/savariapatientcare.com\/services\/"},"modified":"2025-07-10T20:30:11","modified_gmt":"2025-07-10T20:30:11","slug":"services","status":"publish","type":"page","link":"https:\/\/savariapatientcare.com\/fr\/services\/","title":{"rendered":"Services"},"content":{"rendered":"\n<h1>\n\t\t\tSolutions de services con\u00e7ues pour vous \t<\/h1>\n\t<p>Chez Savaria, la qualit\u00e9 et la s\u00e9curit\u00e9 sont dans notre ADN. Nos solutions compl\u00e8tes de service et de maintenance sur site sont con\u00e7ues sp\u00e9cifiquement pour aider \u00e0 optimiser les performances et l&rsquo;efficacit\u00e9 op\u00e9rationnelle tout en r\u00e9duisant les temps d&rsquo;interruption et les co\u00fbts impr\u00e9vus des \u00e9quipements. Notre r\u00e9seau national se compose d&rsquo;experts en maintenance et de techniciens certifi\u00e9s hautement qualifi\u00e9s d\u00e9tenant une formation sp\u00e9cifique sur votre syst\u00e8me, ce qui leur permet de r\u00e9soudre rapidement tout probl\u00e8me susceptible de survenir.<\/p>\n\t\t\t\t<img decoding=\"async\" src=\"https:\/\/savariapatientcare.com\/wp-content\/uploads\/2023\/11\/icon-green-circles.svg\" alt=\"icon-green-circles\" itemprop=\"image\" title=\"icon-green-circles\" onerror=\"this.style.display='none'\" loading='lazy' \/>\n<h6>\n\t\t\tHandicare Plus\t<\/h6>\n<h2>\n\t\t\tProgrammes de maintenance pr\u00e9ventive\t<\/h2>\n\t<p>Handicare Plus propose des contrats de service flexibles pour r\u00e9pondre \u00e0 vos besoins et vous aider \u00e0 r\u00e9aliser des \u00e9conomies op\u00e9rationnelles. Nos techniciens experts et coordinateurs de service collaborent avec votre personnel interne pour garantir le bon fonctionnement de vos \u00e9quipements de prise en charge des patients. Ainsi, votre personnel peut se consacrer pleinement \u00e0 ce qui importe vraiment\u00a0: offrir les meilleurs soins \u00e0 vos clients.<\/p>\n\t\t\t<a href=\"https:\/\/savariapatientcare.com\/fr\/programmes-de-maintenance-preventive\/\" target=\"_self\">\n\t\t\t\t\t\t\tPour en savoir plus\n\t\t\t<\/a>\n\t\t\t\t<img decoding=\"async\" src=\"https:\/\/savariapatientcare.com\/wp-content\/uploads\/2023\/11\/icon-green-circles.svg\" alt=\"icon-green-circles\" itemprop=\"image\" title=\"icon-green-circles\" onerror=\"this.style.display='none'\" loading='lazy' \/>\n<h6>\n\t\t\tHandicare Plus\t<\/h6>\n<h2>\n\t\t\tService correctifs\t<\/h2>\n\t<p>Si vous rencontrez un probl\u00e8me concernant un produit ou si votre \u00e9quipe de service a besoin d&rsquo;assistance (pi\u00e8ces et r\u00e9parations), contactez notre r\u00e9seau de techniciens aux \u00c9tats-Unis et au Canada qui vous apportera des solutions sur site efficaces et de haute qualit\u00e9. \u00c9quip\u00e9s des outils et technologies les plus modernes ainsi que de plans de stockage de pi\u00e8ces \u00e0 jour, nous garantissons des d\u00e9lais d&rsquo;intervention et de r\u00e9paration rapides.<\/p>\n\t\t\t<a href=\"https:\/\/savariapatientcare.com\/fr\/services-correctifs\/\" target=\"_self\">\n\t\t\t\t\t\t\tPour en savoir plus \n\t\t\t<\/a>\n<h2>\n\t\t\tContactez-nous\t<\/h2>\n\t<p>Notre \u00e9quipe s&rsquo;engage \u00e0 vous fournir une assistance rapide et professionnelle pour vous aider \u00e0 am\u00e9liorer votre sant\u00e9 et vous donner acc\u00e8s \u00e0 des soins optimaux.<\/p>\n\t\t\t<a href=\"https:\/\/savariapatientcare.com\/fr\/contactez-nous\/\" target=\"_self\">\n\t\t\t\t\t\t\tContactez-nous \n\t\t\t<\/a>\n\n","protected":false},"excerpt":{"rendered":"<p>Solutions de services con\u00e7ues pour vous Chez Savaria, la qualit\u00e9 et la s\u00e9curit\u00e9 sont dans notre ADN. Nos solutions compl\u00e8tes de service et de maintenance sur site sont con\u00e7ues sp\u00e9cifiquement pour aider \u00e0 optimiser les performances et l&rsquo;efficacit\u00e9 op\u00e9rationnelle tout en r\u00e9duisant les temps d&rsquo;interruption et les co\u00fbts impr\u00e9vus des \u00e9quipements. Notre r\u00e9seau national se [&hellip;]<\/p>\n","protected":false},"author":1,"featured_media":0,"parent":0,"menu_order":0,"comment_status":"closed","ping_status":"closed","template":"","meta":{"_acf_changed":false,"footnotes":""},"class_list":["post-85671","page","type-page","status-publish","hentry"],"acf":[],"yoast_head":"<!-- This site is optimized with the Yoast SEO Premium plugin v25.6 (Yoast SEO v27.2) - https:\/\/yoast.com\/product\/yoast-seo-premium-wordpress\/ -->\n<title>Services correctifs et pr\u00e9ventifs<\/title>\n<meta name=\"description\" content=\"D\u00e9couvrez nos services officiels Savaria de qualit\u00e9 clinique, offrant des solutions de soins personnalis\u00e9es et empreintes de compassion. Notre \u00e9quipe de professionnels s\u2019engage \u00e0 offrir des soins de haut niveau.\" \/>\n<meta name=\"robots\" content=\"index, follow, max-snippet:-1, max-image-preview:large, max-video-preview:-1\" \/>\n<link rel=\"canonical\" href=\"https:\/\/savariapatientcare.com\/fr\/services\/\" \/>\n<meta property=\"og:locale\" content=\"fr_CA\" \/>\n<meta property=\"og:type\" content=\"article\" \/>\n<meta property=\"og:title\" content=\"Services\" \/>\n<meta property=\"og:description\" content=\"D\u00e9couvrez nos services officiels Savaria de qualit\u00e9 clinique, offrant des solutions de soins personnalis\u00e9es et empreintes de compassion. Notre \u00e9quipe de professionnels s\u2019engage \u00e0 offrir des soins de haut niveau.\" \/>\n<meta property=\"og:url\" content=\"https:\/\/savariapatientcare.com\/fr\/services\/\" \/>\n<meta property=\"og:site_name\" content=\"Soins aux patients de Savaria\" \/>\n<meta property=\"article:modified_time\" content=\"2025-07-10T20:30:11+00:00\" \/>\n<meta property=\"og:image\" content=\"https:\/\/savariapatientcare.com\/wp-content\/uploads\/2023\/11\/icon-green-circles.svg\" \/>\n<meta name=\"twitter:card\" content=\"summary_large_image\" \/>\n<meta name=\"twitter:label1\" content=\"Estimation du temps de lecture\" \/>\n\t<meta name=\"twitter:data1\" content=\"2 minutes\" \/>\n<script type=\"application\/ld+json\" class=\"yoast-schema-graph\">{\"@context\":\"https:\/\/schema.org\",\"@graph\":[{\"@type\":\"WebPage\",\"@id\":\"https:\/\/savariapatientcare.com\/fr\/services\/\",\"url\":\"https:\/\/savariapatientcare.com\/fr\/services\/\",\"name\":\"Services correctifs et pr\u00e9ventifs\",\"isPartOf\":{\"@id\":\"https:\/\/savariapatientcare.com\/#website\"},\"primaryImageOfPage\":{\"@id\":\"https:\/\/savariapatientcare.com\/fr\/services\/#primaryimage\"},\"image\":{\"@id\":\"https:\/\/savariapatientcare.com\/fr\/services\/#primaryimage\"},\"thumbnailUrl\":\"https:\/\/savariapatientcare.com\/wp-content\/uploads\/2023\/11\/icon-green-circles.svg\",\"datePublished\":\"2023-11-16T07:08:20+00:00\",\"dateModified\":\"2025-07-10T20:30:11+00:00\",\"description\":\"D\u00e9couvrez nos services officiels Savaria de qualit\u00e9 clinique, offrant des solutions de soins personnalis\u00e9es et empreintes de compassion. Notre \u00e9quipe de professionnels s\u2019engage \u00e0 offrir des soins de haut niveau.\",\"breadcrumb\":{\"@id\":\"https:\/\/savariapatientcare.com\/fr\/services\/#breadcrumb\"},\"inLanguage\":\"fr-CA\",\"potentialAction\":[{\"@type\":\"ReadAction\",\"target\":[\"https:\/\/savariapatientcare.com\/fr\/services\/\"]}]},{\"@type\":\"ImageObject\",\"inLanguage\":\"fr-CA\",\"@id\":\"https:\/\/savariapatientcare.com\/fr\/services\/#primaryimage\",\"url\":\"https:\/\/savariapatientcare.com\/wp-content\/uploads\/2023\/11\/icon-green-circles.svg\",\"contentUrl\":\"https:\/\/savariapatientcare.com\/wp-content\/uploads\/2023\/11\/icon-green-circles.svg\"},{\"@type\":\"BreadcrumbList\",\"@id\":\"https:\/\/savariapatientcare.com\/fr\/services\/#breadcrumb\",\"itemListElement\":[{\"@type\":\"ListItem\",\"position\":1,\"name\":\"Maison\",\"item\":\"https:\/\/savariapatientcare.com\/fr\/\"},{\"@type\":\"ListItem\",\"position\":2,\"name\":\"Services\"}]},{\"@type\":\"WebSite\",\"@id\":\"https:\/\/savariapatientcare.com\/#website\",\"url\":\"https:\/\/savariapatientcare.com\/\",\"name\":\"Savaria Patient Care\",\"description\":\"\",\"publisher\":{\"@id\":\"https:\/\/savariapatientcare.com\/#organization\"},\"potentialAction\":[{\"@type\":\"SearchAction\",\"target\":{\"@type\":\"EntryPoint\",\"urlTemplate\":\"https:\/\/savariapatientcare.com\/?s={search_term_string}\"},\"query-input\":{\"@type\":\"PropertyValueSpecification\",\"valueRequired\":true,\"valueName\":\"search_term_string\"}}],\"inLanguage\":\"fr-CA\"},{\"@type\":\"Organization\",\"@id\":\"https:\/\/savariapatientcare.com\/#organization\",\"name\":\"Savaria\",\"url\":\"https:\/\/savariapatientcare.com\/\",\"logo\":{\"@type\":\"ImageObject\",\"inLanguage\":\"fr-CA\",\"@id\":\"https:\/\/savariapatientcare.com\/#\/schema\/logo\/image\/\",\"url\":\"https:\/\/savariapatientcare.com\/wp-content\/uploads\/2023\/10\/Savaria-Logo.svg\",\"contentUrl\":\"https:\/\/savariapatientcare.com\/wp-content\/uploads\/2023\/10\/Savaria-Logo.svg\",\"width\":1,\"height\":1,\"caption\":\"Savaria\"},\"image\":{\"@id\":\"https:\/\/savariapatientcare.com\/#\/schema\/logo\/image\/\"}}]}<\/script>\n<!-- \/ Yoast SEO Premium plugin. -->","yoast_head_json":{"title":"Services correctifs et pr\u00e9ventifs","description":"D\u00e9couvrez nos services officiels Savaria de qualit\u00e9 clinique, offrant des solutions de soins personnalis\u00e9es et empreintes de compassion. Notre \u00e9quipe de professionnels s\u2019engage \u00e0 offrir des soins de haut niveau.","robots":{"index":"index","follow":"follow","max-snippet":"max-snippet:-1","max-image-preview":"max-image-preview:large","max-video-preview":"max-video-preview:-1"},"canonical":"https:\/\/savariapatientcare.com\/fr\/services\/","og_locale":"fr_CA","og_type":"article","og_title":"Services","og_description":"D\u00e9couvrez nos services officiels Savaria de qualit\u00e9 clinique, offrant des solutions de soins personnalis\u00e9es et empreintes de compassion. Notre \u00e9quipe de professionnels s\u2019engage \u00e0 offrir des soins de haut niveau.","og_url":"https:\/\/savariapatientcare.com\/fr\/services\/","og_site_name":"Soins aux patients de Savaria","article_modified_time":"2025-07-10T20:30:11+00:00","og_image":[{"url":"https:\/\/savariapatientcare.com\/wp-content\/uploads\/2023\/11\/icon-green-circles.svg","type":"","width":"","height":""}],"twitter_card":"summary_large_image","twitter_misc":{"Estimation du temps de lecture":"2 minutes"},"schema":{"@context":"https:\/\/schema.org","@graph":[{"@type":"WebPage","@id":"https:\/\/savariapatientcare.com\/fr\/services\/","url":"https:\/\/savariapatientcare.com\/fr\/services\/","name":"Services correctifs et pr\u00e9ventifs","isPartOf":{"@id":"https:\/\/savariapatientcare.com\/#website"},"primaryImageOfPage":{"@id":"https:\/\/savariapatientcare.com\/fr\/services\/#primaryimage"},"image":{"@id":"https:\/\/savariapatientcare.com\/fr\/services\/#primaryimage"},"thumbnailUrl":"https:\/\/savariapatientcare.com\/wp-content\/uploads\/2023\/11\/icon-green-circles.svg","datePublished":"2023-11-16T07:08:20+00:00","dateModified":"2025-07-10T20:30:11+00:00","description":"D\u00e9couvrez nos services officiels Savaria de qualit\u00e9 clinique, offrant des solutions de soins personnalis\u00e9es et empreintes de compassion. Notre \u00e9quipe de professionnels s\u2019engage \u00e0 offrir des soins de haut niveau.","breadcrumb":{"@id":"https:\/\/savariapatientcare.com\/fr\/services\/#breadcrumb"},"inLanguage":"fr-CA","potentialAction":[{"@type":"ReadAction","target":["https:\/\/savariapatientcare.com\/fr\/services\/"]}]},{"@type":"ImageObject","inLanguage":"fr-CA","@id":"https:\/\/savariapatientcare.com\/fr\/services\/#primaryimage","url":"https:\/\/savariapatientcare.com\/wp-content\/uploads\/2023\/11\/icon-green-circles.svg","contentUrl":"https:\/\/savariapatientcare.com\/wp-content\/uploads\/2023\/11\/icon-green-circles.svg"},{"@type":"BreadcrumbList","@id":"https:\/\/savariapatientcare.com\/fr\/services\/#breadcrumb","itemListElement":[{"@type":"ListItem","position":1,"name":"Maison","item":"https:\/\/savariapatientcare.com\/fr\/"},{"@type":"ListItem","position":2,"name":"Services"}]},{"@type":"WebSite","@id":"https:\/\/savariapatientcare.com\/#website","url":"https:\/\/savariapatientcare.com\/","name":"Savaria Patient Care","description":"","publisher":{"@id":"https:\/\/savariapatientcare.com\/#organization"},"potentialAction":[{"@type":"SearchAction","target":{"@type":"EntryPoint","urlTemplate":"https:\/\/savariapatientcare.com\/?s={search_term_string}"},"query-input":{"@type":"PropertyValueSpecification","valueRequired":true,"valueName":"search_term_string"}}],"inLanguage":"fr-CA"},{"@type":"Organization","@id":"https:\/\/savariapatientcare.com\/#organization","name":"Savaria","url":"https:\/\/savariapatientcare.com\/","logo":{"@type":"ImageObject","inLanguage":"fr-CA","@id":"https:\/\/savariapatientcare.com\/#\/schema\/logo\/image\/","url":"https:\/\/savariapatientcare.com\/wp-content\/uploads\/2023\/10\/Savaria-Logo.svg","contentUrl":"https:\/\/savariapatientcare.com\/wp-content\/uploads\/2023\/10\/Savaria-Logo.svg","width":1,"height":1,"caption":"Savaria"},"image":{"@id":"https:\/\/savariapatientcare.com\/#\/schema\/logo\/image\/"}}]}},"_links":{"self":[{"href":"https:\/\/savariapatientcare.com\/fr\/wp-json\/wp\/v2\/pages\/85671","targetHints":{"allow":["GET"]}}],"collection":[{"href":"https:\/\/savariapatientcare.com\/fr\/wp-json\/wp\/v2\/pages"}],"about":[{"href":"https:\/\/savariapatientcare.com\/fr\/wp-json\/wp\/v2\/types\/page"}],"author":[{"embeddable":true,"href":"https:\/\/savariapatientcare.com\/fr\/wp-json\/wp\/v2\/users\/1"}],"replies":[{"embeddable":true,"href":"https:\/\/savariapatientcare.com\/fr\/wp-json\/wp\/v2\/comments?post=85671"}],"version-history":[{"count":4,"href":"https:\/\/savariapatientcare.com\/fr\/wp-json\/wp\/v2\/pages\/85671\/revisions"}],"predecessor-version":[{"id":89004,"href":"https:\/\/savariapatientcare.com\/fr\/wp-json\/wp\/v2\/pages\/85671\/revisions\/89004"}],"wp:attachment":[{"href":"https:\/\/savariapatientcare.com\/fr\/wp-json\/wp\/v2\/media?parent=85671"}],"curies":[{"name":"wp","href":"https:\/\/api.w.org\/{rel}","templated":true}]}}