{"id":85670,"date":"2023-11-16T07:09:07","date_gmt":"2023-11-16T07:09:07","guid":{"rendered":"https:\/\/savariapatientcare.com\/handicare-plus\/"},"modified":"2025-09-01T07:29:49","modified_gmt":"2025-09-01T07:29:49","slug":"handicare-plus","status":"publish","type":"page","link":"https:\/\/savariapatientcare.com\/fr\/services\/handicare-plus\/","title":{"rendered":"Handicare Plus"},"content":{"rendered":"\n<h1>\n\t\t\tHandicare Plus\t<\/h1>\n\t<p>Optimisez les performances et les co\u00fbts de vos \u00e9quipements gr\u00e2ce aux plans Handicare Plus con\u00e7us pour r\u00e9pondre \u00e0 vos d\u00e9fis. Pr\u00e9sents dans toute l&rsquo;Am\u00e9rique du Nord, nous comptons plusieurs bureaux satellites dans les principales villes et intervenons sur site, habituellement en moins de 48 heures.<\/p>\n\t\t\t<a href=\"https:\/\/savariapatientcare.com\/fr\/assistance\/\" target=\"_self\">\n\t\t\t\t\t\t\tObtenir de l&rsquo;aide\n\t\t\t<\/a>\n\t\t\t<a href=\"#plants\" target=\"_self\">\n\t\t\t\t\t\t\tVoir les plans\n\t\t\t<\/a>\n<h2>\n\t\t\tChoisissez le plan qui vous convient!\t<\/h2>\n\t<p>Que vous g\u00e9riez plusieurs sites importants ou un \u00e9tablissement plus petit, Handicare Plus propose des plans flexibles adapt\u00e9s aux besoins sp\u00e9cifiques de votre site, respectueux de votre budget et assurant une performance exceptionnelle de votre \u00e9quipement.<\/p>\n\t<p>Recommended<\/p>\n<h3>\n\t\t\tPremium\t<\/h3>\n\t<p>More power for small teams create project plans with confidence<\/p>\n<h3>\n\t\t\tProfessional\t<\/h3>\n\t<p>More power for small teams create project plans with confidence<\/p>\n<h3>\n\t\t\tEssentiel\t<\/h3>\n\t<p>More power for small teams create project plans with confidence<\/p>\n<h2>\n\t\t\tAvantages\t<\/h2>\n\t\t\t\t<img decoding=\"async\" src=\"https:\/\/savariapatientcare.com\/wp-content\/uploads\/2023\/11\/icon-styled.png\" alt=\"icon-styled\" itemprop=\"image\" height=\"43\" width=\"43\" title=\"icon-styled\" onerror=\"this.style.display='none'\" loading='lazy' \/>\n<h6>\n\t\t\tR\u00e9paration et entretien\t<\/h6>\n\t\t\t\t<img decoding=\"async\" src=\"https:\/\/savariapatientcare.com\/wp-content\/uploads\/2023\/11\/icon-styled-2.png\" alt=\"icon-styled-2\" itemprop=\"image\" height=\"43\" width=\"43\" title=\"icon-styled-2\" onerror=\"this.style.display='none'\" loading='lazy' \/>\n<h6>\n\t\t\tRespect de la r\u00e9glementation\t<\/h6>\n\t\t\t\t<img decoding=\"async\" src=\"https:\/\/savariapatientcare.com\/wp-content\/uploads\/2023\/11\/icon-styled-3.png\" alt=\"icon-styled-3\" itemprop=\"image\" height=\"43\" width=\"43\" title=\"icon-styled-3\" onerror=\"this.style.display='none'\" loading='lazy' \/>\n<h6>\n\t\t\tOptions des plans\t<\/h6>\n\t\t\t\t<img decoding=\"async\" src=\"https:\/\/savariapatientcare.com\/wp-content\/uploads\/2023\/11\/icon-styled-3.png\" alt=\"icon-styled-3\" itemprop=\"image\" height=\"43\" width=\"43\" title=\"icon-styled-3\" onerror=\"this.style.display='none'\" loading='lazy' \/>\n<h6>\n\t\t\t\u00c9quipe exp\u00e9riment\u00e9e\t<\/h6>\n\t\t\t\t<img decoding=\"async\" src=\"https:\/\/savariapatientcare.com\/wp-content\/uploads\/2023\/11\/icon-styled.png\" alt=\"icon-styled\" itemprop=\"image\" height=\"43\" width=\"43\" title=\"icon-styled\" onerror=\"this.style.display='none'\" loading='lazy' \/>\n<h6>\n\t\t\tDur\u00e9e de vie prolong\u00e9e du produit\t<\/h6>\n\t\t\t\t<img decoding=\"async\" src=\"https:\/\/savariapatientcare.com\/wp-content\/uploads\/2023\/11\/icon-styled.png\" alt=\"icon-styled\" itemprop=\"image\" height=\"43\" width=\"43\" title=\"icon-styled\" onerror=\"this.style.display='none'\" loading='lazy' \/>\n<h6>\n\t\t\tR\u00e9duction des co\u00fbts et des temps d&rsquo;immobilisation des \u00e9quipements\t<\/h6>\n\t\t\t\t<img decoding=\"async\" src=\"https:\/\/savariapatientcare.com\/wp-content\/uploads\/2023\/11\/icon-styled.png\" alt=\"icon-styled\" itemprop=\"image\" height=\"43\" width=\"43\" title=\"icon-styled\" onerror=\"this.style.display='none'\" loading='lazy' \/>\n<h6>\n\t\t\tTemps de r\u00e9ponse rapide\t<\/h6>\n\t\t\t\t<img decoding=\"async\" src=\"https:\/\/savariapatientcare.com\/wp-content\/uploads\/2023\/11\/icon-styled.png\" alt=\"icon-styled\" itemprop=\"image\" height=\"43\" width=\"43\" title=\"icon-styled\" onerror=\"this.style.display='none'\" loading='lazy' \/>\n<h6>\n\t\t\tTenue des dossiers\t<\/h6>\n<h2>\n\t\t\tFAQ\t<\/h2>\n\t\t\t\t\t<a href=\"#\"  id=\"fl-accordion--label-0\" tabindex=\"0\" aria-controls=\"fl-accordion--panel-0\">Quelle est la rapidit\u00e9 de r\u00e9ponse de Handicare Plus aux demandes initiales?<\/a>\n\t\t\t\t\t\t\t\t\t\t\t<a href=\"#\" id=\"fl-accordion--icon-0\"  tabindex=\"0\"><i title=\"D\u00e9plier\">D\u00e9plier<\/i><\/a>\n\t\t\t\t\t<p>Nous comprenons que l&rsquo;indisponibilit\u00e9 des \u00e9quipements a une incidence sur le bien-\u00eatre de votre personnel et de vos patients, et nous r\u00e9pondons rapidement \u00e0 toutes les demandes t\u00e9l\u00e9phoniques et par courriel dans les quatre heures (pendant les heures normales de bureau).<\/p>\n\t\t\t\t\t<a href=\"#\"  id=\"fl-accordion--label-1\" tabindex=\"0\" aria-controls=\"fl-accordion--panel-1\">Quand puis-je esp\u00e9rer l&rsquo;intervention d&rsquo;un technicien de service pour r\u00e9parer mon \u00e9quipement?<\/a>\n\t\t\t\t\t\t\t\t\t\t\t<a href=\"#\" id=\"fl-accordion--icon-1\"  tabindex=\"0\"><i title=\"D\u00e9plier\">D\u00e9plier<\/i><\/a>\n\t\t\t\t\t<p>Handicare Plus organisera le rendez-vous de maintenance corrective avec votre \u00e9quipe lors du premier appel t\u00e9l\u00e9phonique dans un d\u00e9lai d&rsquo;un jour ouvrable. Si une r\u00e9ponse le jour m\u00eame n&rsquo;est pas possible, nous conviendrons avec votre \u00e9quipe d&rsquo;une date de visite qui vous convienne.<\/p>\n\t\t\t\t\t<a href=\"#\"  id=\"fl-accordion--label-2\" tabindex=\"0\" aria-controls=\"fl-accordion--panel-2\">Pr\u00eatez-vous des \u00e9quipements pendant la r\u00e9paration de mon mat\u00e9riel?<\/a>\n\t\t\t\t\t\t\t\t\t\t\t<a href=\"#\" id=\"fl-accordion--icon-2\"  tabindex=\"0\"><i title=\"D\u00e9plier\">D\u00e9plier<\/i><\/a>\n\t\t\t\t\t<p>Nous voulons r\u00e9duire au maximum l&rsquo;indisponibilit\u00e9 de votre \u00e9quipement. Handicare Plus fera tout son possible pour vous pr\u00eater des l\u00e8ve-personnes plafonniers et au sol lorsque les v\u00f4tres seront indisponibles pour cause de maintenance pendant plus de deux jours ouvrables.<\/p>\n\t\t\t\t\t<a href=\"#\"  id=\"fl-accordion--label-3\" tabindex=\"0\" aria-controls=\"fl-accordion--panel-3\">Les batteries sont-elles incluses dans votre liste de pi\u00e8ces?<\/a>\n\t\t\t\t\t\t\t\t\t\t\t<a href=\"#\" id=\"fl-accordion--icon-3\"  tabindex=\"0\"><i title=\"D\u00e9plier\">D\u00e9plier<\/i><\/a>\n\t\t\t\t\t<p>Les batteries ne sont incluses dans aucun des forfaits.<\/p>\n\t\t\t\t\t<a href=\"#\"  id=\"fl-accordion--label-4\" tabindex=\"0\" aria-controls=\"fl-accordion--panel-4\">Fournissez-vous des pi\u00e8ces pour les produits qui ne sont pas de marque Handicare?<\/a>\n\t\t\t\t\t\t\t\t\t\t\t<a href=\"#\" id=\"fl-accordion--icon-4\"  tabindex=\"0\"><i title=\"D\u00e9plier\">D\u00e9plier<\/i><\/a>\n\t\t\t\t\t<p>Non, malheureusement nous ne stockons pas de pi\u00e8ces pour les produits qui ne sont pas de marque Handicare. Nous recommandons d&rsquo;acheter directement aupr\u00e8s des fabricants d&rsquo;\u00e9quipement pour vous assurer de recevoir des pi\u00e8ces d&rsquo;origine. Les pi\u00e8ces pour les produits fabriqu\u00e9s et distribu\u00e9s par Handicare sont facilement disponibles, comme Beka.<\/p>\n\t\t\t\t\t<a href=\"#\"  id=\"fl-accordion--label-5\" tabindex=\"0\" aria-controls=\"fl-accordion--panel-5\">Est-il facile de planifier ou d&rsquo;annuler un rendez-vous?<\/a>\n\t\t\t\t\t\t\t\t\t\t\t<a href=\"#\" id=\"fl-accordion--icon-5\"  tabindex=\"0\"><i title=\"D\u00e9plier\">D\u00e9plier<\/i><\/a>\n\t\t\t\t\t<p>Vous pouvez prendre rendez-vous au moment qui convient le mieux \u00e0 votre \u00e9tablissement, \u00e0 votre personnel et \u00e0 vos patients. Pour annuler et prendre un nouveau rendez-vous, il vous suffit de nous appeler ou de nous envoyer un courriel 48 heures \u00e0 l&rsquo;avance.<\/p>\n\t\t\t\t\t<a href=\"#\"  id=\"fl-accordion--label-6\" tabindex=\"0\" aria-controls=\"fl-accordion--panel-6\">Pourquoi choisir un plan de maintenance pr\u00e9ventive annuelle?<\/a>\n\t\t\t\t\t\t\t\t\t\t\t<a href=\"#\" id=\"fl-accordion--icon-6\"  tabindex=\"0\"><i title=\"D\u00e9plier\">D\u00e9plier<\/i><\/a>\n\t\t\t\t\t<p>La maintenance pr\u00e9ventive annuelle peut prolonger la dur\u00e9e de vie de vos produits et r\u00e9duire les temps d&rsquo;arr\u00eat provoqu\u00e9s par les pannes d&rsquo;\u00e9quipement. Au final, l&rsquo;achat de nouveaux \u00e9quipements et la formation de votre \u00e9quipe suite \u00e0 un remplacement co\u00fbteraient plus cher qu&rsquo;un plan de maintenance pr\u00e9ventive. Finalement, la maintenance pr\u00e9ventive et les tests de charge visent \u00e0 garantir la s\u00e9curit\u00e9 de votre personnel et de vos patients, la conformit\u00e9 de votre \u00e9tablissement et le parfait \u00e9tat de fonctionnement de vos \u00e9quipements afin de minimiser les risques.<\/p>\n\t\t\t\t\t<a href=\"#\"  id=\"fl-accordion--label-7\" tabindex=\"0\" aria-controls=\"fl-accordion--panel-7\">Quelles sont vos recommandations concernant les inspections et les tests de charge des \u00e9quipements Handicare?<\/a>\n\t\t\t\t\t\t\t\t\t\t\t<a href=\"#\" id=\"fl-accordion--icon-7\"  tabindex=\"0\"><i title=\"D\u00e9plier\">D\u00e9plier<\/i><\/a>\n\t\t\t\t\t<p>Nous recommandons que tous nos \u00e9quipements de prise en charge des patients soient inspect\u00e9s et entretenus une fois par an par un technicien qualifi\u00e9 Handicare Plus, comme indiqu\u00e9 dans nos manuels d&rsquo;utilisation et les normes r\u00e9glementaires actuelles. Tous les syst\u00e8mes de l\u00e8ve-personnes plafonniers Handicare S\u00e9rie A\/S\u00e9rie C\/S\u00e9rie AP\/S\u00e9rie P doivent \u00eatre soumis \u00e0 des tests de charge \u00e0 la charge de travail s\u00e9curis\u00e9e conform\u00e9ment aux normes ISO 10535 et CSA Z10535.2-17 et aux recommandations des fabricants.<\/p>\n<h2>\n\t\t\tT\u00e9moignages\t<\/h2>\n                                                                <img src=\"https:\/\/savariapatientcare.com\/wp-content\/uploads\/2023\/11\/icon-Styled-7.svg\" alt=\"icon Styled 7\" sizes=\"(max-width: 991px) 100vw, 33.333333333333vw\" decoding=\"async\" \/>                                    \n                            \u00ab Une excellente entreprise avec qui traiter! \u00bb                        \n                            <p>\u00ab Le service de r\u00e9paration est rapide et efficace, les pi\u00e8ces sont toujours disponibles pour les r\u00e9parations et le temps d&rsquo;attente est minime. Notre repr\u00e9sentant est toujours disponible par t\u00e9l\u00e9phone ou par courriel, r\u00e9agit rapidement aux demandes et r\u00e9pond \u00e0 toutes les questions. Tout le personnel Handicare avec qui j&rsquo;ai \u00e9t\u00e9 en contact est courtois et amical; une excellente entreprise avec qui traiter \u00bb<\/p>\n<p>&nbsp;<\/p>\n<p>Susan<\/p>\n<p>Date de l&rsquo;exp\u00e9rience : 16 septembre 2021<\/p>\n                                                                <img src=\"https:\/\/savariapatientcare.com\/wp-content\/uploads\/2023\/11\/icon-Styled-7.svg\" alt=\"icon Styled 7\" sizes=\"(max-width: 991px) 100vw, 33.333333333333vw\" decoding=\"async\" \/>                                    \n                            \u00ab Soutien de Handicare dans le contexte difficile de la COVID \u00bb                        \n                            <p>\u00ab Handicare a fait preuve d&rsquo;une grande flexibilit\u00e9 et r\u00e9activit\u00e9 dans la gestion de l&rsquo;entretien de nos \u00e9quipements de levage, s&rsquo;adaptant aux contraintes impos\u00e9es par l&rsquo;\u00e9volution des mesures COVID en milieu hospitalier. Les \u00e9quipes Handicare font preuve d&rsquo;un professionnalisme exemplaire et d&rsquo;un engagement sans faille pour soutenir notre personnel soignant en premi\u00e8re ligne, garantissant ainsi que les \u00e9quipements restent disponibles pour assurer la s\u00e9curit\u00e9 de nos patients. Ce fut un plaisir de travailler avec leur \u00e9quipe, qui continue de se surpasser pour soutenir notre \u00e9tablissement. \u00bb<\/p>\n<p>&nbsp;<\/p>\n<p>Charles Lydon<\/p>\n<p>Date de l&rsquo;exp\u00e9rience : 25 mars 2021<\/p>\n                                                                <img src=\"https:\/\/savariapatientcare.com\/wp-content\/uploads\/2023\/11\/icon-Styled-7.svg\" alt=\"icon Styled 7\" sizes=\"(max-width: 991px) 100vw, 33.333333333333vw\" decoding=\"async\" \/>                                    \n                            \u00ab Le technicien Handicare est formidable : il est comp\u00e9tent et fournit des informations claires \u00bb                        \n                            <p>\u00ab Le technicien Handicare est professionnel et fournit des informations claires. Il entretient d&rsquo;excellentes relations avec l&rsquo;ensemble du personnel, notamment les infirmi\u00e8res et l&rsquo;\u00e9quipe des services techniques. \u00bb<\/p>\n<p>&nbsp;<\/p>\n<p>Dina Bews<\/p>\n<p>Date de l&rsquo;exp\u00e9rience : 30 mars 2021<\/p>\n    <h2>\n\t\t\tObtenir un devis\t<\/h2>\n\t<iframe src=\"https:\/\/marketing.savariapatientcare.com\/l\/984951\/2023-11-27\/31nwgkc\" width=\"100%\" height=\"500\" type=\"text\/html\" frameborder=\"0\" allowTransparency=\"true\"><\/iframe>\n\n","protected":false},"excerpt":{"rendered":"<p>Handicare Plus Optimisez les performances et les co\u00fbts de vos \u00e9quipements gr\u00e2ce aux plans Handicare Plus con\u00e7us pour r\u00e9pondre \u00e0 vos d\u00e9fis. Pr\u00e9sents dans toute l&rsquo;Am\u00e9rique du Nord, nous comptons plusieurs bureaux satellites dans les principales villes et intervenons sur site, habituellement en moins de 48 heures. Obtenir de l&rsquo;aide Voir les plans Choisissez le [&hellip;]<\/p>\n","protected":false},"author":1,"featured_media":0,"parent":85671,"menu_order":0,"comment_status":"closed","ping_status":"closed","template":"","meta":{"_acf_changed":false,"footnotes":""},"class_list":["post-85670","page","type-page","status-publish","hentry"],"acf":[],"yoast_head":"<!-- This site is optimized with the Yoast SEO Premium plugin v25.6 (Yoast SEO v27.4) - https:\/\/yoast.com\/product\/yoast-seo-premium-wordpress\/ -->\n<title>Services Savaria | Service Handicare Plus<\/title>\n<meta name=\"description\" content=\"Contactez-nous pour en savoir plus sur nos services d\u2019\u00e9quipements de qualit\u00e9 clinique, obtenir un devis et b\u00e9n\u00e9ficier d\u2019une maintenance experte sur site de vos \u00e9quipements m\u00e9dicaux.\" \/>\n<meta name=\"robots\" content=\"noindex, nofollow\" \/>\n<meta property=\"og:locale\" content=\"fr_CA\" \/>\n<meta property=\"og:type\" content=\"article\" \/>\n<meta property=\"og:title\" content=\"Handicare Plus\" \/>\n<meta property=\"og:description\" content=\"Contactez-nous pour en savoir plus sur nos services d\u2019\u00e9quipements de qualit\u00e9 clinique, obtenir un devis et b\u00e9n\u00e9ficier d\u2019une maintenance experte sur site de vos \u00e9quipements m\u00e9dicaux.\" \/>\n<meta property=\"og:url\" content=\"https:\/\/savariapatientcare.com\/fr\/services\/handicare-plus\/\" \/>\n<meta property=\"og:site_name\" content=\"Soins aux patients de Savaria\" \/>\n<meta property=\"article:modified_time\" content=\"2025-09-01T07:29:49+00:00\" \/>\n<meta property=\"og:image\" content=\"https:\/\/savariapatientcare.com\/wp-content\/uploads\/2023\/11\/icon-styled.png\" \/>\n<meta name=\"twitter:card\" content=\"summary_large_image\" \/>\n<meta name=\"twitter:label1\" content=\"Estimation du temps de lecture\" \/>\n\t<meta name=\"twitter:data1\" content=\"8 minutes\" \/>\n<script type=\"application\/ld+json\" class=\"yoast-schema-graph\">{\"@context\":\"https:\\\/\\\/schema.org\",\"@graph\":[{\"@type\":\"WebPage\",\"@id\":\"https:\\\/\\\/savariapatientcare.com\\\/fr\\\/services\\\/handicare-plus\\\/\",\"url\":\"https:\\\/\\\/savariapatientcare.com\\\/fr\\\/services\\\/handicare-plus\\\/\",\"name\":\"Services Savaria | Service Handicare Plus\",\"isPartOf\":{\"@id\":\"https:\\\/\\\/savariapatientcare.com\\\/#website\"},\"primaryImageOfPage\":{\"@id\":\"https:\\\/\\\/savariapatientcare.com\\\/fr\\\/services\\\/handicare-plus\\\/#primaryimage\"},\"image\":{\"@id\":\"https:\\\/\\\/savariapatientcare.com\\\/fr\\\/services\\\/handicare-plus\\\/#primaryimage\"},\"thumbnailUrl\":\"https:\\\/\\\/savariapatientcare.com\\\/wp-content\\\/uploads\\\/2023\\\/11\\\/icon-styled.png\",\"datePublished\":\"2023-11-16T07:09:07+00:00\",\"dateModified\":\"2025-09-01T07:29:49+00:00\",\"description\":\"Contactez-nous pour en savoir plus sur nos services d\u2019\u00e9quipements de qualit\u00e9 clinique, obtenir un devis et b\u00e9n\u00e9ficier d\u2019une maintenance experte sur site de vos \u00e9quipements m\u00e9dicaux.\",\"breadcrumb\":{\"@id\":\"https:\\\/\\\/savariapatientcare.com\\\/fr\\\/services\\\/handicare-plus\\\/#breadcrumb\"},\"inLanguage\":\"fr-CA\",\"potentialAction\":[{\"@type\":\"ReadAction\",\"target\":[\"https:\\\/\\\/savariapatientcare.com\\\/fr\\\/services\\\/handicare-plus\\\/\"]}]},{\"@type\":\"ImageObject\",\"inLanguage\":\"fr-CA\",\"@id\":\"https:\\\/\\\/savariapatientcare.com\\\/fr\\\/services\\\/handicare-plus\\\/#primaryimage\",\"url\":\"https:\\\/\\\/savariapatientcare.com\\\/wp-content\\\/uploads\\\/2023\\\/11\\\/icon-styled.png\",\"contentUrl\":\"https:\\\/\\\/savariapatientcare.com\\\/wp-content\\\/uploads\\\/2023\\\/11\\\/icon-styled.png\"},{\"@type\":\"BreadcrumbList\",\"@id\":\"https:\\\/\\\/savariapatientcare.com\\\/fr\\\/services\\\/handicare-plus\\\/#breadcrumb\",\"itemListElement\":[{\"@type\":\"ListItem\",\"position\":1,\"name\":\"Maison\",\"item\":\"https:\\\/\\\/savariapatientcare.com\\\/fr\\\/\"},{\"@type\":\"ListItem\",\"position\":2,\"name\":\"Services\",\"item\":\"https:\\\/\\\/savariapatientcare.com\\\/fr\\\/services\\\/\"},{\"@type\":\"ListItem\",\"position\":3,\"name\":\"Handicare Plus\"}]},{\"@type\":\"WebSite\",\"@id\":\"https:\\\/\\\/savariapatientcare.com\\\/#website\",\"url\":\"https:\\\/\\\/savariapatientcare.com\\\/\",\"name\":\"Savaria Patient Care\",\"description\":\"\",\"publisher\":{\"@id\":\"https:\\\/\\\/savariapatientcare.com\\\/#organization\"},\"potentialAction\":[{\"@type\":\"SearchAction\",\"target\":{\"@type\":\"EntryPoint\",\"urlTemplate\":\"https:\\\/\\\/savariapatientcare.com\\\/?s={search_term_string}\"},\"query-input\":{\"@type\":\"PropertyValueSpecification\",\"valueRequired\":true,\"valueName\":\"search_term_string\"}}],\"inLanguage\":\"fr-CA\"},{\"@type\":\"Organization\",\"@id\":\"https:\\\/\\\/savariapatientcare.com\\\/#organization\",\"name\":\"Savaria\",\"url\":\"https:\\\/\\\/savariapatientcare.com\\\/\",\"logo\":{\"@type\":\"ImageObject\",\"inLanguage\":\"fr-CA\",\"@id\":\"https:\\\/\\\/savariapatientcare.com\\\/#\\\/schema\\\/logo\\\/image\\\/\",\"url\":\"https:\\\/\\\/savariapatientcare.com\\\/wp-content\\\/uploads\\\/2023\\\/10\\\/Savaria-Logo.svg\",\"contentUrl\":\"https:\\\/\\\/savariapatientcare.com\\\/wp-content\\\/uploads\\\/2023\\\/10\\\/Savaria-Logo.svg\",\"width\":1,\"height\":1,\"caption\":\"Savaria\"},\"image\":{\"@id\":\"https:\\\/\\\/savariapatientcare.com\\\/#\\\/schema\\\/logo\\\/image\\\/\"}}]}<\/script>\n<!-- \/ Yoast SEO Premium plugin. -->","yoast_head_json":{"title":"Services Savaria | Service Handicare Plus","description":"Contactez-nous pour en savoir plus sur nos services d\u2019\u00e9quipements de qualit\u00e9 clinique, obtenir un devis et b\u00e9n\u00e9ficier d\u2019une maintenance experte sur site de vos \u00e9quipements m\u00e9dicaux.","robots":{"index":"noindex","follow":"nofollow"},"og_locale":"fr_CA","og_type":"article","og_title":"Handicare Plus","og_description":"Contactez-nous pour en savoir plus sur nos services d\u2019\u00e9quipements de qualit\u00e9 clinique, obtenir un devis et b\u00e9n\u00e9ficier d\u2019une maintenance experte sur site de vos \u00e9quipements m\u00e9dicaux.","og_url":"https:\/\/savariapatientcare.com\/fr\/services\/handicare-plus\/","og_site_name":"Soins aux patients de Savaria","article_modified_time":"2025-09-01T07:29:49+00:00","og_image":[{"url":"https:\/\/savariapatientcare.com\/wp-content\/uploads\/2023\/11\/icon-styled.png","type":"","width":"","height":""}],"twitter_card":"summary_large_image","twitter_misc":{"Estimation du temps de lecture":"8 minutes"},"schema":{"@context":"https:\/\/schema.org","@graph":[{"@type":"WebPage","@id":"https:\/\/savariapatientcare.com\/fr\/services\/handicare-plus\/","url":"https:\/\/savariapatientcare.com\/fr\/services\/handicare-plus\/","name":"Services Savaria | Service Handicare Plus","isPartOf":{"@id":"https:\/\/savariapatientcare.com\/#website"},"primaryImageOfPage":{"@id":"https:\/\/savariapatientcare.com\/fr\/services\/handicare-plus\/#primaryimage"},"image":{"@id":"https:\/\/savariapatientcare.com\/fr\/services\/handicare-plus\/#primaryimage"},"thumbnailUrl":"https:\/\/savariapatientcare.com\/wp-content\/uploads\/2023\/11\/icon-styled.png","datePublished":"2023-11-16T07:09:07+00:00","dateModified":"2025-09-01T07:29:49+00:00","description":"Contactez-nous pour en savoir plus sur nos services d\u2019\u00e9quipements de qualit\u00e9 clinique, obtenir un devis et b\u00e9n\u00e9ficier d\u2019une maintenance experte sur site de vos \u00e9quipements m\u00e9dicaux.","breadcrumb":{"@id":"https:\/\/savariapatientcare.com\/fr\/services\/handicare-plus\/#breadcrumb"},"inLanguage":"fr-CA","potentialAction":[{"@type":"ReadAction","target":["https:\/\/savariapatientcare.com\/fr\/services\/handicare-plus\/"]}]},{"@type":"ImageObject","inLanguage":"fr-CA","@id":"https:\/\/savariapatientcare.com\/fr\/services\/handicare-plus\/#primaryimage","url":"https:\/\/savariapatientcare.com\/wp-content\/uploads\/2023\/11\/icon-styled.png","contentUrl":"https:\/\/savariapatientcare.com\/wp-content\/uploads\/2023\/11\/icon-styled.png"},{"@type":"BreadcrumbList","@id":"https:\/\/savariapatientcare.com\/fr\/services\/handicare-plus\/#breadcrumb","itemListElement":[{"@type":"ListItem","position":1,"name":"Maison","item":"https:\/\/savariapatientcare.com\/fr\/"},{"@type":"ListItem","position":2,"name":"Services","item":"https:\/\/savariapatientcare.com\/fr\/services\/"},{"@type":"ListItem","position":3,"name":"Handicare Plus"}]},{"@type":"WebSite","@id":"https:\/\/savariapatientcare.com\/#website","url":"https:\/\/savariapatientcare.com\/","name":"Savaria Patient Care","description":"","publisher":{"@id":"https:\/\/savariapatientcare.com\/#organization"},"potentialAction":[{"@type":"SearchAction","target":{"@type":"EntryPoint","urlTemplate":"https:\/\/savariapatientcare.com\/?s={search_term_string}"},"query-input":{"@type":"PropertyValueSpecification","valueRequired":true,"valueName":"search_term_string"}}],"inLanguage":"fr-CA"},{"@type":"Organization","@id":"https:\/\/savariapatientcare.com\/#organization","name":"Savaria","url":"https:\/\/savariapatientcare.com\/","logo":{"@type":"ImageObject","inLanguage":"fr-CA","@id":"https:\/\/savariapatientcare.com\/#\/schema\/logo\/image\/","url":"https:\/\/savariapatientcare.com\/wp-content\/uploads\/2023\/10\/Savaria-Logo.svg","contentUrl":"https:\/\/savariapatientcare.com\/wp-content\/uploads\/2023\/10\/Savaria-Logo.svg","width":1,"height":1,"caption":"Savaria"},"image":{"@id":"https:\/\/savariapatientcare.com\/#\/schema\/logo\/image\/"}}]}},"_links":{"self":[{"href":"https:\/\/savariapatientcare.com\/fr\/wp-json\/wp\/v2\/pages\/85670","targetHints":{"allow":["GET"]}}],"collection":[{"href":"https:\/\/savariapatientcare.com\/fr\/wp-json\/wp\/v2\/pages"}],"about":[{"href":"https:\/\/savariapatientcare.com\/fr\/wp-json\/wp\/v2\/types\/page"}],"author":[{"embeddable":true,"href":"https:\/\/savariapatientcare.com\/fr\/wp-json\/wp\/v2\/users\/1"}],"replies":[{"embeddable":true,"href":"https:\/\/savariapatientcare.com\/fr\/wp-json\/wp\/v2\/comments?post=85670"}],"version-history":[{"count":13,"href":"https:\/\/savariapatientcare.com\/fr\/wp-json\/wp\/v2\/pages\/85670\/revisions"}],"predecessor-version":[{"id":89225,"href":"https:\/\/savariapatientcare.com\/fr\/wp-json\/wp\/v2\/pages\/85670\/revisions\/89225"}],"up":[{"embeddable":true,"href":"https:\/\/savariapatientcare.com\/fr\/wp-json\/wp\/v2\/pages\/85671"}],"wp:attachment":[{"href":"https:\/\/savariapatientcare.com\/fr\/wp-json\/wp\/v2\/media?parent=85670"}],"curies":[{"name":"wp","href":"https:\/\/api.w.org\/{rel}","templated":true}]}}