{"id":85663,"date":"2023-11-23T18:33:48","date_gmt":"2023-11-23T18:33:48","guid":{"rendered":"https:\/\/savariapatientcare.com\/corrective-services\/"},"modified":"2025-12-09T12:32:44","modified_gmt":"2025-12-09T12:32:44","slug":"services-correctifs","status":"publish","type":"page","link":"https:\/\/savariapatientcare.com\/fr\/services-correctifs\/","title":{"rendered":"Services correctifs"},"content":{"rendered":"\n<h1>\n\t\t\tUn service local assurant une disponibilit\u00e9 maximale de vos \u00e9quipements \t<\/h1>\n\t<p>Confiez la maintenance de vos \u00e9quipements de prise en charge s\u00e9curitaire des patients aux experts Savaria. Notre \u00e9quipe de techniciens locaux intervient sur site, disposant de tout l&rsquo;\u00e9quipement n\u00e9cessaire pour d\u00e9panner et r\u00e9parer votre \u00e9quipement.<\/p>\n<h2>\n\t\t\tFonctionnalit\u00e9s\t<\/h2>\n\t\t\t\t<img decoding=\"async\" src=\"https:\/\/savariapatientcare.com\/wp-content\/uploads\/2023\/11\/icon-Styled.svg\" alt=\"icon Styled\" itemprop=\"image\" title=\"icon Styled\" onerror=\"this.style.display='none'\" loading=\"lazy\" \/>\n<h3>\n\t\t\tGestion des actifs\t<\/h3>\n\t<p>G\u00e9rez vos actifs et suivez l&rsquo;historique de vos interventions en temps r\u00e9el gr\u00e2ce \u00e0 notre solution logicielle BuildOps.<\/p>\n\t\t\t\t<img decoding=\"async\" src=\"https:\/\/savariapatientcare.com\/wp-content\/uploads\/2023\/12\/icon-Styled-2.svg\" alt=\"calendar\" itemprop=\"image\" title=\"calendar\" onerror=\"this.style.display='none'\" loading=\"lazy\" \/>\n<h3>\n\t\t\tPlanification optimis\u00e9e des interventions\t<\/h3>\n\t<p>Une planification efficace des interventions, prioris\u00e9es selon les accords de niveau de service et l&rsquo;urgence.<\/p>\n\t\t\t\t<img decoding=\"async\" src=\"https:\/\/savariapatientcare.com\/wp-content\/uploads\/2023\/11\/icon-safetly.svg\" alt=\"icon-safetly\" itemprop=\"image\" title=\"icon-safetly\" onerror=\"this.style.display='none'\" loading=\"lazy\" \/>\n<h3>\n\t\t\tTechniciens hautement qualifi\u00e9s et certifi\u00e9s\t<\/h3>\n\t<p>Des techniciens certifi\u00e9s, sp\u00e9cialement form\u00e9s \u00e0 votre \u00e9quipement et \u00e9quip\u00e9s des technologies et des outils les plus r\u00e9cents.<\/p>\n\t\t\t\t<img decoding=\"async\" src=\"https:\/\/savariapatientcare.com\/wp-content\/uploads\/2023\/12\/icon-Styled-1.svg\" alt=\"marker\" itemprop=\"image\" title=\"marker\" onerror=\"this.style.display='none'\" loading=\"lazy\" \/>\n<h3>\n\t\t\t Assistance locale\t<\/h3>\n\t<p>Notre r\u00e9seau national de techniciens qualifi\u00e9s est \u00e0 votre service pour vous offrir une assistance locale personnalis\u00e9e et adapt\u00e9e aux besoins sp\u00e9cifiques de votre \u00e9tablissement.<\/p>\n\t\t\t\t<img decoding=\"async\" src=\"https:\/\/savariapatientcare.com\/wp-content\/uploads\/2023\/11\/icon-Styled-3.svg\" alt=\"icon Styled 3\" itemprop=\"image\" title=\"icon Styled 3\" onerror=\"this.style.display='none'\" loading=\"lazy\" \/>\n<h3>\n\t\t\tAcc\u00e8s facile \u00e0 des pi\u00e8ces de remplacement\t<\/h3>\n\t<p>Gr\u00e2ce \u00e0 la gestion optimis\u00e9e de nos stocks de pi\u00e8ces, outils et \u00e9quipements, nous vous garantissons les meilleurs d\u00e9lais d&rsquo;intervention.<\/p>\n\t\t\t\t<img decoding=\"async\" src=\"https:\/\/savariapatientcare.com\/wp-content\/uploads\/2024\/01\/shield.svg\" alt=\"shield\" itemprop=\"image\" title=\"shield\" onerror=\"this.style.display='none'\" loading=\"lazy\" \/>\n<h3>\n\t\t\tBoucler la boucle\t<\/h3>\n\t<p>Apr\u00e8s chaque maintenance corrective, nous proc\u00e9dons \u00e0 une \u00e9valuation et \u00e0 un test complets de votre \u00e9quipement. Nous ne nous limitons pas \u00e0 une simple r\u00e9paration.<\/p>\n\t\t\t\t<img decoding=\"async\" src=\"https:\/\/savariapatientcare.com\/wp-content\/uploads\/2023\/11\/icon-green-circles.svg\" alt=\"icon-green-circles\" itemprop=\"image\" title=\"icon-green-circles\" onerror=\"this.style.display='none'\" loading=\"lazy\" \/>\n<h6>\n\t\t\tService correctif Handicare Plus\t<\/h6>\n<h2>\n\t\t\tAvantages \t<\/h2>\n\t\t\t\t\t<a href=\"#\"  id=\"fl-accordion--label-0\" tabindex=\"0\" aria-controls=\"fl-accordion--panel-0\">R\u00e9duire le temps d&rsquo;interruption<\/a>\n\t\t\t\t\t\t\t\t\t\t\t<a href=\"#\" id=\"fl-accordion--icon-0\"  tabindex=\"0\"><i title=\"Replier\">Replier<\/i><\/a>\n\t\t\t\t\t<ul>\n<li aria-level=\"1\">Service rapide et efficace<\/li>\n<li aria-level=\"1\">Un soutien personnalis\u00e9 assur\u00e9 par des techniciens de votre r\u00e9gion.<\/li>\n<li aria-level=\"1\">Pi\u00e8ces de rechange d&rsquo;origine disponibles rapidement.<\/li>\n<\/ul>\n\t\t\t\t\t<a href=\"#\"  id=\"fl-accordion--label-1\" tabindex=\"0\" aria-controls=\"fl-accordion--panel-1\">Tranquillit\u00e9 d&rsquo;esprit<\/a>\n\t\t\t\t\t\t\t\t\t\t\t<a href=\"#\" id=\"fl-accordion--icon-1\"  tabindex=\"0\"><i title=\"D\u00e9plier\">D\u00e9plier<\/i><\/a>\n\t\t\t\t\t<ul>\n<li aria-level=\"1\">Nous sommes les mieux plac\u00e9s pour entretenir nos \u00e9quipements.<\/li>\n<li aria-level=\"1\">Nous offrons un service complet de r\u00e9paration, d&rsquo;entretien, de d\u00e9pannage et de nettoyage.<\/li>\n<li aria-level=\"1\">Nous prenons en charge les produits Handicare, SPAN et Savaria.<\/li>\n<li aria-level=\"1\">Conformit\u00e9 r\u00e9glementaire assur\u00e9e.<\/li>\n<li aria-level=\"1\">S\u00e9curit\u00e9 des patients<\/li>\n<\/ul>\n<h2>\n\t\t\tNous sommes \u00e0 votre \u00e9coute!\t<\/h2>\n\t<p>Pour toute demande d&rsquo;intervention de maintenance corrective, contactez sans d\u00e9lai nos techniciens experts. Votre satisfaction est notre priorit\u00e9.<\/p>\n\t\t\t<a href=\"https:\/\/savariapatientcare.com\/fr\/contact\/\" target=\"_self\">\n\t\t\t\t\t\t\tContactez-nous\n\t\t\t<\/a>\n\n","protected":false},"excerpt":{"rendered":"<p>Un service local assurant une disponibilit\u00e9 maximale de vos \u00e9quipements Confiez la maintenance de vos \u00e9quipements de prise en charge s\u00e9curitaire des patients aux experts Savaria. Notre \u00e9quipe de techniciens locaux intervient sur site, disposant de tout l&rsquo;\u00e9quipement n\u00e9cessaire pour d\u00e9panner et r\u00e9parer votre \u00e9quipement. Fonctionnalit\u00e9s Gestion des actifs G\u00e9rez vos actifs et suivez l&rsquo;historique [&hellip;]<\/p>\n","protected":false},"author":6,"featured_media":85664,"parent":0,"menu_order":0,"comment_status":"closed","ping_status":"closed","template":"","meta":{"_acf_changed":false,"footnotes":""},"class_list":["post-85663","page","type-page","status-publish","has-post-thumbnail","hentry"],"acf":[],"yoast_head":"<!-- This site is optimized with the Yoast SEO Premium plugin v25.6 (Yoast SEO v27.2) - https:\/\/yoast.com\/product\/yoast-seo-premium-wordpress\/ -->\n<title>Maintenance et assistance pour vos \u00e9quipements - Savaria Patient Care<\/title>\n<meta name=\"description\" content=\"Un service complet sur site pour des performances optimales et une dur\u00e9e de vie prolong\u00e9e\" \/>\n<meta name=\"robots\" content=\"index, follow, max-snippet:-1, max-image-preview:large, max-video-preview:-1\" \/>\n<link rel=\"canonical\" href=\"https:\/\/savariapatientcare.com\/fr\/services-correctifs\/\" \/>\n<meta property=\"og:locale\" content=\"fr_CA\" \/>\n<meta property=\"og:type\" content=\"article\" \/>\n<meta property=\"og:title\" content=\"Services correctifs\" \/>\n<meta property=\"og:description\" content=\"Un service complet sur site pour des performances optimales et une dur\u00e9e de vie prolong\u00e9e\" \/>\n<meta property=\"og:url\" content=\"https:\/\/savariapatientcare.com\/fr\/services-correctifs\/\" \/>\n<meta property=\"og:site_name\" content=\"Soins aux patients de Savaria\" \/>\n<meta property=\"article:modified_time\" content=\"2025-12-09T12:32:44+00:00\" \/>\n<meta property=\"og:image\" content=\"https:\/\/savariapatientcare.com\/wp-content\/uploads\/2024\/05\/Handicare-Plus-Corrective-Service.png\" \/>\n\t<meta property=\"og:image:width\" content=\"900\" \/>\n\t<meta property=\"og:image:height\" content=\"600\" \/>\n\t<meta property=\"og:image:type\" content=\"image\/png\" \/>\n<meta name=\"twitter:card\" content=\"summary_large_image\" \/>\n<meta name=\"twitter:label1\" content=\"Estimation du temps de lecture\" \/>\n\t<meta name=\"twitter:data1\" content=\"3 minutes\" \/>\n<script type=\"application\/ld+json\" class=\"yoast-schema-graph\">{\"@context\":\"https:\/\/schema.org\",\"@graph\":[{\"@type\":\"WebPage\",\"@id\":\"https:\/\/savariapatientcare.com\/fr\/services-correctifs\/\",\"url\":\"https:\/\/savariapatientcare.com\/fr\/services-correctifs\/\",\"name\":\"Maintenance et assistance pour vos \u00e9quipements - Savaria Patient Care\",\"isPartOf\":{\"@id\":\"https:\/\/savariapatientcare.com\/#website\"},\"primaryImageOfPage\":{\"@id\":\"https:\/\/savariapatientcare.com\/fr\/services-correctifs\/#primaryimage\"},\"image\":{\"@id\":\"https:\/\/savariapatientcare.com\/fr\/services-correctifs\/#primaryimage\"},\"thumbnailUrl\":\"https:\/\/savariapatientcare.com\/wp-content\/uploads\/2024\/05\/Handicare-Plus-Corrective-Service.png\",\"datePublished\":\"2023-11-23T18:33:48+00:00\",\"dateModified\":\"2025-12-09T12:32:44+00:00\",\"description\":\"Un service complet sur site pour des performances optimales et une dur\u00e9e de vie prolong\u00e9e\",\"breadcrumb\":{\"@id\":\"https:\/\/savariapatientcare.com\/fr\/services-correctifs\/#breadcrumb\"},\"inLanguage\":\"fr-CA\",\"potentialAction\":[{\"@type\":\"ReadAction\",\"target\":[\"https:\/\/savariapatientcare.com\/fr\/services-correctifs\/\"]}]},{\"@type\":\"ImageObject\",\"inLanguage\":\"fr-CA\",\"@id\":\"https:\/\/savariapatientcare.com\/fr\/services-correctifs\/#primaryimage\",\"url\":\"https:\/\/savariapatientcare.com\/wp-content\/uploads\/2024\/05\/Handicare-Plus-Corrective-Service.png\",\"contentUrl\":\"https:\/\/savariapatientcare.com\/wp-content\/uploads\/2024\/05\/Handicare-Plus-Corrective-Service.png\",\"width\":900,\"height\":600},{\"@type\":\"BreadcrumbList\",\"@id\":\"https:\/\/savariapatientcare.com\/fr\/services-correctifs\/#breadcrumb\",\"itemListElement\":[{\"@type\":\"ListItem\",\"position\":1,\"name\":\"Maison\",\"item\":\"https:\/\/savariapatientcare.com\/fr\/\"},{\"@type\":\"ListItem\",\"position\":2,\"name\":\"Services correctifs\"}]},{\"@type\":\"WebSite\",\"@id\":\"https:\/\/savariapatientcare.com\/#website\",\"url\":\"https:\/\/savariapatientcare.com\/\",\"name\":\"Savaria Patient Care\",\"description\":\"\",\"publisher\":{\"@id\":\"https:\/\/savariapatientcare.com\/#organization\"},\"potentialAction\":[{\"@type\":\"SearchAction\",\"target\":{\"@type\":\"EntryPoint\",\"urlTemplate\":\"https:\/\/savariapatientcare.com\/?s={search_term_string}\"},\"query-input\":{\"@type\":\"PropertyValueSpecification\",\"valueRequired\":true,\"valueName\":\"search_term_string\"}}],\"inLanguage\":\"fr-CA\"},{\"@type\":\"Organization\",\"@id\":\"https:\/\/savariapatientcare.com\/#organization\",\"name\":\"Savaria\",\"url\":\"https:\/\/savariapatientcare.com\/\",\"logo\":{\"@type\":\"ImageObject\",\"inLanguage\":\"fr-CA\",\"@id\":\"https:\/\/savariapatientcare.com\/#\/schema\/logo\/image\/\",\"url\":\"https:\/\/savariapatientcare.com\/wp-content\/uploads\/2023\/10\/Savaria-Logo.svg\",\"contentUrl\":\"https:\/\/savariapatientcare.com\/wp-content\/uploads\/2023\/10\/Savaria-Logo.svg\",\"width\":1,\"height\":1,\"caption\":\"Savaria\"},\"image\":{\"@id\":\"https:\/\/savariapatientcare.com\/#\/schema\/logo\/image\/\"}}]}<\/script>\n<!-- \/ Yoast SEO Premium plugin. -->","yoast_head_json":{"title":"Maintenance et assistance pour vos \u00e9quipements - Savaria Patient Care","description":"Un service complet sur site pour des performances optimales et une dur\u00e9e de vie prolong\u00e9e","robots":{"index":"index","follow":"follow","max-snippet":"max-snippet:-1","max-image-preview":"max-image-preview:large","max-video-preview":"max-video-preview:-1"},"canonical":"https:\/\/savariapatientcare.com\/fr\/services-correctifs\/","og_locale":"fr_CA","og_type":"article","og_title":"Services correctifs","og_description":"Un service complet sur site pour des performances optimales et une dur\u00e9e de vie prolong\u00e9e","og_url":"https:\/\/savariapatientcare.com\/fr\/services-correctifs\/","og_site_name":"Soins aux patients de Savaria","article_modified_time":"2025-12-09T12:32:44+00:00","og_image":[{"width":900,"height":600,"url":"https:\/\/savariapatientcare.com\/wp-content\/uploads\/2024\/05\/Handicare-Plus-Corrective-Service.png","type":"image\/png"}],"twitter_card":"summary_large_image","twitter_misc":{"Estimation du temps de lecture":"3 minutes"},"schema":{"@context":"https:\/\/schema.org","@graph":[{"@type":"WebPage","@id":"https:\/\/savariapatientcare.com\/fr\/services-correctifs\/","url":"https:\/\/savariapatientcare.com\/fr\/services-correctifs\/","name":"Maintenance et assistance pour vos \u00e9quipements - Savaria Patient Care","isPartOf":{"@id":"https:\/\/savariapatientcare.com\/#website"},"primaryImageOfPage":{"@id":"https:\/\/savariapatientcare.com\/fr\/services-correctifs\/#primaryimage"},"image":{"@id":"https:\/\/savariapatientcare.com\/fr\/services-correctifs\/#primaryimage"},"thumbnailUrl":"https:\/\/savariapatientcare.com\/wp-content\/uploads\/2024\/05\/Handicare-Plus-Corrective-Service.png","datePublished":"2023-11-23T18:33:48+00:00","dateModified":"2025-12-09T12:32:44+00:00","description":"Un service complet sur site pour des performances optimales et une dur\u00e9e de vie prolong\u00e9e","breadcrumb":{"@id":"https:\/\/savariapatientcare.com\/fr\/services-correctifs\/#breadcrumb"},"inLanguage":"fr-CA","potentialAction":[{"@type":"ReadAction","target":["https:\/\/savariapatientcare.com\/fr\/services-correctifs\/"]}]},{"@type":"ImageObject","inLanguage":"fr-CA","@id":"https:\/\/savariapatientcare.com\/fr\/services-correctifs\/#primaryimage","url":"https:\/\/savariapatientcare.com\/wp-content\/uploads\/2024\/05\/Handicare-Plus-Corrective-Service.png","contentUrl":"https:\/\/savariapatientcare.com\/wp-content\/uploads\/2024\/05\/Handicare-Plus-Corrective-Service.png","width":900,"height":600},{"@type":"BreadcrumbList","@id":"https:\/\/savariapatientcare.com\/fr\/services-correctifs\/#breadcrumb","itemListElement":[{"@type":"ListItem","position":1,"name":"Maison","item":"https:\/\/savariapatientcare.com\/fr\/"},{"@type":"ListItem","position":2,"name":"Services correctifs"}]},{"@type":"WebSite","@id":"https:\/\/savariapatientcare.com\/#website","url":"https:\/\/savariapatientcare.com\/","name":"Savaria Patient Care","description":"","publisher":{"@id":"https:\/\/savariapatientcare.com\/#organization"},"potentialAction":[{"@type":"SearchAction","target":{"@type":"EntryPoint","urlTemplate":"https:\/\/savariapatientcare.com\/?s={search_term_string}"},"query-input":{"@type":"PropertyValueSpecification","valueRequired":true,"valueName":"search_term_string"}}],"inLanguage":"fr-CA"},{"@type":"Organization","@id":"https:\/\/savariapatientcare.com\/#organization","name":"Savaria","url":"https:\/\/savariapatientcare.com\/","logo":{"@type":"ImageObject","inLanguage":"fr-CA","@id":"https:\/\/savariapatientcare.com\/#\/schema\/logo\/image\/","url":"https:\/\/savariapatientcare.com\/wp-content\/uploads\/2023\/10\/Savaria-Logo.svg","contentUrl":"https:\/\/savariapatientcare.com\/wp-content\/uploads\/2023\/10\/Savaria-Logo.svg","width":1,"height":1,"caption":"Savaria"},"image":{"@id":"https:\/\/savariapatientcare.com\/#\/schema\/logo\/image\/"}}]}},"_links":{"self":[{"href":"https:\/\/savariapatientcare.com\/fr\/wp-json\/wp\/v2\/pages\/85663","targetHints":{"allow":["GET"]}}],"collection":[{"href":"https:\/\/savariapatientcare.com\/fr\/wp-json\/wp\/v2\/pages"}],"about":[{"href":"https:\/\/savariapatientcare.com\/fr\/wp-json\/wp\/v2\/types\/page"}],"author":[{"embeddable":true,"href":"https:\/\/savariapatientcare.com\/fr\/wp-json\/wp\/v2\/users\/6"}],"replies":[{"embeddable":true,"href":"https:\/\/savariapatientcare.com\/fr\/wp-json\/wp\/v2\/comments?post=85663"}],"version-history":[{"count":5,"href":"https:\/\/savariapatientcare.com\/fr\/wp-json\/wp\/v2\/pages\/85663\/revisions"}],"predecessor-version":[{"id":96751,"href":"https:\/\/savariapatientcare.com\/fr\/wp-json\/wp\/v2\/pages\/85663\/revisions\/96751"}],"wp:featuredmedia":[{"embeddable":true,"href":"https:\/\/savariapatientcare.com\/fr\/wp-json\/wp\/v2\/media\/85664"}],"wp:attachment":[{"href":"https:\/\/savariapatientcare.com\/fr\/wp-json\/wp\/v2\/media?parent=85663"}],"curies":[{"name":"wp","href":"https:\/\/api.w.org\/{rel}","templated":true}]}}