{"id":85660,"date":"2023-12-04T11:50:19","date_gmt":"2023-12-04T11:50:19","guid":{"rendered":"https:\/\/savariapatientcare.com\/education\/"},"modified":"2025-12-30T08:54:19","modified_gmt":"2025-12-30T08:54:19","slug":"education","status":"publish","type":"page","link":"https:\/\/savariapatientcare.com\/fr\/education\/","title":{"rendered":"\u00c9ducation"},"content":{"rendered":"\n\n\t\t\t<a href=\"https:\/\/savariapatientcare.com\/fr\/blog\/\" target=\"_self\">\n\t\t\t\t\t\t\tBlogue\n\t\t\t\t\t<\/a>\n<h1>\n\t\t\t5 \u00e9tapes pour installer une \u00e9lingue universelle\t<\/h1>\n\t<p>Apprenez le processus \u00e9tape par \u00e9tape de l&rsquo;installation d&rsquo;une \u00e9lingue universelle sur une chaise, y compris les inspections de s\u00e9curit\u00e9 et les techniques de positionnement appropri\u00e9es.<\/p>\n\t\t\t<a href=\"https:\/\/savariapatientcare.com\/blog\/5-steps-to-applying-a-universal-sling-with-safety-checks\/\" target=\"_self\">\n\t\t\t\t\t\t\tLire la suite\n\t\t\t<\/a>\n<h3>\n\t\t\tBlogues\t<\/h3>\n\t\t\t<a href=\"https:\/\/savariapatientcare.com\/fr\/blog\/\" target=\"_self\">\n\t\t\t\t\t\t\tVoir tous les blogues\n\t\t\t<\/a>\n<section>\n        <a href=\"https:\/\/savariapatientcare.com\/fr\/blog\/faire-progresser-la-mobilite-ensemble-savaria-et-earlymobility-com-annoncent-une-collaboration-essentielle\/\">\n            <img width=\"1024\" height=\"768\" src=\"https:\/\/savariapatientcare.com\/wp-content\/uploads\/2025\/07\/Bure-RiseGo-Early-Mobilization-Nurse-Patient-Room-1024x768.jpg\" alt=\"\" decoding=\"async\" srcset=\"https:\/\/savariapatientcare.com\/wp-content\/uploads\/2025\/07\/Bure-RiseGo-Early-Mobilization-Nurse-Patient-Room-1024x768.jpg 1024w, https:\/\/savariapatientcare.com\/wp-content\/uploads\/2025\/07\/Bure-RiseGo-Early-Mobilization-Nurse-Patient-Room-300x225.jpg 300w, https:\/\/savariapatientcare.com\/wp-content\/uploads\/2025\/07\/Bure-RiseGo-Early-Mobilization-Nurse-Patient-Room-768x576.jpg 768w, https:\/\/savariapatientcare.com\/wp-content\/uploads\/2025\/07\/Bure-RiseGo-Early-Mobilization-Nurse-Patient-Room-1536x1152.jpg 1536w, https:\/\/savariapatientcare.com\/wp-content\/uploads\/2025\/07\/Bure-RiseGo-Early-Mobilization-Nurse-Patient-Room-2048x1536.jpg 2048w, https:\/\/savariapatientcare.com\/wp-content\/uploads\/2025\/07\/Bure-RiseGo-Early-Mobilization-Nurse-Patient-Room-600x450.jpg 600w\" sizes=\"(max-width: 1024px) 100vw, 1024px\" \/>        <\/a>\n                            <p>Acute Care<\/p>\n                        <h3><a href=\"https:\/\/savariapatientcare.com\/fr\/blog\/faire-progresser-la-mobilite-ensemble-savaria-et-earlymobility-com-annoncent-une-collaboration-essentielle\/\">Faire progresser la mobilit\u00e9 ensemble\u00a0: Savaria et EarlyMobility.com annoncent une collaboration essentielle<\/a><\/h3>\n            <p>Pionnier de longue date dans le domaine de la mobilit\u00e9, Savaria Patient Care a cherch\u00e9 sans rel\u00e2che des moyens novateurs d&rsquo;accro\u00eetre son impact tant aupr\u00e8s des patients que des soignants. Dans le cadre de cette \u00e9volution, Savaria a le plaisir d&rsquo;annoncer une collaboration avec EarlyMobility.com, permettant une approche plus compl\u00e8te pour offrir des programmes de [&hellip;]<\/p>\n                            <a href=\"https:\/\/savariapatientcare.com\/fr\/blog\/faire-progresser-la-mobilite-ensemble-savaria-et-earlymobility-com-annoncent-une-collaboration-essentielle\/\">\n\t\t            En savoir plus                    \n                <\/a>\n        <a href=\"https:\/\/savariapatientcare.com\/fr\/blog\/optimiser-lefficacite-et-le-confort-grace-a-un-systeme-de-repositionnement-haut-de-gamme\/\">\n            <img width=\"1024\" height=\"683\" src=\"https:\/\/savariapatientcare.com\/wp-content\/uploads\/2025\/03\/maximizing-efficiency-comfort-wendylett-repositioning-system-1024x683.jpg\" alt=\"\" decoding=\"async\" srcset=\"https:\/\/savariapatientcare.com\/wp-content\/uploads\/2025\/03\/maximizing-efficiency-comfort-wendylett-repositioning-system-1024x683.jpg 1024w, https:\/\/savariapatientcare.com\/wp-content\/uploads\/2025\/03\/maximizing-efficiency-comfort-wendylett-repositioning-system-300x200.jpg 300w, https:\/\/savariapatientcare.com\/wp-content\/uploads\/2025\/03\/maximizing-efficiency-comfort-wendylett-repositioning-system-768x512.jpg 768w, https:\/\/savariapatientcare.com\/wp-content\/uploads\/2025\/03\/maximizing-efficiency-comfort-wendylett-repositioning-system-1536x1024.jpg 1536w, https:\/\/savariapatientcare.com\/wp-content\/uploads\/2025\/03\/maximizing-efficiency-comfort-wendylett-repositioning-system-2048x1365.jpg 2048w, https:\/\/savariapatientcare.com\/wp-content\/uploads\/2025\/03\/maximizing-efficiency-comfort-wendylett-repositioning-system-600x400.jpg 600w\" sizes=\"(max-width: 1024px) 100vw, 1024px\" \/>        <\/a>\n                            <p>Acute Care<\/p>\n                        <h3><a href=\"https:\/\/savariapatientcare.com\/fr\/blog\/optimiser-lefficacite-et-le-confort-grace-a-un-systeme-de-repositionnement-haut-de-gamme\/\">Optimiser l&rsquo;efficacit\u00e9 et le confort gr\u00e2ce \u00e0 un syst\u00e8me de repositionnement haut de gamme<\/a><\/h3>\n            <p>Le repositionnement fr\u00e9quent des patients alit\u00e9s est essentiel pour r\u00e9duire l&rsquo;incidence des l\u00e9sions cutan\u00e9es et des plaies de pression. Divers outils existent pour aider les patients et le personnel soignant \u00e0 am\u00e9liorer la facilit\u00e9 et le confort du repositionnement et des transferts. Une strat\u00e9gie courante consiste \u00e0 utiliser des draps coulissants. Cependant, ils peuvent repr\u00e9senter [&hellip;]<\/p>\n                            <a href=\"https:\/\/savariapatientcare.com\/fr\/blog\/optimiser-lefficacite-et-le-confort-grace-a-un-systeme-de-repositionnement-haut-de-gamme\/\">\n\t\t            En savoir plus                    \n                <\/a>\n        <a href=\"https:\/\/savariapatientcare.com\/fr\/blog\/technologie-de-levage-innovante-pour-une-securite-accrue\/\">\n            <img width=\"1024\" height=\"683\" src=\"https:\/\/savariapatientcare.com\/wp-content\/uploads\/2025\/01\/Innovative-Lift-Technology-for-Enhanced-Safety-Savaria-Patient-Care-1024x683.jpg\" alt=\"\" decoding=\"async\" srcset=\"https:\/\/savariapatientcare.com\/wp-content\/uploads\/2025\/01\/Innovative-Lift-Technology-for-Enhanced-Safety-Savaria-Patient-Care-1024x683.jpg 1024w, https:\/\/savariapatientcare.com\/wp-content\/uploads\/2025\/01\/Innovative-Lift-Technology-for-Enhanced-Safety-Savaria-Patient-Care-300x200.jpg 300w, https:\/\/savariapatientcare.com\/wp-content\/uploads\/2025\/01\/Innovative-Lift-Technology-for-Enhanced-Safety-Savaria-Patient-Care-768x512.jpg 768w, https:\/\/savariapatientcare.com\/wp-content\/uploads\/2025\/01\/Innovative-Lift-Technology-for-Enhanced-Safety-Savaria-Patient-Care-1536x1024.jpg 1536w, https:\/\/savariapatientcare.com\/wp-content\/uploads\/2025\/01\/Innovative-Lift-Technology-for-Enhanced-Safety-Savaria-Patient-Care-2048x1365.jpg 2048w, https:\/\/savariapatientcare.com\/wp-content\/uploads\/2025\/01\/Innovative-Lift-Technology-for-Enhanced-Safety-Savaria-Patient-Care-600x400.jpg 600w\" sizes=\"(max-width: 1024px) 100vw, 1024px\" \/>        <\/a>\n                            <p>Technology<\/p>\n                        <h3><a href=\"https:\/\/savariapatientcare.com\/fr\/blog\/technologie-de-levage-innovante-pour-une-securite-accrue\/\">Technologie de levage innovante pour une s\u00e9curit\u00e9 accrue<\/a><\/h3>\n            <p>La technologie des l\u00e8ve-personnes plafonniers est au c\u0153ur de tout programme de prise en charge s\u00e9curitaire des patients d&rsquo;un \u00e9tablissement de sant\u00e9. Il est largement reconnu que les l\u00e8ve-personnes m\u00e9caniques repr\u00e9sentent l&rsquo;option la plus s\u00e9curitaire, tant pour le personnel que pour les patients. Avec l&rsquo;adoption croissante de cette technologie, les avanc\u00e9es dans le fonctionnement et [&hellip;]<\/p>\n                            <a href=\"https:\/\/savariapatientcare.com\/fr\/blog\/technologie-de-levage-innovante-pour-une-securite-accrue\/\">\n\t\t            En savoir plus                    \n                <\/a>\n        <a href=\"https:\/\/savariapatientcare.com\/fr\/blog\/comment-choisir-le-mobilier-dans-le-cadre-des-soins-de-longue-duree-durabilite-conception-et-securite\/\">\n            <img width=\"1024\" height=\"576\" src=\"https:\/\/savariapatientcare.com\/wp-content\/uploads\/2025\/01\/how-to-choose-case-goods-for-long-term-care-1024x576.png\" alt=\"\" decoding=\"async\" srcset=\"https:\/\/savariapatientcare.com\/wp-content\/uploads\/2025\/01\/how-to-choose-case-goods-for-long-term-care-1024x576.png 1024w, https:\/\/savariapatientcare.com\/wp-content\/uploads\/2025\/01\/how-to-choose-case-goods-for-long-term-care-300x169.png 300w, https:\/\/savariapatientcare.com\/wp-content\/uploads\/2025\/01\/how-to-choose-case-goods-for-long-term-care-768x432.png 768w, https:\/\/savariapatientcare.com\/wp-content\/uploads\/2025\/01\/how-to-choose-case-goods-for-long-term-care-1536x864.png 1536w, https:\/\/savariapatientcare.com\/wp-content\/uploads\/2025\/01\/how-to-choose-case-goods-for-long-term-care-2048x1152.png 2048w, https:\/\/savariapatientcare.com\/wp-content\/uploads\/2025\/01\/how-to-choose-case-goods-for-long-term-care-600x338.png 600w\" sizes=\"(max-width: 1024px) 100vw, 1024px\" \/>        <\/a>\n                            <p>Long-term Care<\/p>\n                        <h3><a href=\"https:\/\/savariapatientcare.com\/fr\/blog\/comment-choisir-le-mobilier-dans-le-cadre-des-soins-de-longue-duree-durabilite-conception-et-securite\/\">Comment choisir le mobilier dans le cadre des soins de longue dur\u00e9e\u00a0: Durabilit\u00e9, conception et s\u00e9curit\u00e9<\/a><\/h3>\n            <p>Offrir des soins de haute qualit\u00e9 en \u00e9tablissement de soins de longue dur\u00e9e va au-del\u00e0 de la simple excellence des soins de sant\u00e9. Pour les plus d&rsquo;un million d&rsquo;adultes \u00e2g\u00e9s r\u00e9sidant dans les \u00e9tablissements de soins de longue dur\u00e9e, ces installations constituent souvent leur domicile. Afin d&rsquo;offrir des services de qualit\u00e9 sup\u00e9rieure et b\u00e2tir une [&hellip;]<\/p>\n                            <a href=\"https:\/\/savariapatientcare.com\/fr\/blog\/comment-choisir-le-mobilier-dans-le-cadre-des-soins-de-longue-duree-durabilite-conception-et-securite\/\">\n\t\t            En savoir plus                    \n                <\/a>\n<\/section><h2>\n\t\t\tAcad\u00e9mie clinique\t<\/h2>\n\t<p>Am\u00e9liorez les comp\u00e9tences et l&rsquo;expertise de votre \u00e9quipe gr\u00e2ce \u00e0 notre Acad\u00e9mie clinique, qui offre une formation sur mesure pour la prise en charge et les soins s\u00e9curitaires des patients.<\/p>\n\t\t\t<a href=\"https:\/\/savariapatientcare.com\/fr\/clinical-academy\/\" target=\"_self\">\n\t\t\t\t\t\t\tEn savoir plus sur nos programmes\n\t\t\t<\/a>\n\n","protected":false},"excerpt":{"rendered":"<p>Blogue 5 \u00e9tapes pour installer une \u00e9lingue universelle Apprenez le processus \u00e9tape par \u00e9tape de l&rsquo;installation d&rsquo;une \u00e9lingue universelle sur une chaise, y compris les inspections de s\u00e9curit\u00e9 et les techniques de positionnement appropri\u00e9es. Lire la suite Blogues Voir tous les blogues Acute Care Faire progresser la mobilit\u00e9 ensemble\u00a0: Savaria et EarlyMobility.com annoncent une collaboration [&hellip;]<\/p>\n","protected":false},"author":1,"featured_media":85662,"parent":0,"menu_order":0,"comment_status":"closed","ping_status":"closed","template":"","meta":{"_acf_changed":false,"footnotes":""},"class_list":["post-85660","page","type-page","status-publish","has-post-thumbnail","hentry"],"acf":[],"yoast_head":"<!-- This site is optimized with the Yoast SEO Premium plugin v25.6 (Yoast SEO v27.2) - https:\/\/yoast.com\/product\/yoast-seo-premium-wordpress\/ -->\n<title>\u00c9ducation | Soins aux patients de Savaria<\/title>\n<meta name=\"description\" content=\"Blogue 5 \u00e9tapes pour installer une \u00e9lingue universelle Apprenez le processus \u00e9tape par \u00e9tape de l&#039;installation d&#039;une \u00e9lingue universelle sur une chaise, y\" \/>\n<meta name=\"robots\" content=\"index, follow, max-snippet:-1, max-image-preview:large, max-video-preview:-1\" \/>\n<link rel=\"canonical\" href=\"https:\/\/savariapatientcare.com\/fr\/education\/\" \/>\n<meta property=\"og:locale\" content=\"fr_CA\" \/>\n<meta property=\"og:type\" content=\"article\" \/>\n<meta property=\"og:title\" content=\"\u00c9ducation\" \/>\n<meta property=\"og:description\" content=\"Blogue 5 \u00e9tapes pour installer une \u00e9lingue universelle Apprenez le processus \u00e9tape par \u00e9tape de l&#039;installation d&#039;une \u00e9lingue universelle sur une chaise, y\" \/>\n<meta property=\"og:url\" content=\"https:\/\/savariapatientcare.com\/fr\/education\/\" \/>\n<meta property=\"og:site_name\" content=\"Soins aux patients de Savaria\" \/>\n<meta property=\"article:modified_time\" content=\"2025-12-30T08:54:19+00:00\" \/>\n<meta property=\"og:image\" content=\"https:\/\/savariapatientcare.com\/wp-content\/uploads\/2024\/02\/Savaria_Clinical-Training.png\" \/>\n\t<meta property=\"og:image:width\" content=\"600\" \/>\n\t<meta property=\"og:image:height\" content=\"600\" \/>\n\t<meta property=\"og:image:type\" content=\"image\/png\" \/>\n<meta name=\"twitter:card\" content=\"summary_large_image\" \/>\n<meta name=\"twitter:label1\" content=\"Estimation du temps de lecture\" \/>\n\t<meta name=\"twitter:data1\" content=\"5 minutes\" \/>\n<script type=\"application\/ld+json\" class=\"yoast-schema-graph\">{\"@context\":\"https:\/\/schema.org\",\"@graph\":[{\"@type\":\"WebPage\",\"@id\":\"https:\/\/savariapatientcare.com\/fr\/education\/\",\"url\":\"https:\/\/savariapatientcare.com\/fr\/education\/\",\"name\":\"\u00c9ducation | Soins aux patients de Savaria\",\"isPartOf\":{\"@id\":\"https:\/\/savariapatientcare.com\/#website\"},\"primaryImageOfPage\":{\"@id\":\"https:\/\/savariapatientcare.com\/fr\/education\/#primaryimage\"},\"image\":{\"@id\":\"https:\/\/savariapatientcare.com\/fr\/education\/#primaryimage\"},\"thumbnailUrl\":\"https:\/\/savariapatientcare.com\/wp-content\/uploads\/2024\/02\/Savaria_Clinical-Training.png\",\"datePublished\":\"2023-12-04T11:50:19+00:00\",\"dateModified\":\"2025-12-30T08:54:19+00:00\",\"description\":\"Blogue 5 \u00e9tapes pour installer une \u00e9lingue universelle Apprenez le processus \u00e9tape par \u00e9tape de l'installation d'une \u00e9lingue universelle sur une chaise, y\",\"breadcrumb\":{\"@id\":\"https:\/\/savariapatientcare.com\/fr\/education\/#breadcrumb\"},\"inLanguage\":\"fr-CA\",\"potentialAction\":[{\"@type\":\"ReadAction\",\"target\":[\"https:\/\/savariapatientcare.com\/fr\/education\/\"]}]},{\"@type\":\"ImageObject\",\"inLanguage\":\"fr-CA\",\"@id\":\"https:\/\/savariapatientcare.com\/fr\/education\/#primaryimage\",\"url\":\"https:\/\/savariapatientcare.com\/wp-content\/uploads\/2024\/02\/Savaria_Clinical-Training.png\",\"contentUrl\":\"https:\/\/savariapatientcare.com\/wp-content\/uploads\/2024\/02\/Savaria_Clinical-Training.png\",\"width\":600,\"height\":600},{\"@type\":\"BreadcrumbList\",\"@id\":\"https:\/\/savariapatientcare.com\/fr\/education\/#breadcrumb\",\"itemListElement\":[{\"@type\":\"ListItem\",\"position\":1,\"name\":\"Maison\",\"item\":\"https:\/\/savariapatientcare.com\/fr\/\"},{\"@type\":\"ListItem\",\"position\":2,\"name\":\"\u00c9ducation\"}]},{\"@type\":\"WebSite\",\"@id\":\"https:\/\/savariapatientcare.com\/#website\",\"url\":\"https:\/\/savariapatientcare.com\/\",\"name\":\"Savaria Patient Care\",\"description\":\"\",\"publisher\":{\"@id\":\"https:\/\/savariapatientcare.com\/#organization\"},\"potentialAction\":[{\"@type\":\"SearchAction\",\"target\":{\"@type\":\"EntryPoint\",\"urlTemplate\":\"https:\/\/savariapatientcare.com\/?s={search_term_string}\"},\"query-input\":{\"@type\":\"PropertyValueSpecification\",\"valueRequired\":true,\"valueName\":\"search_term_string\"}}],\"inLanguage\":\"fr-CA\"},{\"@type\":\"Organization\",\"@id\":\"https:\/\/savariapatientcare.com\/#organization\",\"name\":\"Savaria\",\"url\":\"https:\/\/savariapatientcare.com\/\",\"logo\":{\"@type\":\"ImageObject\",\"inLanguage\":\"fr-CA\",\"@id\":\"https:\/\/savariapatientcare.com\/#\/schema\/logo\/image\/\",\"url\":\"https:\/\/savariapatientcare.com\/wp-content\/uploads\/2023\/10\/Savaria-Logo.svg\",\"contentUrl\":\"https:\/\/savariapatientcare.com\/wp-content\/uploads\/2023\/10\/Savaria-Logo.svg\",\"width\":1,\"height\":1,\"caption\":\"Savaria\"},\"image\":{\"@id\":\"https:\/\/savariapatientcare.com\/#\/schema\/logo\/image\/\"}}]}<\/script>\n<!-- \/ Yoast SEO Premium plugin. -->","yoast_head_json":{"title":"\u00c9ducation | Soins aux patients de Savaria","description":"Blogue 5 \u00e9tapes pour installer une \u00e9lingue universelle Apprenez le processus \u00e9tape par \u00e9tape de l'installation d'une \u00e9lingue universelle sur une chaise, y","robots":{"index":"index","follow":"follow","max-snippet":"max-snippet:-1","max-image-preview":"max-image-preview:large","max-video-preview":"max-video-preview:-1"},"canonical":"https:\/\/savariapatientcare.com\/fr\/education\/","og_locale":"fr_CA","og_type":"article","og_title":"\u00c9ducation","og_description":"Blogue 5 \u00e9tapes pour installer une \u00e9lingue universelle Apprenez le processus \u00e9tape par \u00e9tape de l'installation d'une \u00e9lingue universelle sur une chaise, y","og_url":"https:\/\/savariapatientcare.com\/fr\/education\/","og_site_name":"Soins aux patients de Savaria","article_modified_time":"2025-12-30T08:54:19+00:00","og_image":[{"width":600,"height":600,"url":"https:\/\/savariapatientcare.com\/wp-content\/uploads\/2024\/02\/Savaria_Clinical-Training.png","type":"image\/png"}],"twitter_card":"summary_large_image","twitter_misc":{"Estimation du temps de lecture":"5 minutes"},"schema":{"@context":"https:\/\/schema.org","@graph":[{"@type":"WebPage","@id":"https:\/\/savariapatientcare.com\/fr\/education\/","url":"https:\/\/savariapatientcare.com\/fr\/education\/","name":"\u00c9ducation | Soins aux patients de Savaria","isPartOf":{"@id":"https:\/\/savariapatientcare.com\/#website"},"primaryImageOfPage":{"@id":"https:\/\/savariapatientcare.com\/fr\/education\/#primaryimage"},"image":{"@id":"https:\/\/savariapatientcare.com\/fr\/education\/#primaryimage"},"thumbnailUrl":"https:\/\/savariapatientcare.com\/wp-content\/uploads\/2024\/02\/Savaria_Clinical-Training.png","datePublished":"2023-12-04T11:50:19+00:00","dateModified":"2025-12-30T08:54:19+00:00","description":"Blogue 5 \u00e9tapes pour installer une \u00e9lingue universelle Apprenez le processus \u00e9tape par \u00e9tape de l'installation d'une \u00e9lingue universelle sur une chaise, y","breadcrumb":{"@id":"https:\/\/savariapatientcare.com\/fr\/education\/#breadcrumb"},"inLanguage":"fr-CA","potentialAction":[{"@type":"ReadAction","target":["https:\/\/savariapatientcare.com\/fr\/education\/"]}]},{"@type":"ImageObject","inLanguage":"fr-CA","@id":"https:\/\/savariapatientcare.com\/fr\/education\/#primaryimage","url":"https:\/\/savariapatientcare.com\/wp-content\/uploads\/2024\/02\/Savaria_Clinical-Training.png","contentUrl":"https:\/\/savariapatientcare.com\/wp-content\/uploads\/2024\/02\/Savaria_Clinical-Training.png","width":600,"height":600},{"@type":"BreadcrumbList","@id":"https:\/\/savariapatientcare.com\/fr\/education\/#breadcrumb","itemListElement":[{"@type":"ListItem","position":1,"name":"Maison","item":"https:\/\/savariapatientcare.com\/fr\/"},{"@type":"ListItem","position":2,"name":"\u00c9ducation"}]},{"@type":"WebSite","@id":"https:\/\/savariapatientcare.com\/#website","url":"https:\/\/savariapatientcare.com\/","name":"Savaria Patient Care","description":"","publisher":{"@id":"https:\/\/savariapatientcare.com\/#organization"},"potentialAction":[{"@type":"SearchAction","target":{"@type":"EntryPoint","urlTemplate":"https:\/\/savariapatientcare.com\/?s={search_term_string}"},"query-input":{"@type":"PropertyValueSpecification","valueRequired":true,"valueName":"search_term_string"}}],"inLanguage":"fr-CA"},{"@type":"Organization","@id":"https:\/\/savariapatientcare.com\/#organization","name":"Savaria","url":"https:\/\/savariapatientcare.com\/","logo":{"@type":"ImageObject","inLanguage":"fr-CA","@id":"https:\/\/savariapatientcare.com\/#\/schema\/logo\/image\/","url":"https:\/\/savariapatientcare.com\/wp-content\/uploads\/2023\/10\/Savaria-Logo.svg","contentUrl":"https:\/\/savariapatientcare.com\/wp-content\/uploads\/2023\/10\/Savaria-Logo.svg","width":1,"height":1,"caption":"Savaria"},"image":{"@id":"https:\/\/savariapatientcare.com\/#\/schema\/logo\/image\/"}}]}},"_links":{"self":[{"href":"https:\/\/savariapatientcare.com\/fr\/wp-json\/wp\/v2\/pages\/85660","targetHints":{"allow":["GET"]}}],"collection":[{"href":"https:\/\/savariapatientcare.com\/fr\/wp-json\/wp\/v2\/pages"}],"about":[{"href":"https:\/\/savariapatientcare.com\/fr\/wp-json\/wp\/v2\/types\/page"}],"author":[{"embeddable":true,"href":"https:\/\/savariapatientcare.com\/fr\/wp-json\/wp\/v2\/users\/1"}],"replies":[{"embeddable":true,"href":"https:\/\/savariapatientcare.com\/fr\/wp-json\/wp\/v2\/comments?post=85660"}],"version-history":[{"count":8,"href":"https:\/\/savariapatientcare.com\/fr\/wp-json\/wp\/v2\/pages\/85660\/revisions"}],"predecessor-version":[{"id":96938,"href":"https:\/\/savariapatientcare.com\/fr\/wp-json\/wp\/v2\/pages\/85660\/revisions\/96938"}],"wp:featuredmedia":[{"embeddable":true,"href":"https:\/\/savariapatientcare.com\/fr\/wp-json\/wp\/v2\/media\/85662"}],"wp:attachment":[{"href":"https:\/\/savariapatientcare.com\/fr\/wp-json\/wp\/v2\/media?parent=85660"}],"curies":[{"name":"wp","href":"https:\/\/api.w.org\/{rel}","templated":true}]}}