{"id":85642,"date":"2024-01-02T15:54:58","date_gmt":"2024-01-02T15:54:58","guid":{"rendered":"https:\/\/savariapatientcare.com\/blog\/"},"modified":"2026-03-24T15:58:47","modified_gmt":"2026-03-24T15:58:47","slug":"blogues","status":"publish","type":"page","link":"https:\/\/savariapatientcare.com\/fr\/blogues\/","title":{"rendered":"Blog"},"content":{"rendered":"\n<h3>\n\t\t\tTous les blogues\t<\/h3>\n    <section>\n        <input type=\"hidden\" name=\"bw_post_type\" value=\"post\"\/>\n        <a href=\"https:\/\/savariapatientcare.com\/blog\/faire-progresser-la-mobilite-ensemble-savaria-et-earlymobility-com-annoncent-une-collaboration-essentielle\/\">\n            <img width=\"1024\" height=\"768\" src=\"https:\/\/savariapatientcare.com\/wp-content\/uploads\/2025\/07\/Bure-RiseGo-Early-Mobilization-Nurse-Patient-Room-1024x768.jpg\" alt=\"\" decoding=\"async\" srcset=\"https:\/\/savariapatientcare.com\/wp-content\/uploads\/2025\/07\/Bure-RiseGo-Early-Mobilization-Nurse-Patient-Room-1024x768.jpg 1024w, https:\/\/savariapatientcare.com\/wp-content\/uploads\/2025\/07\/Bure-RiseGo-Early-Mobilization-Nurse-Patient-Room-300x225.jpg 300w, https:\/\/savariapatientcare.com\/wp-content\/uploads\/2025\/07\/Bure-RiseGo-Early-Mobilization-Nurse-Patient-Room-768x576.jpg 768w, https:\/\/savariapatientcare.com\/wp-content\/uploads\/2025\/07\/Bure-RiseGo-Early-Mobilization-Nurse-Patient-Room-1536x1152.jpg 1536w, https:\/\/savariapatientcare.com\/wp-content\/uploads\/2025\/07\/Bure-RiseGo-Early-Mobilization-Nurse-Patient-Room-2048x1536.jpg 2048w, https:\/\/savariapatientcare.com\/wp-content\/uploads\/2025\/07\/Bure-RiseGo-Early-Mobilization-Nurse-Patient-Room-600x450.jpg 600w\" sizes=\"(max-width: 1024px) 100vw, 1024px\" \/>        <\/a>\n                            <p>Acute Care<\/p>\n                        <h3><a href=\"https:\/\/savariapatientcare.com\/blog\/faire-progresser-la-mobilite-ensemble-savaria-et-earlymobility-com-annoncent-une-collaboration-essentielle\/\">Faire progresser la mobilit\u00e9 ensemble\u00a0: Savaria et EarlyMobility.com annoncent une collaboration essentielle<\/a><\/h3>\n            <p>Pionnier de longue date dans le domaine de la mobilit\u00e9, Savaria Patient Care a cherch\u00e9 sans rel\u00e2che des moyens novateurs d&rsquo;accro\u00eetre son impact tant aupr\u00e8s des patients que des soignants. Dans le cadre de cette \u00e9volution, Savaria a le plaisir d&rsquo;annoncer une collaboration avec EarlyMobility.com, permettant une approche plus compl\u00e8te pour offrir des programmes de [&hellip;]<\/p>\n                            <a href=\"https:\/\/savariapatientcare.com\/blog\/faire-progresser-la-mobilite-ensemble-savaria-et-earlymobility-com-annoncent-une-collaboration-essentielle\/\">\n\t\t            En savoir plus                    \n                <\/a>\n        <a href=\"https:\/\/savariapatientcare.com\/blog\/optimiser-lefficacite-et-le-confort-grace-a-un-systeme-de-repositionnement-haut-de-gamme\/\">\n            <img width=\"1024\" height=\"683\" src=\"https:\/\/savariapatientcare.com\/wp-content\/uploads\/2025\/03\/maximizing-efficiency-comfort-wendylett-repositioning-system-1024x683.jpg\" alt=\"\" decoding=\"async\" srcset=\"https:\/\/savariapatientcare.com\/wp-content\/uploads\/2025\/03\/maximizing-efficiency-comfort-wendylett-repositioning-system-1024x683.jpg 1024w, https:\/\/savariapatientcare.com\/wp-content\/uploads\/2025\/03\/maximizing-efficiency-comfort-wendylett-repositioning-system-300x200.jpg 300w, https:\/\/savariapatientcare.com\/wp-content\/uploads\/2025\/03\/maximizing-efficiency-comfort-wendylett-repositioning-system-768x512.jpg 768w, https:\/\/savariapatientcare.com\/wp-content\/uploads\/2025\/03\/maximizing-efficiency-comfort-wendylett-repositioning-system-1536x1024.jpg 1536w, https:\/\/savariapatientcare.com\/wp-content\/uploads\/2025\/03\/maximizing-efficiency-comfort-wendylett-repositioning-system-2048x1365.jpg 2048w, https:\/\/savariapatientcare.com\/wp-content\/uploads\/2025\/03\/maximizing-efficiency-comfort-wendylett-repositioning-system-600x400.jpg 600w\" sizes=\"(max-width: 1024px) 100vw, 1024px\" \/>        <\/a>\n                            <p>Acute Care<\/p>\n                        <h3><a href=\"https:\/\/savariapatientcare.com\/blog\/optimiser-lefficacite-et-le-confort-grace-a-un-systeme-de-repositionnement-haut-de-gamme\/\">Optimiser l&rsquo;efficacit\u00e9 et le confort gr\u00e2ce \u00e0 un syst\u00e8me de repositionnement haut de gamme<\/a><\/h3>\n            <p>Le repositionnement fr\u00e9quent des patients alit\u00e9s est essentiel pour r\u00e9duire l&rsquo;incidence des l\u00e9sions cutan\u00e9es et des plaies de pression. Divers outils existent pour aider les patients et le personnel soignant \u00e0 am\u00e9liorer la facilit\u00e9 et le confort du repositionnement et des transferts. Une strat\u00e9gie courante consiste \u00e0 utiliser des draps coulissants. Cependant, ils peuvent repr\u00e9senter [&hellip;]<\/p>\n                            <a href=\"https:\/\/savariapatientcare.com\/blog\/optimiser-lefficacite-et-le-confort-grace-a-un-systeme-de-repositionnement-haut-de-gamme\/\">\n\t\t            En savoir plus                    \n                <\/a>\n        <a href=\"https:\/\/savariapatientcare.com\/blog\/technologie-de-levage-innovante-pour-une-securite-accrue\/\">\n            <img width=\"1024\" height=\"683\" src=\"https:\/\/savariapatientcare.com\/wp-content\/uploads\/2025\/01\/Innovative-Lift-Technology-for-Enhanced-Safety-Savaria-Patient-Care-1024x683.jpg\" alt=\"\" decoding=\"async\" srcset=\"https:\/\/savariapatientcare.com\/wp-content\/uploads\/2025\/01\/Innovative-Lift-Technology-for-Enhanced-Safety-Savaria-Patient-Care-1024x683.jpg 1024w, https:\/\/savariapatientcare.com\/wp-content\/uploads\/2025\/01\/Innovative-Lift-Technology-for-Enhanced-Safety-Savaria-Patient-Care-300x200.jpg 300w, https:\/\/savariapatientcare.com\/wp-content\/uploads\/2025\/01\/Innovative-Lift-Technology-for-Enhanced-Safety-Savaria-Patient-Care-768x512.jpg 768w, https:\/\/savariapatientcare.com\/wp-content\/uploads\/2025\/01\/Innovative-Lift-Technology-for-Enhanced-Safety-Savaria-Patient-Care-1536x1024.jpg 1536w, https:\/\/savariapatientcare.com\/wp-content\/uploads\/2025\/01\/Innovative-Lift-Technology-for-Enhanced-Safety-Savaria-Patient-Care-2048x1365.jpg 2048w, https:\/\/savariapatientcare.com\/wp-content\/uploads\/2025\/01\/Innovative-Lift-Technology-for-Enhanced-Safety-Savaria-Patient-Care-600x400.jpg 600w\" sizes=\"(max-width: 1024px) 100vw, 1024px\" \/>        <\/a>\n                            <p>Technology<\/p>\n                        <h3><a href=\"https:\/\/savariapatientcare.com\/blog\/technologie-de-levage-innovante-pour-une-securite-accrue\/\">Technologie de levage innovante pour une s\u00e9curit\u00e9 accrue<\/a><\/h3>\n            <p>La technologie des l\u00e8ve-personnes plafonniers est au c\u0153ur de tout programme de prise en charge s\u00e9curitaire des patients d&rsquo;un \u00e9tablissement de sant\u00e9. Il est largement reconnu que les l\u00e8ve-personnes m\u00e9caniques repr\u00e9sentent l&rsquo;option la plus s\u00e9curitaire, tant pour le personnel que pour les patients. Avec l&rsquo;adoption croissante de cette technologie, les avanc\u00e9es dans le fonctionnement et [&hellip;]<\/p>\n                            <a href=\"https:\/\/savariapatientcare.com\/blog\/technologie-de-levage-innovante-pour-une-securite-accrue\/\">\n\t\t            En savoir plus                    \n                <\/a>\n        <a href=\"https:\/\/savariapatientcare.com\/blog\/comment-choisir-le-mobilier-dans-le-cadre-des-soins-de-longue-duree-durabilite-conception-et-securite\/\">\n            <img width=\"1024\" height=\"576\" src=\"https:\/\/savariapatientcare.com\/wp-content\/uploads\/2025\/01\/how-to-choose-case-goods-for-long-term-care-1024x576.png\" alt=\"\" decoding=\"async\" srcset=\"https:\/\/savariapatientcare.com\/wp-content\/uploads\/2025\/01\/how-to-choose-case-goods-for-long-term-care-1024x576.png 1024w, https:\/\/savariapatientcare.com\/wp-content\/uploads\/2025\/01\/how-to-choose-case-goods-for-long-term-care-300x169.png 300w, https:\/\/savariapatientcare.com\/wp-content\/uploads\/2025\/01\/how-to-choose-case-goods-for-long-term-care-768x432.png 768w, https:\/\/savariapatientcare.com\/wp-content\/uploads\/2025\/01\/how-to-choose-case-goods-for-long-term-care-1536x864.png 1536w, https:\/\/savariapatientcare.com\/wp-content\/uploads\/2025\/01\/how-to-choose-case-goods-for-long-term-care-2048x1152.png 2048w, https:\/\/savariapatientcare.com\/wp-content\/uploads\/2025\/01\/how-to-choose-case-goods-for-long-term-care-600x338.png 600w\" sizes=\"(max-width: 1024px) 100vw, 1024px\" \/>        <\/a>\n                            <p>Long-term Care<\/p>\n                        <h3><a href=\"https:\/\/savariapatientcare.com\/blog\/comment-choisir-le-mobilier-dans-le-cadre-des-soins-de-longue-duree-durabilite-conception-et-securite\/\">Comment choisir le mobilier dans le cadre des soins de longue dur\u00e9e\u00a0: Durabilit\u00e9, conception et s\u00e9curit\u00e9<\/a><\/h3>\n            <p>Offrir des soins de haute qualit\u00e9 en \u00e9tablissement de soins de longue dur\u00e9e va au-del\u00e0 de la simple excellence des soins de sant\u00e9. Pour les plus d&rsquo;un million d&rsquo;adultes \u00e2g\u00e9s r\u00e9sidant dans les \u00e9tablissements de soins de longue dur\u00e9e, ces installations constituent souvent leur domicile. Afin d&rsquo;offrir des services de qualit\u00e9 sup\u00e9rieure et b\u00e2tir une [&hellip;]<\/p>\n                            <a href=\"https:\/\/savariapatientcare.com\/blog\/comment-choisir-le-mobilier-dans-le-cadre-des-soins-de-longue-duree-durabilite-conception-et-securite\/\">\n\t\t            En savoir plus                    \n                <\/a>\n        <a href=\"https:\/\/savariapatientcare.com\/blog\/innovation-avec-la-technologie-lithium-ion\/\">\n            <img width=\"1024\" height=\"793\" src=\"https:\/\/savariapatientcare.com\/wp-content\/uploads\/2024\/11\/Innovation-with-Lithium-Ion-Technology-1024x793.png\" alt=\"\" decoding=\"async\" srcset=\"https:\/\/savariapatientcare.com\/wp-content\/uploads\/2024\/11\/Innovation-with-Lithium-Ion-Technology-1024x793.png 1024w, https:\/\/savariapatientcare.com\/wp-content\/uploads\/2024\/11\/Innovation-with-Lithium-Ion-Technology-300x232.png 300w, https:\/\/savariapatientcare.com\/wp-content\/uploads\/2024\/11\/Innovation-with-Lithium-Ion-Technology-768x595.png 768w, https:\/\/savariapatientcare.com\/wp-content\/uploads\/2024\/11\/Innovation-with-Lithium-Ion-Technology-1536x1190.png 1536w, https:\/\/savariapatientcare.com\/wp-content\/uploads\/2024\/11\/Innovation-with-Lithium-Ion-Technology-2048x1587.png 2048w, https:\/\/savariapatientcare.com\/wp-content\/uploads\/2024\/11\/Innovation-with-Lithium-Ion-Technology-600x465.png 600w\" sizes=\"(max-width: 1024px) 100vw, 1024px\" \/>        <\/a>\n                            <p>Technology<\/p>\n                        <h3><a href=\"https:\/\/savariapatientcare.com\/blog\/innovation-avec-la-technologie-lithium-ion\/\">Innovation avec la technologie lithium-ion<\/a><\/h3>\n            <p>Les avanc\u00e9es continues dans le secteur de la sant\u00e9 incluent l&rsquo;utilisation de la technologie lithium-ion permettant d&rsquo;alimenter les dispositifs m\u00e9dicaux. Chez Savaria Patient Care, nous restons \u00e0 la pointe de cette technologie et nous nous engageons \u00e0 garantir la s\u00e9curit\u00e9 et l&rsquo;innovation gr\u00e2ce \u00e0 l&rsquo;utilisation des batteries lithium-ion dans nos dispositifs de levage. En respectant [&hellip;]<\/p>\n                            <a href=\"https:\/\/savariapatientcare.com\/blog\/innovation-avec-la-technologie-lithium-ion\/\">\n\t\t            En savoir plus                    \n                <\/a>\n        <a href=\"https:\/\/savariapatientcare.com\/blog\/limpact-de-la-durabilite-du-matelas-de-civiere-sur-la-securite-et-le-confort-des-patients\/\">\n            <img width=\"1024\" height=\"1024\" src=\"https:\/\/savariapatientcare.com\/wp-content\/uploads\/2024\/07\/impact-of-stretcher-durability-on-patient-safety-comfort-1024x1024.png\" alt=\"\" decoding=\"async\" srcset=\"https:\/\/savariapatientcare.com\/wp-content\/uploads\/2024\/07\/impact-of-stretcher-durability-on-patient-safety-comfort-1024x1024.png 1024w, https:\/\/savariapatientcare.com\/wp-content\/uploads\/2024\/07\/impact-of-stretcher-durability-on-patient-safety-comfort-300x300.png 300w, https:\/\/savariapatientcare.com\/wp-content\/uploads\/2024\/07\/impact-of-stretcher-durability-on-patient-safety-comfort-150x150.png 150w, https:\/\/savariapatientcare.com\/wp-content\/uploads\/2024\/07\/impact-of-stretcher-durability-on-patient-safety-comfort-768x768.png 768w, https:\/\/savariapatientcare.com\/wp-content\/uploads\/2024\/07\/impact-of-stretcher-durability-on-patient-safety-comfort-1536x1536.png 1536w, https:\/\/savariapatientcare.com\/wp-content\/uploads\/2024\/07\/impact-of-stretcher-durability-on-patient-safety-comfort-600x600.png 600w, https:\/\/savariapatientcare.com\/wp-content\/uploads\/2024\/07\/impact-of-stretcher-durability-on-patient-safety-comfort-100x100.png 100w, https:\/\/savariapatientcare.com\/wp-content\/uploads\/2024\/07\/impact-of-stretcher-durability-on-patient-safety-comfort.png 2048w\" sizes=\"(max-width: 1024px) 100vw, 1024px\" \/>        <\/a>\n                            <p>Acute Care<\/p>\n                        <h3><a href=\"https:\/\/savariapatientcare.com\/blog\/limpact-de-la-durabilite-du-matelas-de-civiere-sur-la-securite-et-le-confort-des-patients\/\">L&rsquo;impact de la durabilit\u00e9 du matelas de civi\u00e8re sur la s\u00e9curit\u00e9 et le confort des patients<\/a><\/h3>\n            <p>Le choix d&rsquo;\u00e9quipements m\u00e9dicaux durables et de haute qualit\u00e9 a un impact durable sur les indicateurs de performance \u00e0 tous les niveaux d&rsquo;un \u00e9tablissement de sant\u00e9&nbsp;: financier, r\u00e9sultats pour les patients, s\u00e9curit\u00e9 des patients et du personnel, et satisfaction des patients. Pour r\u00e9duire le taux d&rsquo;escarres acquises \u00e0 l&rsquo;h\u00f4pital, les \u00e9tablissements doivent s\u00e9lectionner avec soin [&hellip;]<\/p>\n                            <a href=\"https:\/\/savariapatientcare.com\/blog\/limpact-de-la-durabilite-du-matelas-de-civiere-sur-la-securite-et-le-confort-des-patients\/\">\n\t\t            En savoir plus                    \n                <\/a>\n         <!-- \/.allPostsHolder -->\n    <\/section> <!-- \/.bw-featured-post-holder -->\n\n","protected":false},"excerpt":{"rendered":"<p>Tous les blogues Acute Care Faire progresser la mobilit\u00e9 ensemble\u00a0: Savaria et EarlyMobility.com annoncent une collaboration essentielle Pionnier de longue date dans le domaine de la mobilit\u00e9, Savaria Patient Care a cherch\u00e9 sans rel\u00e2che des moyens novateurs d&rsquo;accro\u00eetre son impact tant aupr\u00e8s des patients que des soignants. Dans le cadre de cette \u00e9volution, Savaria a [&hellip;]<\/p>\n","protected":false},"author":6,"featured_media":0,"parent":0,"menu_order":0,"comment_status":"closed","ping_status":"closed","template":"","meta":{"_acf_changed":false,"footnotes":""},"class_list":["post-85642","page","type-page","status-publish","hentry"],"acf":[],"yoast_head":"<!-- This site is optimized with the Yoast SEO Premium plugin v25.6 (Yoast SEO v27.2) - https:\/\/yoast.com\/product\/yoast-seo-premium-wordpress\/ -->\n<title>Patient Handling &amp; Pressure Injury Prevention | Savaria Patient Care Blog<\/title>\n<meta name=\"description\" content=\"Explore safe patient handling solutions, plus expert guidance on treating and preventing pressure injuries. Stay informed with proven best practices.\" \/>\n<meta name=\"robots\" content=\"index, follow, max-snippet:-1, max-image-preview:large, max-video-preview:-1\" \/>\n<link rel=\"canonical\" href=\"https:\/\/savariapatientcare.com\/fr\/blogues\/\" \/>\n<meta property=\"og:locale\" content=\"fr_CA\" \/>\n<meta property=\"og:type\" content=\"article\" \/>\n<meta property=\"og:title\" content=\"Blog\" \/>\n<meta property=\"og:description\" content=\"Explore safe patient handling solutions, plus expert guidance on treating and preventing pressure injuries. Stay informed with proven best practices.\" \/>\n<meta property=\"og:url\" content=\"https:\/\/savariapatientcare.com\/fr\/blogues\/\" \/>\n<meta property=\"og:site_name\" content=\"Soins aux patients de Savaria\" \/>\n<meta property=\"article:modified_time\" content=\"2026-03-24T15:58:47+00:00\" \/>\n<meta property=\"og:image\" content=\"https:\/\/savariapatientcare.com\/wp-content\/uploads\/2025\/07\/Bure-RiseGo-Early-Mobilization-Nurse-Patient-Room-1024x768.jpg\" \/>\n<meta name=\"twitter:card\" content=\"summary_large_image\" \/>\n<meta name=\"twitter:label1\" content=\"Estimation du temps de lecture\" \/>\n\t<meta name=\"twitter:data1\" content=\"8 minutes\" \/>\n<script type=\"application\/ld+json\" class=\"yoast-schema-graph\">{\"@context\":\"https:\/\/schema.org\",\"@graph\":[{\"@type\":\"WebPage\",\"@id\":\"https:\/\/savariapatientcare.com\/fr\/blogues\/\",\"url\":\"https:\/\/savariapatientcare.com\/fr\/blogues\/\",\"name\":\"Patient Handling & Pressure Injury Prevention | Savaria Patient Care Blog\",\"isPartOf\":{\"@id\":\"https:\/\/savariapatientcare.com\/#website\"},\"primaryImageOfPage\":{\"@id\":\"https:\/\/savariapatientcare.com\/fr\/blogues\/#primaryimage\"},\"image\":{\"@id\":\"https:\/\/savariapatientcare.com\/fr\/blogues\/#primaryimage\"},\"thumbnailUrl\":\"https:\/\/savariapatientcare.com\/wp-content\/uploads\/2025\/07\/Bure-RiseGo-Early-Mobilization-Nurse-Patient-Room-1024x768.jpg\",\"datePublished\":\"2024-01-02T15:54:58+00:00\",\"dateModified\":\"2026-03-24T15:58:47+00:00\",\"description\":\"Explore safe patient handling solutions, plus expert guidance on treating and preventing pressure injuries. Stay informed with proven best practices.\",\"breadcrumb\":{\"@id\":\"https:\/\/savariapatientcare.com\/fr\/blogues\/#breadcrumb\"},\"inLanguage\":\"fr-CA\",\"potentialAction\":[{\"@type\":\"ReadAction\",\"target\":[\"https:\/\/savariapatientcare.com\/fr\/blogues\/\"]}]},{\"@type\":\"ImageObject\",\"inLanguage\":\"fr-CA\",\"@id\":\"https:\/\/savariapatientcare.com\/fr\/blogues\/#primaryimage\",\"url\":\"https:\/\/savariapatientcare.com\/wp-content\/uploads\/2025\/07\/Bure-RiseGo-Early-Mobilization-Nurse-Patient-Room-1024x768.jpg\",\"contentUrl\":\"https:\/\/savariapatientcare.com\/wp-content\/uploads\/2025\/07\/Bure-RiseGo-Early-Mobilization-Nurse-Patient-Room-1024x768.jpg\"},{\"@type\":\"BreadcrumbList\",\"@id\":\"https:\/\/savariapatientcare.com\/fr\/blogues\/#breadcrumb\",\"itemListElement\":[{\"@type\":\"ListItem\",\"position\":1,\"name\":\"Maison\",\"item\":\"https:\/\/savariapatientcare.com\/fr\/\"},{\"@type\":\"ListItem\",\"position\":2,\"name\":\"Blog\"}]},{\"@type\":\"WebSite\",\"@id\":\"https:\/\/savariapatientcare.com\/#website\",\"url\":\"https:\/\/savariapatientcare.com\/\",\"name\":\"Savaria Patient Care\",\"description\":\"\",\"publisher\":{\"@id\":\"https:\/\/savariapatientcare.com\/#organization\"},\"potentialAction\":[{\"@type\":\"SearchAction\",\"target\":{\"@type\":\"EntryPoint\",\"urlTemplate\":\"https:\/\/savariapatientcare.com\/?s={search_term_string}\"},\"query-input\":{\"@type\":\"PropertyValueSpecification\",\"valueRequired\":true,\"valueName\":\"search_term_string\"}}],\"inLanguage\":\"fr-CA\"},{\"@type\":\"Organization\",\"@id\":\"https:\/\/savariapatientcare.com\/#organization\",\"name\":\"Savaria\",\"url\":\"https:\/\/savariapatientcare.com\/\",\"logo\":{\"@type\":\"ImageObject\",\"inLanguage\":\"fr-CA\",\"@id\":\"https:\/\/savariapatientcare.com\/#\/schema\/logo\/image\/\",\"url\":\"https:\/\/savariapatientcare.com\/wp-content\/uploads\/2023\/10\/Savaria-Logo.svg\",\"contentUrl\":\"https:\/\/savariapatientcare.com\/wp-content\/uploads\/2023\/10\/Savaria-Logo.svg\",\"width\":1,\"height\":1,\"caption\":\"Savaria\"},\"image\":{\"@id\":\"https:\/\/savariapatientcare.com\/#\/schema\/logo\/image\/\"}}]}<\/script>\n<!-- \/ Yoast SEO Premium plugin. -->","yoast_head_json":{"title":"Patient Handling & Pressure Injury Prevention | Savaria Patient Care Blog","description":"Explore safe patient handling solutions, plus expert guidance on treating and preventing pressure injuries. Stay informed with proven best practices.","robots":{"index":"index","follow":"follow","max-snippet":"max-snippet:-1","max-image-preview":"max-image-preview:large","max-video-preview":"max-video-preview:-1"},"canonical":"https:\/\/savariapatientcare.com\/fr\/blogues\/","og_locale":"fr_CA","og_type":"article","og_title":"Blog","og_description":"Explore safe patient handling solutions, plus expert guidance on treating and preventing pressure injuries. Stay informed with proven best practices.","og_url":"https:\/\/savariapatientcare.com\/fr\/blogues\/","og_site_name":"Soins aux patients de Savaria","article_modified_time":"2026-03-24T15:58:47+00:00","og_image":[{"url":"https:\/\/savariapatientcare.com\/wp-content\/uploads\/2025\/07\/Bure-RiseGo-Early-Mobilization-Nurse-Patient-Room-1024x768.jpg","type":"","width":"","height":""}],"twitter_card":"summary_large_image","twitter_misc":{"Estimation du temps de lecture":"8 minutes"},"schema":{"@context":"https:\/\/schema.org","@graph":[{"@type":"WebPage","@id":"https:\/\/savariapatientcare.com\/fr\/blogues\/","url":"https:\/\/savariapatientcare.com\/fr\/blogues\/","name":"Patient Handling & Pressure Injury Prevention | Savaria Patient Care Blog","isPartOf":{"@id":"https:\/\/savariapatientcare.com\/#website"},"primaryImageOfPage":{"@id":"https:\/\/savariapatientcare.com\/fr\/blogues\/#primaryimage"},"image":{"@id":"https:\/\/savariapatientcare.com\/fr\/blogues\/#primaryimage"},"thumbnailUrl":"https:\/\/savariapatientcare.com\/wp-content\/uploads\/2025\/07\/Bure-RiseGo-Early-Mobilization-Nurse-Patient-Room-1024x768.jpg","datePublished":"2024-01-02T15:54:58+00:00","dateModified":"2026-03-24T15:58:47+00:00","description":"Explore safe patient handling solutions, plus expert guidance on treating and preventing pressure injuries. Stay informed with proven best practices.","breadcrumb":{"@id":"https:\/\/savariapatientcare.com\/fr\/blogues\/#breadcrumb"},"inLanguage":"fr-CA","potentialAction":[{"@type":"ReadAction","target":["https:\/\/savariapatientcare.com\/fr\/blogues\/"]}]},{"@type":"ImageObject","inLanguage":"fr-CA","@id":"https:\/\/savariapatientcare.com\/fr\/blogues\/#primaryimage","url":"https:\/\/savariapatientcare.com\/wp-content\/uploads\/2025\/07\/Bure-RiseGo-Early-Mobilization-Nurse-Patient-Room-1024x768.jpg","contentUrl":"https:\/\/savariapatientcare.com\/wp-content\/uploads\/2025\/07\/Bure-RiseGo-Early-Mobilization-Nurse-Patient-Room-1024x768.jpg"},{"@type":"BreadcrumbList","@id":"https:\/\/savariapatientcare.com\/fr\/blogues\/#breadcrumb","itemListElement":[{"@type":"ListItem","position":1,"name":"Maison","item":"https:\/\/savariapatientcare.com\/fr\/"},{"@type":"ListItem","position":2,"name":"Blog"}]},{"@type":"WebSite","@id":"https:\/\/savariapatientcare.com\/#website","url":"https:\/\/savariapatientcare.com\/","name":"Savaria Patient Care","description":"","publisher":{"@id":"https:\/\/savariapatientcare.com\/#organization"},"potentialAction":[{"@type":"SearchAction","target":{"@type":"EntryPoint","urlTemplate":"https:\/\/savariapatientcare.com\/?s={search_term_string}"},"query-input":{"@type":"PropertyValueSpecification","valueRequired":true,"valueName":"search_term_string"}}],"inLanguage":"fr-CA"},{"@type":"Organization","@id":"https:\/\/savariapatientcare.com\/#organization","name":"Savaria","url":"https:\/\/savariapatientcare.com\/","logo":{"@type":"ImageObject","inLanguage":"fr-CA","@id":"https:\/\/savariapatientcare.com\/#\/schema\/logo\/image\/","url":"https:\/\/savariapatientcare.com\/wp-content\/uploads\/2023\/10\/Savaria-Logo.svg","contentUrl":"https:\/\/savariapatientcare.com\/wp-content\/uploads\/2023\/10\/Savaria-Logo.svg","width":1,"height":1,"caption":"Savaria"},"image":{"@id":"https:\/\/savariapatientcare.com\/#\/schema\/logo\/image\/"}}]}},"_links":{"self":[{"href":"https:\/\/savariapatientcare.com\/fr\/wp-json\/wp\/v2\/pages\/85642","targetHints":{"allow":["GET"]}}],"collection":[{"href":"https:\/\/savariapatientcare.com\/fr\/wp-json\/wp\/v2\/pages"}],"about":[{"href":"https:\/\/savariapatientcare.com\/fr\/wp-json\/wp\/v2\/types\/page"}],"author":[{"embeddable":true,"href":"https:\/\/savariapatientcare.com\/fr\/wp-json\/wp\/v2\/users\/6"}],"replies":[{"embeddable":true,"href":"https:\/\/savariapatientcare.com\/fr\/wp-json\/wp\/v2\/comments?post=85642"}],"version-history":[{"count":5,"href":"https:\/\/savariapatientcare.com\/fr\/wp-json\/wp\/v2\/pages\/85642\/revisions"}],"predecessor-version":[{"id":97379,"href":"https:\/\/savariapatientcare.com\/fr\/wp-json\/wp\/v2\/pages\/85642\/revisions\/97379"}],"wp:attachment":[{"href":"https:\/\/savariapatientcare.com\/fr\/wp-json\/wp\/v2\/media?parent=85642"}],"curies":[{"name":"wp","href":"https:\/\/api.w.org\/{rel}","templated":true}]}}