{"id":85638,"date":"2024-02-06T12:58:11","date_gmt":"2024-02-06T12:58:11","guid":{"rendered":"https:\/\/savariapatientcare.com\/legacy-products\/"},"modified":"2026-03-13T13:45:07","modified_gmt":"2026-03-13T13:45:07","slug":"produits-retires","status":"publish","type":"page","link":"https:\/\/savariapatientcare.com\/fr\/produits-retires\/","title":{"rendered":"Produits retir\u00e9s"},"content":{"rendered":"\n<h1>\n\t\t\tProduits retir\u00e9s\t<\/h1>\n\t<p>Trouver des informations sur les produits qui ne sont plus disponibles \u00e0 l&rsquo;achat ni en production.<\/p>\n<section>\n\t                <h3>Informations sur les produits retir\u00e9s<\/h3>\n\t                <p>Trouvez la documentation disponible pour les produits retir\u00e9s et les produits abandonn\u00e9s.<\/p>\n\t         <!-- \/.productSpecsSection__header -->\n                        \u00c9lingue haute et facile d&rsquo;utilisation avec boucles                     <!-- \/.productSpecsContainer__item__title -->\n                                <h5>Documents du produit<\/h5>\n                            \n                        <a href=\" https:\/\/savariapatientcare.com\/wp-content\/uploads\/2024\/01\/Instructions-of-Use-High-Easy-Standard-Sling.pdf\" target=\"_blank\"><\/a>\n                            Instructions of Use &#8211; High Easy Standard Sling                         <!-- \/.productSpecsContainer__item__title -->\n\t\t\t\t\t\t\t\tInstructions of Use &#8211; High Easy Standard Sling.pdf\t\t\t\t\t\t\t <!-- \/.productSpecsContainer__item__content -->\n\t\t\t\t\t\t                     <!-- \/.productSpecsContainer__item -->\n                        <a href=\" https:\/\/savariapatientcare.com\/wp-content\/uploads\/2024\/01\/Product-Details-High-Easy-Sling-with-Loops.pdf\" target=\"_blank\"><\/a>\n                            Product Details &#8211; High Easy Sling with Loops                         <!-- \/.productSpecsContainer__item__title -->\n\t\t\t\t\t\t\t\tProduct Details &#8211; High Easy Sling with Loops.pdf\t\t\t\t\t\t\t <!-- \/.productSpecsContainer__item__content -->\n\t\t\t\t\t\t                     <!-- \/.productSpecsContainer__item -->\n                                         <!-- \/.productSpecsWrapperHelper -->\n                     <!-- \/.productSpecsContainer__item__content -->\n                 <!-- \/.productSpecsContainer__item -->\n                        L\u00e8ve-personnes plafonniers HC Savaria                     <!-- \/.productSpecsContainer__item__title -->\n                                <h5>Documents du produit<\/h5>\n                            \n                        <a href=\" https:\/\/savariapatientcare.canto.com\/direct\/document\/hemartdni50j7eqj2539qbn854\/69C3GsLfpvZA3Qmt-NJ0iOOTWB4\/original?content-type=application%2Fpdf&#038;name=HC+Lift+-+User+Manual.pdf\" target=\"_blank\"><\/a>\n                            Manuel de l&rsquo;Utilisateur &#8211; Fran\u00e7ais                         <!-- \/.productSpecsContainer__item__title -->\n\t\t\t\t\t\t                     <!-- \/.productSpecsContainer__item -->\n                        <a href=\" https:\/\/savariapatientcare.canto.com\/direct\/document\/tlpher3jn51673o98qpv2p6q1q\/yymeLnpBKEyJJzTFWl63qeRI6Cc\/original?content-type=application%2Fpdf&#038;name=HC+Lift+Brochure+-+FR.pdf\" target=\"_blank\"><\/a>\n                            Brochure &#8211; Fran\u00e7ais                         <!-- \/.productSpecsContainer__item__title -->\n\t\t\t\t\t\t                     <!-- \/.productSpecsContainer__item -->\n                                         <!-- \/.productSpecsWrapperHelper -->\n                                            <h5>Autre produit recommand\u00e9<\/h5>\n                                                    <a href=\"https:\/\/savariapatientcare.com\/fr\/produit\/leve-personnes-plafonniers-bariatriques-de-serie-m\/\">\n                                                        <img loading=\"lazy\" decoding=\"async\" width=\"100\" height=\"100\" src=\"https:\/\/savariapatientcare.com\/wp-content\/uploads\/2024\/12\/M-Series-Bariatric-with-3-Down-Patient-Room-300x300.png\" alt=\"Acute Bariatric Nurse Patient Handling Ceiling Sling Room Track\"\/>\n                                                    <\/a>\n                                                            <h3>\n                                                                <a href=\"https:\/\/savariapatientcare.com\/fr\/produit\/leve-personnes-plafonniers-bariatriques-de-serie-m\/\">\n                                                                    L\u00e8ve-personnes plafonniers bariatriques de s\u00e9rie M                                                                <\/a>\n                                                            <\/h3>\n                                                            \n                                                                Syst\u00e8mes autoportants, L\u00e8ve-personnes plafonniers fixes                                                            \n                                                        <a href=\"https:\/\/savariapatientcare.com\/fr\/produit\/leve-personnes-plafonniers-bariatriques-de-serie-m\/\">\n                                                        <\/a>\n                                                     <!-- \/.product-part-info-arrow-wrapp -->\n                                                 <!-- \/.list-of-successor-products-item-product-part-inner product-part-inner -->\n                     <!-- \/.productSpecsContainer__item__content -->\n                 <!-- \/.productSpecsContainer__item -->\n                     <!-- \/.productSpecsSection__container -->\n\t<\/section> <!-- \/.productSpecs --><h2>\n\t\t\tNous sommes \u00e0 votre \u00e9coute!\t<\/h2>\n\t<p>Remplissez le formulaire de contact pour obtenir une assistance personnalis\u00e9e et des informations sur les produits.<\/p>\n\t\t\t<a href=\"https:\/\/savariapatientcare.com\/fr\/contactez-nous\/\"  target=\"_self\">\n\t\t\t\t\t\t\tContactez-nous\n\t\t\t<\/a>\n\n","protected":false},"excerpt":{"rendered":"<p>Produits retir\u00e9s Trouver des informations sur les produits qui ne sont plus disponibles \u00e0 l&rsquo;achat ni en production. Informations sur les produits retir\u00e9s Trouvez la documentation disponible pour les produits retir\u00e9s et les produits abandonn\u00e9s. \u00c9lingue haute et facile d&rsquo;utilisation avec boucles Documents du produit Instructions of Use &#8211; High Easy Standard Sling Instructions of [&hellip;]<\/p>\n","protected":false},"author":6,"featured_media":0,"parent":0,"menu_order":0,"comment_status":"closed","ping_status":"closed","template":"","meta":{"_acf_changed":false,"footnotes":""},"class_list":["post-85638","page","type-page","status-publish","hentry"],"acf":[],"yoast_head":"<!-- This site is optimized with the Yoast SEO Premium plugin v25.6 (Yoast SEO v27.2) - https:\/\/yoast.com\/product\/yoast-seo-premium-wordpress\/ -->\n<title>Produits retir\u00e9s | Soins aux patients de Savaria<\/title>\n<meta name=\"description\" content=\"Produits retir\u00e9s Trouver des informations sur les produits qui ne sont plus disponibles \u00e0 l&#039;achat ni en production. Informations sur les produits retir\u00e9s\" \/>\n<meta name=\"robots\" content=\"index, follow, max-snippet:-1, max-image-preview:large, max-video-preview:-1\" \/>\n<link rel=\"canonical\" href=\"https:\/\/savariapatientcare.com\/fr\/produits-retires\/\" \/>\n<meta property=\"og:locale\" content=\"fr_CA\" \/>\n<meta property=\"og:type\" content=\"article\" \/>\n<meta property=\"og:title\" content=\"Produits retir\u00e9s\" \/>\n<meta property=\"og:description\" content=\"Produits retir\u00e9s Trouver des informations sur les produits qui ne sont plus disponibles \u00e0 l&#039;achat ni en production. Informations sur les produits retir\u00e9s\" \/>\n<meta property=\"og:url\" content=\"https:\/\/savariapatientcare.com\/fr\/produits-retires\/\" \/>\n<meta property=\"og:site_name\" content=\"Soins aux patients de Savaria\" \/>\n<meta property=\"article:modified_time\" content=\"2026-03-13T13:45:07+00:00\" \/>\n<meta property=\"og:image\" content=\"https:\/\/savariapatientcare.com\/wp-content\/uploads\/2024\/12\/M-Series-Bariatric-with-3-Down-Patient-Room-300x300.png\" \/>\n<meta name=\"twitter:card\" content=\"summary_large_image\" \/>\n<meta name=\"twitter:label1\" content=\"Estimation du temps de lecture\" \/>\n\t<meta name=\"twitter:data1\" content=\"2 minutes\" \/>\n<script type=\"application\/ld+json\" class=\"yoast-schema-graph\">{\"@context\":\"https:\/\/schema.org\",\"@graph\":[{\"@type\":\"WebPage\",\"@id\":\"https:\/\/savariapatientcare.com\/fr\/produits-retires\/\",\"url\":\"https:\/\/savariapatientcare.com\/fr\/produits-retires\/\",\"name\":\"Produits retir\u00e9s | Soins aux patients de Savaria\",\"isPartOf\":{\"@id\":\"https:\/\/savariapatientcare.com\/#website\"},\"primaryImageOfPage\":{\"@id\":\"https:\/\/savariapatientcare.com\/fr\/produits-retires\/#primaryimage\"},\"image\":{\"@id\":\"https:\/\/savariapatientcare.com\/fr\/produits-retires\/#primaryimage\"},\"thumbnailUrl\":\"https:\/\/savariapatientcare.com\/wp-content\/uploads\/2024\/12\/M-Series-Bariatric-with-3-Down-Patient-Room-300x300.png\",\"datePublished\":\"2024-02-06T12:58:11+00:00\",\"dateModified\":\"2026-03-13T13:45:07+00:00\",\"description\":\"Produits retir\u00e9s Trouver des informations sur les produits qui ne sont plus disponibles \u00e0 l'achat ni en production. Informations sur les produits retir\u00e9s\",\"breadcrumb\":{\"@id\":\"https:\/\/savariapatientcare.com\/fr\/produits-retires\/#breadcrumb\"},\"inLanguage\":\"fr-CA\",\"potentialAction\":[{\"@type\":\"ReadAction\",\"target\":[\"https:\/\/savariapatientcare.com\/fr\/produits-retires\/\"]}]},{\"@type\":\"ImageObject\",\"inLanguage\":\"fr-CA\",\"@id\":\"https:\/\/savariapatientcare.com\/fr\/produits-retires\/#primaryimage\",\"url\":\"https:\/\/savariapatientcare.com\/wp-content\/uploads\/2024\/12\/M-Series-Bariatric-with-3-Down-Patient-Room-300x300.png\",\"contentUrl\":\"https:\/\/savariapatientcare.com\/wp-content\/uploads\/2024\/12\/M-Series-Bariatric-with-3-Down-Patient-Room-300x300.png\"},{\"@type\":\"BreadcrumbList\",\"@id\":\"https:\/\/savariapatientcare.com\/fr\/produits-retires\/#breadcrumb\",\"itemListElement\":[{\"@type\":\"ListItem\",\"position\":1,\"name\":\"Maison\",\"item\":\"https:\/\/savariapatientcare.com\/fr\/\"},{\"@type\":\"ListItem\",\"position\":2,\"name\":\"Produits retir\u00e9s\"}]},{\"@type\":\"WebSite\",\"@id\":\"https:\/\/savariapatientcare.com\/#website\",\"url\":\"https:\/\/savariapatientcare.com\/\",\"name\":\"Savaria Patient Care\",\"description\":\"\",\"publisher\":{\"@id\":\"https:\/\/savariapatientcare.com\/#organization\"},\"potentialAction\":[{\"@type\":\"SearchAction\",\"target\":{\"@type\":\"EntryPoint\",\"urlTemplate\":\"https:\/\/savariapatientcare.com\/?s={search_term_string}\"},\"query-input\":{\"@type\":\"PropertyValueSpecification\",\"valueRequired\":true,\"valueName\":\"search_term_string\"}}],\"inLanguage\":\"fr-CA\"},{\"@type\":\"Organization\",\"@id\":\"https:\/\/savariapatientcare.com\/#organization\",\"name\":\"Savaria\",\"url\":\"https:\/\/savariapatientcare.com\/\",\"logo\":{\"@type\":\"ImageObject\",\"inLanguage\":\"fr-CA\",\"@id\":\"https:\/\/savariapatientcare.com\/#\/schema\/logo\/image\/\",\"url\":\"https:\/\/savariapatientcare.com\/wp-content\/uploads\/2023\/10\/Savaria-Logo.svg\",\"contentUrl\":\"https:\/\/savariapatientcare.com\/wp-content\/uploads\/2023\/10\/Savaria-Logo.svg\",\"width\":1,\"height\":1,\"caption\":\"Savaria\"},\"image\":{\"@id\":\"https:\/\/savariapatientcare.com\/#\/schema\/logo\/image\/\"}}]}<\/script>\n<!-- \/ Yoast SEO Premium plugin. -->","yoast_head_json":{"title":"Produits retir\u00e9s | Soins aux patients de Savaria","description":"Produits retir\u00e9s Trouver des informations sur les produits qui ne sont plus disponibles \u00e0 l'achat ni en production. Informations sur les produits retir\u00e9s","robots":{"index":"index","follow":"follow","max-snippet":"max-snippet:-1","max-image-preview":"max-image-preview:large","max-video-preview":"max-video-preview:-1"},"canonical":"https:\/\/savariapatientcare.com\/fr\/produits-retires\/","og_locale":"fr_CA","og_type":"article","og_title":"Produits retir\u00e9s","og_description":"Produits retir\u00e9s Trouver des informations sur les produits qui ne sont plus disponibles \u00e0 l'achat ni en production. Informations sur les produits retir\u00e9s","og_url":"https:\/\/savariapatientcare.com\/fr\/produits-retires\/","og_site_name":"Soins aux patients de Savaria","article_modified_time":"2026-03-13T13:45:07+00:00","og_image":[{"url":"https:\/\/savariapatientcare.com\/wp-content\/uploads\/2024\/12\/M-Series-Bariatric-with-3-Down-Patient-Room-300x300.png","type":"","width":"","height":""}],"twitter_card":"summary_large_image","twitter_misc":{"Estimation du temps de lecture":"2 minutes"},"schema":{"@context":"https:\/\/schema.org","@graph":[{"@type":"WebPage","@id":"https:\/\/savariapatientcare.com\/fr\/produits-retires\/","url":"https:\/\/savariapatientcare.com\/fr\/produits-retires\/","name":"Produits retir\u00e9s | Soins aux patients de Savaria","isPartOf":{"@id":"https:\/\/savariapatientcare.com\/#website"},"primaryImageOfPage":{"@id":"https:\/\/savariapatientcare.com\/fr\/produits-retires\/#primaryimage"},"image":{"@id":"https:\/\/savariapatientcare.com\/fr\/produits-retires\/#primaryimage"},"thumbnailUrl":"https:\/\/savariapatientcare.com\/wp-content\/uploads\/2024\/12\/M-Series-Bariatric-with-3-Down-Patient-Room-300x300.png","datePublished":"2024-02-06T12:58:11+00:00","dateModified":"2026-03-13T13:45:07+00:00","description":"Produits retir\u00e9s Trouver des informations sur les produits qui ne sont plus disponibles \u00e0 l'achat ni en production. Informations sur les produits retir\u00e9s","breadcrumb":{"@id":"https:\/\/savariapatientcare.com\/fr\/produits-retires\/#breadcrumb"},"inLanguage":"fr-CA","potentialAction":[{"@type":"ReadAction","target":["https:\/\/savariapatientcare.com\/fr\/produits-retires\/"]}]},{"@type":"ImageObject","inLanguage":"fr-CA","@id":"https:\/\/savariapatientcare.com\/fr\/produits-retires\/#primaryimage","url":"https:\/\/savariapatientcare.com\/wp-content\/uploads\/2024\/12\/M-Series-Bariatric-with-3-Down-Patient-Room-300x300.png","contentUrl":"https:\/\/savariapatientcare.com\/wp-content\/uploads\/2024\/12\/M-Series-Bariatric-with-3-Down-Patient-Room-300x300.png"},{"@type":"BreadcrumbList","@id":"https:\/\/savariapatientcare.com\/fr\/produits-retires\/#breadcrumb","itemListElement":[{"@type":"ListItem","position":1,"name":"Maison","item":"https:\/\/savariapatientcare.com\/fr\/"},{"@type":"ListItem","position":2,"name":"Produits retir\u00e9s"}]},{"@type":"WebSite","@id":"https:\/\/savariapatientcare.com\/#website","url":"https:\/\/savariapatientcare.com\/","name":"Savaria Patient Care","description":"","publisher":{"@id":"https:\/\/savariapatientcare.com\/#organization"},"potentialAction":[{"@type":"SearchAction","target":{"@type":"EntryPoint","urlTemplate":"https:\/\/savariapatientcare.com\/?s={search_term_string}"},"query-input":{"@type":"PropertyValueSpecification","valueRequired":true,"valueName":"search_term_string"}}],"inLanguage":"fr-CA"},{"@type":"Organization","@id":"https:\/\/savariapatientcare.com\/#organization","name":"Savaria","url":"https:\/\/savariapatientcare.com\/","logo":{"@type":"ImageObject","inLanguage":"fr-CA","@id":"https:\/\/savariapatientcare.com\/#\/schema\/logo\/image\/","url":"https:\/\/savariapatientcare.com\/wp-content\/uploads\/2023\/10\/Savaria-Logo.svg","contentUrl":"https:\/\/savariapatientcare.com\/wp-content\/uploads\/2023\/10\/Savaria-Logo.svg","width":1,"height":1,"caption":"Savaria"},"image":{"@id":"https:\/\/savariapatientcare.com\/#\/schema\/logo\/image\/"}}]}},"_links":{"self":[{"href":"https:\/\/savariapatientcare.com\/fr\/wp-json\/wp\/v2\/pages\/85638","targetHints":{"allow":["GET"]}}],"collection":[{"href":"https:\/\/savariapatientcare.com\/fr\/wp-json\/wp\/v2\/pages"}],"about":[{"href":"https:\/\/savariapatientcare.com\/fr\/wp-json\/wp\/v2\/types\/page"}],"author":[{"embeddable":true,"href":"https:\/\/savariapatientcare.com\/fr\/wp-json\/wp\/v2\/users\/6"}],"replies":[{"embeddable":true,"href":"https:\/\/savariapatientcare.com\/fr\/wp-json\/wp\/v2\/comments?post=85638"}],"version-history":[{"count":10,"href":"https:\/\/savariapatientcare.com\/fr\/wp-json\/wp\/v2\/pages\/85638\/revisions"}],"predecessor-version":[{"id":97222,"href":"https:\/\/savariapatientcare.com\/fr\/wp-json\/wp\/v2\/pages\/85638\/revisions\/97222"}],"wp:attachment":[{"href":"https:\/\/savariapatientcare.com\/fr\/wp-json\/wp\/v2\/media?parent=85638"}],"curies":[{"name":"wp","href":"https:\/\/api.w.org\/{rel}","templated":true}]}}